{"id":1381,"date":"2022-11-30T15:32:14","date_gmt":"2022-11-30T07:32:14","guid":{"rendered":"https:\/\/xmstonetools.com\/?post_type=product&#038;p=1381"},"modified":"2024-04-13T11:07:48","modified_gmt":"2024-04-13T03:07:48","slug":"tas-levha-kelepce-kaldirici","status":"publish","type":"product","link":"https:\/\/xmstonetools.com\/tr\/urun\/tas-levha-kelepce-kaldirici\/","title":{"rendered":"Ta\u015f D\u00f6\u015feme Kelep\u00e7esi Kald\u0131r\u0131c\u0131"},"content":{"rendered":"<figure id=\"attachment_1380\" aria-describedby=\"caption-attachment-1380\" style=\"width: 1427px\" class=\"wp-caption aligncenter\"><img loading=\"lazy\" decoding=\"async\" class=\"wp-image-1380 size-full\" src=\"https:\/\/xmstonetools.com\/wp-content\/uploads\/2022\/11\/Stone-Slab-Clamp-Lifter-7.jpg\" alt=\"Ta\u015f D\u00f6\u015feme Kelep\u00e7esi Kald\u0131r\u0131c\u0131-7\" width=\"1427\" height=\"487\" srcset=\"https:\/\/xmstonetools.com\/wp-content\/uploads\/2022\/11\/Stone-Slab-Clamp-Lifter-7.jpg 1427w, https:\/\/xmstonetools.com\/wp-content\/uploads\/2022\/11\/Stone-Slab-Clamp-Lifter-7-800x273.jpg 800w, https:\/\/xmstonetools.com\/wp-content\/uploads\/2022\/11\/Stone-Slab-Clamp-Lifter-7-1400x478.jpg 1400w, https:\/\/xmstonetools.com\/wp-content\/uploads\/2022\/11\/Stone-Slab-Clamp-Lifter-7-768x262.jpg 768w, https:\/\/xmstonetools.com\/wp-content\/uploads\/2022\/11\/Stone-Slab-Clamp-Lifter-7-600x205.jpg 600w\" sizes=\"auto, (max-width: 1427px) 100vw, 1427px\" \/><figcaption id=\"caption-attachment-1380\" class=\"wp-caption-text\">Ta\u015f D\u00f6\u015feme Kelep\u00e7esi Kald\u0131r\u0131c\u0131-7<\/figcaption><\/figure>\n<h3 class=\"magic-9\"><span class=\"magic-10\" style=\"color: #2196ed;\">Ta\u015f D\u00f6\u015feme Kald\u0131rma Kelep\u00e7esi<\/span><\/h3>\n<p class=\"magic-9\">\u00a0Bu aletler, 15 ila 60 mm malzeme kal\u0131nl\u0131klar\u0131 i\u00e7in uygulanabilir, kau\u00e7uk linne \u00e7eneler, malzemenin y\u00fczeyine zarar vermeden raflara istiflenmi\u015f levha veya tabaka formundaki malzemeyi i\u015flemek i\u00e7in geli\u015ftirilmi\u015ftir. <span style=\"font-size: 14.4px;\">yayg\u0131n kald\u0131rma cihazlar\u0131na g\u00f6re avantajlar. <\/span><span style=\"font-size: 14.4px;\">Bu ta\u015f plaka kald\u0131r\u0131c\u0131 granit, mermer, i\u015flenmi\u015f ta\u015f plakalar\u0131 ta\u015f\u0131mak i\u00e7in tasarlanm\u0131\u015ft\u0131r. Bu kald\u0131r\u0131c\u0131lar kompakt bir tasar\u0131ma sahiptir <\/span><span style=\"font-size: 14.4px;\">D\u00f6\u015femeler aras\u0131nda az bo\u015fluk veya alan\u0131n sorun oldu\u011fu alanlarda \u00e7al\u0131\u015fmalar\u0131na olanak tan\u0131r.<\/span><\/p>\n<table class=\"has-title hight-light-first-column all magic-18\" style=\"height: 54px;\" width=\"664\">\n<tbody>\n<tr>\n<td colspan=\"1\" rowspan=\"1\">\n<div class=\"magic-19\"><b>Model<\/b><\/div>\n<\/td>\n<td colspan=\"1\" rowspan=\"1\">\n<div class=\"magic-20\">Boyut (mm)<\/div>\n<\/td>\n<td colspan=\"1\" rowspan=\"1\">\n<div class=\"magic-20\">Kavrama Aral\u0131\u011f\u0131 (mm)<\/div>\n<\/td>\n<td colspan=\"1\" rowspan=\"1\">\n<div class=\"magic-20\">A\u011f\u0131rl\u0131k Kapasitesi (kg)<\/div>\n<\/td>\n<td colspan=\"1\" rowspan=\"1\">\n<div class=\"magic-21\">Net A\u011f\u0131rl\u0131k<\/div>\n<\/td>\n<\/tr>\n<tr>\n<td colspan=\"1\" rowspan=\"1\">\n<div class=\"magic-19\">HSA-14<\/div>\n<\/td>\n<td colspan=\"1\" rowspan=\"1\">\n<div class=\"magic-20\">250x170x350<\/div>\n<\/td>\n<td colspan=\"1\" rowspan=\"1\">\n<div class=\"magic-20\">10-50<\/div>\n<\/td>\n<td colspan=\"1\" rowspan=\"1\">\n<div class=\"magic-20\">1000<\/div>\n<\/td>\n<td colspan=\"1\" rowspan=\"1\">\n<div class=\"magic-21\">28<\/div>\n<\/td>\n<\/tr>\n<\/tbody>\n<\/table>","protected":false},"excerpt":{"rendered":"<h3>\u00d6zellikler:<\/h3>\n<p>* Kompakt yap\u0131, yak\u0131n paketlenmi\u015f ta\u015f plakalar\u0131n raflardan ve konteynerlerden kolayca kald\u0131r\u0131lmas\u0131n\u0131 sa\u011flar.<br \/>\n* Boyut: farkl\u0131 y\u00fckseklikteki iki levhay\u0131 ayn\u0131 anda kald\u0131rmak m\u00fcmk\u00fcnd\u00fcr<br \/>\n* \u00c7ok y\u00f6nl\u00fc: plakalar duvarlara yak\u0131n yerle\u015ftirilebilir<br \/>\n* G\u00fcvenlik: Kullan\u0131m s\u0131ras\u0131nda fiziksel yaralanmalar\u0131 azaltmak i\u00e7in i\u015flem basit eylemlerle etkinle\u015ftirilir<br \/>\n* G\u00fcvenli: Mermer ve granit plakalar\u0131 s\u0131k\u0131ca kavrar.<\/p>\n<a href=\"#Quote-Button\" class=\"button primary is-large Inquiry-Button\" style=\"border-radius:99px;\">\n\t<i class=\"icon-heart\" aria-hidden=\"true\"><\/i>\t<span>\u015eimdi Sorgula<\/span>\n\t<\/a>","protected":false},"featured_media":1376,"template":"","meta":[],"product_brand":[],"product_cat":[63,56],"product_tag":[92],"class_list":{"0":"post-1381","1":"product","2":"type-product","3":"status-publish","4":"has-post-thumbnail","6":"product_cat-other-tools","7":"product_cat-stone-grinding-tools","8":"product_tag-stoe-lifter","10":"first","11":"instock","12":"shipping-taxable","13":"product-type-simple"},"aioseo_notices":[],"_links":{"self":[{"href":"https:\/\/xmstonetools.com\/tr\/wp-json\/wp\/v2\/product\/1381","targetHints":{"allow":["GET"]}}],"collection":[{"href":"https:\/\/xmstonetools.com\/tr\/wp-json\/wp\/v2\/product"}],"about":[{"href":"https:\/\/xmstonetools.com\/tr\/wp-json\/wp\/v2\/types\/product"}],"wp:featuredmedia":[{"embeddable":true,"href":"https:\/\/xmstonetools.com\/tr\/wp-json\/wp\/v2\/media\/1376"}],"wp:attachment":[{"href":"https:\/\/xmstonetools.com\/tr\/wp-json\/wp\/v2\/media?parent=1381"}],"wp:term":[{"taxonomy":"product_brand","embeddable":true,"href":"https:\/\/xmstonetools.com\/tr\/wp-json\/wp\/v2\/product_brand?post=1381"},{"taxonomy":"product_cat","embeddable":true,"href":"https:\/\/xmstonetools.com\/tr\/wp-json\/wp\/v2\/product_cat?post=1381"},{"taxonomy":"product_tag","embeddable":true,"href":"https:\/\/xmstonetools.com\/tr\/wp-json\/wp\/v2\/product_tag?post=1381"}],"curies":[{"name":"wp","href":"https:\/\/api.w.org\/{rel}","templated":true}]}}