{"id":1390,"date":"2022-11-30T16:04:15","date_gmt":"2022-11-30T08:04:15","guid":{"rendered":"https:\/\/xmstonetools.com\/?post_type=product&#038;p=1390"},"modified":"2025-08-04T10:18:55","modified_gmt":"2025-08-04T02:18:55","slug":"kuresel-bilyali-matkap-duz-teech","status":"publish","type":"product","link":"https:\/\/xmstonetools.com\/tr\/urun\/kuresel-bilyali-matkap-duz-teech\/","title":{"rendered":"K\u00fcresel Bilyal\u0131 Matkap D\u00fcz Teech"},"content":{"rendered":"<figure id=\"attachment_1384\" aria-describedby=\"caption-attachment-1384\" style=\"width: 754px\" class=\"wp-caption aligncenter\"><img loading=\"lazy\" decoding=\"async\" class=\"wp-image-1384 size-full\" src=\"https:\/\/xmstonetools.com\/wp-content\/uploads\/2022\/11\/Spherical-Ball-Drill-Flat-Teech-Details-7.png\" alt=\"K\u00fcresel Bilyal\u0131 Matkap D\u00fcz Teech Detaylar\u0131-7\" width=\"754\" height=\"231\" srcset=\"https:\/\/xmstonetools.com\/wp-content\/uploads\/2022\/11\/Spherical-Ball-Drill-Flat-Teech-Details-7.png 754w, https:\/\/xmstonetools.com\/wp-content\/uploads\/2022\/11\/Spherical-Ball-Drill-Flat-Teech-Details-7-600x184.png 600w\" sizes=\"auto, (max-width: 754px) 100vw, 754px\" \/><figcaption id=\"caption-attachment-1384\" class=\"wp-caption-text\">K\u00fcresel Bilyal\u0131 Matkap D\u00fcz Teech Detaylar\u0131-7<\/figcaption><\/figure>\n<figure id=\"attachment_1391\" aria-describedby=\"caption-attachment-1391\" style=\"width: 1312px\" class=\"wp-caption aligncenter\"><img loading=\"lazy\" decoding=\"async\" class=\"size-full wp-image-1391\" src=\"https:\/\/xmstonetools.com\/wp-content\/uploads\/2022\/11\/Spherical-Ball-Drill-Flat-Teech-Details-8.jpg\" alt=\"K\u00fcresel Bilyal\u0131 Matkap D\u00fcz Teech Detaylar\u0131-8\" width=\"1312\" height=\"308\" srcset=\"https:\/\/xmstonetools.com\/wp-content\/uploads\/2022\/11\/Spherical-Ball-Drill-Flat-Teech-Details-8.jpg 1312w, https:\/\/xmstonetools.com\/wp-content\/uploads\/2022\/11\/Spherical-Ball-Drill-Flat-Teech-Details-8-800x188.jpg 800w, https:\/\/xmstonetools.com\/wp-content\/uploads\/2022\/11\/Spherical-Ball-Drill-Flat-Teech-Details-8-768x180.jpg 768w, https:\/\/xmstonetools.com\/wp-content\/uploads\/2022\/11\/Spherical-Ball-Drill-Flat-Teech-Details-8-600x141.jpg 600w\" sizes=\"auto, (max-width: 1312px) 100vw, 1312px\" \/><figcaption id=\"caption-attachment-1391\" class=\"wp-caption-text\">K\u00fcresel Bilyal\u0131 Matkap D\u00fcz Teech Detaylar\u0131-8<\/figcaption><\/figure>\n<figure id=\"attachment_1383\" aria-describedby=\"caption-attachment-1383\" style=\"width: 1335px\" class=\"wp-caption aligncenter\"><img loading=\"lazy\" decoding=\"async\" class=\"wp-image-1383 size-full\" src=\"https:\/\/xmstonetools.com\/wp-content\/uploads\/2022\/11\/Spherical-Ball-Drill-Flat-Teech-Details-6.png\" alt=\"K\u00fcresel Bilyal\u0131 Matkap D\u00fcz Teech Detaylar\u0131-6\" width=\"1335\" height=\"1531\" srcset=\"https:\/\/xmstonetools.com\/wp-content\/uploads\/2022\/11\/Spherical-Ball-Drill-Flat-Teech-Details-6.png 1335w, https:\/\/xmstonetools.com\/wp-content\/uploads\/2022\/11\/Spherical-Ball-Drill-Flat-Teech-Details-6-349x400.png 349w, https:\/\/xmstonetools.com\/wp-content\/uploads\/2022\/11\/Spherical-Ball-Drill-Flat-Teech-Details-6-698x800.png 698w, https:\/\/xmstonetools.com\/wp-content\/uploads\/2022\/11\/Spherical-Ball-Drill-Flat-Teech-Details-6-768x881.png 768w, https:\/\/xmstonetools.com\/wp-content\/uploads\/2022\/11\/Spherical-Ball-Drill-Flat-Teech-Details-6-600x688.png 600w\" sizes=\"auto, (max-width: 1335px) 100vw, 1335px\" \/><figcaption id=\"caption-attachment-1383\" class=\"wp-caption-text\">K\u00fcresel Bilyal\u0131 Matkap D\u00fcz Teech Detaylar\u0131-6<\/figcaption><\/figure>","protected":false},"excerpt":{"rendered":"<p>Bilyal\u0131 matkap Burgulara, Kovalara monte edilen d\u00fcz di\u015fler, temel sondaj\u0131nda en yayg\u0131n kullan\u0131lan di\u015flerdir. Tungsten karb\u00fcr kenarlarla donat\u0131lm\u0131\u015f a\u011f\u0131r ve sa\u011flam, y\u00fczeyi kesmek i\u00e7in kayal\u0131k ve sert zeminlere kar\u015f\u0131 kullan\u0131l\u0131r.<\/p>\n<p>1. Se\u00e7ilmi\u015f s\u0131n\u0131f Tungsten Karb\u00fcr, daha iyi kesme performans\u0131 i\u00e7in daha fazla sertlik sa\u011flar.<br \/>\n2. Karb\u00fcr ucu \u00e7elik g\u00f6vdeyle s\u0131k\u0131ca birle\u015ftirmek i\u00e7in iyi uygulanm\u0131\u015f lehimleme i\u015flemi.<br \/>\n3. \u00dcretim denetimi ve test y\u00fcr\u00fctme s\u00fcrecindeyiz.<\/p>\n<a href=\"#Quote-Button\" class=\"button primary is-large Inquiry-Button\" style=\"border-radius:99px;\">\n\t<i class=\"icon-heart\" aria-hidden=\"true\"><\/i>\t<span>\u015eimdi Sorgula<\/span>\n\t<\/a>","protected":false},"featured_media":1389,"template":"","meta":[],"product_brand":[],"product_cat":[174],"product_tag":[],"class_list":{"0":"post-1390","1":"product","2":"type-product","3":"status-publish","4":"has-post-thumbnail","6":"product_cat-stone-quarrying-tools","8":"first","9":"instock","10":"shipping-taxable","11":"product-type-simple"},"aioseo_notices":[],"_links":{"self":[{"href":"https:\/\/xmstonetools.com\/tr\/wp-json\/wp\/v2\/product\/1390","targetHints":{"allow":["GET"]}}],"collection":[{"href":"https:\/\/xmstonetools.com\/tr\/wp-json\/wp\/v2\/product"}],"about":[{"href":"https:\/\/xmstonetools.com\/tr\/wp-json\/wp\/v2\/types\/product"}],"wp:featuredmedia":[{"embeddable":true,"href":"https:\/\/xmstonetools.com\/tr\/wp-json\/wp\/v2\/media\/1389"}],"wp:attachment":[{"href":"https:\/\/xmstonetools.com\/tr\/wp-json\/wp\/v2\/media?parent=1390"}],"wp:term":[{"taxonomy":"product_brand","embeddable":true,"href":"https:\/\/xmstonetools.com\/tr\/wp-json\/wp\/v2\/product_brand?post=1390"},{"taxonomy":"product_cat","embeddable":true,"href":"https:\/\/xmstonetools.com\/tr\/wp-json\/wp\/v2\/product_cat?post=1390"},{"taxonomy":"product_tag","embeddable":true,"href":"https:\/\/xmstonetools.com\/tr\/wp-json\/wp\/v2\/product_tag?post=1390"}],"curies":[{"name":"wp","href":"https:\/\/api.w.org\/{rel}","templated":true}]}}