{"id":1407,"date":"2022-11-30T17:29:30","date_gmt":"2022-11-30T09:29:30","guid":{"rendered":"https:\/\/xmstonetools.com\/?post_type=product&#038;p=1407"},"modified":"2023-07-11T10:54:15","modified_gmt":"2023-07-11T02:54:15","slug":"vakum-lehimli-tas-oyma-gravur-uclari","status":"publish","type":"product","link":"https:\/\/xmstonetools.com\/tr\/urun\/vakum-lehimli-tas-oyma-gravur-uclari\/","title":{"rendered":"Vakum Kaynakl\u0131 Ta\u015f Oyma Grav\u00fcr U\u00e7lar\u0131"},"content":{"rendered":"<p>Ta\u015f oymac\u0131l\u0131\u011f\u0131, teknolojideki ilerlemeler sayesinde y\u0131llar i\u00e7inde \u00f6nemli \u00f6l\u00e7\u00fcde geli\u015fen as\u0131rl\u0131k bir sanat bi\u00e7imidir. Ta\u015f oyma i\u015flemindeki kritik bile\u015fenlerden biri, oyman\u0131n hassasiyetini, h\u0131z\u0131n\u0131 ve verimlili\u011fini belirleyen delme ucudur. Son zamanlarda, vakum lehimli ta\u015f grav\u00fcr u\u00e7lar\u0131 ola\u011fan\u00fcst\u00fc performanslar\u0131 ve \u00e7ok y\u00f6nl\u00fcl\u00fckleriyle \u00f6ne \u00e7\u0131km\u0131\u015ft\u0131r. Bu makalede, vakum lehimli ta\u015f grav\u00fcr u\u00e7lar\u0131n\u0131n kapsaml\u0131 ayr\u0131nt\u0131lar\u0131n\u0131 inceleyerek yap\u0131lar\u0131na, faydalar\u0131na ve uygulamalar\u0131na \u0131\u015f\u0131k tutaca\u011f\u0131z.<\/p>\n<h2 style=\"color: steelblue;\">1. Vakum Lehimli Ta\u015f Grav\u00fcr U\u00e7lar\u0131n\u0131 Anlama:<\/h2>\n<p>Vakum lehimli ta\u015f grav\u00fcr u\u00e7lar\u0131 granit, mermer, kumta\u015f\u0131 ve kire\u00e7ta\u015f\u0131 dahil olmak \u00fczere \u00e7e\u015fitli ta\u015f t\u00fcrleri \u00fczerine karma\u015f\u0131k tasar\u0131mlar, harfler, desenler veya g\u00f6r\u00fcnt\u00fcler kaz\u0131mak i\u00e7in kullan\u0131lan kesme aletleridir. Bu u\u00e7lar hassas ve kontroll\u00fc grav\u00fcr sa\u011flamak i\u00e7in titizlikle tasarlanm\u0131\u015f ve \u00fcretilmi\u015f olup zanaatkarlar\u0131n, heykelt\u0131ra\u015flar\u0131n ve ta\u015f ustalar\u0131n\u0131n kolayl\u0131kla karma\u015f\u0131k detaylar elde etmesini sa\u011flar.<\/p>\n<h2 style=\"color: steelblue;\">2. Yap\u0131 ve \u00c7al\u0131\u015fma Prensibi:<\/h2>\n<p>Vakum lehimli ta\u015f oyma u\u00e7lar\u0131, elmas par\u00e7ac\u0131klar\u0131n\u0131n vakum lehimleme i\u015flemi kullan\u0131larak metal bir \u015faft\u0131n y\u00fczeyine lehimlenmesiyle \u00fcretilir. Bu yap\u0131\u015ft\u0131rma tekni\u011fi, elmas par\u00e7ac\u0131klar\u0131 ile \u015faft aras\u0131nda sa\u011flam ve dayan\u0131kl\u0131 bir ba\u011flant\u0131 sa\u011flayarak u\u00e7lar\u0131 a\u015f\u0131nma ve y\u0131pranmaya kar\u015f\u0131 son derece diren\u00e7li hale getirir.<\/p>\n<p>Ucun y\u00fczeyindeki elmas par\u00e7ac\u0131klar\u0131 kesici kenarlar olarak i\u015flev g\u00f6r\u00fcr. Ola\u011fan\u00fcst\u00fc sertlikleri ve a\u015f\u0131nma diren\u00e7leri, en sert ta\u015flara bile n\u00fcfuz etmelerini ve oymalar\u0131n\u0131 sa\u011flar. Vakumlu lehimleme i\u015flemi, ek yap\u0131\u015ft\u0131r\u0131c\u0131 ihtiyac\u0131n\u0131 ortadan kald\u0131rarak y\u00fcksek h\u0131zl\u0131 grav\u00fcr s\u0131ras\u0131nda u\u00e7lar\u0131n uzun \u00f6m\u00fcrl\u00fc ve stabil olmas\u0131n\u0131 sa\u011flar.<\/p>\n<figure id=\"attachment_1406\" aria-describedby=\"caption-attachment-1406\" style=\"width: 1000px\" class=\"wp-caption aligncenter\"><img loading=\"lazy\" decoding=\"async\" class=\"size-full wp-image-1406\" src=\"https:\/\/xmstonetools.com\/wp-content\/uploads\/2022\/11\/Vacuum-Brazed-Stone-Carving-Engraving-Bits-3-1.jpg\" alt=\"Vakum Kaynakl\u0131 Ta\u015f Oyma Grav\u00fcr U\u00e7lar\u0131-3\" width=\"1000\" height=\"1000\" srcset=\"https:\/\/xmstonetools.com\/wp-content\/uploads\/2022\/11\/Vacuum-Brazed-Stone-Carving-Engraving-Bits-3-1.jpg 1000w, https:\/\/xmstonetools.com\/wp-content\/uploads\/2022\/11\/Vacuum-Brazed-Stone-Carving-Engraving-Bits-3-1-400x400.jpg 400w, https:\/\/xmstonetools.com\/wp-content\/uploads\/2022\/11\/Vacuum-Brazed-Stone-Carving-Engraving-Bits-3-1-800x800.jpg 800w, https:\/\/xmstonetools.com\/wp-content\/uploads\/2022\/11\/Vacuum-Brazed-Stone-Carving-Engraving-Bits-3-1-280x280.jpg 280w, https:\/\/xmstonetools.com\/wp-content\/uploads\/2022\/11\/Vacuum-Brazed-Stone-Carving-Engraving-Bits-3-1-768x768.jpg 768w, https:\/\/xmstonetools.com\/wp-content\/uploads\/2022\/11\/Vacuum-Brazed-Stone-Carving-Engraving-Bits-3-1-300x300.jpg 300w, https:\/\/xmstonetools.com\/wp-content\/uploads\/2022\/11\/Vacuum-Brazed-Stone-Carving-Engraving-Bits-3-1-600x600.jpg 600w, https:\/\/xmstonetools.com\/wp-content\/uploads\/2022\/11\/Vacuum-Brazed-Stone-Carving-Engraving-Bits-3-1-100x100.jpg 100w, https:\/\/xmstonetools.com\/wp-content\/uploads\/2022\/11\/Vacuum-Brazed-Stone-Carving-Engraving-Bits-3-1-120x120.jpg 120w\" sizes=\"auto, (max-width: 1000px) 100vw, 1000px\" \/><figcaption id=\"caption-attachment-1406\" class=\"wp-caption-text\">Vakum Kaynakl\u0131 Ta\u015f Oyma Grav\u00fcr U\u00e7lar\u0131-3<\/figcaption><\/figure>\n<h2 style=\"color: steelblue;\">3. Vakum Lehimli Ta\u015f Grav\u00fcr U\u00e7lar\u0131n\u0131n Avantajlar\u0131:<\/h2>\n<h3>3.1 \u00dcst\u00fcn Kesme Performans\u0131:<\/h3>\n<p>Vakum lehimli ta\u015f oyma u\u00e7lar\u0131, \u015fafta s\u0131k\u0131ca ba\u011flanm\u0131\u015f y\u00fcksek kaliteli elmas par\u00e7ac\u0131klar\u0131 sayesinde ola\u011fan\u00fcst\u00fc kesme performans\u0131 sunar. Bu, sert ta\u015flarda bile hassas ve p\u00fcr\u00fczs\u00fcz oyma sa\u011flar ve manuel r\u00f6tu\u015f ihtiyac\u0131n\u0131 azalt\u0131r.<\/p>\n<h3>3.2 \u00c7ok y\u00f6nl\u00fcl\u00fck:<\/h3>\n<p>Bu u\u00e7lar \u00e7ok y\u00f6nl\u00fcd\u00fcr ve granit, mermer, kumta\u015f\u0131 ve kire\u00e7ta\u015f\u0131 dahil olmak \u00fczere \u00e7e\u015fitli ta\u015f t\u00fcrlerinde kullan\u0131labilir. Farkl\u0131 ta\u015f malzemelerle \u00e7al\u0131\u015fabilme kabiliyetleri, onlar\u0131 an\u0131tlar, mimari \u00f6zellikler, an\u0131tlar ve dekoratif par\u00e7alar gibi \u00e7ok \u00e7e\u015fitli uygulamalar i\u00e7in ideal hale getirir.<\/p>\n<h3>3.3 Artan Verimlilik:<\/h3>\n<p>Vakum lehimli ta\u015f grav\u00fcr u\u00e7lar\u0131, vakum lehimli elmas par\u00e7ac\u0131klar\u0131 sayesinde m\u00fckemmel \u0131s\u0131 da\u011f\u0131tma \u00f6zellikleri sergiler. Bu \u00f6zellik, a\u015f\u0131r\u0131 \u0131s\u0131nma olmadan s\u00fcrekli kesime olanak tan\u0131yarak grav\u00fcr i\u015flemi s\u0131ras\u0131nda verimlili\u011fin artmas\u0131n\u0131 ve duru\u015f s\u00fcresinin azalmas\u0131n\u0131 sa\u011flar.<\/p>\n<h3>3.4 Uzat\u0131lm\u0131\u015f Kullan\u0131m \u00d6mr\u00fc:<\/h3>\n<p>Vakumlu lehimleme tekni\u011fi, elmas par\u00e7ac\u0131klar\u0131 ile \u015faft aras\u0131nda g\u00fc\u00e7l\u00fc bir ba\u011f olu\u015fmas\u0131n\u0131 sa\u011flayarak grav\u00fcr u\u00e7lar\u0131n\u0131n kullan\u0131m \u00f6mr\u00fcn\u00fc uzat\u0131r. Bu uzun \u00f6m\u00fcr, tak\u0131m de\u011fi\u015ftirme s\u0131kl\u0131\u011f\u0131n\u0131 azaltarak zaman i\u00e7inde maliyet tasarrufu sa\u011flar.<\/p>\n<h3>3.5 Kolay Bak\u0131m:<\/h3>\n<p>Vakum lehimli ta\u015f grav\u00fcr u\u00e7lar\u0131n\u0131n bak\u0131m\u0131 nispeten kolayd\u0131r. D\u00fczenli temizlik ve ya\u011flama, kal\u0131nt\u0131lar\u0131n giderilmesine yard\u0131mc\u0131 olur ve d\u00fczg\u00fcn kesim sa\u011flar. Ayr\u0131ca, u\u00e7lar\u0131n a\u015f\u0131nma ve y\u0131pranmaya kar\u015f\u0131 periyodik olarak incelenmesi, zaman\u0131nda de\u011fi\u015ftirilmelerine olanak tan\u0131yarak tutarl\u0131 grav\u00fcr kalitesi sa\u011flar.<\/p>\n<figure id=\"attachment_1405\" aria-describedby=\"caption-attachment-1405\" style=\"width: 1000px\" class=\"wp-caption aligncenter\"><img loading=\"lazy\" decoding=\"async\" class=\"size-full wp-image-1405\" src=\"https:\/\/xmstonetools.com\/wp-content\/uploads\/2022\/11\/Vacuum-Brazed-Stone-Carving-Engraving-Bits-2.jpg\" alt=\"Vakum Kaynakl\u0131 Ta\u015f Oyma Grav\u00fcr U\u00e7lar\u0131-2\" width=\"1000\" height=\"1000\" srcset=\"https:\/\/xmstonetools.com\/wp-content\/uploads\/2022\/11\/Vacuum-Brazed-Stone-Carving-Engraving-Bits-2.jpg 1000w, https:\/\/xmstonetools.com\/wp-content\/uploads\/2022\/11\/Vacuum-Brazed-Stone-Carving-Engraving-Bits-2-400x400.jpg 400w, https:\/\/xmstonetools.com\/wp-content\/uploads\/2022\/11\/Vacuum-Brazed-Stone-Carving-Engraving-Bits-2-800x800.jpg 800w, https:\/\/xmstonetools.com\/wp-content\/uploads\/2022\/11\/Vacuum-Brazed-Stone-Carving-Engraving-Bits-2-280x280.jpg 280w, https:\/\/xmstonetools.com\/wp-content\/uploads\/2022\/11\/Vacuum-Brazed-Stone-Carving-Engraving-Bits-2-768x768.jpg 768w, https:\/\/xmstonetools.com\/wp-content\/uploads\/2022\/11\/Vacuum-Brazed-Stone-Carving-Engraving-Bits-2-300x300.jpg 300w, https:\/\/xmstonetools.com\/wp-content\/uploads\/2022\/11\/Vacuum-Brazed-Stone-Carving-Engraving-Bits-2-600x600.jpg 600w, https:\/\/xmstonetools.com\/wp-content\/uploads\/2022\/11\/Vacuum-Brazed-Stone-Carving-Engraving-Bits-2-100x100.jpg 100w, https:\/\/xmstonetools.com\/wp-content\/uploads\/2022\/11\/Vacuum-Brazed-Stone-Carving-Engraving-Bits-2-120x120.jpg 120w\" sizes=\"auto, (max-width: 1000px) 100vw, 1000px\" \/><figcaption id=\"caption-attachment-1405\" class=\"wp-caption-text\">Vakum Kaynakl\u0131 Ta\u015f Oyma Grav\u00fcr U\u00e7lar\u0131-2<\/figcaption><\/figure>\n<h2 style=\"color: steelblue;\">4. Vakum Lehimli Ta\u015f Grav\u00fcr U\u00e7lar\u0131n\u0131n Uygulamalar\u0131:<\/h2>\n<p>Vakum lehimli ta\u015f grav\u00fcr u\u00e7lar\u0131n\u0131n ola\u011fan\u00fcst\u00fc performans\u0131 ve \u00e7ok y\u00f6nl\u00fcl\u00fc\u011f\u00fc, bunlar\u0131 a\u015fa\u011f\u0131dakiler de dahil olmak \u00fczere \u00e7e\u015fitli uygulamalar i\u00e7in paha bi\u00e7ilmez ara\u00e7lar haline getirir:<\/p>\n<h3>4.1 An\u0131tlar ve An\u0131tlar:<\/h3>\n<p>Bu u\u00e7lar, an\u0131tlar ve an\u0131tlar \u00fczerinde karma\u015f\u0131k ve ayr\u0131nt\u0131l\u0131 grav\u00fcrlerin olu\u015fturulmas\u0131n\u0131 sa\u011flayarak ki\u015fiselle\u015ftirilmi\u015f mesajlar\u0131n, isimlerin, tarihlerin ve sembollerin ta\u015f y\u00fczeylere kaz\u0131nmas\u0131na olanak tan\u0131r.<\/p>\n<h3>4.2 Mimari Detaylar:<\/h3>\n<p>Vakum lehimli ta\u015f oyma u\u00e7lar\u0131, s\u00fctun ba\u015fl\u0131klar\u0131, frizler ve bina cephelerindeki dekoratif motifler gibi mimari \u00f6zelliklerin olu\u015fturulmas\u0131nda kullan\u0131l\u0131r ve zarif ve rafine bir y\u00fczey sa\u011flar.<\/p>\n<h3>4.3 Sanatsal Heykeller:<\/h3>\n<p>Sanat\u00e7\u0131lar ve heykelt\u0131ra\u015flar bu u\u00e7lar\u0131 ta\u015ftan \u00e7arp\u0131c\u0131 heykeller ve sanatsal par\u00e7alar oymak i\u00e7in kullan\u0131r ve eserlerinin g\u00fczelli\u011fini art\u0131ran karma\u015f\u0131k ayr\u0131nt\u0131lar ve dokular elde ederler.<\/p>\n<h3>4.4 \u00d6zelle\u015ftirilmi\u015f Ta\u015f Tabela:<\/h3>\n<p>Vakum lehimli ta\u015f grav\u00fcr u\u00e7lar\u0131n\u0131n hassasiyeti ve do\u011frulu\u011fu, bunlar\u0131 \u00f6zelle\u015ftirilmi\u015f ta\u015f tabelalar olu\u015fturmak i\u00e7in m\u00fckemmel hale getirerek ticari veya konut ama\u00e7l\u0131 net ve dayan\u0131kl\u0131 yaz\u0131lar sa\u011flar.<\/p>\n<p>Vakum lehimli ta\u015f grav\u00fcr u\u00e7lar\u0131, \u00fcst\u00fcn kesme performans\u0131, \u00e7ok y\u00f6nl\u00fcl\u00fck, art\u0131r\u0131lm\u0131\u015f verimlilik, uzun kullan\u0131m \u00f6mr\u00fc ve kolay bak\u0131m sunarak ta\u015f grav\u00fcr sanat\u0131nda devrim yaratm\u0131\u015ft\u0131r. \u0130ster an\u0131tlar, mimari detaylar, heykeller isterse \u00f6zel tabelalar yarat\u0131yor olun, bu u\u00e7lar zanaatk\u00e2rlara ve ustalara karma\u015f\u0131k ve b\u00fcy\u00fcleyici ta\u015f grav\u00fcrler elde etmek i\u00e7in ihtiya\u00e7 duyduklar\u0131 ara\u00e7lar\u0131 sa\u011flar. Vakum lehimli ta\u015f grav\u00fcr u\u00e7lar\u0131, ola\u011fan\u00fcst\u00fc yetenekleriyle yarat\u0131c\u0131l\u0131\u011fa ilham vermeye ve ta\u015f grav\u00fcr sanat\u0131n\u0131n s\u0131n\u0131rlar\u0131n\u0131 zorlamaya devam ediyor.<\/p>\n<figure id=\"attachment_1404\" aria-describedby=\"caption-attachment-1404\" style=\"width: 1000px\" class=\"wp-caption aligncenter\"><img loading=\"lazy\" decoding=\"async\" class=\"size-full wp-image-1404\" src=\"https:\/\/xmstonetools.com\/wp-content\/uploads\/2022\/11\/Vacuum-Brazed-Stone-Carving-Engraving-Bits.jpg\" alt=\"Vakum Kaynakl\u0131 Ta\u015f Oyma Grav\u00fcr U\u00e7lar\u0131\" width=\"1000\" height=\"1000\" srcset=\"https:\/\/xmstonetools.com\/wp-content\/uploads\/2022\/11\/Vacuum-Brazed-Stone-Carving-Engraving-Bits.jpg 1000w, https:\/\/xmstonetools.com\/wp-content\/uploads\/2022\/11\/Vacuum-Brazed-Stone-Carving-Engraving-Bits-400x400.jpg 400w, https:\/\/xmstonetools.com\/wp-content\/uploads\/2022\/11\/Vacuum-Brazed-Stone-Carving-Engraving-Bits-800x800.jpg 800w, https:\/\/xmstonetools.com\/wp-content\/uploads\/2022\/11\/Vacuum-Brazed-Stone-Carving-Engraving-Bits-280x280.jpg 280w, https:\/\/xmstonetools.com\/wp-content\/uploads\/2022\/11\/Vacuum-Brazed-Stone-Carving-Engraving-Bits-768x768.jpg 768w, https:\/\/xmstonetools.com\/wp-content\/uploads\/2022\/11\/Vacuum-Brazed-Stone-Carving-Engraving-Bits-300x300.jpg 300w, https:\/\/xmstonetools.com\/wp-content\/uploads\/2022\/11\/Vacuum-Brazed-Stone-Carving-Engraving-Bits-600x600.jpg 600w, https:\/\/xmstonetools.com\/wp-content\/uploads\/2022\/11\/Vacuum-Brazed-Stone-Carving-Engraving-Bits-100x100.jpg 100w, https:\/\/xmstonetools.com\/wp-content\/uploads\/2022\/11\/Vacuum-Brazed-Stone-Carving-Engraving-Bits-120x120.jpg 120w\" sizes=\"auto, (max-width: 1000px) 100vw, 1000px\" \/><figcaption id=\"caption-attachment-1404\" class=\"wp-caption-text\">Vakum Kaynakl\u0131 Ta\u015f Oyma Grav\u00fcr U\u00e7lar\u0131<\/figcaption><\/figure>\n<h2 style=\"color: steelblue;\">1. Hassasiyet ve Detayland\u0131rma:<\/h2>\n<p>Vakum lehimli ta\u015f grav\u00fcr u\u00e7lar\u0131, ta\u015f y\u00fczeylerde karma\u015f\u0131k tasar\u0131mlar ve hassas detaylar olu\u015fturma yetenekleriyle bilinir. \u015eafta ba\u011flanan elmas par\u00e7ac\u0131klar\u0131 ola\u011fan\u00fcst\u00fc keskinlik ve sertlik sa\u011flayarak zanaatkarlar\u0131n ince \u00e7izgileri, hassas desenleri ve karma\u015f\u0131k dokular\u0131 ola\u011fan\u00fcst\u00fc bir do\u011frulukla elde etmelerini sa\u011flar.<\/p>\n<h2 style=\"color: steelblue;\">2. H\u0131z ve Verimlilik:<\/h2>\n<p>Son teknoloji tasar\u0131mlar\u0131 ve y\u00fcksek kaliteli elmas par\u00e7ac\u0131klar\u0131 sayesinde, vakum lehimli ta\u015f grav\u00fcr u\u00e7lar\u0131 etkileyici kesme h\u0131zlar\u0131 ve geli\u015fmi\u015f verimlilik sunar. Keskin kesme kenarlar\u0131 ve verimli \u0131s\u0131 da\u011f\u0131l\u0131m\u0131 kombinasyonu, a\u015f\u0131r\u0131 \u0131s\u0131nma veya tak\u0131m a\u015f\u0131nmas\u0131 nedeniyle s\u0131k s\u0131k kesintiye gerek kalmadan s\u00fcrekli grav\u00fcr yap\u0131lmas\u0131n\u0131 sa\u011flar.<\/p>\n<h2 style=\"color: steelblue;\">3. \u00c7e\u015fitli Ta\u015f T\u00fcrleri ile Uyumluluk:<\/h2>\n<p>Vakum lehimli ta\u015f grav\u00fcr u\u00e7lar\u0131 \u00e7ok \u00e7e\u015fitli ta\u015f malzemelerle uyumludur ve bu sayede ta\u015f grav\u00fcr uygulamalar\u0131 i\u00e7in \u00e7ok y\u00f6nl\u00fc aletlerdir. \u0130ster granit, mermer, kumta\u015f\u0131, kire\u00e7ta\u015f\u0131 ister di\u011fer ta\u015f t\u00fcrleriyle \u00e7al\u0131\u015f\u0131yor olun, bu u\u00e7lar malzemeyi etkili bir \u015fekilde oyarak tutarl\u0131 sonu\u00e7lar sa\u011flar.<\/p>\n<h2 style=\"color: steelblue;\">4. Daha Az Ufalanma ve K\u0131r\u0131lma:<\/h2>\n<p>Vakum lehimli ta\u015f grav\u00fcr u\u00e7lar\u0131n\u0131n \u00f6nemli avantajlar\u0131ndan biri, grav\u00fcr i\u015flemi s\u0131ras\u0131nda ufalanma ve k\u0131r\u0131lmay\u0131 en aza indirme yetenekleridir. Elmas par\u00e7ac\u0131klar\u0131 ile \u015faft aras\u0131ndaki g\u00fc\u00e7l\u00fc ba\u011f m\u00fckemmel bir stabilite sa\u011flayarak ta\u015f\u0131n zarar g\u00f6rme riskini azalt\u0131r ve temiz ve hassas kesimler sa\u011flar.<\/p>\n<figure id=\"attachment_1403\" aria-describedby=\"caption-attachment-1403\" style=\"width: 800px\" class=\"wp-caption aligncenter\"><img loading=\"lazy\" decoding=\"async\" class=\"size-full wp-image-1403\" src=\"https:\/\/xmstonetools.com\/wp-content\/uploads\/2022\/11\/Vacuum-Brazed-Stone-Carving-Engraving-Bits-5.jpg\" alt=\"Vakum Kaynakl\u0131 Ta\u015f Oyma Grav\u00fcr U\u00e7lar\u0131-5\" width=\"800\" height=\"800\" srcset=\"https:\/\/xmstonetools.com\/wp-content\/uploads\/2022\/11\/Vacuum-Brazed-Stone-Carving-Engraving-Bits-5.jpg 800w, https:\/\/xmstonetools.com\/wp-content\/uploads\/2022\/11\/Vacuum-Brazed-Stone-Carving-Engraving-Bits-5-400x400.jpg 400w, https:\/\/xmstonetools.com\/wp-content\/uploads\/2022\/11\/Vacuum-Brazed-Stone-Carving-Engraving-Bits-5-280x280.jpg 280w, https:\/\/xmstonetools.com\/wp-content\/uploads\/2022\/11\/Vacuum-Brazed-Stone-Carving-Engraving-Bits-5-768x768.jpg 768w, https:\/\/xmstonetools.com\/wp-content\/uploads\/2022\/11\/Vacuum-Brazed-Stone-Carving-Engraving-Bits-5-300x300.jpg 300w, https:\/\/xmstonetools.com\/wp-content\/uploads\/2022\/11\/Vacuum-Brazed-Stone-Carving-Engraving-Bits-5-600x600.jpg 600w, https:\/\/xmstonetools.com\/wp-content\/uploads\/2022\/11\/Vacuum-Brazed-Stone-Carving-Engraving-Bits-5-100x100.jpg 100w, https:\/\/xmstonetools.com\/wp-content\/uploads\/2022\/11\/Vacuum-Brazed-Stone-Carving-Engraving-Bits-5-120x120.jpg 120w\" sizes=\"auto, (max-width: 800px) 100vw, 800px\" \/><figcaption id=\"caption-attachment-1403\" class=\"wp-caption-text\">Vakum Kaynakl\u0131 Ta\u015f Oyma Grav\u00fcr U\u00e7lar\u0131-5<\/figcaption><\/figure>\n<h2 style=\"color: steelblue;\">5. \u00c7ok \u00c7e\u015fitli U\u00e7 \u015eekilleri ve Boyutlar\u0131:<\/h2>\n<p>Vakum lehimli ta\u015f grav\u00fcr u\u00e7lar\u0131, farkl\u0131 grav\u00fcr ihtiya\u00e7lar\u0131n\u0131 kar\u015f\u0131lamak i\u00e7in \u00e7e\u015fitli \u015fekil ve boyutlarda gelir. Yayg\u0131n \u015fekiller aras\u0131nda silindirik, konik, top \u015fekilli ve alev \u015fekilli u\u00e7lar bulunur. \u00c7e\u015fitli boyut ve profillerin mevcut olmas\u0131, zanaatkarlar\u0131n kendi grav\u00fcr gereksinimleri i\u00e7in en uygun ucu se\u00e7melerine olanak tan\u0131yarak en iyi sonu\u00e7lar\u0131 almalar\u0131n\u0131 sa\u011flar.<\/p>\n<h2 style=\"color: steelblue;\">6. Uzun \u00d6m\u00fcrl\u00fcl\u00fck ve Maliyet Etkinli\u011fi:<\/h2>\n<p>Sa\u011flam yap\u0131lar\u0131 ve dayan\u0131kl\u0131 elmas ba\u011flar\u0131 sayesinde, vakum lehimli ta\u015f grav\u00fcr u\u00e7lar\u0131 geleneksel grav\u00fcr aletlerine k\u0131yasla daha uzun bir kullan\u0131m \u00f6mr\u00fcne sahiptir. Bu uzun \u00f6m\u00fcr, zaman i\u00e7inde daha az ar\u0131za s\u00fcresi ve daha az de\u011fi\u015ftirme ihtiyac\u0131 oldu\u011fundan maliyet tasarrufu anlam\u0131na gelir ve bu da onlar\u0131 ta\u015f grav\u00fcr end\u00fcstrisindeki profesyoneller i\u00e7in uygun maliyetli bir se\u00e7im haline getirir.<\/p>\n<h2 style=\"color: steelblue;\">7. Grav\u00fcr Makineleri ile Uyumluluk:<\/h2>\n<p>Vakum lehimli ta\u015f grav\u00fcr u\u00e7lar\u0131, CNC router'lar ve el tipi grav\u00fcr aletleri dahil olmak \u00fczere \u00e7e\u015fitli grav\u00fcr makineleriyle uyumlu olacak \u015fekilde tasarlanm\u0131\u015ft\u0131r. Bu uyumluluk, mevcut i\u015f ak\u0131\u015flar\u0131na sorunsuz entegrasyona olanak tan\u0131r ve farkl\u0131 grav\u00fcr projeleri i\u00e7in esneklik sa\u011flar.<\/p>\n<h2 style=\"color: steelblue;\">8. G\u00fcvenlik Hususlar\u0131:<\/h2>\n<p>Vakum lehimli ta\u015f oyma u\u00e7lar\u0131n\u0131 kullan\u0131rken g\u00fcvenli\u011fe \u00f6ncelik vermek \u00f6nemlidir. Kendinizi olas\u0131 tehlikelerden korumak i\u00e7in her zaman koruyucu g\u00f6zl\u00fck ve eldiven gibi uygun ki\u015fisel koruyucu ekipman (KKE) kullan\u0131n. Ayr\u0131ca, grav\u00fcr i\u015flemi s\u0131ras\u0131nda olu\u015fan toz ve d\u00f6k\u00fcnt\u00fclere maruz kalmay\u0131 en aza indirmek i\u00e7in \u00e7al\u0131\u015fma alan\u0131nda uygun havaland\u0131rma sa\u011flay\u0131n.<\/p>\n<p>Zanaatkarlar ve ustalar, vakum lehimli ta\u015f oyma u\u00e7lar\u0131n\u0131n yeteneklerinden yararlanarak ta\u015f oyma projelerini yeni zirvelere ta\u015f\u0131yabilir, yarat\u0131c\u0131l\u0131k ve hassasiyet d\u00fcnyas\u0131n\u0131n kilidini a\u00e7abilirler. \u0130ster karma\u015f\u0131k tasar\u0131mlar yapmak, ister mimari detaylar\u0131 s\u00fcslemek veya benzersiz ta\u015f heykeller yaratmak olsun, bu u\u00e7lar ta\u015f\u0131 b\u00fcy\u00fcleyici sanat eserlerine d\u00f6n\u00fc\u015ft\u00fcrmek i\u00e7in gerekli ara\u00e7lar\u0131 sa\u011flar.<\/p>\n<figure id=\"attachment_1402\" aria-describedby=\"caption-attachment-1402\" style=\"width: 1000px\" class=\"wp-caption aligncenter\"><img loading=\"lazy\" decoding=\"async\" class=\"size-full wp-image-1402\" src=\"https:\/\/xmstonetools.com\/wp-content\/uploads\/2022\/11\/Vacuum-Brazed-Stone-Carving-Engraving-Bits-4.jpg\" alt=\"Vakum Kaynakl\u0131 Ta\u015f Oyma Grav\u00fcr U\u00e7lar\u0131-4\" width=\"1000\" height=\"1000\" srcset=\"https:\/\/xmstonetools.com\/wp-content\/uploads\/2022\/11\/Vacuum-Brazed-Stone-Carving-Engraving-Bits-4.jpg 1000w, https:\/\/xmstonetools.com\/wp-content\/uploads\/2022\/11\/Vacuum-Brazed-Stone-Carving-Engraving-Bits-4-400x400.jpg 400w, https:\/\/xmstonetools.com\/wp-content\/uploads\/2022\/11\/Vacuum-Brazed-Stone-Carving-Engraving-Bits-4-800x800.jpg 800w, https:\/\/xmstonetools.com\/wp-content\/uploads\/2022\/11\/Vacuum-Brazed-Stone-Carving-Engraving-Bits-4-280x280.jpg 280w, https:\/\/xmstonetools.com\/wp-content\/uploads\/2022\/11\/Vacuum-Brazed-Stone-Carving-Engraving-Bits-4-768x768.jpg 768w, https:\/\/xmstonetools.com\/wp-content\/uploads\/2022\/11\/Vacuum-Brazed-Stone-Carving-Engraving-Bits-4-300x300.jpg 300w, https:\/\/xmstonetools.com\/wp-content\/uploads\/2022\/11\/Vacuum-Brazed-Stone-Carving-Engraving-Bits-4-600x600.jpg 600w, https:\/\/xmstonetools.com\/wp-content\/uploads\/2022\/11\/Vacuum-Brazed-Stone-Carving-Engraving-Bits-4-100x100.jpg 100w, https:\/\/xmstonetools.com\/wp-content\/uploads\/2022\/11\/Vacuum-Brazed-Stone-Carving-Engraving-Bits-4-120x120.jpg 120w\" sizes=\"auto, (max-width: 1000px) 100vw, 1000px\" \/><figcaption id=\"caption-attachment-1402\" class=\"wp-caption-text\">Vakum Kaynakl\u0131 Ta\u015f Oyma Grav\u00fcr U\u00e7lar\u0131-4<\/figcaption><\/figure>\n<h2 style=\"color: steelblue;\">Ta\u015f Grav\u00fcr U\u00e7lar\u0131 \u00d6zellikleri<\/h2>\n<div class=\"J_module\">\n<div class=\"ife-detail-decorate-table\">\n<table class=\"all magic-9\">\n<tbody>\n<tr>\n<td colspan=\"1\" rowspan=\"1\">\n<div class=\"magic-10\"><b data-spm-anchor-id=\"a2700.pc-decorate.0.i35.4d853333umpMn7\">\u00dcr\u00fcn ad\u0131<\/b><\/div>\n<\/td>\n<td colspan=\"1\" rowspan=\"1\">\n<div class=\"magic-11\">Grav\u00fcr Makinesi CNC Oyma Arac\u0131 i\u00e7in Elmas Arac\u0131 Oyma Ta\u015f Elmas Grav\u00fcr Ta\u015flama Bit<\/div>\n<\/td>\n<\/tr>\n<tr>\n<td colspan=\"1\" rowspan=\"1\">\n<div class=\"magic-10\"><b>Teknoloji<\/b><\/div>\n<\/td>\n<td colspan=\"1\" rowspan=\"1\">\n<div class=\"magic-11\">Vakum lehimli<\/div>\n<\/td>\n<\/tr>\n<tr>\n<td colspan=\"1\" rowspan=\"1\">\n<div class=\"magic-10\"><b>Ama\u00e7<\/b><\/div>\n<\/td>\n<td colspan=\"1\" rowspan=\"1\">\n<div class=\"magic-11\">Ta\u015flama \u015eekillendirme Ta\u015f\u0131<\/div>\n<\/td>\n<\/tr>\n<tr>\n<td colspan=\"1\" rowspan=\"1\">\n<div class=\"magic-10\"><b>Kum boyutu<\/b><\/div>\n<\/td>\n<td colspan=\"1\" rowspan=\"1\">\n<div class=\"magic-11\">\u0130htiyac\u0131n\u0131za g\u00f6re<\/div>\n<\/td>\n<\/tr>\n<tr>\n<td colspan=\"1\" rowspan=\"1\">\n<div class=\"magic-10\"><b data-spm-anchor-id=\"a2700.pc-decorate.0.i22.50973333gmOPQI\">Malzeme<\/b><\/div>\n<\/td>\n<td colspan=\"1\" rowspan=\"1\">\n<div class=\"magic-11\">Elmas, Metal<\/div>\n<\/td>\n<\/tr>\n<tr>\n<td colspan=\"1\" rowspan=\"1\">\n<div class=\"magic-10\"><b>\u015eekil<\/b><\/div>\n<\/td>\n<td colspan=\"1\" rowspan=\"1\">\n<div class=\"magic-11\">D\u00fcz, \u00c7anak, Kase, \u00f6zelle\u015ftirilebilir<\/div>\n<\/td>\n<\/tr>\n<tr>\n<td colspan=\"1\" rowspan=\"1\">\n<div class=\"magic-12\"><b>Uygulama<\/b><\/div>\n<\/td>\n<td colspan=\"1\" rowspan=\"1\">\n<div class=\"magic-13\">Granit, ta\u015f, beton i\u00e7in kuru\/\u0131slak ta\u015flama<\/div>\n<\/td>\n<\/tr>\n<tr>\n<td colspan=\"1\" rowspan=\"1\">\n<div class=\"magic-14\"><b data-spm-anchor-id=\"a2700.pc-decorate.0.i44.50973333gmOPQI\">Teknoloji<\/b><\/div>\n<\/td>\n<td colspan=\"1\" rowspan=\"1\">\n<div class=\"magic-15\"><span class=\"magic-16\" style=\"font-family: Roboto;\">vakum lehimli<\/span><\/div>\n<\/td>\n<\/tr>\n<tr>\n<td colspan=\"1\" rowspan=\"1\">\n<div class=\"magic-17\"><b>Uygulanabilir Makine<\/b><\/div>\n<\/td>\n<td colspan=\"1\" rowspan=\"1\">\n<div class=\"magic-18\">CNC Freze Makinesi<\/div>\n<\/td>\n<\/tr>\n<\/tbody>\n<\/table>\n<\/div>\n<\/div>\n<div class=\"J_module\">\n<div class=\"icbu-pc-detailManyImage magic-19\"><\/div>\n<\/div>","protected":false},"excerpt":{"rendered":"<p>\u00d6zellikler<\/p>\n<p>1. Vakum Lehimli Grav\u00fcr U\u00e7lar\u0131, kenar detaylar\u0131 ta\u015flama ve grav\u00fcr uygulamas\u0131 i\u00e7in tasarlanm\u0131\u015ft\u0131r;<br \/>\n2. Yumu\u015fak ta\u015flarda ve granitlerde kullan\u0131m i\u00e7indir, granit ve sert ta\u015flarda su kullan\u0131m\u0131 \u00f6nerilir;<br \/>\n3. Farkl\u0131 detay i\u015fleri ve kenar profilleri i\u00e7in \u00e7e\u015fitli \u015fekil ve boyutlarda standart \u015faft;<br \/>\n4. \u00c7anak delikli montaj sistemleri i\u00e7in Vakum Lehimli Ankraj U\u00e7lar\u0131 standart \u00fcr\u00fcn listemizde mevcuttur;<br \/>\n5. \u0130stek \u00fczerine \u00f6zel \u015fekil ve boyutlar mevcuttur.<\/p>\n<a href=\"#Quote-Button\" class=\"button primary is-large Inquiry-Button\" style=\"border-radius:99px;\">\n\t<i class=\"icon-heart\" aria-hidden=\"true\"><\/i>\t<span>\u015eimdi Sorgula<\/span>\n\t<\/a>","protected":false},"featured_media":1404,"template":"","meta":[],"product_brand":[],"product_cat":[60,59],"product_tag":[94,66],"class_list":{"0":"post-1407","1":"product","2":"type-product","3":"status-publish","4":"has-post-thumbnail","6":"product_cat-stone-cnc-tools","7":"product_cat-stone-milling-tools","8":"product_tag-carving-engraving-tools","9":"product_tag-vacuum-brazed-stone-tools","11":"first","12":"instock","13":"shipping-taxable","14":"product-type-simple"},"aioseo_notices":[],"_links":{"self":[{"href":"https:\/\/xmstonetools.com\/tr\/wp-json\/wp\/v2\/product\/1407","targetHints":{"allow":["GET"]}}],"collection":[{"href":"https:\/\/xmstonetools.com\/tr\/wp-json\/wp\/v2\/product"}],"about":[{"href":"https:\/\/xmstonetools.com\/tr\/wp-json\/wp\/v2\/types\/product"}],"wp:featuredmedia":[{"embeddable":true,"href":"https:\/\/xmstonetools.com\/tr\/wp-json\/wp\/v2\/media\/1404"}],"wp:attachment":[{"href":"https:\/\/xmstonetools.com\/tr\/wp-json\/wp\/v2\/media?parent=1407"}],"wp:term":[{"taxonomy":"product_brand","embeddable":true,"href":"https:\/\/xmstonetools.com\/tr\/wp-json\/wp\/v2\/product_brand?post=1407"},{"taxonomy":"product_cat","embeddable":true,"href":"https:\/\/xmstonetools.com\/tr\/wp-json\/wp\/v2\/product_cat?post=1407"},{"taxonomy":"product_tag","embeddable":true,"href":"https:\/\/xmstonetools.com\/tr\/wp-json\/wp\/v2\/product_tag?post=1407"}],"curies":[{"name":"wp","href":"https:\/\/api.w.org\/{rel}","templated":true}]}}