{"id":1414,"date":"2022-11-30T22:20:25","date_gmt":"2022-11-30T14:20:25","guid":{"rendered":"https:\/\/xmstonetools.com\/?post_type=product&#038;p=1414"},"modified":"2023-07-05T10:05:07","modified_gmt":"2023-07-05T02:05:07","slug":"cnc-elmas-monteli-noktalar","status":"publish","type":"product","link":"https:\/\/xmstonetools.com\/tr\/urun\/cnc-elmas-monteli-noktalar\/","title":{"rendered":"CNC Elmas Monteli Noktalar"},"content":{"rendered":"<h2 style=\"color: steelblue;\">CNC Elmas Monteli Noktalar\u0131n Tan\u0131t\u0131m\u0131<\/h2>\n<p>Elmas tak\u0131mlar uzun zamand\u0131r \u00e7e\u015fitli end\u00fcstriyel uygulamalarda hassasiyet ve dayan\u0131kl\u0131l\u0131\u011f\u0131n \u00f6z\u00fc olarak kabul edilmektedir. Bu aletler aras\u0131nda CNC elmas takma u\u00e7lar\u0131, hassas ta\u015flama i\u015flemlerinde vazge\u00e7ilmez varl\u0131klar olarak ortaya \u00e7\u0131km\u0131\u015ft\u0131r. Elmaslar\u0131n sertli\u011fini ve a\u015f\u0131nma direncini CNC teknolojisinin \u00e7ok y\u00f6nl\u00fcl\u00fc\u011f\u00fc ile birle\u015ftiren bu tak\u0131mlar e\u015fsiz performans, verimlilik ve uzun \u00f6m\u00fcrl\u00fcl\u00fck sunar. Bu makalede, CNC elmas monteli u\u00e7lar\u0131n inceliklerini, uygulamalar\u0131n\u0131, faydalar\u0131n\u0131 ve optimum kullan\u0131m i\u00e7in dikkat edilmesi gereken hususlar\u0131 inceleyece\u011fiz.<\/p>\n<h2 style=\"color: steelblue;\">CNC Elmas Monteli Noktalar nedir?<\/h2>\n<p>CNC elmas takma u\u00e7lar\u0131, metaller, seramikler, cam ve kompozitler dahil olmak \u00fczere bir dizi malzemede ta\u015flama, \u00e7apak alma, \u015fekillendirme ve finisaj i\u015flemlerinde kullan\u0131lan hassas aletlerdir. Y\u00fcksek kaliteli end\u00fcstriyel elmaslar\u0131n bir metal veya re\u00e7ine matrisi i\u00e7ine yerle\u015ftirilmesiyle olu\u015fturulurlar ve ola\u011fan\u00fcst\u00fc a\u015f\u0131nd\u0131r\u0131c\u0131 \u00f6zellikler sa\u011flarlar. Bu aletlerdeki elmas par\u00e7ac\u0131klar\u0131, homojenlik ve optimum kesme performans\u0131 sa\u011flamak i\u00e7in titizlikle da\u011f\u0131t\u0131l\u0131r.<\/p>\n<figure id=\"attachment_1410\" aria-describedby=\"caption-attachment-1410\" style=\"width: 720px\" class=\"wp-caption aligncenter\"><img loading=\"lazy\" decoding=\"async\" class=\"size-full wp-image-1410\" src=\"https:\/\/xmstonetools.com\/wp-content\/uploads\/2022\/11\/CNC-Diamond-Mounted-Points-2.jpg\" alt=\"CNC Elmas Monteli Noktalar-2\" width=\"720\" height=\"720\" srcset=\"https:\/\/xmstonetools.com\/wp-content\/uploads\/2022\/11\/CNC-Diamond-Mounted-Points-2.jpg 720w, https:\/\/xmstonetools.com\/wp-content\/uploads\/2022\/11\/CNC-Diamond-Mounted-Points-2-400x400.jpg 400w, https:\/\/xmstonetools.com\/wp-content\/uploads\/2022\/11\/CNC-Diamond-Mounted-Points-2-280x280.jpg 280w, https:\/\/xmstonetools.com\/wp-content\/uploads\/2022\/11\/CNC-Diamond-Mounted-Points-2-300x300.jpg 300w, https:\/\/xmstonetools.com\/wp-content\/uploads\/2022\/11\/CNC-Diamond-Mounted-Points-2-600x600.jpg 600w, https:\/\/xmstonetools.com\/wp-content\/uploads\/2022\/11\/CNC-Diamond-Mounted-Points-2-100x100.jpg 100w, https:\/\/xmstonetools.com\/wp-content\/uploads\/2022\/11\/CNC-Diamond-Mounted-Points-2-120x120.jpg 120w\" sizes=\"auto, (max-width: 720px) 100vw, 720px\" \/><figcaption id=\"caption-attachment-1410\" class=\"wp-caption-text\">CNC Elmas Monteli Noktalar-2<\/figcaption><\/figure>\n<h2 style=\"color: steelblue;\">CNC Elmas Monteli Noktalar\u0131n Uygulamalar\u0131:<\/h2>\n<h3>1. Hassas Ta\u015flama:<\/h3>\n<p>CNC elmas takma u\u00e7lar\u0131, tak\u0131m ve kal\u0131p yap\u0131m\u0131, kal\u0131p yap\u0131m\u0131 ve havac\u0131l\u0131k ve uzay bile\u015fenleri \u00fcretimi gibi y\u00fcksek hassasiyetli ta\u015flama uygulamalar\u0131nda m\u00fckemmeldir. Karma\u015f\u0131k konturlar\u0131, yuvalar\u0131 ve oluklar\u0131 ola\u011fan\u00fcst\u00fc bir hassasiyetle verimli bir \u015fekilde \u015fekillendirebilir ve parlatabilirler.<\/p>\n<h3>2. Y\u00fczey \u0130\u015flemleri:<\/h3>\n<p>Bu aletler y\u00fczey bitirme i\u015flemlerinde de yayg\u0131n olarak kullan\u0131lmaktad\u0131r. \u0130\u015f par\u00e7as\u0131n\u0131n genel kalitesini ve g\u00f6r\u00fcn\u00fcm\u00fcn\u00fc iyile\u015ftirerek p\u00fcr\u00fczs\u00fcz y\u00fczeyler elde etmek, \u00e7apaklar\u0131 gidermek ve kenarlar\u0131 d\u00fczeltmek i\u00e7in kullan\u0131labilirler.<\/p>\n<h3>3. Malzeme Kald\u0131rma:<\/h3>\n<p>CNC elmas monteli u\u00e7lar, ister hassas tala\u015f kald\u0131rma ister restorasyon \u00e7al\u0131\u015fmalar\u0131 i\u00e7in olsun, fazla malzemenin \u00e7\u0131kar\u0131lmas\u0131nda son derece etkilidir. Genellikle otomotiv, kuyumculuk ve metal imalat\u0131 gibi sekt\u00f6rlerde kullan\u0131l\u0131rlar.<\/p>\n<figure id=\"attachment_1409\" aria-describedby=\"caption-attachment-1409\" style=\"width: 720px\" class=\"wp-caption aligncenter\"><img loading=\"lazy\" decoding=\"async\" class=\"size-full wp-image-1409\" src=\"https:\/\/xmstonetools.com\/wp-content\/uploads\/2022\/11\/CNC-Diamond-Mounted-Points.jpg\" alt=\"CNC Elmas Monteli Noktalar\" width=\"720\" height=\"720\" srcset=\"https:\/\/xmstonetools.com\/wp-content\/uploads\/2022\/11\/CNC-Diamond-Mounted-Points.jpg 720w, https:\/\/xmstonetools.com\/wp-content\/uploads\/2022\/11\/CNC-Diamond-Mounted-Points-400x400.jpg 400w, https:\/\/xmstonetools.com\/wp-content\/uploads\/2022\/11\/CNC-Diamond-Mounted-Points-280x280.jpg 280w, https:\/\/xmstonetools.com\/wp-content\/uploads\/2022\/11\/CNC-Diamond-Mounted-Points-300x300.jpg 300w, https:\/\/xmstonetools.com\/wp-content\/uploads\/2022\/11\/CNC-Diamond-Mounted-Points-600x600.jpg 600w, https:\/\/xmstonetools.com\/wp-content\/uploads\/2022\/11\/CNC-Diamond-Mounted-Points-100x100.jpg 100w, https:\/\/xmstonetools.com\/wp-content\/uploads\/2022\/11\/CNC-Diamond-Mounted-Points-120x120.jpg 120w\" sizes=\"auto, (max-width: 720px) 100vw, 720px\" \/><figcaption id=\"caption-attachment-1409\" class=\"wp-caption-text\">CNC Elmas Monteli Noktalar<\/figcaption><\/figure>\n<h2 style=\"color: steelblue;\">CNC Elmas Montajl\u0131 Noktalar\u0131n \u00d6zellikleri:<\/h2>\n<h3>1. \u00dcst\u00fcn Kesme Performans\u0131:<\/h3>\n<p>Elmaslar\u0131n sertli\u011fi ve a\u015f\u0131nd\u0131r\u0131c\u0131 do\u011fas\u0131, CNC elmas takma u\u00e7lar\u0131n\u0131 sert ve a\u015f\u0131nd\u0131r\u0131c\u0131 malzemelerin kesilmesinde son derece etkili hale getirir. Keskinliklerini ve kesme verimliliklerini uzun s\u00fcreler boyunca koruyabilirler ve tak\u0131m de\u011fi\u015fimi i\u00e7in duru\u015f s\u00fcresini en aza indirirler.<\/p>\n<h3>2. Uzat\u0131lm\u0131\u015f Tak\u0131m \u00d6mr\u00fc:<\/h3>\n<p>Elmas tak\u0131mlar, geleneksel a\u015f\u0131nd\u0131r\u0131c\u0131 tak\u0131mlara k\u0131yasla \u00f6nemli \u00f6l\u00e7\u00fcde daha uzun kullan\u0131m \u00f6mr\u00fcne sahiptir. Elmaslar\u0131n a\u015f\u0131nma direnci tutarl\u0131 performans sa\u011flar ve tak\u0131m de\u011fi\u015ftirme s\u0131kl\u0131\u011f\u0131n\u0131 azaltarak maliyet tasarrufu ve verimlilik art\u0131\u015f\u0131 sa\u011flar.<\/p>\n<h3>3. \u00c7ok y\u00f6nl\u00fcl\u00fck:<\/h3>\n<p>CNC elmas monteli u\u00e7lar, farkl\u0131 uygulamalara ve malzeme t\u00fcrlerine uyacak \u015fekilde \u00e7ok \u00e7e\u015fitli \u015fekillerde, boyutlarda ve kumlarda mevcuttur. Bu \u00e7ok y\u00f6nl\u00fcl\u00fck, hassas \u00f6zelle\u015ftirmeye olanak tan\u0131yarak operat\u00f6rlerin istenen y\u00fczey kalitesini ve boyutsal do\u011frulu\u011fu elde etmesini sa\u011flar.<\/p>\n<h3>4. Is\u0131 ve Kimyasal Diren\u00e7:<\/h3>\n<p>Elmas\u0131n ola\u011fan\u00fcst\u00fc termal iletkenli\u011fi, ta\u015flama s\u0131ras\u0131nda verimli \u0131s\u0131 da\u011f\u0131l\u0131m\u0131na olanak tan\u0131yarak i\u015f par\u00e7as\u0131nda termal hasar riskini azalt\u0131r. Ek olarak, elmas kimyasal reaksiyonlara kar\u015f\u0131 diren\u00e7lidir, bu da CNC elmas tak\u0131l\u0131 noktalar\u0131 kimyasal olarak agresif malzemelerle \u00e7al\u0131\u015fmak i\u00e7in uygun hale getirir.<\/p>\n<figure id=\"attachment_1408\" aria-describedby=\"caption-attachment-1408\" style=\"width: 720px\" class=\"wp-caption aligncenter\"><img loading=\"lazy\" decoding=\"async\" class=\"size-full wp-image-1408\" src=\"https:\/\/xmstonetools.com\/wp-content\/uploads\/2022\/11\/CNC-Diamond-Mounted-Points-6.jpg\" alt=\"CNC Elmas Monteli Noktalar-6\" width=\"720\" height=\"720\" srcset=\"https:\/\/xmstonetools.com\/wp-content\/uploads\/2022\/11\/CNC-Diamond-Mounted-Points-6.jpg 720w, https:\/\/xmstonetools.com\/wp-content\/uploads\/2022\/11\/CNC-Diamond-Mounted-Points-6-400x400.jpg 400w, https:\/\/xmstonetools.com\/wp-content\/uploads\/2022\/11\/CNC-Diamond-Mounted-Points-6-280x280.jpg 280w, https:\/\/xmstonetools.com\/wp-content\/uploads\/2022\/11\/CNC-Diamond-Mounted-Points-6-300x300.jpg 300w, https:\/\/xmstonetools.com\/wp-content\/uploads\/2022\/11\/CNC-Diamond-Mounted-Points-6-600x600.jpg 600w, https:\/\/xmstonetools.com\/wp-content\/uploads\/2022\/11\/CNC-Diamond-Mounted-Points-6-100x100.jpg 100w, https:\/\/xmstonetools.com\/wp-content\/uploads\/2022\/11\/CNC-Diamond-Mounted-Points-6-120x120.jpg 120w\" sizes=\"auto, (max-width: 720px) 100vw, 720px\" \/><figcaption id=\"caption-attachment-1408\" class=\"wp-caption-text\">CNC Elmas Monteli Noktalar-6<\/figcaption><\/figure>\n<h2 style=\"color: steelblue;\">Elmas monteli noktalar\u0131n optimum kullan\u0131m\u0131:<\/h2>\n<h3>1. Kum Boyutu Se\u00e7imi:<\/h3>\n<p>Kum boyutu se\u00e7imi, istenen y\u00fczey kalitesine ve \u00fczerinde \u00e7al\u0131\u015f\u0131lan malzemeye ba\u011fl\u0131d\u0131r. Daha ince kumlar (daha y\u00fcksek numaralar) daha p\u00fcr\u00fczs\u00fcz y\u00fczeyler \u00fcretirken, daha kaba kumlar (daha d\u00fc\u015f\u00fck numaralar) daha h\u0131zl\u0131 malzeme kald\u0131rma oranlar\u0131 sunar. Uygun kum boyutunu se\u00e7erken malzeme sertli\u011fini, i\u015f par\u00e7as\u0131 geometrisini ve istenen sonucu g\u00f6z \u00f6n\u00fcnde bulundurun.<\/p>\n<h3>2. Uygun Alet Kullan\u0131m\u0131 ve Bak\u0131m\u0131:<\/h3>\n<p>Optimum performans ve uzun \u00f6m\u00fcrl\u00fcl\u00fck sa\u011flamak i\u00e7in CNC elmas montaj noktalar\u0131n\u0131n \u00f6zenle kullan\u0131lmas\u0131 \u00e7ok \u00f6nemlidir. A\u015f\u0131r\u0131 bas\u0131n\u00e7, a\u015f\u0131r\u0131 \u0131s\u0131 ve darbeli y\u00fcklemeden ka\u00e7\u0131n\u0131n. Aletleri d\u00fczenli olarak inceleyin ve temizleyin ve hasar veya kirlenmeyi \u00f6nlemek i\u00e7in g\u00fcvenli ve kuru bir yerde saklay\u0131n.<\/p>\n<h3>3. Optimum \u00c7al\u0131\u015fma Ko\u015fullar\u0131:<\/h3>\n<p>Tak\u0131m performans\u0131n\u0131 en \u00fcst d\u00fczeye \u00e7\u0131karmak ve erken a\u015f\u0131nmay\u0131 \u00f6nlemek i\u00e7in \u00e7al\u0131\u015fma h\u0131zlar\u0131, ilerleme h\u0131zlar\u0131 ve so\u011futma s\u0131v\u0131s\u0131 kullan\u0131m\u0131 i\u00e7in \u00fcreticinin tavsiyelerine uyun. Uygun kesme parametrelerinin uygulanmas\u0131, verimli malzeme kald\u0131rma ve geli\u015fmi\u015f y\u00fczey kalitesi ile sonu\u00e7lanacakt\u0131r.<\/p>\n<p>CNC elmas tak\u0131l\u0131 u\u00e7lar, \u00fcst\u00fcn performans, uzun tak\u0131m \u00f6mr\u00fc ve ola\u011fan\u00fcst\u00fc \u00e7ok y\u00f6nl\u00fcl\u00fck sunarak hassas ta\u015flama i\u015flemlerinde devrim yaratm\u0131\u015ft\u0131r. Y\u00fcksek s\u0131cakl\u0131klara dayanma, kimyasal reaksiyonlara diren\u00e7 g\u00f6sterme ve kesme verimlili\u011fini koruma yetenekleri onlar\u0131 vazge\u00e7ilmez k\u0131lmaktad\u0131r<\/p>\n<figure id=\"attachment_1413\" aria-describedby=\"caption-attachment-1413\" style=\"width: 720px\" class=\"wp-caption aligncenter\"><img loading=\"lazy\" decoding=\"async\" class=\"size-full wp-image-1413\" src=\"https:\/\/xmstonetools.com\/wp-content\/uploads\/2022\/11\/CNC-Diamond-Mounted-Points-5.jpg\" alt=\"CNC Elmas Montajl\u0131 Noktalar-5\" width=\"720\" height=\"720\" srcset=\"https:\/\/xmstonetools.com\/wp-content\/uploads\/2022\/11\/CNC-Diamond-Mounted-Points-5.jpg 720w, https:\/\/xmstonetools.com\/wp-content\/uploads\/2022\/11\/CNC-Diamond-Mounted-Points-5-400x400.jpg 400w, https:\/\/xmstonetools.com\/wp-content\/uploads\/2022\/11\/CNC-Diamond-Mounted-Points-5-280x280.jpg 280w, https:\/\/xmstonetools.com\/wp-content\/uploads\/2022\/11\/CNC-Diamond-Mounted-Points-5-300x300.jpg 300w, https:\/\/xmstonetools.com\/wp-content\/uploads\/2022\/11\/CNC-Diamond-Mounted-Points-5-600x600.jpg 600w, https:\/\/xmstonetools.com\/wp-content\/uploads\/2022\/11\/CNC-Diamond-Mounted-Points-5-100x100.jpg 100w, https:\/\/xmstonetools.com\/wp-content\/uploads\/2022\/11\/CNC-Diamond-Mounted-Points-5-120x120.jpg 120w\" sizes=\"auto, (max-width: 720px) 100vw, 720px\" \/><figcaption id=\"caption-attachment-1413\" class=\"wp-caption-text\">CNC Elmas Montajl\u0131 Noktalar-5<\/figcaption><\/figure>\n<h2 style=\"color: steelblue;\">CNC elmas montajl\u0131 noktalar\u0131n yap\u0131s\u0131 ve \u00e7e\u015fitleri:<\/h2>\n<p>CNC elmas tak\u0131l\u0131 u\u00e7lar tipik olarak end\u00fcstriyel elmaslar\u0131n bir metal veya re\u00e7ine matris i\u00e7ine yerle\u015ftirilmesiyle olu\u015fturulur. Elmaslar, tutarl\u0131 kesme performans\u0131 sa\u011flamak i\u00e7in matris boyunca hassas bir \u015fekilde da\u011f\u0131t\u0131l\u0131r. \u0130ki yayg\u0131n CNC elmas monteli u\u00e7 t\u00fcr\u00fc vard\u0131r:<\/p>\n<h3>\u00a0a. Metal ba\u011fl\u0131 montaj noktalar\u0131:<\/h3>\n<p>Metal ba\u011fl\u0131 elmas u\u00e7larda, elmaslar bronz veya nikel gibi metalik bir ba\u011flay\u0131c\u0131 ile bir arada tutulur. Bu tip y\u00fcksek dayan\u0131kl\u0131l\u0131k sa\u011flar ve seramik, cam ve karb\u00fcr gibi sert malzemelerin ta\u015flanmas\u0131 i\u00e7in uygundur.<\/p>\n<h3>b. Re\u00e7ine ba\u011fl\u0131 monte edilmi\u015f noktalar:<\/h3>\n<p>Re\u00e7ine ba\u011fl\u0131 elmas takma u\u00e7lar\u0131, elmaslar\u0131 bir arada tutmak i\u00e7in bir re\u00e7ine matrisi kullan\u0131r. Daha esnektirler ve genellikle metaller ve kompozitler gibi daha yumu\u015fak malzemelerin ta\u015flanmas\u0131 i\u00e7in kullan\u0131l\u0131rlar. Re\u00e7ine ba\u011fl\u0131 u\u00e7lar daha p\u00fcr\u00fczs\u00fcz bir fini\u015f sunar ve i\u015f par\u00e7as\u0131nda \u0131s\u0131ya ba\u011fl\u0131 hasara neden olma olas\u0131l\u0131\u011f\u0131 daha d\u00fc\u015f\u00fckt\u00fcr.<\/p>\n<h2 style=\"color: steelblue;\">Elmas monteli u\u00e7lar\u0131n Kum Boyutlar\u0131 ve \u015eekilleri:<\/h2>\n<p>CNC elmas monteli u\u00e7lar, \u00e7e\u015fitli ta\u015flama gereksinimlerini kar\u015f\u0131lamak i\u00e7in \u00e7e\u015fitli kum boyutlar\u0131nda ve \u015fekillerinde gelir. Kum boyutlar\u0131 tipik olarak \u00e7ok kaba (d\u00fc\u015f\u00fck say\u0131lar) ile \u00e7ok ince (y\u00fcksek say\u0131lar) aras\u0131nda de\u011fi\u015fir. Kum boyutu se\u00e7imi, \u00fczerinde \u00e7al\u0131\u015f\u0131lan malzemeye ve istenen y\u00fczey kalitesine ba\u011fl\u0131d\u0131r.<\/p>\n<p>Yayg\u0131n \u015fekiller aras\u0131nda silindirik, konik, k\u00fcresel ve d\u00fcz u\u00e7lu noktalar bulunur. Dar k\u00f6\u015felere ula\u015fmak, i\u00e7b\u00fckey veya d\u0131\u015fb\u00fckey y\u00fczeyler olu\u015fturmak veya belirli kenar profilleri elde etmek gibi belirli uygulamalar i\u00e7in farkl\u0131 \u015fekiller uygundur.<\/p>\n<figure id=\"attachment_1412\" aria-describedby=\"caption-attachment-1412\" style=\"width: 720px\" class=\"wp-caption aligncenter\"><img loading=\"lazy\" decoding=\"async\" class=\"size-full wp-image-1412\" src=\"https:\/\/xmstonetools.com\/wp-content\/uploads\/2022\/11\/CNC-Diamond-Mounted-Points-4.jpg\" alt=\"CNC Elmas Montajl\u0131 Noktalar-4\" width=\"720\" height=\"720\" srcset=\"https:\/\/xmstonetools.com\/wp-content\/uploads\/2022\/11\/CNC-Diamond-Mounted-Points-4.jpg 720w, https:\/\/xmstonetools.com\/wp-content\/uploads\/2022\/11\/CNC-Diamond-Mounted-Points-4-400x400.jpg 400w, https:\/\/xmstonetools.com\/wp-content\/uploads\/2022\/11\/CNC-Diamond-Mounted-Points-4-280x280.jpg 280w, https:\/\/xmstonetools.com\/wp-content\/uploads\/2022\/11\/CNC-Diamond-Mounted-Points-4-300x300.jpg 300w, https:\/\/xmstonetools.com\/wp-content\/uploads\/2022\/11\/CNC-Diamond-Mounted-Points-4-600x600.jpg 600w, https:\/\/xmstonetools.com\/wp-content\/uploads\/2022\/11\/CNC-Diamond-Mounted-Points-4-100x100.jpg 100w, https:\/\/xmstonetools.com\/wp-content\/uploads\/2022\/11\/CNC-Diamond-Mounted-Points-4-120x120.jpg 120w\" sizes=\"auto, (max-width: 720px) 100vw, 720px\" \/><figcaption id=\"caption-attachment-1412\" class=\"wp-caption-text\">CNC Elmas Montajl\u0131 Noktalar-4<\/figcaption><\/figure>\n<h2 style=\"color: steelblue;\">CNC \u0130\u015fleme ve Otomasyon:<\/h2>\n<p>CNC (Bilgisayarl\u0131 Say\u0131sal Kontrol) i\u015fleme, elmas monteli noktalar\u0131n performans\u0131n\u0131 en \u00fcst d\u00fczeye \u00e7\u0131karmada \u00e7ok \u00f6nemli bir rol oynar. CNC teknolojisi h\u0131z, ilerleme h\u0131z\u0131 ve tak\u0131m yolu gibi kesme parametreleri \u00fczerinde hassas kontrol sa\u011flar. Bu otomasyon tutarl\u0131 sonu\u00e7lar sa\u011flar ve ta\u015flama i\u015fleminde insan hatas\u0131n\u0131 ortadan kald\u0131r\u0131r.<\/p>\n<p>CNC i\u015fleme ile operat\u00f6rler karma\u015f\u0131k ta\u015flama desenlerini, konturlar\u0131 ve profilleri programlayabilir, b\u00f6ylece verimli ve do\u011fru malzeme kald\u0131rma sa\u011flar. S\u00fcre\u00e7leri otomatikle\u015ftirme yetene\u011fi de \u00fcretkenli\u011fi art\u0131r\u0131r ve i\u015f\u00e7ilik maliyetlerini azalt\u0131r.<\/p>\n<h2 style=\"color: steelblue;\">G\u00fcvenlik Hususlar\u0131:<\/h2>\n<p>CNC elmas monteli noktalar\u0131 kullan\u0131rken, g\u00fcvenli\u011fe \u00f6ncelik vermek \u00e7ok \u00f6nemlidir. \u0130\u015fte baz\u0131 temel hususlar:<\/p>\n<h3>a. Ki\u015fisel Koruyucu Ekipman (KKE):<\/h3>\n<p>U\u00e7u\u015fan d\u00f6k\u00fcnt\u00fcler ve g\u00fcr\u00fclt\u00fc gibi potansiyel tehlikelere kar\u015f\u0131 korunmak i\u00e7in g\u00fcvenlik g\u00f6zl\u00fckleri, y\u00fcz siperleri, eldivenler ve i\u015fitme korumas\u0131 dahil olmak \u00fczere uygun KKD kullan\u0131n.<\/p>\n<h3>b. Do\u011fru Makine Kurulumu:<\/h3>\n<p>CNC makinesinin, kazalar\u0131 \u00f6nlemek ve d\u00f6k\u00fcnt\u00fcleri tutmak i\u00e7in yeterli g\u00fcvenlik \u00f6nlemleri ve koruyucu muhafazalarla do\u011fru \u015fekilde kuruldu\u011fundan emin olun.<\/p>\n<h3>c. So\u011futma S\u0131v\u0131s\u0131 ve Toz Emme:<\/h3>\n<p>Is\u0131y\u0131 kontrol etmek, d\u00f6k\u00fcnt\u00fcleri gidermek ve temiz bir \u00e7al\u0131\u015fma ortam\u0131 sa\u011flamak i\u00e7in uygun so\u011futma sistemleri ve toz emme y\u00f6ntemleri uygulay\u0131n.<\/p>\n<h3>d. Operat\u00f6r E\u011fitimi:<\/h3>\n<p>Do\u011fru kullan\u0131m, bak\u0131m ve acil durum prosed\u00fcrleri de dahil olmak \u00fczere CNC elmas montaj noktalar\u0131n\u0131n g\u00fcvenli kullan\u0131m\u0131 konusunda operat\u00f6rlere kapsaml\u0131 e\u011fitim verin.<\/p>\n<p>Operat\u00f6rler g\u00fcvenlik kurallar\u0131na uyarak riskleri azaltabilir ve g\u00fcvenli bir \u00e7al\u0131\u015fma ortam\u0131 sa\u011flayabilir.<\/p>\n<p>CNC elmas takma u\u00e7lar\u0131, elmaslar\u0131n ola\u011fan\u00fcst\u00fc \u00f6zelliklerini CNC teknolojisinin hassasiyeti ile birle\u015ftirerek hassas ta\u015flamada devrim yaratm\u0131\u015ft\u0131r. Bu tak\u0131mlar \u00fcst\u00fcn kesme performans\u0131, uzun tak\u0131m \u00f6mr\u00fc ve \u00e7ok y\u00f6nl\u00fcl\u00fck sa\u011flayarak onlar\u0131 \u00e7ok \u00e7e\u015fitli end\u00fcstriyel uygulamalar i\u00e7in vazge\u00e7ilmez k\u0131lmaktad\u0131r. Do\u011fru se\u00e7im, kullan\u0131m ve bak\u0131m\u0131n yan\u0131 s\u0131ra g\u00fcvenlik protokollerine uyulmas\u0131, CNC elmas monteli u\u00e7lar\u0131n faydalar\u0131n\u0131 en \u00fcst d\u00fczeye \u00e7\u0131karmaya ve optimum performans sa\u011flamaya yard\u0131mc\u0131 olacakt\u0131r.<\/p>\n<p data-spm-anchor-id=\"a2700.details.0.i37.4a4b2832AmZhcp\">\u00c7ok \u00e7e\u015fitli \u00f6zelliklere sahip elmas u\u00e7lar ve elmas frezler, karb\u00fcr, seramik, ta\u015f vb. malzemelerin \u015fekillendirilmesi, i\u015flenmesi, hassas ta\u015flanmas\u0131 ve i\u00e7 ta\u015flanmas\u0131 i\u00e7in yayg\u0131n olarak kullan\u0131lmaktad\u0131r. T\u00fcm boyutlar, \u015fekiller ve \u00e7e\u015fitler m\u00fc\u015fterinin \u00f6zel iste\u011fine ba\u011fl\u0131d\u0131r. Monte edilmi\u015f u\u00e7lar\u0131n veya frezlerin kit \u00e7e\u015fitleri esnektir.<\/p>\n<figure id=\"attachment_1411\" aria-describedby=\"caption-attachment-1411\" style=\"width: 720px\" class=\"wp-caption aligncenter\"><img loading=\"lazy\" decoding=\"async\" class=\"size-full wp-image-1411\" src=\"https:\/\/xmstonetools.com\/wp-content\/uploads\/2022\/11\/CNC-Diamond-Mounted-Points-3.jpg\" alt=\"CNC Elmas Monteli Noktalar-3\" width=\"720\" height=\"720\" srcset=\"https:\/\/xmstonetools.com\/wp-content\/uploads\/2022\/11\/CNC-Diamond-Mounted-Points-3.jpg 720w, https:\/\/xmstonetools.com\/wp-content\/uploads\/2022\/11\/CNC-Diamond-Mounted-Points-3-400x400.jpg 400w, https:\/\/xmstonetools.com\/wp-content\/uploads\/2022\/11\/CNC-Diamond-Mounted-Points-3-280x280.jpg 280w, https:\/\/xmstonetools.com\/wp-content\/uploads\/2022\/11\/CNC-Diamond-Mounted-Points-3-300x300.jpg 300w, https:\/\/xmstonetools.com\/wp-content\/uploads\/2022\/11\/CNC-Diamond-Mounted-Points-3-600x600.jpg 600w, https:\/\/xmstonetools.com\/wp-content\/uploads\/2022\/11\/CNC-Diamond-Mounted-Points-3-100x100.jpg 100w, https:\/\/xmstonetools.com\/wp-content\/uploads\/2022\/11\/CNC-Diamond-Mounted-Points-3-120x120.jpg 120w\" sizes=\"auto, (max-width: 720px) 100vw, 720px\" \/><figcaption id=\"caption-attachment-1411\" class=\"wp-caption-text\">CNC Elmas Monteli Noktalar-3<\/figcaption><\/figure>\n<table style=\"height: 140px;\" border=\"1\" width=\"631\">\n<tbody>\n<tr>\n<td>D\u0131\u015f \u00c7ap<\/td>\n<td>8mm<\/td>\n<\/tr>\n<tr>\n<td>Teknoloji<\/td>\n<td>Vakum lehimli<\/td>\n<\/tr>\n<tr>\n<td>Ama\u00e7<\/td>\n<td>Ta\u015flama Ta\u015f\u0131<\/td>\n<\/tr>\n<tr>\n<td>Kum boyutu<\/td>\n<td>\u0130htiyac\u0131n\u0131za g\u00f6re<\/td>\n<\/tr>\n<tr>\n<td>G\u00f6vde Malzemesi<\/td>\n<td>Al\u00fcminyum veya \u00c7elik<\/td>\n<\/tr>\n<tr>\n<td>\u015eekil<\/td>\n<td>D\u00fcz, \u00c7anak, Kase, \u00f6zelle\u015ftirilebilir<\/td>\n<\/tr>\n<\/tbody>\n<\/table>\n<p align=\"left\">","protected":false},"excerpt":{"rendered":"<div>CNC elmas takma u\u00e7lar\u0131, metaller, seramikler, cam ve kompozitler dahil olmak \u00fczere bir dizi malzemede ta\u015flama, \u00e7apak alma, \u015fekillendirme ve finisaj i\u015flemlerinde kullan\u0131lan hassas aletlerdir. Y\u00fcksek kaliteli end\u00fcstriyel elmaslar\u0131n bir metal veya re\u00e7ine matrisi i\u00e7ine yerle\u015ftirilmesiyle olu\u015fturulurlar ve ola\u011fan\u00fcst\u00fc a\u015f\u0131nd\u0131r\u0131c\u0131 \u00f6zellikler sa\u011flarlar. Bu tak\u0131mlardaki elmas par\u00e7ac\u0131klar\u0131, homojenlik ve optimum kesme performans\u0131 sa\u011flamak i\u00e7in titizlikle da\u011f\u0131t\u0131l\u0131r. CNC elmas takma u\u00e7lar\u0131 tipik olarak end\u00fcstriyel elmaslar\u0131n bir metal veya re\u00e7ine matris i\u00e7ine yerle\u015ftirilmesiyle olu\u015fturulur. Elmaslar, tutarl\u0131 kesme performans\u0131 sa\u011flamak i\u00e7in matris boyunca hassas bir \u015fekilde da\u011f\u0131t\u0131l\u0131r. \u0130ki yayg\u0131n CNC elmas monteli u\u00e7 t\u00fcr\u00fc vard\u0131r:<\/div>\n<a href=\"#Quote-Button\" class=\"button primary is-large Inquiry-Button\" style=\"border-radius:99px;\">\n\t<i class=\"icon-heart\" aria-hidden=\"true\"><\/i>\t<span>\u015eimdi Sorgula<\/span>\n\t<\/a>","protected":false},"featured_media":1409,"template":"","meta":[],"product_brand":[],"product_cat":[60],"product_tag":[95,66],"class_list":{"0":"post-1414","1":"product","2":"type-product","3":"status-publish","4":"has-post-thumbnail","6":"product_cat-stone-cnc-tools","7":"product_tag-cnc-stone-tools","8":"product_tag-vacuum-brazed-stone-tools","10":"first","11":"instock","12":"shipping-taxable","13":"product-type-simple"},"aioseo_notices":[],"_links":{"self":[{"href":"https:\/\/xmstonetools.com\/tr\/wp-json\/wp\/v2\/product\/1414","targetHints":{"allow":["GET"]}}],"collection":[{"href":"https:\/\/xmstonetools.com\/tr\/wp-json\/wp\/v2\/product"}],"about":[{"href":"https:\/\/xmstonetools.com\/tr\/wp-json\/wp\/v2\/types\/product"}],"wp:featuredmedia":[{"embeddable":true,"href":"https:\/\/xmstonetools.com\/tr\/wp-json\/wp\/v2\/media\/1409"}],"wp:attachment":[{"href":"https:\/\/xmstonetools.com\/tr\/wp-json\/wp\/v2\/media?parent=1414"}],"wp:term":[{"taxonomy":"product_brand","embeddable":true,"href":"https:\/\/xmstonetools.com\/tr\/wp-json\/wp\/v2\/product_brand?post=1414"},{"taxonomy":"product_cat","embeddable":true,"href":"https:\/\/xmstonetools.com\/tr\/wp-json\/wp\/v2\/product_cat?post=1414"},{"taxonomy":"product_tag","embeddable":true,"href":"https:\/\/xmstonetools.com\/tr\/wp-json\/wp\/v2\/product_tag?post=1414"}],"curies":[{"name":"wp","href":"https:\/\/api.w.org\/{rel}","templated":true}]}}