{"id":1423,"date":"2022-12-01T09:04:20","date_gmt":"2022-12-01T01:04:20","guid":{"rendered":"https:\/\/xmstonetools.com\/?post_type=product&#038;p=1423"},"modified":"2023-07-07T16:21:11","modified_gmt":"2023-07-07T08:21:11","slug":"betonarme-kesimi-icin-elmas-tel-halat-testere","status":"publish","type":"product","link":"https:\/\/xmstonetools.com\/tr\/urun\/betonarme-kesimi-icin-elmas-tel-halat-testere\/","title":{"rendered":"Betonarme Kesim \u0130\u00e7in Elmas Halatl\u0131 Testere"},"content":{"rendered":"<p>Giri\u015f:<br \/>\nElmas tel, in\u015faat ve in\u015faat m\u00fchendisli\u011fi dahil olmak \u00fczere \u00e7e\u015fitli sekt\u00f6rlerde yayg\u0131n olarak kullan\u0131lan yenilik\u00e7i bir kesme arac\u0131d\u0131r. Beton kesimi i\u00e7in olduk\u00e7a etkili ve verimli bir y\u00f6ntem olarak pop\u00fclerlik kazanm\u0131\u015ft\u0131r. Bu makalede, beton kesimi i\u00e7in elmas telin bile\u015fimini, \u00fcretim s\u00fcrecini, faydalar\u0131n\u0131, uygulamalar\u0131n\u0131 ve bak\u0131m hususlar\u0131n\u0131 inceleyerek kapsaml\u0131 bir genel bak\u0131\u015f sunaca\u011f\u0131z.<\/p>\n<h2 style=\"color: steelblue;\">Beton Elmas Telin Bile\u015fimi:<\/h2>\n<p>Elmas tel, betonun verimli ve hassas bir \u015fekilde kesilmesini sa\u011flamak i\u00e7in birlikte \u00e7al\u0131\u015fan \u00fc\u00e7 ana bile\u015fenden olu\u015fur:<\/p>\n<h3>1. \u00c7elik \u00c7ekirdek:<\/h3>\n<p>\u00c7elik \u00e7ekirdek, elmas telin merkezi yap\u0131s\u0131n\u0131 olu\u015fturarak g\u00fc\u00e7, stabilite ve esneklik sa\u011flar. Tipik olarak, belirli \u00e7ap ve gerilme mukavemeti gereksinimlerine g\u00f6re dikkatle se\u00e7ilen y\u00fcksek kaliteli \u00e7elik telden yap\u0131l\u0131r. \u00c7elik \u00e7ekirdek, telin \u015feklini korumas\u0131n\u0131 ve kesme i\u015flemleri s\u0131ras\u0131nda uygulanan gerilime dayanabilmesini sa\u011flar.<\/p>\n<h3>2. Elmas Boncuklar:<\/h3>\n<p>Elmas boncuklar elmas telin temel kesme elemanlar\u0131d\u0131r. Bu k\u00fc\u00e7\u00fck silindirik veya k\u00fcresel segmentler \u00e7elik \u00e7ekirde\u011fin \u00fczerine d\u00fczenli aral\u0131klarla yerle\u015ftirilir. Her bir elmas boncuk, istenen sertlik ve dayan\u0131kl\u0131l\u0131\u011fa sahip olmas\u0131 i\u00e7in geli\u015fmi\u015f i\u015flemlerle olu\u015fturulan sentetik elmaslar i\u00e7erir. Bu sentetik elmaslar kalite ve homojenlik a\u00e7\u0131s\u0131ndan \u00f6zenle se\u00e7ilir.<\/p>\n<p>Elmas boncuklar, ama\u00e7lanan uygulamaya ba\u011fl\u0131 olarak \u00e7e\u015fitli boyutlarda ve konfig\u00fcrasyonlarda mevcuttur. Lazer kayna\u011f\u0131 veya elektrokaplama gibi y\u00f6ntemler kullan\u0131larak hassas bir \u015fekilde konumland\u0131r\u0131l\u0131r ve \u00e7elik \u00e7ekirde\u011fe tutturulurlar. Tipik olarak bronz veya nikel gibi bir metal ala\u015f\u0131m\u0131 olan yap\u0131\u015ft\u0131rma malzemesi, elmas boncuklar\u0131 g\u00fcvenli bir \u015fekilde yerinde tutar.<\/p>\n<h3>3. Yap\u0131\u015ft\u0131rma Malzemesi:<\/h3>\n<p>Yap\u0131\u015ft\u0131rma malzemesi, elmas k\u00fcreciklerin kesme i\u015flemi boyunca \u00e7elik \u00e7ekirde\u011fe s\u0131k\u0131ca ba\u011fl\u0131 kalmas\u0131n\u0131 sa\u011flamada kritik bir rol oynar. Elmas boncuklar\u0131n serbest\u00e7e d\u00f6nmesine ve kesme verimlili\u011fini korumas\u0131na izin verirken g\u00fcvenli bir ba\u011f sa\u011flar.<\/p>\n<p>Yap\u0131\u015ft\u0131rma malzemesi genellikle hem \u00e7elik \u00e7ekirdek hem de elmas boncuklarla uyumlu bir metal ala\u015f\u0131md\u0131r. Bronz ve nikel, m\u00fckemmel yap\u0131\u015fma \u00f6zellikleri ve a\u015f\u0131nma ve korozyona kar\u015f\u0131 diren\u00e7leri nedeniyle yayg\u0131n olarak kullan\u0131lmaktad\u0131r. Yap\u0131\u015ft\u0131rma malzemesi, g\u00fc\u00e7 ve esneklik aras\u0131nda bir denge sa\u011flamak i\u00e7in dikkatle se\u00e7ilir ve elmas boncuklar\u0131n kesme s\u0131ras\u0131nda sorunsuz bir \u015fekilde hareket etmelerine izin verirken g\u00fcvenli bir \u015fekilde yerinde kalmas\u0131n\u0131 sa\u011flar.<\/p>\n<p>\u00c7elik \u00e7ekirdek, elmas boncuklar ve yap\u0131\u015ft\u0131rma malzemesinin birle\u015fimi elmas teli olu\u015fturan uyumlu bir birim olu\u015fturur. \u00c7elik \u00e7ekirde\u011fin y\u00fcksek mukavemeti stabilite ve yap\u0131sal b\u00fct\u00fcnl\u00fck sa\u011flarken, elmas boncuklar ola\u011fan\u00fcst\u00fc sertlikleriyle betonun verimli bir \u015fekilde kesilmesini sa\u011flar. Yap\u0131\u015ft\u0131r\u0131c\u0131 malzeme elmas boncuklar\u0131 \u00e7elik \u00e7ekirde\u011fin \u00fczerinde g\u00fcvenli bir \u015fekilde tutarak kesme i\u015flemi boyunca yerinde kalmalar\u0131n\u0131 sa\u011flar.<\/p>\n<p>Bu iyi tasarlanm\u0131\u015f elmas tel bile\u015fimi, \u00e7e\u015fitli beton t\u00fcrlerinin hassas, h\u0131zl\u0131 ve verimli bir \u015fekilde kesilmesini sa\u011flayarak onu in\u015faat, y\u0131k\u0131m ve altyap\u0131 geli\u015ftirme projelerinde de\u011ferli bir ara\u00e7 haline getirir.<\/p>\n<figure id=\"attachment_1421\" aria-describedby=\"caption-attachment-1421\" style=\"width: 1000px\" class=\"wp-caption aligncenter\"><img loading=\"lazy\" decoding=\"async\" class=\"size-full wp-image-1421\" src=\"https:\/\/xmstonetools.com\/wp-content\/uploads\/2022\/12\/Diamond-Wire-Rope-Saw-For-Reinforced-Concrete-Cutting-2.webp\" alt=\"Betonarme Kesim \u0130\u00e7in Elmas Halatl\u0131 Testere-2\" width=\"1000\" height=\"1000\" \/><figcaption id=\"caption-attachment-1421\" class=\"wp-caption-text\">Betonarme Kesim \u0130\u00e7in Elmas Halatl\u0131 Testere-2<\/figcaption><\/figure>\n<h2 style=\"color: steelblue;\">\u00dcretim S\u00fcreci:<\/h2>\n<p>Elmas tel \u00fcretimi birka\u00e7 ad\u0131mdan olu\u015fur:<\/p>\n<h3>a) \u00c7elik \u00c7ekirdek Se\u00e7imi:<\/h3>\n<p>Belirli \u00e7ap ve mukavemete sahip y\u00fcksek kaliteli bir \u00e7elik tel se\u00e7ilir.<\/p>\n<h3>b) Elmas Boncuk \u00dcretimi:<\/h3>\n<p>Sentetik elmaslar metal tozlar\u0131 ile kar\u0131\u015ft\u0131r\u0131l\u0131r ve y\u00fcksek bas\u0131n\u00e7 ve y\u00fcksek s\u0131cakl\u0131k (HPHT) i\u015flemleri kullan\u0131larak boncuklar halinde kal\u0131plan\u0131r.<\/p>\n<h3>c) Elmas Boncuklar\u0131n Tak\u0131lmas\u0131:<\/h3>\n<p>Elmas boncuklar, lazer kayna\u011f\u0131 veya elektrokaplama teknikleri kullan\u0131larak \u00e7elik \u00e7ekirde\u011fe hassas bir \u015fekilde tutturulur.<\/p>\n<h3>d) Son Montaj:<\/h3>\n<p>Bitmi\u015f elmas tel, g\u00fcvenilirli\u011fini ve performans\u0131n\u0131 sa\u011flamak i\u00e7in titiz kalite kontrollerine tabi tutulur.<\/p>\n<h2 style=\"color: steelblue;\">Beton Kesimi i\u00e7in Elmas Telin Faydalar\u0131:<\/h2>\n<h3>a) Hassas Kesim:<\/h3>\n<p>Elmas tel, betonun hassas bir \u015fekilde kesilmesini sa\u011flayarak karma\u015f\u0131k \u015fekillere ve do\u011fru boyutland\u0131rmaya olanak tan\u0131r.<\/p>\n<h3>b) \u00c7ok y\u00f6nl\u00fcl\u00fck:<\/h3>\n<p>G\u00fc\u00e7lendirilmi\u015f ve \u00f6n gerilmeli beton dahil olmak \u00fczere \u00e7e\u015fitli beton t\u00fcrlerini kesmek i\u00e7in kullan\u0131labilir.<\/p>\n<h3>c) Verimlilik:<\/h3>\n<p>Elmas tel kesimi, geleneksel kesim y\u00f6ntemlerine k\u0131yasla daha h\u0131zl\u0131d\u0131r ve proje zaman \u00e7izelgelerini azalt\u0131r.<\/p>\n<h3>d) Minimum Titre\u015fim:<\/h3>\n<p>Elmas tel kullan\u0131m\u0131 titre\u015fimi en aza indirerek daha g\u00fcvenli bir \u00e7al\u0131\u015fma ortam\u0131 sa\u011flar.<\/p>\n<h3>e) Azalt\u0131lm\u0131\u015f Toz ve G\u00fcr\u00fclt\u00fc:<\/h3>\n<p>Di\u011fer kesme y\u00f6ntemleriyle kar\u015f\u0131la\u015ft\u0131r\u0131ld\u0131\u011f\u0131nda, elmas tel kesme daha az toz ve g\u00fcr\u00fclt\u00fc \u00fcretir.<\/p>\n<h3>f) Uygun Maliyetli:<\/h3>\n<p>\u0130lk yat\u0131r\u0131m daha y\u00fcksek olsa da, elmas telin verimlili\u011fi ve uzun \u00f6m\u00fcrl\u00fcl\u00fc\u011f\u00fc uzun vadede maliyet tasarrufuna katk\u0131da bulunur.<\/p>\n<figure id=\"attachment_1420\" aria-describedby=\"caption-attachment-1420\" style=\"width: 1000px\" class=\"wp-caption aligncenter\"><img loading=\"lazy\" decoding=\"async\" class=\"size-full wp-image-1420\" src=\"https:\/\/xmstonetools.com\/wp-content\/uploads\/2022\/12\/Concrete-Cutting-Wire-Saw-Segments.webp\" alt=\"Beton Kesme Tel Testere Segmentleri\" width=\"1000\" height=\"1000\" \/><figcaption id=\"caption-attachment-1420\" class=\"wp-caption-text\">Beton Kesme Tel Testere Segmentleri<\/figcaption><\/figure>\n<h2 style=\"color: steelblue;\">Beton Kesiminde Elmas Tel Uygulamalar\u0131:<\/2><\/h2>\n<h3>a) Bina \u0130n\u015faat\u0131:<\/h3>\n<p>Elmas tel, beton kiri\u015flerin, duvarlar\u0131n ve plakalar\u0131n kesilmesini i\u00e7eren in\u015faat projelerinde yayg\u0131n olarak kullan\u0131l\u0131r.<\/p>\n<h3>b) Y\u0131k\u0131m:<\/h3>\n<p>Beton yap\u0131lar\u0131n hassas bir \u015fekilde kesilmesini sa\u011flayarak kontroll\u00fc y\u0131k\u0131m s\u00fcre\u00e7lerinde etkili olur.<\/p>\n<h3>c) Yenileme ve Restorasyon:<\/h3>\n<p>Elmas tel, restorasyon ve yenileme \u00e7al\u0131\u015fmalar\u0131 s\u0131ras\u0131nda betonun se\u00e7ici ve hassas bir \u015fekilde kald\u0131r\u0131lmas\u0131n\u0131 sa\u011flar.<\/p>\n<h3>d) Altyap\u0131 Geli\u015ftirme:<\/h3>\n<p>Elmas tel kesimi; k\u00f6pr\u00fcler, t\u00fcneller ve otoyollar gibi altyap\u0131 projelerinde \u00e7ok \u00f6nemli bir rol oynamaktad\u0131r.<\/p>\n<figure id=\"attachment_1417\" aria-describedby=\"caption-attachment-1417\" style=\"width: 1000px\" class=\"wp-caption aligncenter\"><img loading=\"lazy\" decoding=\"async\" class=\"size-full wp-image-1417\" src=\"https:\/\/xmstonetools.com\/wp-content\/uploads\/2022\/12\/Application-of-Wire-Rope-Saw-For-Reinforced-Concrete-Cutting-3.webp\" alt=\"Betonarme Kesimi \u0130\u00e7in Halatl\u0131 Testere Uygulamas\u0131-3\" width=\"1000\" height=\"1000\" \/><figcaption id=\"caption-attachment-1417\" class=\"wp-caption-text\">Betonarme Kesimi \u0130\u00e7in Halatl\u0131 Testere Uygulamas\u0131-3<\/figcaption><\/figure>\n<h2 style=\"color: steelblue;\">Bak\u0131mla \u0130lgili Hususlar:<\/h2>\n<p>Elmas telin optimum performans\u0131n\u0131 ve uzun \u00f6m\u00fcrl\u00fc olmas\u0131n\u0131 sa\u011flamak i\u00e7in a\u015fa\u011f\u0131daki bak\u0131m uygulamalar\u0131 \u00e7ok \u00f6nemlidir:<\/p>\n<h3>a) Do\u011fru Ya\u011flama:<\/h3>\n<p>A\u015f\u0131r\u0131 \u0131s\u0131nmay\u0131 \u00f6nlemek ve kesme verimlili\u011fini korumak i\u00e7in uygun so\u011futma s\u0131v\u0131s\u0131 veya ya\u011flama maddeleri kullan\u0131n.<\/p>\n<h3>b) D\u00fczenli Denetim:<\/h3>\n<p>Elmas teli herhangi bir a\u015f\u0131nma, hasar veya elmas boncuk kayb\u0131 belirtisi a\u00e7\u0131s\u0131ndan inceleyin. Gerekirse teli de\u011fi\u015ftirin.<\/p>\n<h3>c) Depolama:<\/h3>\n<p>Korozyonu ve \u00e7elik \u00e7ekirde\u011fin zarar g\u00f6rmesini \u00f6nlemek i\u00e7in elmas teli kuru ve temiz bir ortamda saklay\u0131n.<\/p>\n<p>Elmas tel, beton kesme end\u00fcstrisinde devrim yaratan son teknoloji bir \u00fcr\u00fcnd\u00fcr. Hassasiyeti, verimlili\u011fi, \u00e7ok y\u00f6nl\u00fcl\u00fc\u011f\u00fc ve maliyet etkinli\u011fi onu \u00e7ok \u00e7e\u015fitli uygulamalar i\u00e7in ideal bir se\u00e7im haline getirmektedir. Elmas telin bile\u015fimini, \u00fcretim s\u00fcrecini, faydalar\u0131n\u0131, uygulamalar\u0131n\u0131 ve bak\u0131m hususlar\u0131n\u0131 anlayarak, profesyoneller beton kesme i\u015flemlerini geli\u015ftirmek ve ola\u011fan\u00fcst\u00fc sonu\u00e7lar elde etmek i\u00e7in yeteneklerini kullanabilirler.<\/p>\n<h2 style=\"color: steelblue;\">Elmas Tel Performans\u0131n\u0131 Etkileyen Fakt\u00f6rler:<\/h2>\n<h3>a) Elmas Boncuk Kalitesi:<\/h3>\n<p>Elmas boncuklar\u0131n kalitesi ve boyutu kesme performans\u0131n\u0131 etkiler. Uygun konsantrasyona ve sertli\u011fe sahip y\u00fcksek kaliteli sentetik elmaslar kesme h\u0131z\u0131n\u0131 ve verimlili\u011fini art\u0131r\u0131r.<\/p>\n<h3>b) Kesme H\u0131z\u0131:<\/h3>\n<p>Elmas telin beton i\u00e7inde hareket etti\u011fi h\u0131z, kesme verimlili\u011fini etkiler. Optimum kesme h\u0131zlar\u0131 betonun t\u00fcr\u00fcne ve kal\u0131nl\u0131\u011f\u0131na g\u00f6re belirlenir.<\/p>\n<h3>c) Germe:<\/h3>\n<p>Elmas telin uygun \u015fekilde gerilmesi, stabilitenin ve kesim hassasiyetinin korunmas\u0131 i\u00e7in \u00e7ok \u00f6nemlidir. Elmas boncuklar \u00fczerinde e\u015fit bas\u0131n\u00e7 da\u011f\u0131l\u0131m\u0131 sa\u011flayarak tutarl\u0131 kesme performans\u0131 sa\u011flar.<\/p>\n<h3>d) So\u011futma ve Ya\u011flama:<\/h3>\n<p>Kesme s\u0131ras\u0131nda olu\u015fan \u0131s\u0131y\u0131 da\u011f\u0131tmak ve elmas boncuklar\u0131n a\u015f\u0131r\u0131 \u0131s\u0131nmas\u0131n\u0131 \u00f6nlemek i\u00e7in yeterli so\u011futma ve ya\u011flama gereklidir. Bu, telin \u00f6mr\u00fcn\u00fc uzatmaya ve kesme verimlili\u011fini korumaya yard\u0131mc\u0131 olur.<\/p>\n<figure id=\"attachment_1419\" aria-describedby=\"caption-attachment-1419\" style=\"width: 1000px\" class=\"wp-caption aligncenter\"><img loading=\"lazy\" decoding=\"async\" class=\"size-full wp-image-1419\" src=\"https:\/\/xmstonetools.com\/wp-content\/uploads\/2022\/12\/Diamond-Wire-Rope-Saw-For-Reinforced-Concrete-Cutting.webp\" alt=\"Betonarme Kesim \u0130\u00e7in Elmas Halatl\u0131 Testere\" width=\"1000\" height=\"1000\" \/><figcaption id=\"caption-attachment-1419\" class=\"wp-caption-text\">Betonarme Kesim \u0130\u00e7in Elmas Halatl\u0131 Testere<\/figcaption><\/figure>\n<h2 style=\"color: steelblue;\">Geli\u015fmi\u015f Elmas Tel Teknolojileri:<\/h2>\n<h3>a) \u00c7ok Katmanl\u0131 Elmas Tel:<\/h3>\n<p>Bu teknoloji, tel \u00fczerinde birden fazla elmas boncuk katman\u0131n\u0131n kullan\u0131lmas\u0131n\u0131 i\u00e7erir ve bu da daha iyi kesme h\u0131z\u0131 ve uzun \u00f6m\u00fcrl\u00fcl\u00fck sa\u011flar. D\u0131\u015f katman a\u015f\u0131narak alt\u0131ndaki yeni elmas boncuklar\u0131 ortaya \u00e7\u0131kar\u0131r ve b\u00f6ylece telin \u00f6mr\u00fcn\u00fc uzat\u0131r.<\/p>\n<h3>b) Elektrolizle Kaplanm\u0131\u015f Elmas Tel:<\/h3>\n<p>Bu teknikte, elmas par\u00e7ac\u0131klar\u0131 \u00e7elik \u00e7ekirdek \u00fczerine elektrolizle kaplanarak g\u00fcvenli bir ba\u011f sa\u011flan\u0131r ve kesme verimlili\u011fi art\u0131r\u0131l\u0131r. Elektrolizle kaplanm\u0131\u015f elmas teller genellikle a\u015f\u0131nd\u0131r\u0131c\u0131 malzemeleri kesmek i\u00e7in veya y\u00fcksek hassasiyetin gerekli oldu\u011fu durumlarda kullan\u0131l\u0131r.<\/p>\n<h3>c) Sonsuz Elmas Tel:<\/h3>\n<p>Sonsuz elmas tel halkalar\u0131, beton plakalar\u0131n veya bloklar\u0131n \u00fcretiminde oldu\u011fu gibi uzun s\u00fcrekli kesimler i\u00e7in tasarlanm\u0131\u015ft\u0131r. D\u00f6ng\u00fcl\u00fc tasar\u0131m, telleri tek tek ekleme veya birle\u015ftirme ihtiyac\u0131n\u0131 ortadan kald\u0131rarak d\u00fczg\u00fcn ve kesintisiz kesim sa\u011flar.<\/p>\n<h2 style=\"color: steelblue;\">G\u00fcvenlik Hususlar\u0131:<\/h2>\n<h3>a) Ki\u015fisel Koruyucu Ekipman (KKE):<\/h3>\n<p>Operat\u00f6rler u\u00e7an d\u00f6k\u00fcnt\u00fc, g\u00fcr\u00fclt\u00fc ve toz gibi potansiyel tehlikelere kar\u015f\u0131 korunmak i\u00e7in koruyucu g\u00f6zl\u00fck, eldiven, i\u015fitme korumas\u0131 ve solunum maskesi gibi uygun KKD'leri kullanmal\u0131d\u0131r.<\/p>\n<h3>b) E\u011fitim ve Sertifikasyon:<\/h3>\n<p>Operat\u00f6rler, elmas tel kesme ekipman\u0131n\u0131 g\u00fcvenli bir \u015fekilde kullanmak i\u00e7in gerekli beceri ve bilgiye sahip olduklar\u0131ndan emin olmak i\u00e7in yeterli e\u011fitim ve sertifika almal\u0131d\u0131r.<\/p>\n<h3>c) Ekipman Denetimi:<\/h3>\n<p>Tel, makine ve destekleyici yap\u0131lar dahil olmak \u00fczere kesme ekipman\u0131n\u0131n d\u00fczenli olarak incelenmesi, g\u00fcvenli\u011fi tehlikeye atabilecek potansiyel tehlikeleri veya ar\u0131zalar\u0131 belirlemek i\u00e7in \u00e7ok \u00f6nemlidir.<\/p>\n<h2 style=\"color: steelblue;\">\u00c7evresel Hususlar:<\/h2>\n<h3>a) Toz Y\u00f6netimi:<\/h3>\n<p>Elmas tel kesme di\u011fer y\u00f6ntemlere k\u0131yasla daha az toz \u00fcretmesine ra\u011fmen, havadaki partik\u00fclleri en aza indirmek i\u00e7in toz toplama sistemleri veya \u0131slak kesme y\u00f6ntemleri kullanmak gibi uygun toz y\u00f6netimi \u00f6nlemlerini uygulamak yine de \u00f6nemlidir.<\/p>\n<h3>b) At\u0131k Y\u00f6netimi:<\/h3>\n<p>Kullan\u0131lm\u0131\u015f elmas tellerin, a\u015f\u0131nm\u0131\u015f elmas boncuklar\u0131n ve beton d\u00f6k\u00fcnt\u00fclerinin uygun \u015fekilde bertaraf edilmesi, \u00e7evresel kirlenmeyi \u00f6nlemek i\u00e7in \u00e7ok \u00f6nemlidir. At\u0131k bertaraf\u0131 i\u00e7in yerel y\u00f6netmeliklere ve y\u00f6nergelere uyun.<\/p>\n<h2 style=\"color: steelblue;\">Geli\u015fmeler ve Gelecek E\u011filimler:<\/h2>\n<p>Elmas tel kesme alan\u0131, kesme h\u0131z\u0131n\u0131, tel dayan\u0131kl\u0131l\u0131\u011f\u0131n\u0131 ve s\u00fcrd\u00fcr\u00fclebilirli\u011fi iyile\u015ftirmeye odaklanan s\u00fcrekli ara\u015ft\u0131rma ve geli\u015ftirme \u00e7al\u0131\u015fmalar\u0131 ile s\u00fcrekli geli\u015fmektedir. Elmas boncuk teknolojisi, tel \u00fcretim teknikleri ve otomatik kesim sistemlerindeki ilerlemelerin beton kesme i\u015flemlerinin verimlili\u011fini ve hassasiyetini daha da art\u0131rmas\u0131 beklenmektedir.<br \/>\nElmas tel, \u00e7e\u015fitli sekt\u00f6rlerde say\u0131s\u0131z fayda ve uygulama sunarak beton kesme alan\u0131nda oyunun kurallar\u0131n\u0131 de\u011fi\u015ftiren bir unsur olarak ortaya \u00e7\u0131km\u0131\u015ft\u0131r. Teknoloji ve inovasyon ilerledik\u00e7e, elmas tel muhtemelen beton kesme i\u015flemlerini d\u00f6n\u00fc\u015ft\u00fcrmede \u00f6nemli bir rol oynamaya devam edecek ve daha g\u00fcvenli, daha verimli ve \u00e7evre dostu uygulamalara olanak sa\u011flayacakt\u0131r.<\/p>\n<div class=\"sliderTable mt10 mb10 sliderTable-index0\">\n<div class=\"inner\">\n<figure id=\"attachment_1422\" aria-describedby=\"caption-attachment-1422\" style=\"width: 1289px\" class=\"wp-caption aligncenter\"><img loading=\"lazy\" decoding=\"async\" class=\"wp-image-1422 size-full\" src=\"https:\/\/xmstonetools.com\/wp-content\/uploads\/2022\/12\/Diamond-Wire-Rope-Saw-For-Reinforced-Concrete-Cutting-Application.jpg\" alt=\"Betonarme Kesme Uygulamas\u0131 \u0130\u00e7in Elmas Halatl\u0131 Testere\" width=\"1289\" height=\"1018\" srcset=\"https:\/\/xmstonetools.com\/wp-content\/uploads\/2022\/12\/Diamond-Wire-Rope-Saw-For-Reinforced-Concrete-Cutting-Application.jpg 1289w, https:\/\/xmstonetools.com\/wp-content\/uploads\/2022\/12\/Diamond-Wire-Rope-Saw-For-Reinforced-Concrete-Cutting-Application-506x400.jpg 506w, https:\/\/xmstonetools.com\/wp-content\/uploads\/2022\/12\/Diamond-Wire-Rope-Saw-For-Reinforced-Concrete-Cutting-Application-1013x800.jpg 1013w, https:\/\/xmstonetools.com\/wp-content\/uploads\/2022\/12\/Diamond-Wire-Rope-Saw-For-Reinforced-Concrete-Cutting-Application-768x607.jpg 768w, https:\/\/xmstonetools.com\/wp-content\/uploads\/2022\/12\/Diamond-Wire-Rope-Saw-For-Reinforced-Concrete-Cutting-Application-600x474.jpg 600w\" sizes=\"auto, (max-width: 1289px) 100vw, 1289px\" \/><figcaption id=\"caption-attachment-1422\" class=\"wp-caption-text\">Betonarme Kesme Uygulamas\u0131 \u0130\u00e7in Elmas Halatl\u0131 Testere<\/figcaption><\/figure>\n<table style=\"height: 766px;\" width=\"645\">\n<tbody>\n<tr class=\"firstRow\">\n<td>\u00dcr\u00fcn Ad\u0131<\/td>\n<td>Betonarme kesim i\u00e7in 11,5 mm elmas tel testere<\/td>\n<\/tr>\n<tr>\n<td>Uygulama<\/td>\n<td>Betonarme kesimi i\u00e7in<\/td>\n<\/tr>\n<tr>\n<td>Boncuk \u00c7ap\u0131<\/td>\n<td>11,5 mm<\/td>\n<\/tr>\n<tr>\n<td>Malzeme<\/td>\n<td>Elmas ve metal tozu<\/td>\n<\/tr>\n<tr>\n<td>G\u00fc\u00e7lendirme<\/td>\n<td>Kau\u00e7uk+Yay<\/td>\n<\/tr>\n<tr>\n<td>Boncuk Miktar\u0131<\/td>\n<td>40 adet\/metre<\/td>\n<\/tr>\n<tr>\n<td>\u00d6zellik<\/td>\n<td>Uzun \u00f6m\u00fcr, iyi keskinlik<\/td>\n<\/tr>\n<tr>\n<td>Miktar<\/td>\n<td>50 metre\/kutu<\/td>\n<\/tr>\n<tr>\n<td>ADEDI<\/td>\n<td>12 metre<\/td>\n<\/tr>\n<tr>\n<td>Paketleme Detay\u0131<\/td>\n<td>Su ge\u00e7irmez \u0130\u00e7 \u00c7anta ve D\u0131\u015f Karton<\/td>\n<\/tr>\n<tr>\n<td>D\u0131\u015f Karton Boyutu<\/td>\n<td>38*38*10mm<\/td>\n<\/tr>\n<tr>\n<td>A\u011f\u0131rl\u0131k<\/td>\n<td>22kg\/kutu<\/td>\n<\/tr>\n<tr>\n<td>Teslimat S\u00fcresi<\/td>\n<td>3-7 g\u00fcn<\/td>\n<\/tr>\n<tr>\n<td>Sertifikasyon<\/td>\n<td>ISO9001 2015<\/td>\n<\/tr>\n<\/tbody>\n<\/table>\n<\/div>\n<\/div>","protected":false},"excerpt":{"rendered":"<p>Elmas tel, beton kesme end\u00fcstrisinde devrim yaratan son teknoloji bir \u00fcr\u00fcnd\u00fcr. Hassasiyeti, verimlili\u011fi, \u00e7ok y\u00f6nl\u00fcl\u00fc\u011f\u00fc ve maliyet etkinli\u011fi onu \u00e7ok \u00e7e\u015fitli uygulamalar i\u00e7in ideal bir se\u00e7im haline getirmektedir. Elmas telin bile\u015fimini, \u00fcretim s\u00fcrecini, faydalar\u0131n\u0131, uygulamalar\u0131n\u0131 ve bak\u0131m hususlar\u0131n\u0131 anlayarak, profesyoneller beton kesme i\u015flemlerini geli\u015ftirmek ve ola\u011fan\u00fcst\u00fc sonu\u00e7lar elde etmek i\u00e7in yeteneklerini kullanabilirler. Elmas tel, \u00e7e\u015fitli sekt\u00f6rlerde say\u0131s\u0131z fayda ve uygulama sunarak beton kesme alan\u0131nda oyunun kurallar\u0131n\u0131 de\u011fi\u015ftiren bir unsur olarak ortaya \u00e7\u0131km\u0131\u015ft\u0131r. Teknoloji ve inovasyon ilerledik\u00e7e, elmas tel muhtemelen beton kesme i\u015flemlerini d\u00f6n\u00fc\u015ft\u00fcrmede \u00f6nemli bir rol oynamaya devam edecek ve daha g\u00fcvenli, daha verimli ve \u00e7evre dostu uygulamalara olanak sa\u011flayacakt\u0131r.<\/p>\n<a href=\"#Quote-Button\" class=\"button primary is-large Inquiry-Button\" style=\"border-radius:99px;\">\n\t<i class=\"icon-heart\" aria-hidden=\"true\"><\/i>\t<span>\u015eimdi Sorgula<\/span>\n\t<\/a>","protected":false},"featured_media":1419,"template":"","meta":[],"product_brand":[],"product_cat":[61,55],"product_tag":[69,96,81],"class_list":{"0":"post-1423","1":"product","2":"type-product","3":"status-publish","4":"has-post-thumbnail","6":"product_cat-diamond-wire-saw","7":"product_cat-stone-cutting-tools","8":"product_tag-diamond-wire-saw","9":"product_tag-reinforced-concrete-cutting","10":"product_tag-rubber-rope-saw","12":"first","13":"instock","14":"shipping-taxable","15":"product-type-simple"},"aioseo_notices":[],"_links":{"self":[{"href":"https:\/\/xmstonetools.com\/tr\/wp-json\/wp\/v2\/product\/1423","targetHints":{"allow":["GET"]}}],"collection":[{"href":"https:\/\/xmstonetools.com\/tr\/wp-json\/wp\/v2\/product"}],"about":[{"href":"https:\/\/xmstonetools.com\/tr\/wp-json\/wp\/v2\/types\/product"}],"wp:featuredmedia":[{"embeddable":true,"href":"https:\/\/xmstonetools.com\/tr\/wp-json\/wp\/v2\/media\/1419"}],"wp:attachment":[{"href":"https:\/\/xmstonetools.com\/tr\/wp-json\/wp\/v2\/media?parent=1423"}],"wp:term":[{"taxonomy":"product_brand","embeddable":true,"href":"https:\/\/xmstonetools.com\/tr\/wp-json\/wp\/v2\/product_brand?post=1423"},{"taxonomy":"product_cat","embeddable":true,"href":"https:\/\/xmstonetools.com\/tr\/wp-json\/wp\/v2\/product_cat?post=1423"},{"taxonomy":"product_tag","embeddable":true,"href":"https:\/\/xmstonetools.com\/tr\/wp-json\/wp\/v2\/product_tag?post=1423"}],"curies":[{"name":"wp","href":"https:\/\/api.w.org\/{rel}","templated":true}]}}