{"id":1443,"date":"2022-12-01T15:37:41","date_gmt":"2022-12-01T07:37:41","guid":{"rendered":"https:\/\/xmstonetools.com\/?post_type=product&#038;p=1443"},"modified":"2023-07-07T15:45:20","modified_gmt":"2023-07-07T07:45:20","slug":"grani%cc%87t-blok-kesme-segmentleri%cc%87","status":"publish","type":"product","link":"https:\/\/xmstonetools.com\/tr\/urun\/grani%cc%87t-blok-kesme-segmentleri%cc%87\/","title":{"rendered":"Granit Blok Kesme Segmentleri"},"content":{"rendered":"<p>Giri\u015f:<br \/>\nElmas segmentler, ta\u015f elmas b\u0131\u00e7aklar\u0131n \u00f6nemli bile\u015fenleridir ve kesme i\u015fleminde \u00e7ok \u00f6nemli bir rol oynar. Sertli\u011fi ve dayan\u0131kl\u0131l\u0131\u011f\u0131yla tan\u0131nan bir malzeme olan granit bloklar\u0131n kesilmesi s\u00f6z konusu oldu\u011funda, do\u011fru elmas segmentlerin se\u00e7ilmesi daha da \u00f6nemli hale gelir. Bu makalede, granit blok kesimi i\u00e7in elmas segmentlerin inceliklerini ke\u015ffedecek, bile\u015fimleri, \u00f6zellikleri ve faydalar\u0131 hakk\u0131nda kapsaml\u0131 bir anlay\u0131\u015f sa\u011flayaca\u011f\u0131z.<\/p>\n<h2 style=\"color: steelblue;\">Elmas Segmentlerini Anlamak:<\/h2>\n<p>Elmas segmentler, d\u0131\u015f kenarlar\u0131na elmas emdirilmi\u015f par\u00e7ac\u0131klar eklenmi\u015f metal \u00e7ekirdeklerdir. Bu segmentler ta\u015f i\u015fleme s\u0131ras\u0131nda ger\u00e7ek kesme i\u015fleminden sorumludur. Segmentlerin i\u00e7ine yerle\u015ftirilen elmas par\u00e7ac\u0131klar\u0131, kesme verimlili\u011fini ve b\u0131\u00e7a\u011f\u0131n kullan\u0131m \u00f6mr\u00fcn\u00fc do\u011frudan etkiledi\u011finden boyutlar\u0131na, konsantrasyonlar\u0131na ve kalitelerine g\u00f6re se\u00e7ilir.<\/p>\n<figure id=\"attachment_1442\" aria-describedby=\"caption-attachment-1442\" style=\"width: 750px\" class=\"wp-caption aligncenter\"><img loading=\"lazy\" decoding=\"async\" class=\"size-full wp-image-1442\" src=\"https:\/\/xmstonetools.com\/wp-content\/uploads\/2022\/12\/Granite-Block-Cutting-Segments-3.jpg\" alt=\"Granit Blok Kesme Segmentleri-3\" width=\"750\" height=\"750\" srcset=\"https:\/\/xmstonetools.com\/wp-content\/uploads\/2022\/12\/Granite-Block-Cutting-Segments-3.jpg 750w, https:\/\/xmstonetools.com\/wp-content\/uploads\/2022\/12\/Granite-Block-Cutting-Segments-3-400x400.jpg 400w, https:\/\/xmstonetools.com\/wp-content\/uploads\/2022\/12\/Granite-Block-Cutting-Segments-3-280x280.jpg 280w, https:\/\/xmstonetools.com\/wp-content\/uploads\/2022\/12\/Granite-Block-Cutting-Segments-3-300x300.jpg 300w, https:\/\/xmstonetools.com\/wp-content\/uploads\/2022\/12\/Granite-Block-Cutting-Segments-3-600x600.jpg 600w, https:\/\/xmstonetools.com\/wp-content\/uploads\/2022\/12\/Granite-Block-Cutting-Segments-3-100x100.jpg 100w, https:\/\/xmstonetools.com\/wp-content\/uploads\/2022\/12\/Granite-Block-Cutting-Segments-3-120x120.jpg 120w\" sizes=\"auto, (max-width: 750px) 100vw, 750px\" \/><figcaption id=\"caption-attachment-1442\" class=\"wp-caption-text\">Granit Blok Kesme Segmentleri-3<\/figcaption><\/figure>\n<h2 style=\"color: steelblue;\">Elmas Segmentlerinin Bile\u015fimi:<\/h2>\n<p>Granit blok kesimi i\u00e7in elmas segmentlerin bile\u015fimi, \u00fcreticinin \u00f6zel gereksinimlerine ve kalite standartlar\u0131na ba\u011fl\u0131 olarak de\u011fi\u015febilir. Bununla birlikte, tipik olarak a\u015fa\u011f\u0131daki bile\u015fenlerin bir kombinasyonundan olu\u015furlar:<\/p>\n<h3>a) Elmas Kristalleri:<\/h3>\n<p>Sentetik end\u00fcstriyel s\u0131n\u0131f elmaslar, \u00fcst\u00fcn sertlikleri ve dayan\u0131kl\u0131l\u0131klar\u0131 nedeniyle yayg\u0131n olarak kullan\u0131lmaktad\u0131r. Elmas kristalleri \u00f6zenle se\u00e7ilir ve e\u015fit kesme performans\u0131 sa\u011flamak i\u00e7in segment i\u00e7inde e\u015fit olarak da\u011f\u0131t\u0131l\u0131r.<\/p>\n<h3>b) Metal Ba\u011f:<\/h3>\n<p>Elmas par\u00e7ac\u0131klar\u0131 bak\u0131r, bronz veya kobalt gibi \u00e7e\u015fitli malzemelerden yap\u0131labilen metal bir ba\u011f ile g\u00fcvenli bir \u015fekilde bir arada tutulur. Ba\u011f malzemesi segmentin kesme h\u0131z\u0131n\u0131, \u0131s\u0131 direncini ve genel kullan\u0131m \u00f6mr\u00fcn\u00fc etkiler.<\/p>\n<h3>c) Segment \u015eekli ve Tasar\u0131m\u0131:<\/h3>\n<p>Elmas segmentler dikd\u00f6rtgen, dairesel veya \u00e7ok katmanl\u0131 tasar\u0131mlar dahil olmak \u00fczere farkl\u0131 \u015fekillerde sunulur. Segment \u015feklinin se\u00e7imi, kesme uygulamas\u0131na ve istenen kesme hassasiyetine ba\u011fl\u0131d\u0131r.<\/p>\n<figure id=\"attachment_1441\" aria-describedby=\"caption-attachment-1441\" style=\"width: 1000px\" class=\"wp-caption aligncenter\"><img loading=\"lazy\" decoding=\"async\" class=\"size-full wp-image-1441\" src=\"https:\/\/xmstonetools.com\/wp-content\/uploads\/2022\/12\/Granite-Block-Cutting-Segments-2.jpg\" alt=\"Granit Blok Kesme Segmentleri-2\" width=\"1000\" height=\"1000\" srcset=\"https:\/\/xmstonetools.com\/wp-content\/uploads\/2022\/12\/Granite-Block-Cutting-Segments-2.jpg 1000w, https:\/\/xmstonetools.com\/wp-content\/uploads\/2022\/12\/Granite-Block-Cutting-Segments-2-400x400.jpg 400w, https:\/\/xmstonetools.com\/wp-content\/uploads\/2022\/12\/Granite-Block-Cutting-Segments-2-800x800.jpg 800w, https:\/\/xmstonetools.com\/wp-content\/uploads\/2022\/12\/Granite-Block-Cutting-Segments-2-280x280.jpg 280w, https:\/\/xmstonetools.com\/wp-content\/uploads\/2022\/12\/Granite-Block-Cutting-Segments-2-768x768.jpg 768w, https:\/\/xmstonetools.com\/wp-content\/uploads\/2022\/12\/Granite-Block-Cutting-Segments-2-300x300.jpg 300w, https:\/\/xmstonetools.com\/wp-content\/uploads\/2022\/12\/Granite-Block-Cutting-Segments-2-600x600.jpg 600w, https:\/\/xmstonetools.com\/wp-content\/uploads\/2022\/12\/Granite-Block-Cutting-Segments-2-100x100.jpg 100w, https:\/\/xmstonetools.com\/wp-content\/uploads\/2022\/12\/Granite-Block-Cutting-Segments-2-120x120.jpg 120w\" sizes=\"auto, (max-width: 1000px) 100vw, 1000px\" \/><figcaption id=\"caption-attachment-1441\" class=\"wp-caption-text\">Granit Blok Kesme Segmentleri-2<\/figcaption><\/figure>\n<h2 style=\"color: steelblue;\">Granit Blok Kesimi i\u00e7in Elmas Segmentlerin \u00d6zellikleri:<\/h2>\n<h3>a) Y\u00fcksek Kesme Verimlili\u011fi:<\/h3>\n<p>\u0130yi da\u011f\u0131t\u0131lm\u0131\u015f elmas par\u00e7ac\u0131klar\u0131na sahip elmas segmentler, granit bloklarda verimli kesim sa\u011flar, kesim s\u00fcresini azalt\u0131r ve verimlili\u011fi art\u0131r\u0131r.<\/p>\n<h3>b) Ola\u011fan\u00fcst\u00fc Dayan\u0131kl\u0131l\u0131k:<\/h3>\n<p>Elmas kristallerinin sertli\u011fi, sa\u011flam bir metal ba\u011f ile birle\u015fti\u011finde, yo\u011fun granit malzemeleri keserken bile uzun segment \u00f6mr\u00fc sa\u011flar. Bu dayan\u0131kl\u0131l\u0131k, s\u0131k b\u0131\u00e7ak de\u011fi\u015ftirme ihtiyac\u0131n\u0131 en aza indirerek ar\u0131za s\u00fcresini ve maliyeti azalt\u0131r.<\/p>\n<h3>c) Hassas ve Temiz Kesimler:<\/h3>\n<p>Elmas segmentler \u00fcst\u00fcn kesme hassasiyeti sunarak granit bloklarda temiz ve p\u00fcr\u00fczs\u00fcz kesimler sa\u011flar. Bu hassasiyet, kesim sonras\u0131 kapsaml\u0131 i\u015flemlere olan ihtiyac\u0131 azaltarak zamandan ve emekten tasarruf sa\u011flar.<\/p>\n<h3>d) Is\u0131 Da\u011f\u0131l\u0131m\u0131:<\/h3>\n<p>Granit kesimi, kesme verimlili\u011fini ve b\u0131\u00e7a\u011f\u0131n \u00f6mr\u00fcn\u00fc etkileyebilecek \u00f6nemli miktarda \u0131s\u0131 \u00fcretebilir. M\u00fckemmel \u0131s\u0131 da\u011f\u0131tma \u00f6zelliklerine sahip elmas segmentler, \u0131s\u0131 birikimini en aza indirerek kesme performans\u0131n\u0131 art\u0131r\u0131r ve b\u0131\u00e7ak \u00f6mr\u00fcn\u00fc uzat\u0131r.<\/p>\n<h3>e) \u00c7ok y\u00f6nl\u00fcl\u00fck:<\/h3>\n<p>Elmas segmentler \u00e7e\u015fitli kesme uygulamalar\u0131n\u0131n \u00fcstesinden gelmek i\u00e7in tasarlanm\u0131\u015ft\u0131r ve farkl\u0131 sertlik seviyelerine ve bile\u015fimlere sahip olanlar da dahil olmak \u00fczere farkl\u0131 granit blok t\u00fcrlerinde kullan\u0131labilir.<\/p>\n<p>Granit bloklar\u0131n kesimi s\u00f6z konusu oldu\u011funda, hassas ve verimli sonu\u00e7lar elde etmek i\u00e7in y\u00fcksek kaliteli elmas segmentlerin se\u00e7imi \u00e7ok \u00f6nemlidir. \u00d6zenle tasarlanm\u0131\u015f bile\u015fimleri ve geli\u015fmi\u015f \u00f6zellikleriyle elmas segmentler, granit blok kesme i\u015flemleri i\u00e7in gerekli kesme g\u00fcc\u00fcn\u00fc, dayan\u0131kl\u0131l\u0131\u011f\u0131 ve hassasiyeti sa\u011flar. Kullan\u0131c\u0131lar, elmas segmentlerin temel \u00f6zelliklerini anlayarak granit kesme ihtiya\u00e7lar\u0131 i\u00e7in do\u011fru aletleri se\u00e7erken bilin\u00e7li kararlar verebilir, sonu\u00e7ta \u00fcretkenli\u011fi en \u00fcst d\u00fczeye \u00e7\u0131karabilir ve ola\u011fan\u00fcst\u00fc kesme sonu\u00e7lar\u0131 elde edebilir.<\/p>\n<figure id=\"attachment_1440\" aria-describedby=\"caption-attachment-1440\" style=\"width: 1000px\" class=\"wp-caption aligncenter\"><img loading=\"lazy\" decoding=\"async\" class=\"size-full wp-image-1440\" src=\"https:\/\/xmstonetools.com\/wp-content\/uploads\/2022\/12\/Granite-Block-Cutting-Segments.jpg\" alt=\"Granit Blok Kesme Segmentleri\" width=\"1000\" height=\"1000\" srcset=\"https:\/\/xmstonetools.com\/wp-content\/uploads\/2022\/12\/Granite-Block-Cutting-Segments.jpg 1000w, https:\/\/xmstonetools.com\/wp-content\/uploads\/2022\/12\/Granite-Block-Cutting-Segments-400x400.jpg 400w, https:\/\/xmstonetools.com\/wp-content\/uploads\/2022\/12\/Granite-Block-Cutting-Segments-800x800.jpg 800w, https:\/\/xmstonetools.com\/wp-content\/uploads\/2022\/12\/Granite-Block-Cutting-Segments-280x280.jpg 280w, https:\/\/xmstonetools.com\/wp-content\/uploads\/2022\/12\/Granite-Block-Cutting-Segments-768x768.jpg 768w, https:\/\/xmstonetools.com\/wp-content\/uploads\/2022\/12\/Granite-Block-Cutting-Segments-300x300.jpg 300w, https:\/\/xmstonetools.com\/wp-content\/uploads\/2022\/12\/Granite-Block-Cutting-Segments-600x600.jpg 600w, https:\/\/xmstonetools.com\/wp-content\/uploads\/2022\/12\/Granite-Block-Cutting-Segments-100x100.jpg 100w, https:\/\/xmstonetools.com\/wp-content\/uploads\/2022\/12\/Granite-Block-Cutting-Segments-120x120.jpg 120w\" sizes=\"auto, (max-width: 1000px) 100vw, 1000px\" \/><figcaption id=\"caption-attachment-1440\" class=\"wp-caption-text\">Granit Blok Kesme Segmentleri<\/figcaption><\/figure>\n<h2 style=\"color: steelblue;\">Granit Elmas Segmenti Performans\u0131n\u0131 Etkileyen Fakt\u00f6rler:<\/h2>\n<h3>a) Elmas Kalitesi:<\/h3>\n<p>Segmentlerde kullan\u0131lan elmas kristallerinin kalitesi, kesme performanslar\u0131n\u0131 b\u00fcy\u00fck \u00f6l\u00e7\u00fcde etkiler. Tutarl\u0131 boyut ve \u015fekle sahip y\u00fcksek kaliteli elmaslar daha iyi kesme verimlili\u011fi ve daha uzun kullan\u0131m \u00f6mr\u00fc sa\u011flar.<\/p>\n<h3>b) Elmas Konsantrasyonu:<\/h3>\n<p>Segment i\u00e7indeki elmas par\u00e7ac\u0131klar\u0131n\u0131n konsantrasyonu kesme h\u0131z\u0131n\u0131 ve agresifli\u011fi belirler. Daha y\u00fcksek elmas konsantrasyonu genellikle daha h\u0131zl\u0131 kesim sa\u011flar ancak daha k\u0131sa kullan\u0131m \u00f6mr\u00fcne neden olabilir.<\/p>\n<h3>c) Ba\u011f Sertli\u011fi:<\/h3>\n<p>Elmas par\u00e7ac\u0131klar\u0131n\u0131 tutan metal ba\u011f\u0131n sertli\u011fi, segmentin genel dayan\u0131kl\u0131l\u0131\u011f\u0131n\u0131 etkiler. Daha yumu\u015fak ba\u011flar daha sert granitlerin kesilmesi i\u00e7in uygunken, erken a\u015f\u0131nmay\u0131 \u00f6nlemek i\u00e7in daha sert ba\u011flar daha yumu\u015fak granitlerin kesilmesi i\u00e7in tercih edilir.<\/p>\n<h3>d) Segment Boyutu:<\/h3>\n<p>Elmas segmentinin boyutu da kesme performans\u0131n\u0131 etkiler. Daha b\u00fcy\u00fck segmentler kesim i\u00e7in daha fazla y\u00fczey alan\u0131 sa\u011flayarak \u00fcretkenli\u011fi art\u0131r\u0131rken, daha k\u00fc\u00e7\u00fck segmentler karma\u015f\u0131k tasar\u0131mlar i\u00e7in daha hassas kesim sunar.<\/p>\n<h2 style=\"color: steelblue;\">Do\u011fru Elmas Segmentlerinin Se\u00e7ilmesi:<\/h2>\n<h3>a) Granit \u00d6zellikleri:<\/h3>\n<p>Kesilecek granit bloklar\u0131n sertlik, mineral bile\u015fimi ve renk \u00e7e\u015fitlili\u011fi gibi belirli \u00f6zelliklerini g\u00f6z \u00f6n\u00fcnde bulundurun. Farkl\u0131 granit t\u00fcrleri, optimum kesim sonu\u00e7lar\u0131 elde etmek i\u00e7in farkl\u0131 elmas segment \u00f6zellikleri gerektirebilir.<\/p>\n<h3>b) Kesme Uygulamas\u0131:<\/h3>\n<p>Kesimden sonra granit bloklar\u0131n kullan\u0131m amac\u0131n\u0131 belirleyin. \u00d6rne\u011fin, bloklar d\u0131\u015f cephede kullan\u0131lacaksa, \u00e7evresel fakt\u00f6rlere dayanmas\u0131 i\u00e7in daha y\u00fcksek elmas konsantrasyonuna ve dayan\u0131kl\u0131 ba\u011fa sahip segmentler \u00f6nerilir.<\/p>\n<h3>c) B\u0131\u00e7ak Uyumlulu\u011fu:<\/h3>\n<p>Se\u00e7ilen elmas segmentlerin kullan\u0131lan ta\u015f elmas b\u0131\u00e7akla uyumlu oldu\u011fundan emin olun. Segmentlerin do\u011fru hizalanmas\u0131 ve b\u0131\u00e7a\u011fa g\u00fcvenli bir \u015fekilde tak\u0131lmas\u0131, g\u00fcvenli ve etkili kesim i\u00e7in \u00e7ok \u00f6nemlidir.<\/p>\n<h3>d) \u00dcretici \u0130tibar\u0131:<\/h3>\n<p>Y\u00fcksek kaliteli ve g\u00fcvenilir \u00fcr\u00fcnler \u00fcretmesiyle bilinen sayg\u0131n \u00fcreticilerin elmas segmentlerini se\u00e7in. G\u00fcvenilir bir markaya yat\u0131r\u0131m yapt\u0131\u011f\u0131n\u0131zdan emin olmak i\u00e7in m\u00fc\u015fteri yorumlar\u0131n\u0131, sertifikalar\u0131 ve garantileri ara\u015ft\u0131r\u0131n.<\/p>\n<figure id=\"attachment_1436\" aria-describedby=\"caption-attachment-1436\" style=\"width: 1000px\" class=\"wp-caption aligncenter\"><img loading=\"lazy\" decoding=\"async\" class=\"size-full wp-image-1436\" src=\"https:\/\/xmstonetools.com\/wp-content\/uploads\/2022\/12\/Diamond-Segments-for-Granite-Cutting-5.jpg\" alt=\"Granit Kesimi i\u00e7in Elmas Segmentler-5\" width=\"1000\" height=\"1000\" srcset=\"https:\/\/xmstonetools.com\/wp-content\/uploads\/2022\/12\/Diamond-Segments-for-Granite-Cutting-5.jpg 1000w, https:\/\/xmstonetools.com\/wp-content\/uploads\/2022\/12\/Diamond-Segments-for-Granite-Cutting-5-400x400.jpg 400w, https:\/\/xmstonetools.com\/wp-content\/uploads\/2022\/12\/Diamond-Segments-for-Granite-Cutting-5-800x800.jpg 800w, https:\/\/xmstonetools.com\/wp-content\/uploads\/2022\/12\/Diamond-Segments-for-Granite-Cutting-5-280x280.jpg 280w, https:\/\/xmstonetools.com\/wp-content\/uploads\/2022\/12\/Diamond-Segments-for-Granite-Cutting-5-768x768.jpg 768w, https:\/\/xmstonetools.com\/wp-content\/uploads\/2022\/12\/Diamond-Segments-for-Granite-Cutting-5-300x300.jpg 300w, https:\/\/xmstonetools.com\/wp-content\/uploads\/2022\/12\/Diamond-Segments-for-Granite-Cutting-5-600x600.jpg 600w, https:\/\/xmstonetools.com\/wp-content\/uploads\/2022\/12\/Diamond-Segments-for-Granite-Cutting-5-100x100.jpg 100w, https:\/\/xmstonetools.com\/wp-content\/uploads\/2022\/12\/Diamond-Segments-for-Granite-Cutting-5-120x120.jpg 120w\" sizes=\"auto, (max-width: 1000px) 100vw, 1000px\" \/><figcaption id=\"caption-attachment-1436\" class=\"wp-caption-text\">Granit Kesimi i\u00e7in Elmas Segmentler-5<\/figcaption><\/figure>\n<h2 style=\"color: steelblue;\">Bak\u0131m ve Koruma:<\/h2>\n<h3>a) Segment Temizli\u011fi:<\/h3>\n<p>Kesme performanslar\u0131n\u0131 engelleyebilecek kal\u0131nt\u0131lar\u0131, re\u00e7ineyi veya yap\u0131\u015fkan birikimini gidermek i\u00e7in elmas segmentleri d\u00fczenli olarak temizleyin. \u00dcretici taraf\u0131ndan \u00f6nerilen uygun temizleme sol\u00fcsyonlar\u0131n\u0131 ve y\u00f6ntemlerini kullan\u0131n.<\/p>\n<h3>b) So\u011futma ve Ya\u011flama:<\/h3>\n<p>Kesme i\u015flemi s\u0131ras\u0131nda yeterli so\u011futma ve ya\u011flama, a\u015f\u0131r\u0131 \u0131s\u0131nmay\u0131 \u00f6nlemek ve elmas segmentlerin \u00f6mr\u00fcn\u00fc uzatmak i\u00e7in \u00e7ok \u00f6nemlidir. Uygun so\u011futmay\u0131 sa\u011flamak ve s\u00fcrt\u00fcnmeyi azaltmak i\u00e7in su veya \u00f6zel kesme s\u0131v\u0131lar\u0131 kullan\u0131n.<\/p>\n<h3>c) Uygun B\u0131\u00e7ak Depolama:<\/h3>\n<p>Kullanmad\u0131\u011f\u0131n\u0131z zamanlarda, korozyonu \u00f6nlemek ve kesme performanslar\u0131n\u0131 korumak i\u00e7in elmas b\u0131\u00e7a\u011f\u0131 ve segmentleri temiz ve kuru bir ortamda saklay\u0131n.<\/p>\n<h3>d) D\u00fczenli Denetim:<\/h3>\n<p>Elmas segmentlerini a\u015f\u0131nma, hasar veya d\u00fczensiz a\u015f\u0131nma belirtileri a\u00e7\u0131s\u0131ndan periyodik olarak inceleyin. Optimum kesme verimlili\u011fini ve g\u00fcvenli\u011fi korumak i\u00e7in a\u015f\u0131nm\u0131\u015f veya hasarl\u0131 segmentleri derhal de\u011fi\u015ftirin.<\/p>\n<p>Elmas segmentlerin periyodik olarak de\u011fi\u015ftirilmesi gereken sarf malzemeleri oldu\u011funu unutmay\u0131n. D\u00fczenli bak\u0131m ve uygun bak\u0131m, kullan\u0131m \u00f6m\u00fcrlerini en \u00fcst d\u00fczeye \u00e7\u0131karmaya ve tutarl\u0131 kesme performans\u0131 sa\u011flamaya yard\u0131mc\u0131 olacakt\u0131r.<\/p>\n<p>\u00d6zetle, granit blok kesimine y\u00f6nelik elmas segmentler y\u00fcksek kesim verimlili\u011fi, dayan\u0131kl\u0131l\u0131k, hassasiyet ve \u00e7ok y\u00f6nl\u00fcl\u00fck sa\u011flamak \u00fczere tasarlanm\u0131\u015ft\u0131r. Kullan\u0131c\u0131lar elmas kalitesi, konsantrasyonu, ba\u011f sertli\u011fi ve segment boyutu gibi fakt\u00f6rleri g\u00f6z \u00f6n\u00fcnde bulundurarak ve uygun bak\u0131m ve \u00f6zen g\u00f6stererek kesme i\u015flemlerini optimize edebilir ve granit bloklarla \u00e7al\u0131\u015f\u0131rken ola\u011fan\u00fcst\u00fc sonu\u00e7lar elde edebilir.<\/p>\n<figure id=\"attachment_1438\" aria-describedby=\"caption-attachment-1438\" style=\"width: 750px\" class=\"wp-caption aligncenter\"><img loading=\"lazy\" decoding=\"async\" class=\"wp-image-1438 size-full\" src=\"https:\/\/xmstonetools.com\/wp-content\/uploads\/2022\/12\/Details-of-Granite-Block-Cutting-Segments-1.jpg\" alt=\"Granit Blok Kesme Segmentlerinin Detaylar\u0131-1\" width=\"750\" height=\"798\" srcset=\"https:\/\/xmstonetools.com\/wp-content\/uploads\/2022\/12\/Details-of-Granite-Block-Cutting-Segments-1.jpg 750w, https:\/\/xmstonetools.com\/wp-content\/uploads\/2022\/12\/Details-of-Granite-Block-Cutting-Segments-1-376x400.jpg 376w, https:\/\/xmstonetools.com\/wp-content\/uploads\/2022\/12\/Details-of-Granite-Block-Cutting-Segments-1-600x638.jpg 600w\" sizes=\"auto, (max-width: 750px) 100vw, 750px\" \/><figcaption id=\"caption-attachment-1438\" class=\"wp-caption-text\">Granit Blok Kesme Segmentlerinin Detaylar\u0131-1<\/figcaption><\/figure>\n<table class=\"aliDataTable\" border=\"1\">\n<tbody>\n<tr>\n<td><em>\u00dcr\u00fcn Ad\u0131<\/em><\/td>\n<td><em>\u00c7ap (mm)<\/em><\/td>\n<td><em>Segment Boyutu (mm)<\/em><\/td>\n<td><em>Segment Say\u0131s\u0131 (adet)<\/em><\/td>\n<td><em>\u015eekil<\/em><\/td>\n<td><em>Uygulama<\/em><\/td>\n<\/tr>\n<tr>\n<td rowspan=\"4\"><em><em><br \/>\nGranit i\u00e7in Elmas Segment, kenar kesme<\/em><\/em><\/td>\n<td><em>300<\/em><\/td>\n<td><em>40\u00d73.2\u00d710(15,20)<\/em><\/td>\n<td><em>21<\/em><\/td>\n<td rowspan=\"14\"><em>De\u011fi\u015fir<\/em><em><br \/>\n<\/em><em><br \/>\n<\/em><em><br \/>\n<\/em><em><br \/>\n<\/em><\/td>\n<td rowspan=\"14\"><em>Granit<\/em><em><br \/>\n<\/em><em><br \/>\n<\/em><em><br \/>\n<\/em><em><br \/>\n<\/em><\/td>\n<\/tr>\n<tr>\n<td><em>350<\/em><\/td>\n<td><em>40\u00d73.2\u00d710(15,20)<\/em><\/td>\n<td><em>24<\/em><\/td>\n<\/tr>\n<tr>\n<td><em>400<\/em><\/td>\n<td><em>40\u00d73.6\u00d710(15,20)<\/em><\/td>\n<td><em>28<\/em><\/td>\n<\/tr>\n<tr>\n<td><em>450<\/em><\/td>\n<td><em>40\u00d74.0x10(15,20)<\/em><\/td>\n<td><em>32<\/em><\/td>\n<\/tr>\n<tr>\n<td rowspan=\"10\"><em>Granit i\u00e7in Elmas Segment, yarma<br \/>\n<\/em><\/td>\n<td><em>400<\/em><\/td>\n<td><em>40\u00d73.6\u00d710(15,20)<\/em><\/td>\n<td><em>28<\/em><\/td>\n<\/tr>\n<tr>\n<td><em>450<\/em><\/td>\n<td><em>40\u00d74.0x10(15,20)<\/em><\/td>\n<td><em>32<\/em><\/td>\n<\/tr>\n<tr>\n<td>500<\/td>\n<td><em>40\u00d74.0x10(15,20)<\/em><\/td>\n<td>36<\/td>\n<\/tr>\n<tr>\n<td>550<\/td>\n<td><em>40\u00d74.6\u00d710(15,20)<\/em><\/td>\n<td>40<\/td>\n<\/tr>\n<tr>\n<td>600<\/td>\n<td><em>40\u00d74.6\u00d710(15,20)<\/em><\/td>\n<td>42<\/td>\n<\/tr>\n<tr>\n<td>650<\/td>\n<td><em>40\u00d75.0x10(15,20)<\/em><\/td>\n<td>46<\/td>\n<\/tr>\n<tr>\n<td>700<\/td>\n<td><em>40\u00d75.0x10(15,20)<\/em><\/td>\n<td>50<\/td>\n<\/tr>\n<tr>\n<td>750<\/td>\n<td><em>40\u00d75.0x10(15,20)<\/em><\/td>\n<td>54<\/td>\n<\/tr>\n<tr>\n<td>800<\/td>\n<td><em>40\u00d75.5\u00d710(15,20)<\/em><\/td>\n<td>57<\/td>\n<\/tr>\n<tr>\n<td>850<\/td>\n<td><em>40\u00d75.5\u00d710(15,20)<\/em><\/td>\n<td>58<\/td>\n<\/tr>\n<tr>\n<td rowspan=\"10\"><em>Granit blok i\u00e7in Blok Kesme Segmenti<\/em><\/td>\n<td><em>900<\/em><\/td>\n<td><em>24\u00d77.5\u00d713(15)<\/em><\/td>\n<td><em>64<\/em><\/td>\n<td rowspan=\"10\"><em>Z<\/em><\/td>\n<td rowspan=\"10\"><em>Granit<\/em><\/td>\n<\/tr>\n<tr>\n<td><em>1000<\/em><\/td>\n<td><em>24\u00d77.5\u00d713(15)<\/em><\/td>\n<td><em>70<\/em><\/td>\n<\/tr>\n<tr>\n<td><em>1200<\/em><\/td>\n<td><em>24\u00d78.0x13(15)<\/em><\/td>\n<td><em>80<\/em><\/td>\n<\/tr>\n<tr>\n<td><em>1400<\/em><\/td>\n<td><em>24\u00d78.5\u00d713(15)<\/em><\/td>\n<td><em>92<\/em><\/td>\n<\/tr>\n<tr>\n<td><em>1600<\/em><\/td>\n<td><em>24\u00d79.5\u00d713(15)<\/em><\/td>\n<td><em>108<\/em><\/td>\n<\/tr>\n<tr>\n<td><em>1800<\/em><\/td>\n<td><em>24x10x13(15)<\/em><\/td>\n<td><em>120<\/em><\/td>\n<\/tr>\n<tr>\n<td><em>2000<\/em><\/td>\n<td><em>24x11x13(15)<\/em><\/td>\n<td><em>128<\/em><\/td>\n<\/tr>\n<tr>\n<td><em>2200<\/em><\/td>\n<td><em>24x11x13(15)<\/em><\/td>\n<td><em>132<\/em><\/td>\n<\/tr>\n<tr>\n<td><em>2500<\/em><\/td>\n<td><em>24\u00d712.5\u00d713(15)<\/em><\/td>\n<td><em>140<\/em><\/td>\n<\/tr>\n<tr>\n<td><em>2700<\/em><\/td>\n<td><em>24\u00d712.5\u00d713(15)<\/em><\/td>\n<td><em>140<\/em><\/td>\n<\/tr>\n<\/tbody>\n<\/table>","protected":false},"excerpt":{"rendered":"<p>Elmas segmentler, ta\u015f elmas b\u0131\u00e7aklar\u0131n \u00f6nemli bile\u015fenleridir ve kesme i\u015fleminde \u00e7ok \u00f6nemli bir rol oynar. Sertli\u011fi ve dayan\u0131kl\u0131l\u0131\u011f\u0131yla tan\u0131nan bir malzeme olan granit bloklar\u0131n kesilmesi s\u00f6z konusu oldu\u011funda, do\u011fru elmas segmentlerin se\u00e7ilmesi daha da \u00f6nemli hale gelir. Bu makalede, granit blok kesimi i\u00e7in elmas segmentlerin inceliklerini ke\u015ffedecek, bile\u015fimleri, \u00f6zellikleri ve faydalar\u0131 hakk\u0131nda kapsaml\u0131 bir anlay\u0131\u015f sa\u011flayaca\u011f\u0131z. Granit blok kesimi i\u00e7in elmas segmentlerin bile\u015fimi, \u00fcreticinin \u00f6zel gereksinimlerine ve kalite standartlar\u0131na ba\u011fl\u0131 olarak de\u011fi\u015febilir. Bununla birlikte, tipik olarak a\u015fa\u011f\u0131daki bile\u015fenlerin bir kombinasyonundan olu\u015furlar:<\/p>\n<a href=\"#Quote-Button\" class=\"button primary is-large Inquiry-Button\" style=\"border-radius:99px;\">\n\t<i class=\"icon-heart\" aria-hidden=\"true\"><\/i>\t<span>\u015eimdi Sorgula<\/span>\n\t<\/a>","protected":false},"featured_media":1440,"template":"","meta":[],"product_brand":[],"product_cat":[55],"product_tag":[64,91],"class_list":{"0":"post-1443","1":"product","2":"type-product","3":"status-publish","4":"has-post-thumbnail","6":"product_cat-stone-cutting-tools","7":"product_tag-diamond-segments","8":"product_tag-granite-cutting-blade","10":"first","11":"instock","12":"shipping-taxable","13":"product-type-simple"},"aioseo_notices":[],"_links":{"self":[{"href":"https:\/\/xmstonetools.com\/tr\/wp-json\/wp\/v2\/product\/1443","targetHints":{"allow":["GET"]}}],"collection":[{"href":"https:\/\/xmstonetools.com\/tr\/wp-json\/wp\/v2\/product"}],"about":[{"href":"https:\/\/xmstonetools.com\/tr\/wp-json\/wp\/v2\/types\/product"}],"wp:featuredmedia":[{"embeddable":true,"href":"https:\/\/xmstonetools.com\/tr\/wp-json\/wp\/v2\/media\/1440"}],"wp:attachment":[{"href":"https:\/\/xmstonetools.com\/tr\/wp-json\/wp\/v2\/media?parent=1443"}],"wp:term":[{"taxonomy":"product_brand","embeddable":true,"href":"https:\/\/xmstonetools.com\/tr\/wp-json\/wp\/v2\/product_brand?post=1443"},{"taxonomy":"product_cat","embeddable":true,"href":"https:\/\/xmstonetools.com\/tr\/wp-json\/wp\/v2\/product_cat?post=1443"},{"taxonomy":"product_tag","embeddable":true,"href":"https:\/\/xmstonetools.com\/tr\/wp-json\/wp\/v2\/product_tag?post=1443"}],"curies":[{"name":"wp","href":"https:\/\/api.w.org\/{rel}","templated":true}]}}