{"id":1449,"date":"2022-12-01T16:21:37","date_gmt":"2022-12-01T08:21:37","guid":{"rendered":"https:\/\/xmstonetools.com\/?post_type=product&#038;p=1449"},"modified":"2023-07-07T15:23:44","modified_gmt":"2023-07-07T07:23:44","slug":"vakum-lehimli-elmas-tel-halat-testere","status":"publish","type":"product","link":"https:\/\/xmstonetools.com\/tr\/urun\/vakum-lehimli-elmas-tel-halat-testere\/","title":{"rendered":"Vakum Kaynakl\u0131 Elmas Tel Halat Testere"},"content":{"rendered":"<h2 style=\"color: steelblue;\">Giri\u015f:<\/h2>\n<p>Elmas aletler, ola\u011fan\u00fcst\u00fc sertlikleri, dayan\u0131kl\u0131l\u0131klar\u0131 ve hassasiyetleri nedeniyle uzun zamand\u0131r ta\u015f kesme ve profil olu\u015fturma i\u00e7in tercih edilen bir se\u00e7enek olmu\u015ftur. \u00c7e\u015fitli elmas alet teknolojileri aras\u0131nda Vakum Kaynakl\u0131 Elmas Halat Teli, ta\u015f i\u015fleme end\u00fcstrisinde devrim yaratan son teknoloji bir yenilik olarak \u00f6ne \u00e7\u0131kmaktad\u0131r. Bu makalede, Vakum Kaynakl\u0131 Elmas Halat Telin yap\u0131s\u0131n\u0131, \u00e7al\u0131\u015fma prensiplerini, avantajlar\u0131n\u0131 ve \u00e7e\u015fitli uygulamalar\u0131n\u0131 ke\u015ffederek kapsaml\u0131 ayr\u0131nt\u0131lar\u0131na girece\u011fiz.<\/p>\n<h2 style=\"color: steelblue;\">Vakum Kaynakl\u0131 Elmas Halat Telini Anlamak:<\/h2>\n<p>Vakum Lehimli Elmas Halat Teli, \u00e7elik tel halat i\u00e7ine yerle\u015ftirilmi\u015f y\u00fcksek kaliteli elmas segmentlerden olu\u015fan \u00f6zel bir kesme aletidir. Elmas segmentler, elmas kum ile tel halat aras\u0131nda g\u00fc\u00e7l\u00fc ve g\u00fcvenilir bir ba\u011flant\u0131 sa\u011flayan vakumlu lehimleme i\u015flemiyle halata titizlikle ba\u011flan\u0131r.<\/p>\n<h2 style=\"color: steelblue;\">Yap\u0131 ve \u00c7al\u0131\u015fma Prensipleri:<\/h2>\n<p>Vakum Lehimli Elmas Halat Telinin yap\u0131s\u0131, y\u00fcksek mukavemetli bir \u00e7elik tel halata tutturulmu\u015f \u00e7ok say\u0131da elmas segment katman\u0131n\u0131 i\u00e7erir. Elmas segmentler halat boyunca d\u00fczenli aral\u0131klarla yerle\u015ftirilir ve t\u00fcm montaj vakumlu lehimleme i\u015flemine tabi tutulur.<\/p>\n<p>Vakum lehimleme i\u015flemi s\u0131ras\u0131nda elmas segmentler, elmas tanecikleri ve tel aras\u0131ndaki bo\u015fluklar\u0131 dolduran bir metal ala\u015f\u0131m tabakas\u0131n\u0131n eritilmesiyle tel halata g\u00fcvenli bir \u015fekilde ba\u011flan\u0131r. Bu, maksimum g\u00fc\u00e7, dayan\u0131kl\u0131l\u0131k ve \u0131s\u0131 direnci sa\u011flar. Vakumlu lehimleme tekni\u011fi metal\u00fcrjik bir ba\u011f olu\u015fturarak \u00e7al\u0131\u015fma s\u0131ras\u0131nda segment kayb\u0131 riskini ortadan kald\u0131r\u0131r.<\/p>\n<h2 style=\"color: steelblue;\">Vakum Kaynakl\u0131 Elmas Halat Telinin Avantajlar\u0131:<\/h2>\n<h3>a. Ola\u011fan\u00fcst\u00fc Kesme Performans\u0131:<\/h3>\n<p>Vakum Kaynakl\u0131 Elmas Halat Tel, \u00fcst\u00fcn kesme performans\u0131 sunarak hassas ve verimli ta\u015f i\u015fleme olana\u011f\u0131 sa\u011flar. Elmas segmentler s\u00fcrekli kesme i\u015flemi sa\u011flayarak p\u00fcr\u00fczs\u00fcz ve do\u011fru kesimler elde edilmesini sa\u011flar.<\/p>\n<h3>b. \u00c7ok y\u00f6nl\u00fcl\u00fck:<\/h3>\n<p>\u00c7elik tel halat\u0131n esnek yap\u0131s\u0131, \u00e7ok \u00e7e\u015fitli ta\u015f malzemeler \u00fczerinde karma\u015f\u0131k profil olu\u015fturma, kavisli kesimler ve konturlamaya olanak tan\u0131r. Bu \u00e7ok y\u00f6nl\u00fcl\u00fck, Vakum Kaynakl\u0131 Elmas Halat Teli mimari detayland\u0131rma, an\u0131t yap\u0131m\u0131 ve tezgah imalat\u0131 dahil olmak \u00fczere \u00e7e\u015fitli uygulamalar i\u00e7in ideal bir se\u00e7im haline getirir.<\/p>\n<h3>c. Uzun \u00f6m\u00fcrl\u00fcl\u00fck:<\/h3>\n<p>Vakumlu lehimleme i\u015flemi, elmas segmentler ve tel halat aras\u0131nda g\u00fcvenli bir ba\u011f sa\u011flayarak aletin uzun \u00f6m\u00fcrl\u00fcl\u00fc\u011f\u00fcn\u00fc \u00f6nemli \u00f6l\u00e7\u00fcde art\u0131r\u0131r. Bu, performanstan veya segment kayb\u0131ndan \u00f6d\u00fcn vermeden uzun s\u00fcreli kullan\u0131ma olanak tan\u0131yarak maliyet tasarrufu ve verimlilik art\u0131\u015f\u0131 sa\u011flar.<\/p>\n<h3>d. Is\u0131 Direnci:<\/h3>\n<p>Vakum Lehimli Elmas Halat Teli m\u00fckemmel \u0131s\u0131 direnci sergileyerek hem \u0131slak hem de kuru kesme uygulamalar\u0131 i\u00e7in uygun hale getirir. Vakum lehimli ba\u011flama tekni\u011fi, kesme s\u0131ras\u0131nda olu\u015fan \u0131s\u0131y\u0131 etkili bir \u015fekilde da\u011f\u0131tarak a\u015f\u0131r\u0131 \u0131s\u0131 nedeniyle elmas taneciklerinin hasar g\u00f6rme riskini en aza indirir.<\/p>\n<h3>e. Azalt\u0131lm\u0131\u015f Yontma ve Titre\u015fimler:<\/h3>\n<p>Vakum Kaynakl\u0131 Elmas Halat Telin s\u00fcrekli kesme hareketi, elmas segmentlerin hassasiyeti ile birle\u015fti\u011finde, kesme s\u0131ras\u0131nda tala\u015f ve titre\u015fimleri en aza indirir. Bu da temiz ve p\u00fcr\u00fczs\u00fcz kesimlerle sonu\u00e7lanarak ek parlatma ihtiyac\u0131n\u0131 azalt\u0131r ve malzeme israf\u0131n\u0131 en aza indirir.<\/p>\n<h2 style=\"color: steelblue;\">Uygulamalar:<\/h2>\n<p>Vakum Kaynakl\u0131 Elmas Halat Teli, ta\u015f i\u015fleme end\u00fcstrisinde a\u015fa\u011f\u0131dakiler de dahil olmak \u00fczere kapsaml\u0131 uygulamalar bulur:<br \/>\n- Granit, mermer, kire\u00e7ta\u015f\u0131 ve di\u011fer do\u011fal ta\u015flar\u0131n kesilmesi ve profillerinin \u00e7\u0131kar\u0131lmas\u0131.<br \/>\n- Mimari elemanlar i\u00e7in ta\u015f malzemelerin \u015fekillendirilmesi ve yontulmas\u0131.<br \/>\n- Ta\u015f oca\u011f\u0131 i\u015fletmecili\u011fi ve b\u00fcy\u00fck ta\u015f bloklar\u0131n \u00e7\u0131kar\u0131lmas\u0131.<br \/>\n- Ta\u015f y\u00fczeyler \u00fczerinde karma\u015f\u0131k tasar\u0131mlar ve desenler olu\u015fturmak.<\/p>\n<p>Vakum Lehimli Elmas Halat Tel, elmas alet teknolojisinde \u00f6nemli bir ilerlemeyi temsil eder ve ola\u011fan\u00fcst\u00fc kesme performans\u0131, \u00e7ok y\u00f6nl\u00fcl\u00fck, uzun \u00f6m\u00fcrl\u00fcl\u00fck, \u0131s\u0131 direnci ve daha az tala\u015f sunar. Benzersiz yap\u0131s\u0131 ve \u00e7al\u0131\u015fma prensipleri onu ta\u015f kesme, profil olu\u015fturma ve \u015fekillendirme i\u00e7in son derece etkili bir ara\u00e7 haline getirerek hassas ve verimli sonu\u00e7lar sa\u011flar. Ta\u015f i\u015fleme end\u00fcstrisi geli\u015fmeye devam ederken, Vakum Kaynakl\u0131 Elmas Halat Teli \u00f6n planda yer almakta ve profesyonellerin yeni i\u015f\u00e7ilik ve \u00fcretkenlik seviyelerine ula\u015fmas\u0131n\u0131 sa\u011flamaktad\u0131r.<\/p>\n<h2 style=\"color: steelblue;\">Elmas Kumu Se\u00e7imi:<\/h2>\n<p>Vakum Kaynakl\u0131 Elmas Halat Telin performans\u0131 ve verimlili\u011fi, elmas kumun kalitesine ve se\u00e7imine ba\u011fl\u0131d\u0131r. \u00d6zel kesim gereksinimlerine uygun farkl\u0131 elmas kum boyutlar\u0131 mevcuttur. Daha ince kum boyutlar\u0131 daha d\u00fczg\u00fcn kesimler ve parlatma uygulamalar\u0131 i\u00e7in uygunken, daha kaba kum boyutlar\u0131 daha h\u0131zl\u0131 malzeme kald\u0131rma i\u00e7in idealdir.<\/p>\n<h2 style=\"color: steelblue;\">Tel Halat \u00c7e\u015fitleri:<\/h2>\n<p>Vakum Kaynakl\u0131 Elmas Halat Teli, farkl\u0131 kesme ihtiya\u00e7lar\u0131n\u0131 kar\u015f\u0131lamak i\u00e7in \u00e7e\u015fitli tel halat konfig\u00fcrasyonlar\u0131nda mevcuttur. Tel halat\u0131n \u00e7ap\u0131 ve tel say\u0131s\u0131 de\u011fi\u015febilir, bu da istenen uygulamaya ve kesilen ta\u015f malzemenin sertli\u011fine g\u00f6re \u00f6zelle\u015ftirmeye olanak tan\u0131r.<\/p>\n<h2 style=\"color: steelblue;\">Islak ve Kuru Kesim:<\/h2>\n<p>Vakum Kaynakl\u0131 Elmas Halat Teli hem \u0131slak hem de kuru kesme i\u015flemleri i\u00e7in kullan\u0131labilir. Islak kesim, kesme performans\u0131n\u0131 art\u0131rmak, tozu azaltmak ve \u0131s\u0131y\u0131 da\u011f\u0131tmak i\u00e7in su veya so\u011futucu kullan\u0131m\u0131n\u0131 i\u00e7erir. Kuru kesim, su kullan\u0131m\u0131n\u0131n m\u00fcmk\u00fcn olmad\u0131\u011f\u0131 veya istenmedi\u011fi belirli uygulamalar i\u00e7in uygundur. Vakum Kaynakl\u0131 Elmas Halat Telin \u0131s\u0131 direnci, performanstan veya tak\u0131m \u00f6mr\u00fcnden \u00f6d\u00fcn vermeden etkili kuru kesime olanak tan\u0131r.<\/p>\n<h2 style=\"color: steelblue;\">Bak\u0131m ve Depolama:<\/h2>\n<p>Vakum Kaynakl\u0131 Elmas Halat Telin kullan\u0131m \u00f6mr\u00fcn\u00fc ve performans\u0131n\u0131 en \u00fcst d\u00fczeye \u00e7\u0131karmak i\u00e7in uygun bak\u0131m ve depolama \u015fartt\u0131r. Kullan\u0131mdan sonra, kesme verimlili\u011fini etkileyebilecek her t\u00fcrl\u00fc kal\u0131nt\u0131 veya art\u0131\u011f\u0131 gidermek i\u00e7in aletin temizlenmesi \u00f6nerilir. Korozyonu ve elmas segmentlerin hasar g\u00f6rmesini \u00f6nlemek i\u00e7in alet kuru ve temiz bir ortamda saklanmal\u0131d\u0131r.<\/p>\n<h2 style=\"color: steelblue;\">G\u00fcvenlik Hususlar\u0131:<\/h2>\n<p>Vakum Kaynakl\u0131 Elmas Halat Tel ile \u00e7al\u0131\u015f\u0131rken g\u00fcvenli\u011fe \u00f6ncelik vermek \u00f6nemlidir. Operat\u00f6rler, koruyucu g\u00f6zl\u00fck, eldiven ve i\u015fitme korumas\u0131 dahil olmak \u00fczere uygun ki\u015fisel koruyucu ekipman (KKE) kullanmal\u0131d\u0131r. Ayr\u0131ca, optimum performans sa\u011flamak ve tak\u0131m hasar\u0131n\u0131 \u00f6nlemek i\u00e7in \u00f6nerilen kesme h\u0131zlar\u0131na ve ilerleme h\u0131zlar\u0131na uyulmas\u0131 \u00e7ok \u00f6nemlidir.<\/p>\n<h2 style=\"color: steelblue;\">Kalite G\u00fcvencesi ve Standartlar:<\/h2>\n<p>En y\u00fcksek kalite ve performans\u0131 sa\u011flamak i\u00e7in, Vakum Kaynakl\u0131 Elmas Halat Telinin end\u00fcstri standartlar\u0131na ve kalite kontrol s\u00fcre\u00e7lerine uyan sayg\u0131n \u00fcreticilerden temin edilmesi tavsiye edilir. Kaliteli elmas aletler, end\u00fcstri spesifikasyonlar\u0131n\u0131 kar\u015f\u0131lamak veya a\u015fmak i\u00e7in titiz test ve incelemelerden ge\u00e7erek g\u00fcvenilirlik ve tutarl\u0131 performans sa\u011flar.<\/p>\n<h2 style=\"color: steelblue;\">S\u00fcrekli Ara\u015ft\u0131rma ve Geli\u015ftirme:<\/h2>\n<p>Vakum Kaynakl\u0131 Elmas Halat Teli de dahil olmak \u00fczere elmas tak\u0131m teknolojisi alan\u0131, devam eden ara\u015ft\u0131rma ve geli\u015ftirme \u00e7abalar\u0131yla geli\u015fmeye devam etmektedir. \u00dcreticiler kesme verimlili\u011fini, tak\u0131m \u00f6mr\u00fcn\u00fc ve \u00e7ok y\u00f6nl\u00fcl\u00fc\u011f\u00fc daha da art\u0131rmak i\u00e7in s\u00fcrekli olarak yeni elmas form\u00fclasyonlar\u0131, yap\u0131\u015ft\u0131rma teknikleri ve tak\u0131m tasar\u0131mlar\u0131 ara\u015ft\u0131rmaktad\u0131r. Sekt\u00f6rdeki en son geli\u015fmelerden haberdar olmak, profesyonellerin bilin\u00e7li kararlar vermesine ve bu aletlerin t\u00fcm potansiyelinden yararlanmas\u0131na yard\u0131mc\u0131 olabilir.<\/p>\n<p>Vakum Kaynakl\u0131 Elmas Halat Telin g\u00fcc\u00fcn\u00fc kullanarak, ta\u015f i\u015fleme end\u00fcstrisindeki profesyoneller \u00e7ok \u00e7e\u015fitli ta\u015f malzemeler \u00fczerinde hassas kesimler, karma\u015f\u0131k profil olu\u015fturma ve \u00fcst\u00fcn y\u00fczeyler elde edebilir. Bu geli\u015fmi\u015f alet, ta\u015f kesme ve \u015fekillendirmenin s\u0131n\u0131rlar\u0131n\u0131 zorlamaya devam ederek geli\u015fmi\u015f verimlilik, \u00e7ok y\u00f6nl\u00fcl\u00fck ve maliyet etkinli\u011fi sunuyor.<\/p>\n<p>Bizim avantajlar\u0131m\u0131z:<\/p>\n<p>1. Y\u00fcksek verimli, g\u00fcvenli, d\u00fc\u015f\u00fck g\u00fcr\u00fclt\u00fcl\u00fc, daha az tozlu ve \u00e7evre dostu.<\/p>\n<p>2. K\u00fc\u00e7\u00fck yuva ile iyi kesim.<\/p>\n<p>3. \u00c7al\u0131\u015fma s\u0131ras\u0131nda az say\u0131da k\u0131r\u0131lma raito, b\u00f6ylece sa\u011flam \u00f6m\u00fcr.<\/p>\n<p>4. Profesyonel m\u00fchendisler, deneyimli i\u015f\u00e7iler, s\u0131k\u0131 kalite kontrol sistemi, en kaliteli malzeme vb. istikrarl\u0131 kaliteyi sa\u011flar.<\/p>\n<p>5. Di\u011fer \u00f6zellikler talep \u00fczerine temin edilebilir.<\/p>\n<table border=\"1\">\n<tbody>\n<tr>\n<td>\u00dcr\u00fcnler<\/td>\n<td>Uygulama<\/td>\n<td>\u00c7ap (mm)<\/td>\n<td>Sabit y\u00f6ntem<\/td>\n<\/tr>\n<tr>\n<td rowspan=\"2\">Vakum lehimli wrie testere<\/td>\n<td>Mermer, kire\u00e7ta\u015f\u0131, traverten oca\u011f\u0131 i\u00e7in<\/td>\n<td>11.0<\/td>\n<td>bahar<\/td>\n<\/tr>\n<tr>\n<td>Mermer, kire\u00e7ta\u015f\u0131, traverten blok kareleme i\u00e7in<\/td>\n<td>11.0<\/td>\n<td>bahar<\/td>\n<\/tr>\n<tr>\n<td rowspan=\"3\">Granit i\u00e7in elmas tel testere, Sinterlenmi\u015f<\/td>\n<td>Ta\u015f oca\u011f\u0131 i\u00e7in<\/td>\n<td>11.5<\/td>\n<td>kau\u00e7uk<\/td>\n<\/tr>\n<tr>\n<td>Squarring i\u00e7in<\/td>\n<td>11.0<\/td>\n<td>plastik<\/td>\n<\/tr>\n<tr>\n<td>Profil olu\u015fturmak i\u00e7in<\/td>\n<td>8.8<\/td>\n<td>plastik<\/td>\n<\/tr>\n<tr>\n<td rowspan=\"3\">Mermer i\u00e7in elmas tel testere, Sinterlenmi\u015f<\/td>\n<td>Ta\u015f oca\u011f\u0131 i\u00e7in<\/td>\n<td>11.0<\/td>\n<td>bahar<\/td>\n<\/tr>\n<tr>\n<td>Ta\u015f oca\u011f\u0131 i\u00e7in<\/td>\n<td>11.0<\/td>\n<td>plastik<\/td>\n<\/tr>\n<tr>\n<td>Profil olu\u015fturmak i\u00e7in<\/td>\n<td>8.8<\/td>\n<td>plastik<\/td>\n<\/tr>\n<\/tbody>\n<\/table>","protected":false},"excerpt":{"rendered":"<p>Vakum Lehimli Elmas Halat Teli, \u00e7elik tel halat i\u00e7ine yerle\u015ftirilmi\u015f y\u00fcksek kaliteli elmas segmentlerden olu\u015fan \u00f6zel bir kesme aletidir. Elmas segmentler, elmas kum ile tel halat aras\u0131nda g\u00fc\u00e7l\u00fc ve g\u00fcvenilir bir ba\u011flant\u0131 sa\u011flayan vakumlu lehimleme i\u015flemiyle titizlikle halata ba\u011flan\u0131r. Vakumlu lehimleme i\u015flemi s\u0131ras\u0131nda, elmas tanecikleri ve tel aras\u0131ndaki bo\u015fluklar\u0131 dolduran bir metal ala\u015f\u0131m tabakas\u0131 eritilerek elmas segmentleri tel halata g\u00fcvenli bir \u015fekilde ba\u011flan\u0131r. Bu, maksimum g\u00fc\u00e7, dayan\u0131kl\u0131l\u0131k ve \u0131s\u0131 direnci sa\u011flar. Vakumlu lehimleme tekni\u011fi metal\u00fcrjik bir ba\u011f olu\u015fturarak \u00e7al\u0131\u015fma s\u0131ras\u0131nda segment kayb\u0131 riskini ortadan kald\u0131r\u0131r.<\/p>\n<a href=\"#Quote-Button\" class=\"button primary is-large Inquiry-Button\" style=\"border-radius:99px;\">\n\t<i class=\"icon-heart\" aria-hidden=\"true\"><\/i>\t<span>\u015eimdi Sorgula<\/span>\n\t<\/a>","protected":false},"featured_media":1444,"template":"","meta":[],"product_brand":[],"product_cat":[61],"product_tag":[69,66],"class_list":{"0":"post-1449","1":"product","2":"type-product","3":"status-publish","4":"has-post-thumbnail","6":"product_cat-diamond-wire-saw","7":"product_tag-diamond-wire-saw","8":"product_tag-vacuum-brazed-stone-tools","10":"first","11":"instock","12":"shipping-taxable","13":"product-type-simple"},"aioseo_notices":[],"_links":{"self":[{"href":"https:\/\/xmstonetools.com\/tr\/wp-json\/wp\/v2\/product\/1449","targetHints":{"allow":["GET"]}}],"collection":[{"href":"https:\/\/xmstonetools.com\/tr\/wp-json\/wp\/v2\/product"}],"about":[{"href":"https:\/\/xmstonetools.com\/tr\/wp-json\/wp\/v2\/types\/product"}],"wp:featuredmedia":[{"embeddable":true,"href":"https:\/\/xmstonetools.com\/tr\/wp-json\/wp\/v2\/media\/1444"}],"wp:attachment":[{"href":"https:\/\/xmstonetools.com\/tr\/wp-json\/wp\/v2\/media?parent=1449"}],"wp:term":[{"taxonomy":"product_brand","embeddable":true,"href":"https:\/\/xmstonetools.com\/tr\/wp-json\/wp\/v2\/product_brand?post=1449"},{"taxonomy":"product_cat","embeddable":true,"href":"https:\/\/xmstonetools.com\/tr\/wp-json\/wp\/v2\/product_cat?post=1449"},{"taxonomy":"product_tag","embeddable":true,"href":"https:\/\/xmstonetools.com\/tr\/wp-json\/wp\/v2\/product_tag?post=1449"}],"curies":[{"name":"wp","href":"https:\/\/api.w.org\/{rel}","templated":true}]}}