{"id":1455,"date":"2022-12-01T19:36:44","date_gmt":"2022-12-01T11:36:44","guid":{"rendered":"https:\/\/xmstonetools.com\/?post_type=product&#038;p=1455"},"modified":"2023-07-07T14:59:24","modified_gmt":"2023-07-07T06:59:24","slug":"metal-bag-granit-taslama-plakasi","status":"publish","type":"product","link":"https:\/\/xmstonetools.com\/tr\/urun\/metal-bag-granit-taslama-plakasi\/","title":{"rendered":"Metal Bond Granit Ta\u015flama Plakas\u0131"},"content":{"rendered":"<p>Elmas ta\u015f aletler, ta\u015f i\u015fleme end\u00fcstrisinde \u00e7ok \u00f6nemli bir rol oynayarak m\u00fckemmel y\u00fczeylerin ve hassas kesimlerin olu\u015fturulmas\u0131n\u0131 sa\u011flar. Kullan\u0131lan \u00e7e\u015fitli aletler aras\u0131nda metal ba\u011flay\u0131c\u0131l\u0131 granit ta\u015flama plakalar\u0131, granit y\u00fczeylerin ta\u015flanmas\u0131 ve parlat\u0131lmas\u0131 i\u00e7in temel bile\u015fenler olarak \u00f6ne \u00e7\u0131kmaktad\u0131r. Bu makalede, metal ba\u011flay\u0131c\u0131l\u0131 granit ta\u015flama plakalar\u0131n\u0131n kapsaml\u0131 ayr\u0131nt\u0131lar\u0131na girecek, yap\u0131lar\u0131n\u0131, faydalar\u0131n\u0131 ve uygulamalar\u0131n\u0131 inceleyece\u011fiz.<\/p>\n<h2 style=\"color: steelblue;\">1. Metal Ba\u011f Granit Ta\u015flama Plakalar\u0131n\u0131n Yap\u0131m\u0131:<\/h2>\n<p>Metal ba\u011f granit ta\u015flama plakalar\u0131, bir metal ba\u011f matrisi, elmas segmentler ve bir \u00e7elik veya al\u00fcminyum plakadan olu\u015fan titizlikle tasarlanm\u0131\u015f aletlerdir. Metal ba\u011f matrisi, elmas segmentleri g\u00fcvenli bir \u015fekilde yerinde tutan bir ba\u011flay\u0131c\u0131 g\u00f6revi g\u00f6r\u00fcr. Matrisin i\u00e7ine g\u00f6m\u00fcl\u00fc elmas segmentler, granit y\u00fczeyin ta\u015flanmas\u0131, parlat\u0131lmas\u0131 ve \u015fekillendirilmesinden sorumlu olan sentetik veya do\u011fal elmaslar i\u00e7erir.<\/p>\n<figure id=\"attachment_1453\" aria-describedby=\"caption-attachment-1453\" style=\"width: 1000px\" class=\"wp-caption aligncenter\"><img loading=\"lazy\" decoding=\"async\" class=\"size-full wp-image-1453\" src=\"https:\/\/xmstonetools.com\/wp-content\/uploads\/2022\/12\/Metal-Bond-Granite-Grinding-Plate-3.jpg\" alt=\"Metal Bond Granit Ta\u015flama Plakas\u0131-3\" width=\"1000\" height=\"1000\" srcset=\"https:\/\/xmstonetools.com\/wp-content\/uploads\/2022\/12\/Metal-Bond-Granite-Grinding-Plate-3.jpg 1000w, https:\/\/xmstonetools.com\/wp-content\/uploads\/2022\/12\/Metal-Bond-Granite-Grinding-Plate-3-400x400.jpg 400w, https:\/\/xmstonetools.com\/wp-content\/uploads\/2022\/12\/Metal-Bond-Granite-Grinding-Plate-3-800x800.jpg 800w, https:\/\/xmstonetools.com\/wp-content\/uploads\/2022\/12\/Metal-Bond-Granite-Grinding-Plate-3-280x280.jpg 280w, https:\/\/xmstonetools.com\/wp-content\/uploads\/2022\/12\/Metal-Bond-Granite-Grinding-Plate-3-768x768.jpg 768w, https:\/\/xmstonetools.com\/wp-content\/uploads\/2022\/12\/Metal-Bond-Granite-Grinding-Plate-3-300x300.jpg 300w, https:\/\/xmstonetools.com\/wp-content\/uploads\/2022\/12\/Metal-Bond-Granite-Grinding-Plate-3-600x600.jpg 600w, https:\/\/xmstonetools.com\/wp-content\/uploads\/2022\/12\/Metal-Bond-Granite-Grinding-Plate-3-100x100.jpg 100w, https:\/\/xmstonetools.com\/wp-content\/uploads\/2022\/12\/Metal-Bond-Granite-Grinding-Plate-3-120x120.jpg 120w\" sizes=\"auto, (max-width: 1000px) 100vw, 1000px\" \/><figcaption id=\"caption-attachment-1453\" class=\"wp-caption-text\">Metal Bond Granit Ta\u015flama Plakas\u0131-3<\/figcaption><\/figure>\n<h2 style=\"color: steelblue;\">2. Metal Bond Granit Ta\u015flama Plakalar\u0131n\u0131n Faydalar\u0131:<\/h2>\n<h3>a. Ola\u011fan\u00fcst\u00fc Dayan\u0131kl\u0131l\u0131k:<\/h3>\n<p>Metal ba\u011flay\u0131c\u0131l\u0131 granit ta\u015flama plakalar\u0131 ola\u011fan\u00fcst\u00fc dayan\u0131kl\u0131l\u0131klar\u0131yla bilinir ve a\u011f\u0131r hizmet uygulamalar\u0131 i\u00e7in uygundur. Sa\u011flam metal ba\u011f matrisi, y\u00fcksek ta\u015flama bas\u0131n\u00e7lar\u0131na etkili bir \u015fekilde dayan\u0131r ve di\u011fer ta\u015flama plakalar\u0131na k\u0131yasla daha uzun bir kullan\u0131m \u00f6mr\u00fc sa\u011flar.<\/p>\n<h3>b. Y\u00fcksek \u00d6\u011f\u00fctme Verimlili\u011fi:<\/h3>\n<p>Metal ba\u011f matrisi ve elmas segmentlerin kombinasyonu \u00fcst\u00fcn ta\u015flama verimlili\u011fi sa\u011flar. Segmentlere g\u00f6m\u00fcl\u00fc elmas par\u00e7ac\u0131klar\u0131 keskin kesme kenarlar\u0131 olu\u015fturarak verimli malzeme kald\u0131rma sa\u011flar ve granit y\u00fczeylerin ta\u015flanmas\u0131 i\u00e7in gereken s\u00fcreyi azalt\u0131r.<\/p>\n<h3>c. Tutarl\u0131 Performans:<\/h3>\n<p>Metal ba\u011f granit ta\u015flama plakalar\u0131 kullan\u0131m \u00f6m\u00fcrleri boyunca tutarl\u0131 ve g\u00fcvenilir performans sunar. Hassas m\u00fchendislik tasar\u0131m\u0131, elmas segmentlerin e\u015fit \u015fekilde a\u015f\u0131nmas\u0131n\u0131 sa\u011flayarak tutarl\u0131 bir ta\u015flama modeli sa\u011flar ve y\u00fczey d\u00fczensizliklerini en aza indirir.<\/p>\n<h3>d. \u00c7ok y\u00f6nl\u00fcl\u00fck:<\/h3>\n<p>Metal bond granit ta\u015flama plakalar\u0131 \u00e7ok \u00e7e\u015fitli uygulamalar i\u00e7in uygundur. Kaba ta\u015flama, ince ta\u015flama ve parlatma i\u00e7in kullan\u0131labilirler ve profesyonellerin granit tezgahlar, zeminler, duvarlar ve di\u011fer mimari elemanlar \u00fczerinde \u00e7e\u015fitli seviyelerde y\u00fczey kalitesi elde etmelerini sa\u011flarlar.<\/p>\n<figure id=\"attachment_1452\" aria-describedby=\"caption-attachment-1452\" style=\"width: 1000px\" class=\"wp-caption aligncenter\"><img loading=\"lazy\" decoding=\"async\" class=\"size-full wp-image-1452\" src=\"https:\/\/xmstonetools.com\/wp-content\/uploads\/2022\/12\/Metal-Bond-Granite-Grinding-Plate-2.jpg\" alt=\"Metal Bond Granit Ta\u015flama Plakas\u0131-2\" width=\"1000\" height=\"1000\" srcset=\"https:\/\/xmstonetools.com\/wp-content\/uploads\/2022\/12\/Metal-Bond-Granite-Grinding-Plate-2.jpg 1000w, https:\/\/xmstonetools.com\/wp-content\/uploads\/2022\/12\/Metal-Bond-Granite-Grinding-Plate-2-400x400.jpg 400w, https:\/\/xmstonetools.com\/wp-content\/uploads\/2022\/12\/Metal-Bond-Granite-Grinding-Plate-2-800x800.jpg 800w, https:\/\/xmstonetools.com\/wp-content\/uploads\/2022\/12\/Metal-Bond-Granite-Grinding-Plate-2-280x280.jpg 280w, https:\/\/xmstonetools.com\/wp-content\/uploads\/2022\/12\/Metal-Bond-Granite-Grinding-Plate-2-768x768.jpg 768w, https:\/\/xmstonetools.com\/wp-content\/uploads\/2022\/12\/Metal-Bond-Granite-Grinding-Plate-2-300x300.jpg 300w, https:\/\/xmstonetools.com\/wp-content\/uploads\/2022\/12\/Metal-Bond-Granite-Grinding-Plate-2-600x600.jpg 600w, https:\/\/xmstonetools.com\/wp-content\/uploads\/2022\/12\/Metal-Bond-Granite-Grinding-Plate-2-100x100.jpg 100w, https:\/\/xmstonetools.com\/wp-content\/uploads\/2022\/12\/Metal-Bond-Granite-Grinding-Plate-2-120x120.jpg 120w\" sizes=\"auto, (max-width: 1000px) 100vw, 1000px\" \/><figcaption id=\"caption-attachment-1452\" class=\"wp-caption-text\">Metal Bond Granit Ta\u015flama Plakas\u0131-2<\/figcaption><\/figure>\n<h2 style=\"color: steelblue;\">3. Metal Bond Granit Ta\u015flama Plakalar\u0131n\u0131n Uygulamalar\u0131:<\/h2>\n<h3>a. Granit Tezgah \u0130malat\u0131:<\/h3>\n<p>Metal ba\u011f granit ta\u015flama plakalar\u0131, granit tezgahlar\u0131n imalat\u0131nda yayg\u0131n olarak kullan\u0131lmaktad\u0131r. Granit kenarlar\u0131n\u0131n \u015fekillendirilmesine ve p\u00fcr\u00fczs\u00fczle\u015ftirilmesine, hassas e\u011fimler olu\u015fturulmas\u0131na ve istenen finisaj\u0131n elde edilmesine yard\u0131mc\u0131 olurlar.<\/p>\n<h3>b. Ta\u015f D\u00f6\u015feme Restorasyonu:<\/h3>\n<p>Granit zeminlerin onar\u0131lmas\u0131 ve parlat\u0131lmas\u0131 i\u00e7in metal ba\u011f granit ta\u015flama plakalar\u0131 vazge\u00e7ilmezdir. \u00c7izikleri, lekeleri ve p\u00fcr\u00fczleri etkili bir \u015fekilde gidererek p\u00fcr\u00fczs\u00fcz, parlak bir y\u00fczey elde edilmesini sa\u011flarlar.<\/p>\n<h3>c. Mimari Ta\u015f Oymac\u0131l\u0131\u011f\u0131:<\/h3>\n<p>Metal ba\u011f granit ta\u015flama plakalar\u0131, karma\u015f\u0131k tasar\u0131mlar\u0131n ve detaylar\u0131n granite oyuldu\u011fu mimari ta\u015f oyma projelerinde kullan\u0131l\u0131r. Bu plakalar ta\u015f\u0131n hassas bir \u015fekilde \u015fekillendirilmesine ve rafine edilmesine yard\u0131mc\u0131 olarak genel sanatsal \u00e7ekicili\u011fi art\u0131r\u0131r.<\/p>\n<h3>d. An\u0131t \u0130malat\u0131:<\/h3>\n<p>Granit an\u0131tlar\u0131n \u00fcretiminde kullan\u0131lan metal ba\u011f granit ta\u015flama plakalar\u0131, do\u011fru \u015fekillendirme ve karma\u015f\u0131k detayland\u0131rma sa\u011flar.<\/p>\n<p>Metal ba\u011f granit ta\u015flama plakalar\u0131, ta\u015f elmas aletlerin verimlili\u011fine ve hassasiyetine \u00f6nemli \u00f6l\u00e7\u00fcde katk\u0131da bulunan bir dizi avantaj sunar. Dayan\u0131kl\u0131l\u0131klar\u0131, y\u00fcksek ta\u015flama verimlilikleri, tutarl\u0131 performanslar\u0131 ve \u00e7ok y\u00f6nl\u00fcl\u00fckleri onlar\u0131 ta\u015f i\u015fleme end\u00fcstrisindeki profesyoneller i\u00e7in vazge\u00e7ilmez bir ara\u00e7 haline getirir. \u0130ster tezgah imalat\u0131, ister ta\u015f d\u00f6\u015feme restorasyonu, mimari ta\u015f oymac\u0131l\u0131\u011f\u0131 veya an\u0131t imalat\u0131 olsun, metal ba\u011f granit ta\u015flama plakalar\u0131 ola\u011fan\u00fcst\u00fc sonu\u00e7lar elde edilmesinde ve granit y\u00fczeylerin do\u011fal g\u00fczelli\u011finin ortaya \u00e7\u0131kar\u0131lmas\u0131nda hayati bir rol oynar.<\/p>\n<figure id=\"attachment_1450\" aria-describedby=\"caption-attachment-1450\" style=\"width: 750px\" class=\"wp-caption aligncenter\"><img loading=\"lazy\" decoding=\"async\" class=\"size-full wp-image-1450\" src=\"https:\/\/xmstonetools.com\/wp-content\/uploads\/2022\/12\/Metal-Bond-Granite-Grinding-Plate-Application.jpg\" alt=\"Metal Bond Granit Ta\u015flama Plakas\u0131 Uygulamas\u0131\" width=\"750\" height=\"1356\" srcset=\"https:\/\/xmstonetools.com\/wp-content\/uploads\/2022\/12\/Metal-Bond-Granite-Grinding-Plate-Application.jpg 750w, https:\/\/xmstonetools.com\/wp-content\/uploads\/2022\/12\/Metal-Bond-Granite-Grinding-Plate-Application-221x400.jpg 221w, https:\/\/xmstonetools.com\/wp-content\/uploads\/2022\/12\/Metal-Bond-Granite-Grinding-Plate-Application-442x800.jpg 442w, https:\/\/xmstonetools.com\/wp-content\/uploads\/2022\/12\/Metal-Bond-Granite-Grinding-Plate-Application-600x1085.jpg 600w\" sizes=\"auto, (max-width: 750px) 100vw, 750px\" \/><figcaption id=\"caption-attachment-1450\" class=\"wp-caption-text\">Metal Bond Granit Ta\u015flama Plakas\u0131 Uygulamas\u0131<\/figcaption><\/figure>\n<p>Kesinlikle! \u0130\u015fte metal ba\u011f granit ta\u015flama plakalar\u0131 hakk\u0131nda baz\u0131 ek ayr\u0131nt\u0131lar:<\/p>\n<h2 style=\"color: steelblue;\">4. Metal Ba\u011f T\u00fcrleri:<\/h2>\n<p>Metal ba\u011flay\u0131c\u0131l\u0131 granit ta\u015flama plakalar\u0131, \u00e7e\u015fitli ta\u015flama gereksinimlerini kar\u015f\u0131lamak i\u00e7in farkl\u0131 varyasyonlarda mevcuttur. Bu plakalarda kullan\u0131lan iki ana metal ba\u011f t\u00fcr\u00fc \u015funlard\u0131r:<\/p>\n<h3>a. Yumu\u015fak Metal Ba\u011f:<\/h3>\n<p>Yumu\u015fak metal ba\u011f plakalar\u0131 daha iyi tak\u0131m esnekli\u011fi sa\u011flamak \u00fczere tasarlanm\u0131\u015ft\u0131r, bu da onlar\u0131 daha yumu\u015fak granit ta\u015flama veya ilk kaba ta\u015flama i\u00e7in ideal hale getirir. Daha yumu\u015fak ba\u011f, malzemenin daha h\u0131zl\u0131 kald\u0131r\u0131lmas\u0131n\u0131 sa\u011flar ve elmas segmentlerin t\u0131kanmas\u0131n\u0131 \u00f6nlemeye yard\u0131mc\u0131 olur.<\/p>\n<h3>b. Sert Metal Ba\u011f:<\/h3>\n<p>Sert metal ba\u011f plakalar\u0131, daha sert granitlerin ta\u015flanmas\u0131 veya daha ince parlatma uygulamalar\u0131 i\u00e7in tercih edilir. Geli\u015fmi\u015f stabilite ve daha uzun \u00f6m\u00fcr sunarak daha hassas ta\u015flama ve parlatma sonu\u00e7lar\u0131 sa\u011flarlar.<\/p>\n<h2 style=\"color: steelblue;\">5. Kum Boyutlar\u0131:<\/h2>\n<p>Metal bond granit ta\u015flama plakalar\u0131, ta\u015flama i\u015fleminin kabal\u0131\u011f\u0131n\u0131 veya inceli\u011fini belirleyen farkl\u0131 kum boyutlar\u0131nda gelir. Yayg\u0131n kum boyutlar\u0131 30\/40, 50\/60, 100\/120, 200\/220, 400\/500 ve \u00f6tesini i\u00e7erir. Daha kaba kumlar tipik olarak y\u00fczey kusurlar\u0131n\u0131 gidermek i\u00e7in ilk ta\u015flamada kullan\u0131l\u0131rken, daha ince kumlar parlatma ve daha p\u00fcr\u00fczs\u00fcz bir y\u00fczey elde etmek i\u00e7in kullan\u0131l\u0131r.<\/p>\n<h2 style=\"color: steelblue;\">6. Segment \u015eekilleri:<\/h2>\n<p>Metal ba\u011f granit ta\u015flama plakalar\u0131 \u00fczerindeki elmas segmentler yuvarlak, dikd\u00f6rtgen ve ok \u015feklinde olmak \u00fczere \u00e7e\u015fitli \u015fekillerde mevcuttur. Segment \u015feklinin se\u00e7imi, \u00f6zel ta\u015flama gereksinimlerine ve istenen sonuca ba\u011fl\u0131d\u0131r. Farkl\u0131 segment \u015fekilleri farkl\u0131 seviyelerde agresiflik, hassasiyet ve \u00e7ok y\u00f6nl\u00fcl\u00fck sa\u011flayabilir.<\/p>\n<figure id=\"attachment_1451\" aria-describedby=\"caption-attachment-1451\" style=\"width: 1000px\" class=\"wp-caption aligncenter\"><img loading=\"lazy\" decoding=\"async\" class=\"size-full wp-image-1451\" src=\"https:\/\/xmstonetools.com\/wp-content\/uploads\/2022\/12\/Metal-Bond-Granite-Grinding-Plate.jpg\" alt=\"Metal Bond Granit Ta\u015flama Plakas\u0131\" width=\"1000\" height=\"1000\" srcset=\"https:\/\/xmstonetools.com\/wp-content\/uploads\/2022\/12\/Metal-Bond-Granite-Grinding-Plate.jpg 1000w, https:\/\/xmstonetools.com\/wp-content\/uploads\/2022\/12\/Metal-Bond-Granite-Grinding-Plate-400x400.jpg 400w, https:\/\/xmstonetools.com\/wp-content\/uploads\/2022\/12\/Metal-Bond-Granite-Grinding-Plate-800x800.jpg 800w, https:\/\/xmstonetools.com\/wp-content\/uploads\/2022\/12\/Metal-Bond-Granite-Grinding-Plate-280x280.jpg 280w, https:\/\/xmstonetools.com\/wp-content\/uploads\/2022\/12\/Metal-Bond-Granite-Grinding-Plate-768x768.jpg 768w, https:\/\/xmstonetools.com\/wp-content\/uploads\/2022\/12\/Metal-Bond-Granite-Grinding-Plate-300x300.jpg 300w, https:\/\/xmstonetools.com\/wp-content\/uploads\/2022\/12\/Metal-Bond-Granite-Grinding-Plate-600x600.jpg 600w, https:\/\/xmstonetools.com\/wp-content\/uploads\/2022\/12\/Metal-Bond-Granite-Grinding-Plate-100x100.jpg 100w, https:\/\/xmstonetools.com\/wp-content\/uploads\/2022\/12\/Metal-Bond-Granite-Grinding-Plate-120x120.jpg 120w\" sizes=\"auto, (max-width: 1000px) 100vw, 1000px\" \/><figcaption id=\"caption-attachment-1451\" class=\"wp-caption-text\">Metal Bond Granit Ta\u015flama Plakas\u0131<\/figcaption><\/figure>\n<h2 style=\"color: steelblue;\">7. Islak ve Kuru \u00d6\u011f\u00fctme:<\/h2>\n<p>Metal ba\u011f granit ta\u015flama plakalar\u0131 hem \u0131slak hem de kuru ta\u015flama uygulamalar\u0131 i\u00e7in kullan\u0131labilir. Islak ta\u015flama genellikle tozu azaltmak ve ta\u015flama i\u015flemi s\u0131ras\u0131nda olu\u015fan \u0131s\u0131y\u0131 kontrol etmek i\u00e7in kullan\u0131l\u0131r. Ayr\u0131ca elmas segmentlerin a\u015f\u0131r\u0131 \u0131s\u0131nmas\u0131n\u0131 \u00f6nleyerek \u00f6mr\u00fcn\u00fc uzatmaya yard\u0131mc\u0131 olur. Kuru ta\u015flama, su kullan\u0131m\u0131n\u0131n istenmedi\u011fi veya uygulanabilir olmad\u0131\u011f\u0131 durumlarda uygundur, ancak daha fazla toz \u00fcretebilir ve yeterli toz emme sistemleri gerektirebilir.<\/p>\n<h2 style=\"color: steelblue;\">8. Bak\u0131m ve Koruma:<\/h2>\n<p>Metal bond granit ta\u015flama plakalar\u0131n\u0131n optimum performans\u0131n\u0131 ve uzun \u00f6m\u00fcrl\u00fc olmas\u0131n\u0131 sa\u011flamak i\u00e7in uygun bak\u0131m ve \u00f6zen \u015fartt\u0131r. \u0130\u015fte baz\u0131 \u00f6nemli bak\u0131m ipu\u00e7lar\u0131:<br \/>\n- \u00d6\u011f\u00fctme verimlili\u011fini etkileyebilecek kal\u0131nt\u0131lar\u0131 veya bulama\u00e7 birikimini gidermek i\u00e7in plakalar\u0131 d\u00fczenli olarak temizleyin.<br \/>\n- Elmas segmentlerini a\u015f\u0131nma a\u00e7\u0131s\u0131ndan inceleyin ve tutarl\u0131 performans\u0131 korumak i\u00e7in gerekti\u011finde de\u011fi\u015ftirin.<br \/>\n- Korozyonu ve hasar\u0131 \u00f6nlemek i\u00e7in plakalar\u0131 kuru ve korumal\u0131 bir alanda saklay\u0131n.<br \/>\n- D\u00f6nme h\u0131z\u0131, bas\u0131n\u00e7 ve so\u011futma s\u0131v\u0131s\u0131 kullan\u0131m\u0131 gibi \u00e7al\u0131\u015fma parametreleri i\u00e7in \u00fcreticinin y\u00f6nergelerini izleyin.<\/p>\n<p>Bu bak\u0131m uygulamalar\u0131n\u0131 takip ederek metal ba\u011f granit ta\u015flama plakalar\u0131n\u0131n \u00f6mr\u00fcn\u00fc ve verimlili\u011fini en \u00fcst d\u00fczeye \u00e7\u0131karabilir, ta\u015f i\u015fleme operasyonlar\u0131n\u0131z\u0131 optimize edebilirsiniz.<\/p>\n<p>Metal bond granit ta\u015flama plakalar\u0131, ta\u015f i\u015fleme end\u00fcstrisinde vazge\u00e7ilmez ara\u00e7lard\u0131r ve profesyonellere granit y\u00fczeylerde hassas ta\u015flama, \u015fekillendirme ve parlatma sonu\u00e7lar\u0131 elde etme olana\u011f\u0131 sa\u011flar. Dayan\u0131kl\u0131l\u0131klar\u0131, \u00e7ok y\u00f6nl\u00fcl\u00fckleri ve tutarl\u0131 performanslar\u0131, onlar\u0131 y\u00fcksek kaliteli ta\u015f elmas aletler arayan profesyoneller i\u00e7in tercih edilen bir se\u00e7enek haline getirmektedir.<\/p>\n<figure id=\"attachment_1454\" aria-describedby=\"caption-attachment-1454\" style=\"width: 750px\" class=\"wp-caption aligncenter\"><img loading=\"lazy\" decoding=\"async\" class=\"size-full wp-image-1454\" src=\"https:\/\/xmstonetools.com\/wp-content\/uploads\/2022\/12\/Metal-Bond-Granite-Grinding-Plate-4.jpg\" alt=\"Metal Bond Granit Ta\u015flama Plakas\u0131-4\" width=\"750\" height=\"1125\" srcset=\"https:\/\/xmstonetools.com\/wp-content\/uploads\/2022\/12\/Metal-Bond-Granite-Grinding-Plate-4.jpg 750w, https:\/\/xmstonetools.com\/wp-content\/uploads\/2022\/12\/Metal-Bond-Granite-Grinding-Plate-4-267x400.jpg 267w, https:\/\/xmstonetools.com\/wp-content\/uploads\/2022\/12\/Metal-Bond-Granite-Grinding-Plate-4-533x800.jpg 533w, https:\/\/xmstonetools.com\/wp-content\/uploads\/2022\/12\/Metal-Bond-Granite-Grinding-Plate-4-600x900.jpg 600w\" sizes=\"auto, (max-width: 750px) 100vw, 750px\" \/><figcaption id=\"caption-attachment-1454\" class=\"wp-caption-text\">Metal Bond Granit Ta\u015flama Plakas\u0131-4<\/figcaption><\/figure>\n<table class=\"aliDataTable\" style=\"height: 485px;\" width=\"640\">\n<tbody>\n<tr align=\"left\">\n<td valign=\"top\">\u00dcr\u00fcn Ad\u0131<\/td>\n<td valign=\"top\">200mm Metal Bond Elmas Ta\u015flama Diski Ta\u015flama Plakas\u0131<\/td>\n<\/tr>\n<tr align=\"left\">\n<td valign=\"top\">Cesaret<\/td>\n<td valign=\"top\">50#\u00a0 100#\u00a0 200#\u00a0 400#<\/td>\n<\/tr>\n<tr align=\"left\">\n<td valign=\"top\">\u00c7ap<\/td>\n<td valign=\"top\">\u00a0200 mm<\/td>\n<\/tr>\n<tr align=\"left\">\n<td valign=\"top\">Teknoloji<\/td>\n<td valign=\"top\">Y\u00fcksek frekans kaynakl\u0131<\/td>\n<\/tr>\n<tr align=\"left\">\n<td valign=\"top\">Kalite Kontrol:<\/td>\n<td valign=\"top\">\u00a01. S\u0131k\u0131 Hammadde denetimi<\/p>\n<p>2. Profesyonel form\u00fcl<\/p>\n<p>3. \u00dcretim s\u00fcreci kontrol\u00fc<\/p>\n<p>4. Kullan\u0131m fonksiyonundan emin olmak i\u00e7in baz\u0131 testler yap\u0131n<\/p>\n<p>5. \u00dcr\u00fcnler kesinlikle denetimden ge\u00e7er<\/td>\n<\/tr>\n<\/tbody>\n<\/table>","protected":false},"excerpt":{"rendered":"<p>Metal ba\u011f granit ta\u015flama plakas\u0131n\u0131n \u00f6zellikleri<\/p>\n<p>-\u00c7al\u0131\u015fma Ko\u015fullar\u0131: Islak Kullan\u0131m;<br \/>\n-Ba\u011f Malzemesi ve A\u015f\u0131nd\u0131r\u0131c\u0131 Malzeme: Oksalik asit<\/p>\n<p>-Uygulanabilir Makine: Otomatik Parlatma Makinesi Hatt\u0131<br \/>\n- Kum : 5-Ekstra, 10-Ekstra<br \/>\n-Kal\u0131nl\u0131k ve Uzunluk: 15 mm Kal\u0131nl\u0131k; L140mm Uzunluk<br \/>\n-Ba\u011flant\u0131 T\u00fcr\u00fc : Frankfurt Ba\u011flant\u0131s\u0131<br \/>\n-Cilalama Malzemesi: Granit; Mermer, Kire\u00e7ta\u015f\u0131, Kumta\u015f\u0131, vb;<\/p>\n<a class=\"button primary is-large popmake-1134\" style=\"border-radius:99px;\">\n\t<i class=\"icon-heart\" aria-hidden=\"true\"><\/i>\t<span>Soru\u015fturma<\/span>\n\t<\/a>","protected":false},"featured_media":1451,"template":"","meta":[],"product_brand":[],"product_cat":[56],"product_tag":[83],"class_list":{"0":"post-1455","1":"product","2":"type-product","3":"status-publish","4":"has-post-thumbnail","6":"product_cat-stone-grinding-tools","7":"product_tag-grinding-cup-wheel","9":"first","10":"instock","11":"shipping-taxable","12":"product-type-simple"},"aioseo_notices":[],"_links":{"self":[{"href":"https:\/\/xmstonetools.com\/tr\/wp-json\/wp\/v2\/product\/1455","targetHints":{"allow":["GET"]}}],"collection":[{"href":"https:\/\/xmstonetools.com\/tr\/wp-json\/wp\/v2\/product"}],"about":[{"href":"https:\/\/xmstonetools.com\/tr\/wp-json\/wp\/v2\/types\/product"}],"wp:featuredmedia":[{"embeddable":true,"href":"https:\/\/xmstonetools.com\/tr\/wp-json\/wp\/v2\/media\/1451"}],"wp:attachment":[{"href":"https:\/\/xmstonetools.com\/tr\/wp-json\/wp\/v2\/media?parent=1455"}],"wp:term":[{"taxonomy":"product_brand","embeddable":true,"href":"https:\/\/xmstonetools.com\/tr\/wp-json\/wp\/v2\/product_brand?post=1455"},{"taxonomy":"product_cat","embeddable":true,"href":"https:\/\/xmstonetools.com\/tr\/wp-json\/wp\/v2\/product_cat?post=1455"},{"taxonomy":"product_tag","embeddable":true,"href":"https:\/\/xmstonetools.com\/tr\/wp-json\/wp\/v2\/product_tag?post=1455"}],"curies":[{"name":"wp","href":"https:\/\/api.w.org\/{rel}","templated":true}]}}