{"id":1462,"date":"2022-12-02T14:23:49","date_gmt":"2022-12-02T06:23:49","guid":{"rendered":"https:\/\/xmstonetools.com\/?post_type=product&#038;p=1462"},"modified":"2023-07-06T09:55:59","modified_gmt":"2023-07-06T01:55:59","slug":"granit-yuzey-taslama-parlatma-icin-recine-bag-plakasi","status":"publish","type":"product","link":"https:\/\/xmstonetools.com\/tr\/urun\/granit-yuzey-taslama-parlatma-icin-recine-bag-plakasi\/","title":{"rendered":"Granit Y\u00fczey Ta\u015flama Parlatma i\u00e7in Re\u00e7ine Ba\u011f Plakas\u0131"},"content":{"rendered":"<p>Giri\u015f:<\/p>\n<p>Ta\u015f elmas aletler d\u00fcnyas\u0131nda, parlatma i\u015fleminde devrim yaratan bir \u00fcr\u00fcn Ta\u015f Re\u00e7ine Parlatma Plakas\u0131d\u0131r. \u0130leri teknolojisi ve ola\u011fan\u00fcst\u00fc performans\u0131yla bu plaka, ta\u015f end\u00fcstrisindeki profesyonel \u00fcreticiler i\u00e7in vazge\u00e7ilmez bir ara\u00e7 haline gelmi\u015ftir. Bu makalede, Ta\u015f Re\u00e7ine Parlatma Plakas\u0131n\u0131n \u00f6zelliklerini, faydalar\u0131n\u0131 ve uygulamalar\u0131n\u0131 ke\u015ffederek kapsaml\u0131 ayr\u0131nt\u0131lar\u0131na girece\u011fiz.<\/p>\n<h2 style=\"color: steelblue;\">I. Ta\u015f Re\u00e7ine Parlatma Plakas\u0131 Nedir?<\/h2>\n<p>Ta\u015f Re\u00e7ine Parlatma Plakas\u0131, \u00e7e\u015fitli ta\u015f y\u00fczeyler i\u00e7in parlatma i\u015flemini geli\u015ftirmek \u00fczere tasarlanm\u0131\u015f hassas m\u00fchendislik \u00fcr\u00fcn\u00fc bir ara\u00e7t\u0131r. Granit, mermer, kuvars ve i\u015flenmi\u015f ta\u015f gibi ta\u015flar\u0131n verimli ve etkili bir \u015fekilde parlat\u0131lmas\u0131n\u0131 sa\u011flayan y\u00fcksek kaliteli elmaslarla a\u015f\u0131lanm\u0131\u015f bir re\u00e7ine matrisinden olu\u015fur. Plaka, istenen finisaj\u0131 elde etmek i\u00e7in tipik olarak bir parlatma makinesi veya \u00f6\u011f\u00fct\u00fcc\u00fc ile birlikte kullan\u0131l\u0131r.<\/p>\n<h2 style=\"color: steelblue;\">II. \u00d6zellikler ve Yap\u0131:<\/h2>\n<h3>1. Re\u00e7ine Matrisi:<\/h3>\n<p>Ta\u015f Re\u00e7ine Parlatma Plakas\u0131nda kullan\u0131lan re\u00e7ine matrisi, optimum performans ve dayan\u0131kl\u0131l\u0131k sa\u011flamak i\u00e7in \u00f6zel olarak form\u00fcle edilmi\u015ftir. Elmas par\u00e7ac\u0131klar\u0131 i\u00e7in ba\u011flay\u0131c\u0131 bir madde g\u00f6revi g\u00f6r\u00fcr ve plakan\u0131n y\u00fczeyinde e\u015fit da\u011f\u0131l\u0131m\u0131n\u0131 sa\u011flar. Re\u00e7ine matrisi ayr\u0131ca cilalama i\u015flemi s\u0131ras\u0131nda titre\u015fimlerin emilmesine yard\u0131mc\u0131 olarak operat\u00f6r yorgunlu\u011funu azalt\u0131r.<\/p>\n<h3>2. Elmas Kumu:<\/h3>\n<p>Re\u00e7ine matrisine g\u00f6m\u00fcl\u00fc elmas par\u00e7ac\u0131klar\u0131, kabadan inceye kadar de\u011fi\u015fen \u00e7e\u015fitli kum boyutlar\u0131nda gelir. Bu, ilk ta\u015flama i\u00e7in daha agresif kumlardan ba\u015flayarak ve y\u00fcksek parlakl\u0131kta bir y\u00fczey elde etmek i\u00e7in daha ince kumlara ge\u00e7erek a\u015famal\u0131 parlatma sa\u011flar. Plaka \u00fczerindeki elmaslar\u0131n kalitesi ve da\u011f\u0131l\u0131m\u0131, genel kesme ve parlatma verimlili\u011fine katk\u0131da bulunur.<\/p>\n<h3>3. Destek Malzemesi:<\/h3>\n<p>Ta\u015f Re\u00e7ine Parlatma Plakas\u0131, \u00e7al\u0131\u015fma s\u0131ras\u0131nda stabilite ve sa\u011flaml\u0131k sa\u011flamak i\u00e7in tipik olarak al\u00fcminyum veya \u00e7elik gibi sert bir destek malzemesi \u00fczerine monte edilir. Bu destek malzemesi, cilalama i\u015flemi \u00fczerinde hassas kontrol sa\u011flayarak tutarl\u0131 ve tek tip sonu\u00e7lar elde edilmesini sa\u011flar.<\/p>\n<h2 style=\"color: steelblue;\">III. Faydalar ve Avantajlar:<\/h2>\n<h3>1. Ola\u011fan\u00fcst\u00fc Parlatma Performans\u0131:<\/h3>\n<p>Y\u00fcksek kaliteli elmaslar ve iyi tasarlanm\u0131\u015f re\u00e7ine matrisinin birle\u015fimi ola\u011fan\u00fcst\u00fc parlatma performans\u0131 sa\u011flar. Ta\u015f Re\u00e7ine Parlatma Plakas\u0131, ta\u015f y\u00fczeylerdeki \u00e7izikleri, lekeleri ve kusurlar\u0131 etkili bir \u015fekilde gidererek geride p\u00fcr\u00fczs\u00fcz ve parlak bir y\u00fczey b\u0131rak\u0131r.<\/p>\n<h3>2. \u00c7ok y\u00f6nl\u00fcl\u00fck:<\/h3>\n<p>Ta\u015f Re\u00e7ine Parlatma Plakas\u0131 \u00e7e\u015fitli ta\u015f t\u00fcrleriyle uyumludur, bu da onu \u00fcreticiler ve imalat\u00e7\u0131lar i\u00e7in \u00e7ok y\u00f6nl\u00fc bir ara\u00e7 haline getirir. Granit tezgahlar\u0131n, mermer zeminlerin, kuvars plakalar\u0131n ve di\u011fer bir\u00e7ok ta\u015f uygulamas\u0131n\u0131n parlat\u0131lmas\u0131nda kullan\u0131labilir ve \u00e7ok \u00e7e\u015fitli m\u00fc\u015fteri ihtiya\u00e7lar\u0131n\u0131 kar\u015f\u0131lar.<\/p>\n<h3>3. Uzun \u00d6m\u00fcrl\u00fcl\u00fck ve Maliyet Etkinli\u011fi:<\/h3>\n<p>Plakada kullan\u0131lan \u00fcst\u00fcn kaliteli elmaslar ve sa\u011flam re\u00e7ine matrisi sayesinde Ta\u015f Re\u00e7ine Parlatma Plakas\u0131 m\u00fckemmel dayan\u0131kl\u0131l\u0131k ve uzun \u00f6m\u00fcr sunar. Uzun kullan\u0131m \u00f6mr\u00fc, \u00fcreticiler i\u00e7in maliyet tasarrufu anlam\u0131na gelir, \u00e7\u00fcnk\u00fc s\u0131k s\u0131k de\u011fi\u015ftirmeden uzun bir s\u00fcre boyunca tutarl\u0131 sonu\u00e7lar elde edebilirler.<\/p>\n<h3>4. Kullan\u0131c\u0131 dostu tasar\u0131m:<\/h3>\n<p>Ta\u015f Re\u00e7ine Parlatma Plakas\u0131 kullan\u0131m kolayl\u0131\u011f\u0131 d\u00fc\u015f\u00fcn\u00fclerek tasarlanm\u0131\u015ft\u0131r. \u00c7o\u011fu polisaj makinesi ve ta\u015flama makinesi ile uyumlulu\u011fu, mevcut i\u015f ak\u0131\u015flar\u0131na sorunsuz bir entegrasyon sa\u011flar. Ayr\u0131ca, plakan\u0131n d\u00fczg\u00fcn ve istikrarl\u0131 performans\u0131, operat\u00f6rlerin \u00f6\u011frenme e\u011frisini en aza indirerek minimum \u00e7abayla optimum sonu\u00e7lar elde etmelerini sa\u011flar.<\/p>\n<h2 style=\"color: steelblue;\">IV. Uygulamalar:<\/h2>\n<p>Ta\u015f Re\u00e7ine Parlatma Plakas\u0131, ta\u015f end\u00fcstrisinde a\u015fa\u011f\u0131dakiler de dahil olmak \u00fczere kapsaml\u0131 uygulamalar bulur:<\/p>\n<h3>1. Ta\u015f \u0130malat\u0131:<\/h3>\n<p>Ta\u015f levhalar\u0131n, tezgahlar\u0131n, b\u00e2t\u0131lalar\u0131n ve di\u011fer mimari elemanlar\u0131n \u015fekillendirilmesi ve cilalanmas\u0131nda yayg\u0131n olarak kullan\u0131l\u0131r.<\/p>\n<h3>2. Restorasyon ve Bak\u0131m:<\/h3>\n<p>Plaka, y\u0131pranm\u0131\u015f veya hasar g\u00f6rm\u00fc\u015f ta\u015f y\u00fczeylerin parlakl\u0131k ve parlakl\u0131\u011f\u0131n\u0131 geri kazand\u0131rmaya yard\u0131mc\u0131 olarak ta\u015f bak\u0131m profesyonelleri i\u00e7in etkili bir \u00e7\u00f6z\u00fcm sunar.<\/p>\n<h3>3. Kendin Yap Projeleri:<\/h3>\n<p>Kullan\u0131c\u0131 dostu tasar\u0131m\u0131 ile Ta\u015f Re\u00e7ine Parlatma Plakas\u0131, zemin, masa \u00fcst\u00fc ve dekoratif \u00f6\u011feler gibi kendi ta\u015f y\u00fczeylerini parlatmak isteyen DIY merakl\u0131lar\u0131 i\u00e7in de uygundur.<\/p>\n<p>Ta\u015f Re\u00e7ine Parlatma Plakas\u0131, ta\u015f elmas aletler d\u00fcnyas\u0131nda ezber bozan bir \u00fcr\u00fcnd\u00fcr. Y\u00fcksek kaliteli elmaslarla a\u015f\u0131lanm\u0131\u015f bir re\u00e7ine matrisine sahip geli\u015fmi\u015f yap\u0131s\u0131, ola\u011fan\u00fcst\u00fc parlatma performans\u0131, \u00e7ok y\u00f6nl\u00fcl\u00fck, uzun \u00f6m\u00fcrl\u00fcl\u00fck ve kullan\u0131m kolayl\u0131\u011f\u0131 sa\u011flar. \u00c7e\u015fitli ta\u015f t\u00fcrlerinin ve uygulamalar\u0131n\u0131n \u00fcstesinden gelme kabiliyetiyle bu plaka, ta\u015f end\u00fcstrisindeki profesyonel \u00fcreticiler ve imalat\u00e7\u0131lar i\u00e7in vazge\u00e7ilmez bir ara\u00e7 haline gelmi\u015ftir. Ta\u015f imalat\u0131, restorasyonu, bak\u0131m\u0131 ve hatta kendin yap projeleri i\u00e7in olsun, Ta\u015f Re\u00e7ine Parlatma Plakas\u0131, ta\u015f y\u00fczeylerde kusursuz y\u00fczeyler elde etmek i\u00e7in nihai \u00e7\u00f6z\u00fcm olarak duruyor.<\/p>\n<h2 style=\"color: steelblue;\">1. Geli\u015fmi\u015f Parlatma Teknolojisi:<\/h2>\n<p>Ta\u015f Re\u00e7ine Parlatma Plakalar\u0131, parlatma verimlili\u011fini ve etkinli\u011fini en \u00fcst d\u00fczeye \u00e7\u0131karmak i\u00e7in ileri teknolojiden yararlan\u0131r. Hassas bir \u015fekilde form\u00fcle edilmi\u015f re\u00e7ine matrisi ve y\u00fcksek kaliteli elmas par\u00e7ac\u0131klar\u0131n\u0131n kombinasyonu, \u00fcst\u00fcn bir kesme ve parlatma i\u015flemi sa\u011flayarak ola\u011fan\u00fcst\u00fc y\u00fczey finisajlar\u0131 elde edilmesini sa\u011flar.<\/p>\n<h2 style=\"color: steelblue;\">2. \u00d6zelle\u015ftirilebilir Kum Se\u00e7enekleri:<\/h2>\n<p>Ta\u015f Re\u00e7ine Parlatma Plakalar\u0131, farkl\u0131 parlatma gereksinimlerine uygun \u00e7ok \u00e7e\u015fitli kum se\u00e7enekleri sunar. \u00dcreticiler ilk ta\u015flama ve tala\u015f kald\u0131rma i\u00e7in kaba kumlar, ara parlatma i\u00e7in orta kumlar ve y\u00fcksek parlakl\u0131kta bir finisaj elde etmek i\u00e7in ince kumlar aras\u0131ndan se\u00e7im yapabilir. Bu esneklik, belirli ta\u015f t\u00fcr\u00fcne, durumuna ve istenen sonuca g\u00f6re \u00f6zelle\u015ftirmeye olanak tan\u0131r.<\/p>\n<h2 style=\"color: steelblue;\">3. Tutarl\u0131 ve Tekd\u00fcze Sonu\u00e7lar:<\/h2>\n<p>Elmaslar\u0131n re\u00e7ine matrisi i\u00e7inde e\u015fit da\u011f\u0131l\u0131m\u0131, t\u00fcm y\u00fczey boyunca tutarl\u0131 parlatma sonu\u00e7lar\u0131 sa\u011flar. Bu, d\u00fczensiz veya yamal\u0131 y\u00fczey riskini ortadan kald\u0131rarak cilal\u0131 ta\u015f \u00fczerinde tek tip bir g\u00f6r\u00fcn\u00fcm sa\u011flar. Plakalar kullan\u0131m \u00f6m\u00fcrleri boyunca performanslar\u0131n\u0131 korur ve \u00f6ng\u00f6r\u00fclebilir sonu\u00e7lar verir.<\/p>\n<h2 style=\"color: steelblue;\">4. Islak ve Kuru Parlatma Yetenekleri:<\/h2>\n<p>Ta\u015f Re\u00e7ine Parlatma Plakalar\u0131 hem \u0131slak hem de kuru parlatma y\u00f6ntemleri i\u00e7in tasarlanm\u0131\u015ft\u0131r. Islak cilalamada \u0131s\u0131 olu\u015fumunu en aza indirmek i\u00e7in ya\u011flay\u0131c\u0131 ve so\u011futucu olarak su kullan\u0131l\u0131rken, kuru cilalamada i\u015flem s\u0131ras\u0131nda toz ve d\u00f6k\u00fcnt\u00fcleri gidermek i\u00e7in vakum sistemleri kullan\u0131l\u0131r. Bu \u00e7ok y\u00f6nl\u00fcl\u00fck, \u00fcreticilerin tercihlerine ve \u00f6zel proje gereksinimlerine g\u00f6re en uygun y\u00f6ntemi se\u00e7melerine olanak tan\u0131r.<\/p>\n<h2 style=\"color: steelblue;\">5. \u00c7e\u015fitli Polisaj Makineleri ile Uyumluluk:<\/h2>\n<p>Ta\u015f Re\u00e7ine Parlatma Plakalar\u0131, piyasada bulunan \u00e7ok \u00e7e\u015fitli parlatma makineleri ve ta\u015flama makineleri ile uyumludur. Bu makinelere kolayca tak\u0131labilir ve sabitlenebilirler, b\u00f6ylece mevcut i\u015f ak\u0131\u015flar\u0131na sorunsuz bir entegrasyon sa\u011flarlar. Bu uyumluluk, \u00fcretkenli\u011fi ve verimlili\u011fi art\u0131rarak \u00fcreticilerin daha k\u0131sa s\u00fcrede en iyi sonu\u00e7lar\u0131 elde etmesini sa\u011flar.<\/p>\n<h2 style=\"color: steelblue;\">6. \u00c7evre Dostu:<\/h2>\n<p>Ta\u015f Re\u00e7ine Parlatma Plakalar\u0131 \u00e7evresel hususlar g\u00f6z \u00f6n\u00fcnde bulundurularak tasarlanm\u0131\u015ft\u0131r. Plakalar genellikle at\u0131klar\u0131 en aza indiren ve \u00e7evresel etkiyi azaltan \u00e7evre dostu malzemeler ve s\u00fcre\u00e7ler kullan\u0131larak \u00fcretilir. Ayr\u0131ca, bu plakalar\u0131n uzun \u00f6m\u00fcrl\u00fcl\u00fc\u011f\u00fc ve dayan\u0131kl\u0131l\u0131\u011f\u0131, genel at\u0131k \u00fcretiminin azalt\u0131lmas\u0131na katk\u0131da bulunarak \u00fcreticiler i\u00e7in s\u00fcrd\u00fcr\u00fclebilir bir se\u00e7im haline getirir.<\/p>\n<h2 style=\"color: steelblue;\">7. G\u00fcvenlik \u00d6zellikleri:<\/h2>\n<p>Bir\u00e7ok Ta\u015f Re\u00e7ine Parlatma Plakas\u0131, parlatma i\u015flemi s\u0131ras\u0131nda operat\u00f6rleri korumak i\u00e7in g\u00fcvenlik \u00f6zellikleriyle donat\u0131lm\u0131\u015ft\u0131r. Bu \u00f6zellikler aras\u0131nda titre\u015fim azaltma teknolojisi, kaymay\u0131 \u00f6nleyici kaplamalar ve dengeyi art\u0131rmak ve kaza veya yaralanma riskini azaltmak i\u00e7in g\u00fc\u00e7lendirilmi\u015f destek malzemeleri yer alabilir.<\/p>\n<h2 style=\"color: steelblue;\">8. Kalite G\u00fcvencesi:<\/h2>\n<p>Sayg\u0131n Ta\u015f Re\u00e7ine Parlatma Plakas\u0131 \u00fcreticileri s\u0131k\u0131 kalite kontrol \u00f6nlemlerine ba\u011fl\u0131d\u0131r. Her bir plakan\u0131n end\u00fcstri standartlar\u0131n\u0131 kar\u015f\u0131lad\u0131\u011f\u0131ndan ve g\u00fcvenilir performans sundu\u011fundan emin olmak i\u00e7in titiz testler ve incelemeler yaparlar. G\u00fcvenilir \u00fcreticilerin \u00fcr\u00fcnlerini se\u00e7mek, kullan\u0131c\u0131lar i\u00e7in tutarl\u0131 kalite ve g\u00f6n\u00fcl rahatl\u0131\u011f\u0131 sa\u011flar.<\/p>\n<p>\u00d6zetle, Ta\u015f Re\u00e7ine Parlatma Plakalar\u0131 ileri teknoloji, \u00e7ok y\u00f6nl\u00fcl\u00fck, tutarl\u0131 sonu\u00e7lar ve \u00e7e\u015fitli parlatma makineleriyle uyumluluk sunar. Hem \u0131slak hem de kuru cilalama y\u00f6ntemleri i\u00e7in uygundurlar, s\u00fcrd\u00fcr\u00fclebilirli\u011fi te\u015fvik ederler ve g\u00fcvenlik \u00f6zellikleri i\u00e7erirler. Ta\u015f end\u00fcstrisindeki profesyoneller, g\u00fcvenilir \u00fcreticilerin y\u00fcksek kaliteli plakalar\u0131n\u0131 se\u00e7erek cilalama s\u00fcre\u00e7lerini geli\u015ftirebilir, \u00fcretkenli\u011fi art\u0131rabilir ve \u00e7ok \u00e7e\u015fitli ta\u015f y\u00fczeylerde \u00e7arp\u0131c\u0131 y\u00fczeyler elde edebilir.<\/p>\n<p align=\"left\"><strong><span data-spm-anchor-id=\"a2700.details.0.i34.37c76502Y8v8ln\">\u00d6zellikler:<\/span><\/strong><\/p>\n<p align=\"left\">\u00c7in \u00dcretimi Ta\u015flama Kupas\u0131 Kenar Elmas Re\u00e7ine Ta\u015flama Plakas\u0131n\u0131n normal \u00f6zellikleri<strong>:<\/strong><\/p>\n<table border=\"0\" width=\"669\" cellspacing=\"0\" cellpadding=\"0\">\n<tbody>\n<tr>\n<td width=\"140\">\n<p align=\"center\">Kod No.<\/p>\n<\/td>\n<td width=\"142\">\n<p align=\"center\">\u00c7ap<\/p>\n<\/td>\n<td width=\"165\">\n<p align=\"center\">Kum No.<\/p>\n<\/td>\n<td width=\"122\">\n<p align=\"center\">Geri<\/p>\n<\/td>\n<td width=\"101\">\n<p align=\"center\">Tip<\/p>\n<\/td>\n<\/tr>\n<tr>\n<td width=\"140\">\n<p align=\"center\">BW-DPW-03-01<\/p>\n<\/td>\n<td width=\"142\">\n<p align=\"center\" data-spm-anchor-id=\"a2700.details.0.i6.37c76502Y8v8ln\">100mm (4\u2033)<\/p>\n<\/td>\n<td rowspan=\"6\" width=\"165\" data-spm-anchor-id=\"a2700.details.0.i13.37c76502Y8v8ln\">\n<p align=\"center\"><span data-spm-anchor-id=\"a2700.details.0.i12.37c76502Y8v8ln\">500# 800# 1500#<\/span><\/p>\n<\/td>\n<td rowspan=\"6\" width=\"122\">\n<p align=\"center\">Velcro veya Vida Delikli Plastik<\/p>\n<\/td>\n<td rowspan=\"6\" width=\"101\">\n<p align=\"center\"><span data-spm-anchor-id=\"a2700.details.0.i5.37c76502Y8v8ln\">Re\u00e7ine Ba\u011f<\/span><\/p>\n<\/td>\n<\/tr>\n<tr>\n<td width=\"140\">\n<p align=\"center\">BW-DPW-03-02<\/p>\n<\/td>\n<td width=\"142\">\n<p align=\"center\"><span data-spm-anchor-id=\"a2700.details.0.i7.37c76502Y8v8ln\">125mm (5\u2033)<\/span><\/p>\n<\/td>\n<\/tr>\n<tr>\n<td width=\"140\">\n<p align=\"center\">BW-DPW-03-03<\/p>\n<\/td>\n<td width=\"142\">\n<p align=\"center\"><span data-spm-anchor-id=\"a2700.details.0.i8.37c76502Y8v8ln\">150mm (6\u2033)<\/span><\/p>\n<\/td>\n<\/tr>\n<tr>\n<td width=\"140\">\n<p align=\"center\">BW-DPW-03-04<\/p>\n<\/td>\n<td width=\"142\">\n<p align=\"center\"><span data-spm-anchor-id=\"a2700.details.0.i9.37c76502Y8v8ln\">180mm (7\u2033)<\/span><\/p>\n<\/td>\n<\/tr>\n<tr>\n<td width=\"140\">\n<p align=\"center\">BW-DPW-03-05<\/p>\n<\/td>\n<td width=\"142\">\n<p align=\"center\"><span data-spm-anchor-id=\"a2700.details.0.i10.37c76502Y8v8ln\">200mm (8\u2033)<\/span><\/p>\n<\/td>\n<\/tr>\n<tr>\n<td width=\"140\">\n<p align=\"center\">BW-DPW-03-06<\/p>\n<\/td>\n<td width=\"142\">\n<p align=\"center\"><span data-spm-anchor-id=\"a2700.details.0.i11.37c76502Y8v8ln\">250mm (10\u2033)<\/span><\/p>\n<\/td>\n<\/tr>\n<\/tbody>\n<\/table>\n<p>Yukar\u0131daki \u00f6zellikler sadece m\u00fc\u015fteriler i\u00e7in bir referanst\u0131r. Di\u011fer \u00f6zellikler m\u00fc\u015fteriler taraf\u0131ndan sipari\u015f edilebilir.<\/p>","protected":false},"excerpt":{"rendered":"<p align=\"left\">Ta\u015f elmas aletler d\u00fcnyas\u0131nda, parlatma i\u015fleminde devrim yaratan bir \u00fcr\u00fcn Ta\u015f Re\u00e7ine Parlatma Plakas\u0131d\u0131r. \u0130leri teknolojisi ve ola\u011fan\u00fcst\u00fc performans\u0131yla bu plaka, ta\u015f end\u00fcstrisindeki profesyonel \u00fcreticiler i\u00e7in vazge\u00e7ilmez bir ara\u00e7 haline gelmi\u015ftir. Bu makalede, Ta\u015f Re\u00e7ine Parlatma Plakas\u0131n\u0131n \u00f6zelliklerini, faydalar\u0131n\u0131 ve uygulamalar\u0131n\u0131 ke\u015ffederek kapsaml\u0131 ayr\u0131nt\u0131lar\u0131na girece\u011fiz. Ta\u015f Re\u00e7ine Parlatma Plakas\u0131, \u00e7e\u015fitli ta\u015f y\u00fczeyler i\u00e7in parlatma i\u015flemini geli\u015ftirmek \u00fczere tasarlanm\u0131\u015f hassas m\u00fchendislik \u00fcr\u00fcn\u00fc bir ara\u00e7t\u0131r. Granit, mermer, kuvars ve i\u015flenmi\u015f ta\u015f gibi ta\u015flar\u0131n verimli ve etkili bir \u015fekilde parlat\u0131lmas\u0131n\u0131 sa\u011flayan y\u00fcksek kaliteli elmaslarla a\u015f\u0131lanm\u0131\u015f bir re\u00e7ine matrisinden olu\u015fur. Plaka, istenen finisaj\u0131 elde etmek i\u00e7in tipik olarak bir parlatma makinesi veya \u00f6\u011f\u00fct\u00fcc\u00fc ile birlikte kullan\u0131l\u0131r.<\/p>\n<a href=\"#Quote-Button\" class=\"button primary is-large Inquiry-Button\" style=\"border-radius:99px;\">\n\t<i class=\"icon-heart\" aria-hidden=\"true\"><\/i>\t<span>\u015eimdi Sorgula<\/span>\n\t<\/a>","protected":false},"featured_media":1458,"template":"","meta":[],"product_brand":[],"product_cat":[56],"product_tag":[97,83],"class_list":{"0":"post-1462","1":"product","2":"type-product","3":"status-publish","4":"has-post-thumbnail","6":"product_cat-stone-grinding-tools","7":"product_tag-granite-surface-polishing","8":"product_tag-grinding-cup-wheel","10":"first","11":"instock","12":"shipping-taxable","13":"product-type-simple"},"aioseo_notices":[],"_links":{"self":[{"href":"https:\/\/xmstonetools.com\/tr\/wp-json\/wp\/v2\/product\/1462","targetHints":{"allow":["GET"]}}],"collection":[{"href":"https:\/\/xmstonetools.com\/tr\/wp-json\/wp\/v2\/product"}],"about":[{"href":"https:\/\/xmstonetools.com\/tr\/wp-json\/wp\/v2\/types\/product"}],"wp:featuredmedia":[{"embeddable":true,"href":"https:\/\/xmstonetools.com\/tr\/wp-json\/wp\/v2\/media\/1458"}],"wp:attachment":[{"href":"https:\/\/xmstonetools.com\/tr\/wp-json\/wp\/v2\/media?parent=1462"}],"wp:term":[{"taxonomy":"product_brand","embeddable":true,"href":"https:\/\/xmstonetools.com\/tr\/wp-json\/wp\/v2\/product_brand?post=1462"},{"taxonomy":"product_cat","embeddable":true,"href":"https:\/\/xmstonetools.com\/tr\/wp-json\/wp\/v2\/product_cat?post=1462"},{"taxonomy":"product_tag","embeddable":true,"href":"https:\/\/xmstonetools.com\/tr\/wp-json\/wp\/v2\/product_tag?post=1462"}],"curies":[{"name":"wp","href":"https:\/\/api.w.org\/{rel}","templated":true}]}}