{"id":1469,"date":"2022-12-02T14:46:50","date_gmt":"2022-12-02T06:46:50","guid":{"rendered":"https:\/\/xmstonetools.com\/?post_type=product&#038;p=1469"},"modified":"2025-08-05T10:06:37","modified_gmt":"2025-08-05T02:06:37","slug":"sinter-mermer-grani%cc%87t-kenar-profi%cc%87lleme-tekerlegi%cc%87","status":"publish","type":"product","link":"https:\/\/xmstonetools.com\/tr\/urun\/sinter-mermer-grani%cc%87t-kenar-profi%cc%87lleme-tekerlegi%cc%87\/","title":{"rendered":"Sinterlenmi\u015f Mermer Granit Kenar Profilleme Tekerle\u011fi"},"content":{"rendered":"<p>Giri\u015f:<br \/>\nTa\u015f elmas aletler alan\u0131nda, Stone Sinterlenmi\u015f Kenar Profilleme Tekerle\u011fi, ta\u015f imalat\u0131 ve i\u015fleme ile u\u011fra\u015fan profesyoneller i\u00e7in vazge\u00e7ilmez bir varl\u0131k olarak \u00f6ne \u00e7\u0131kmaktad\u0131r. Sekt\u00f6r\u00fcn geli\u015fen ihtiya\u00e7lar\u0131n\u0131 kar\u015f\u0131lamak \u00fczere tasarlanan bu yenilik\u00e7i alet, ola\u011fan\u00fcst\u00fc sonu\u00e7lar sunmak i\u00e7in en son teknolojiyi ola\u011fan\u00fcst\u00fc i\u015f\u00e7ilikle birle\u015ftirir. Bu makale, Stone Sintered Edge Profiling Wheel hakk\u0131nda kapsaml\u0131 bir genel bak\u0131\u015f sunmay\u0131, \u00f6zelliklerini, faydalar\u0131n\u0131 ve ta\u015f i\u015flemedeki uygulamalar\u0131n\u0131 vurgulamay\u0131 ama\u00e7lamaktad\u0131r.<\/p>\n<h2 style=\"color: steelblue;\">I. Ta\u015f Sinterlenmi\u015f Kenar Profilleme \u00c7ark\u0131n\u0131 Anlamak:<\/h2>\n<p>Stone Sinterlenmi\u015f Kenar Profilleme Tekerle\u011fi granit, mermer, kuvars ve i\u015flenmi\u015f ta\u015f gibi \u00e7e\u015fitli ta\u015f malzemelerin kenarlar\u0131n\u0131 profillemek ve \u015fekillendirmek i\u00e7in tasarlanm\u0131\u015f \u00f6zel bir elmas alettir. Sentetik elmas par\u00e7ac\u0131klar\u0131n\u0131n metal bir matris i\u00e7ine g\u00f6m\u00fcld\u00fc\u011f\u00fc geli\u015fmi\u015f sinterleme tekniklerini kullanarak son derece dayan\u0131kl\u0131 ve uzun \u00f6m\u00fcrl\u00fc bir alet ortaya \u00e7\u0131kar\u0131r.<\/p>\n<figure id=\"attachment_1463\" aria-describedby=\"caption-attachment-1463\" style=\"width: 814px\" class=\"wp-caption aligncenter\"><img loading=\"lazy\" decoding=\"async\" class=\"wp-image-1463 size-full\" src=\"https:\/\/xmstonetools.com\/wp-content\/uploads\/2022\/12\/Sintered-Diamond-Edge-Profiling-Wheels.png\" alt=\"Sinterlenmi\u015f Elmas Kenarl\u0131 Profilleme Ta\u015flar\u0131\" width=\"814\" height=\"814\" srcset=\"https:\/\/xmstonetools.com\/wp-content\/uploads\/2022\/12\/Sintered-Diamond-Edge-Profiling-Wheels.png 814w, https:\/\/xmstonetools.com\/wp-content\/uploads\/2022\/12\/Sintered-Diamond-Edge-Profiling-Wheels-400x400.png 400w, https:\/\/xmstonetools.com\/wp-content\/uploads\/2022\/12\/Sintered-Diamond-Edge-Profiling-Wheels-800x800.png 800w, https:\/\/xmstonetools.com\/wp-content\/uploads\/2022\/12\/Sintered-Diamond-Edge-Profiling-Wheels-280x280.png 280w, https:\/\/xmstonetools.com\/wp-content\/uploads\/2022\/12\/Sintered-Diamond-Edge-Profiling-Wheels-768x768.png 768w, https:\/\/xmstonetools.com\/wp-content\/uploads\/2022\/12\/Sintered-Diamond-Edge-Profiling-Wheels-300x300.png 300w, https:\/\/xmstonetools.com\/wp-content\/uploads\/2022\/12\/Sintered-Diamond-Edge-Profiling-Wheels-600x600.png 600w, https:\/\/xmstonetools.com\/wp-content\/uploads\/2022\/12\/Sintered-Diamond-Edge-Profiling-Wheels-100x100.png 100w, https:\/\/xmstonetools.com\/wp-content\/uploads\/2022\/12\/Sintered-Diamond-Edge-Profiling-Wheels-120x120.png 120w\" sizes=\"auto, (max-width: 814px) 100vw, 814px\" \/><figcaption id=\"caption-attachment-1463\" class=\"wp-caption-text\">Sinterlenmi\u015f Elmas Kenarl\u0131 Profilleme Ta\u015flar\u0131<\/figcaption><\/figure>\n<h2 style=\"color: steelblue;\">II. Ta\u015f sinterlenmi\u015f kenar profilleme tekerleklerinin \u00f6zellikleri ve tasar\u0131m\u0131:<\/h2>\n<h3>1. Elmas Segment Tasar\u0131m\u0131:<\/h3>\n<p>Tekerlek, \u015fekil ve boyut bak\u0131m\u0131ndan farkl\u0131l\u0131k g\u00f6steren stratejik olarak konumland\u0131r\u0131lm\u0131\u015f elmas segmentlerden olu\u015fur. Bu segmentler, malzemenin verimli bir \u015fekilde \u00e7\u0131kar\u0131lmas\u0131nda \u00e7ok \u00f6nemli bir rol oynar ve ta\u015f kenarlar\u0131n\u0131n hassas bir \u015fekilde profillenmesini ve \u015fekillendirilmesini sa\u011flar.<\/p>\n<h3>2. Metal Matris:<\/h3>\n<p>Sinterleme i\u015flemi, elmas par\u00e7ac\u0131klar\u0131n\u0131n metal matrise s\u0131k\u0131ca ba\u011flanmas\u0131n\u0131 sa\u011flayarak alete ola\u011fan\u00fcst\u00fc g\u00fc\u00e7 ve stabilite kazand\u0131r\u0131r. Bu sa\u011flam yap\u0131, tekerle\u011fin y\u00fcksek h\u0131zl\u0131 d\u00f6n\u00fc\u015fe ve a\u011f\u0131r i\u015f y\u00fck\u00fcne dayanmas\u0131n\u0131 sa\u011flayarak dayan\u0131kl\u0131l\u0131k ve uzun \u00f6m\u00fcrl\u00fcl\u00fck sa\u011flar.<\/p>\n<h3>3. Profil De\u011fi\u015fkenli\u011fi:<\/h3>\n<p>Ta\u015f Sinterlenmi\u015f Kenar Profilleme Tekerlekleri ogee, bevel, bullnose, half-bullnose ve flat dahil olmak \u00fczere \u00e7ok \u00e7e\u015fitli profillerde mevcuttur. Bu \u00e7ok y\u00f6nl\u00fcl\u00fck, ustalar\u0131n \u00e7e\u015fitli kenar tasar\u0131mlar\u0131 elde etmesine ve \u00f6zel m\u00fc\u015fteri gereksinimlerini kar\u015f\u0131lamas\u0131na olanak tan\u0131r.<\/p>\n<h2 style=\"color: steelblue;\">III. Ta\u015f Sinterlenmi\u015f Kenar Profilleme Tekerle\u011finin Avantajlar\u0131:<\/h2>\n<h3>1. Ola\u011fan\u00fcst\u00fc Hassasiyet:<\/h3>\n<p>Ola\u011fan\u00fcst\u00fc sertlikleriyle bilinen elmas par\u00e7ac\u0131klar\u0131n\u0131n kullan\u0131m\u0131, ta\u015f kenarlar\u0131n\u0131n hassas bir \u015fekilde profillenmesini ve \u015fekillendirilmesini garanti eder. Sinterlenmi\u015f kenar profilleme tekerle\u011fi, profesyonellerin en ince ayr\u0131nt\u0131lar\u0131 ve p\u00fcr\u00fczs\u00fcz y\u00fczeyleri en y\u00fcksek hassasiyetle elde etmelerini sa\u011flar.<\/p>\n<h3>2. Y\u00fcksek Verimlilik:<\/h3>\n<p>\u00dcst\u00fcn kesme performans\u0131 ve optimize edilmi\u015f tasar\u0131m\u0131yla Stone Sinterlenmi\u015f Kenar Profilleme Diski, i\u015fleme s\u00fcresini \u00f6nemli \u00f6l\u00e7\u00fcde azalt\u0131r. Malzemeyi h\u0131zl\u0131 ve verimli bir \u015fekilde \u00e7\u0131karma kabiliyeti, \u00fcretkenli\u011fi art\u0131rarak profesyonellerin projeleri daha k\u0131sa zaman dilimlerinde tamamlamas\u0131n\u0131 sa\u011flar.<\/p>\n<h3>3. Uzun \u00f6m\u00fcrl\u00fcl\u00fck:<\/h3>\n<p>Sinterlenmi\u015f elmas segmentler, dayan\u0131kl\u0131 metal matris ile birle\u015fti\u011finde tekerle\u011fin kullan\u0131m \u00f6mr\u00fcn\u00fcn uzamas\u0131na katk\u0131da bulunur. Bu, tak\u0131m de\u011fi\u015ftirme s\u0131kl\u0131\u011f\u0131n\u0131 azaltarak maliyet etkinli\u011fi sa\u011flar, sonu\u00e7ta ar\u0131za s\u00fcresini en aza indirir ve karl\u0131l\u0131\u011f\u0131 art\u0131r\u0131r.<\/p>\n<h3>4. \u00c7ok y\u00f6nl\u00fcl\u00fck:<\/h3>\n<p>\u00c7e\u015fitli profillerin mevcut olmas\u0131, ustalar\u0131n farkl\u0131 tasar\u0131m se\u00e7eneklerini ke\u015ffetmesine ve \u00e7e\u015fitli m\u00fc\u015fteri tercihlerine hitap etmesine olanak tan\u0131r. Zarif ogee kenarlardan \u015f\u0131k e\u011fimlere kadar, Stone Sinterlenmi\u015f Kenar Profilleme Tekerle\u011fi \u00f6zelle\u015ftirilmi\u015f sonu\u00e7lar sunmak i\u00e7in gereken \u00e7ok y\u00f6nl\u00fcl\u00fc\u011f\u00fc sunar.<\/p>\n<figure id=\"attachment_1467\" aria-describedby=\"caption-attachment-1467\" style=\"width: 960px\" class=\"wp-caption aligncenter\"><img loading=\"lazy\" decoding=\"async\" class=\"size-full wp-image-1467\" src=\"https:\/\/xmstonetools.com\/wp-content\/uploads\/2022\/12\/Stone-Edge-Profiling-Wheel-For-Marble-Granite-4.jpg\" alt=\"Mermer Granit-4 i\u00e7in Ta\u015f Kenar Profilleme Tekerle\u011fi\" width=\"960\" height=\"1280\" srcset=\"https:\/\/xmstonetools.com\/wp-content\/uploads\/2022\/12\/Stone-Edge-Profiling-Wheel-For-Marble-Granite-4.jpg 960w, https:\/\/xmstonetools.com\/wp-content\/uploads\/2022\/12\/Stone-Edge-Profiling-Wheel-For-Marble-Granite-4-300x400.jpg 300w, https:\/\/xmstonetools.com\/wp-content\/uploads\/2022\/12\/Stone-Edge-Profiling-Wheel-For-Marble-Granite-4-600x800.jpg 600w, https:\/\/xmstonetools.com\/wp-content\/uploads\/2022\/12\/Stone-Edge-Profiling-Wheel-For-Marble-Granite-4-768x1024.jpg 768w\" sizes=\"auto, (max-width: 960px) 100vw, 960px\" \/><figcaption id=\"caption-attachment-1467\" class=\"wp-caption-text\">Mermer Granit-4 i\u00e7in Ta\u015f Kenar Profilleme Tekerle\u011fi<\/figcaption><\/figure>\n<h2 style=\"color: steelblue;\">IV. Uygulamalar:<\/h2>\n<p>Ta\u015f Sinterlenmi\u015f Kenar Profilleme Tekerle\u011fi, ta\u015f imalat end\u00fcstrisinde a\u015fa\u011f\u0131dakiler de dahil olmak \u00fczere kapsaml\u0131 uygulamalar bulur:<\/p>\n<h3>1. Tezgah \u00dcretimi:<\/h3>\n<p>\u00c7ark, mutfak ve banyo tezgahlar\u0131n\u0131n kenarlar\u0131n\u0131 \u015fekillendirmek ve profillendirmek i\u00e7in idealdir ve genel esteti\u011fi art\u0131ran kusursuz y\u00fczeyler sunar.<\/p>\n<h3>2. Mimari Detayland\u0131rma:<\/h3>\n<p>Dekoratif pervazlardan karma\u015f\u0131k korni\u015flere kadar, profil \u00e7ark\u0131 b\u00fcy\u00fcleyici mimari detaylar\u0131n olu\u015fturulmas\u0131n\u0131 kolayla\u015ft\u0131rarak \u00e7e\u015fitli yap\u0131lara zarafet ve incelik katar.<\/p>\n<h3>3. An\u0131t ve Abide \u00dcretimi:<\/h3>\n<p>An\u0131tlar\u0131n ve an\u0131tlar\u0131n imalat\u0131nda kullan\u0131lan \u00e7ark, ki\u015fiselle\u015ftirilmi\u015f ve anlaml\u0131 tasar\u0131mlar yaratmak i\u00e7in ta\u015f kenarlar\u0131n\u0131n hassas bir \u015fekilde \u015fekillendirilmesini sa\u011flar.<\/p>\n<p>Stone Sinterlenmi\u015f Kenar Profilleme Tekerle\u011fi, ta\u015f elmas tak\u0131mlar\u0131ndaki en son geli\u015fmeleri \u00f6rneklemektedir. Dayan\u0131kl\u0131l\u0131k, hassasiyet ve \u00e7ok y\u00f6nl\u00fcl\u00fc\u011f\u00fc bir araya getiren bu alet, ta\u015f imalat end\u00fcstrisindeki profesyonellerin verimlili\u011fi ve k\u00e2rl\u0131l\u0131\u011f\u0131 en \u00fcst d\u00fczeye \u00e7\u0131kar\u0131rken ola\u011fan\u00fcst\u00fc sonu\u00e7lar elde etmelerini sa\u011flar. Ola\u011fan\u00fcst\u00fc performans\u0131 ve ola\u011fan\u00fcst\u00fc tasar\u0131m\u0131yla Stone Sinterlenmi\u015f Kenar Profilleme Tekerle\u011fi, ta\u015f i\u015flemede devrim yaratmaya devam ederek i\u015f\u00e7ili\u011fin s\u0131n\u0131rlar\u0131n\u0131 zorluyor.<\/p>\n<h2 style=\"color: steelblue;\">V. Sinterlenmi\u015f Elmas Teknolojisi:<\/h2>\n<p>Ta\u015f Sinterlenmi\u015f Kenar Profilleme Tekerle\u011finin \u00fcretiminde kullan\u0131lan sinterleme i\u015flemi, elmas par\u00e7ac\u0131klar\u0131n\u0131n ve metal matrisin y\u00fcksek s\u0131cakl\u0131k ve bas\u0131nca tabi tutulmas\u0131n\u0131 i\u00e7erir. Bu i\u015flem elmas par\u00e7ac\u0131klar\u0131n\u0131 metal matrisle kayna\u015ft\u0131rarak aletin genel dayan\u0131kl\u0131l\u0131\u011f\u0131n\u0131 ve performans\u0131n\u0131 art\u0131ran g\u00fc\u00e7l\u00fc bir ba\u011f olu\u015fturur. Sinterlenmi\u015f elmas segmentler, tekerle\u011fin kullan\u0131m \u00f6mr\u00fc boyunca tutarl\u0131 kesme performans\u0131 sa\u011flayarak s\u0131k de\u011fi\u015ftirme ihtiyac\u0131n\u0131 azalt\u0131r.<\/p>\n<h2 style=\"color: steelblue;\">VI. Uyumluluk ve Montaj:<\/h2>\n<p>Stone Sinterlenmi\u015f Kenar Profilleme Tekerle\u011fi, CNC frezeler, ta\u015f\u0131nabilir kenar profilleme makineleri ve el tipi ta\u015flama makineleri dahil olmak \u00fczere \u00e7e\u015fitli ta\u015f imalat makineleri ile uyumludur. Farkl\u0131 makine \u00f6zelliklerine uyum sa\u011flamak i\u00e7in farkl\u0131 boyutlarda mevcuttur. Tekerlek, standart bir montaj sistemi kullan\u0131larak makine miline kolayca monte edilebilir ve sorunsuz kurulum ve \u00e7al\u0131\u015fma sa\u011flar.<\/p>\n<h2 style=\"color: steelblue;\">VII. Su So\u011futma Sistemi:<\/h2>\n<p>Ta\u015flama diskinin performans\u0131n\u0131 ve uzun \u00f6m\u00fcrl\u00fcl\u00fc\u011f\u00fcn\u00fc optimize etmek i\u00e7in bir\u00e7ok Stone Sinterlenmi\u015f Kenar Profilleme Ta\u015f\u0131t\u0131 su so\u011futma sistemiyle \u00e7al\u0131\u015facak \u015fekilde tasarlanm\u0131\u015ft\u0131r. Bu sistem, kesme i\u015flemi s\u0131ras\u0131nda olu\u015fan \u0131s\u0131n\u0131n da\u011f\u0131t\u0131lmas\u0131na yard\u0131mc\u0131 olarak a\u015f\u0131r\u0131 \u0131s\u0131nmay\u0131 \u00f6nler ve tak\u0131m\u0131n uzun \u00f6m\u00fcrl\u00fc olmas\u0131n\u0131 sa\u011flar. Ayr\u0131ca su ak\u0131\u015f\u0131, kal\u0131nt\u0131lar\u0131n ve tozun temizlenmesine yard\u0131mc\u0131 olarak temiz bir \u00e7al\u0131\u015fma ortam\u0131 sa\u011flar ve kesme verimlili\u011fini art\u0131r\u0131r.<\/p>\n<figure id=\"attachment_1464\" aria-describedby=\"caption-attachment-1464\" style=\"width: 750px\" class=\"wp-caption aligncenter\"><img loading=\"lazy\" decoding=\"async\" class=\"size-full wp-image-1464\" src=\"https:\/\/xmstonetools.com\/wp-content\/uploads\/2022\/12\/Stone-Edge-Profiling-Wheel-For-Marble-Granite.jpg\" alt=\"Mermer Granit \u0130\u00e7in Ta\u015f Kenar Profilleme Tekerle\u011fi\" width=\"750\" height=\"750\" srcset=\"https:\/\/xmstonetools.com\/wp-content\/uploads\/2022\/12\/Stone-Edge-Profiling-Wheel-For-Marble-Granite.jpg 750w, https:\/\/xmstonetools.com\/wp-content\/uploads\/2022\/12\/Stone-Edge-Profiling-Wheel-For-Marble-Granite-400x400.jpg 400w, https:\/\/xmstonetools.com\/wp-content\/uploads\/2022\/12\/Stone-Edge-Profiling-Wheel-For-Marble-Granite-280x280.jpg 280w, https:\/\/xmstonetools.com\/wp-content\/uploads\/2022\/12\/Stone-Edge-Profiling-Wheel-For-Marble-Granite-300x300.jpg 300w, https:\/\/xmstonetools.com\/wp-content\/uploads\/2022\/12\/Stone-Edge-Profiling-Wheel-For-Marble-Granite-600x600.jpg 600w, https:\/\/xmstonetools.com\/wp-content\/uploads\/2022\/12\/Stone-Edge-Profiling-Wheel-For-Marble-Granite-100x100.jpg 100w, https:\/\/xmstonetools.com\/wp-content\/uploads\/2022\/12\/Stone-Edge-Profiling-Wheel-For-Marble-Granite-120x120.jpg 120w\" sizes=\"auto, (max-width: 750px) 100vw, 750px\" \/><figcaption id=\"caption-attachment-1464\" class=\"wp-caption-text\">Mermer Granit \u0130\u00e7in Ta\u015f Kenar Profilleme Tekerle\u011fi<\/figcaption><\/figure>\n<h2 style=\"color: steelblue;\">VIII. G\u00fcvenlik Hususlar\u0131:<\/h2>\n<p>Ta\u015f Sinterlenmi\u015f Kenar Profilleme Tekerle\u011fini kullan\u0131rken uygun g\u00fcvenlik \u00f6nlemlerine uymak \u00e7ok \u00f6nemlidir. Operat\u00f6rler, u\u00e7u\u015fan d\u00f6k\u00fcnt\u00fclere ve ta\u015f tozunun solunmas\u0131na kar\u015f\u0131 korunmak i\u00e7in koruyucu g\u00f6zl\u00fck, eldiven ve toz maskesi dahil olmak \u00fczere uygun ki\u015fisel koruyucu ekipman (KKE) giymelidir. Tekerle\u011fin herhangi bir a\u015f\u0131nma veya hasar belirtisine kar\u015f\u0131 d\u00fczenli olarak incelenmesi \u00f6nerilir ve herhangi bir sorun tespit edilirse tekerlek derhal de\u011fi\u015ftirilmelidir.<\/p>\n<h2 style=\"color: steelblue;\">IX. Bak\u0131m ve Koruma:<\/h2>\n<p>Optimum performans ve uzun \u00f6m\u00fcrl\u00fcl\u00fc\u011f\u00fc korumak i\u00e7in, Ta\u015f Sinterlenmi\u015f Kenar Profilleme Tekerle\u011finin uygun bak\u0131m\u0131 ve bak\u0131m\u0131 \u00e7ok \u00f6nemlidir. Her kullan\u0131mdan sonra tekerle\u011fin iyice temizlenmesi, ta\u015f kal\u0131nt\u0131lar\u0131n\u0131n veya d\u00f6k\u00fcnt\u00fclerin giderilmesi \u00f6nerilir. Herhangi bir a\u015f\u0131nma veya hasar belirtisi olup olmad\u0131\u011f\u0131n\u0131 kontrol etmek i\u00e7in d\u00fczenli kontroller yap\u0131lmal\u0131 ve tekerlek kullan\u0131lmad\u0131\u011f\u0131 zamanlarda kuru ve temiz bir ortamda saklanmal\u0131d\u0131r.<\/p>\n<h2 style=\"color: steelblue;\">X. End\u00fcstri Standartlar\u0131 ve Sertifikalar:<\/h2>\n<p>Sayg\u0131n Ta\u015f Sinterlenmi\u015f Kenar Profilleme Tekerle\u011fi \u00fcreticileri, \u00fcr\u00fcnlerinin kalitesini ve performans\u0131n\u0131 sa\u011flamak i\u00e7in end\u00fcstri standartlar\u0131na ve sertifikalar\u0131na ba\u011fl\u0131d\u0131r. Uluslararas\u0131 kalite y\u00f6netimi standartlar\u0131na ba\u011fl\u0131l\u0131\u011f\u0131 ifade eden ISO 9001 sertifikas\u0131na uygun \u00fcreticileri aray\u0131n. Ayr\u0131ca, baz\u0131 \u00fcreticiler garanti veya m\u00fc\u015fteri destek hizmetleri sunarak kullan\u0131c\u0131lar\u0131n i\u00e7inin daha da rahat olmas\u0131n\u0131 sa\u011flayabilir.<\/p>\n<p>Sonu\u00e7 olarak, Stone Sinterlenmi\u015f Kenar Profilleme Tekerle\u011fi, geli\u015fmi\u015f elmas teknolojisi, hassas tasar\u0131m ve ola\u011fan\u00fcst\u00fc dayan\u0131kl\u0131l\u0131\u011f\u0131 bir araya getiren son teknoloji \u00fcr\u00fcn\u00fc bir alettir. Verimlilik ve \u00e7ok y\u00f6nl\u00fcl\u00fck ile ola\u011fan\u00fcst\u00fc sonu\u00e7lar sunarak ta\u015f \u00fcretim s\u00fcre\u00e7lerinde devrim yarat\u0131r. \u0130ster tezgah \u00fcretiminde, ister mimari detayland\u0131rmada veya an\u0131t imalat\u0131nda kullan\u0131ls\u0131n, bu alet ta\u015f end\u00fcstrisinde \u00fcst\u00fcn kenar profilleme ve \u015fekillendirme arayan profesyoneller i\u00e7in de\u011ferli bir varl\u0131kt\u0131r.<\/p>\n<h2 style=\"color: steelblue;\">Ta\u015f imalat makineleri sinterlenmi\u015f kenar profilleme tekerlekleri ile \u00e7al\u0131\u015f\u0131r<\/h2>\n<p>Ta\u015f Sinterlenmi\u015f Kenar Profilleme Tekerle\u011fi, \u00e7e\u015fitli ta\u015f imalat makineleriyle uyumlu olacak \u015fekilde tasarlanm\u0131\u015ft\u0131r. \u0130\u015fte sinterlenmi\u015f kenar profilleme ta\u015flar\u0131yla etkili bir \u015fekilde \u00e7al\u0131\u015fabilen baz\u0131 yayg\u0131n makineler:<\/p>\n<h3>1. <a href=\"https:\/\/moscut.com\/product\/cnc-stone-router\/\" target=\"_blank\" rel=\"noopener\">CNC Routerlar<\/a>:<\/h3>\n<p>CNC (Bilgisayarl\u0131 Say\u0131sal Kontrol) y\u00f6nlendiriciler, ta\u015f end\u00fcstrisinde otomatik ta\u015f kesme ve \u015fekillendirme i\u00e7in yayg\u0131n olarak kullan\u0131lmaktad\u0131r. Bu makineler bir bilgisayar sistemine programlanm\u0131\u015f hassas kesim yollar\u0131 kullan\u0131r. Ta\u015f Sinterlenmi\u015f Kenar Profilleme Tekerlekleri, bir CNC y\u00f6nlendiricinin miline monte edilerek ta\u015f kenarlar\u0131n\u0131n do\u011fru ve otomatik profilinin \u00e7\u0131kar\u0131lmas\u0131n\u0131 sa\u011flar.<\/p>\n<h3>2. Ta\u015f\u0131nabilir Kenar Profilleme Makineleri:<\/h3>\n<p>Ta\u015f\u0131nabilir kenar profilleme makineleri, kenar profilleme ve \u015fekillendirme g\u00f6revleri i\u00e7in \u00f6zel olarak tasarlanm\u0131\u015f el tipi makinelerdir. Bu makineler hafiftir ve manevra kabiliyeti kolayd\u0131r, bu da onlar\u0131 yerinde veya daha k\u00fc\u00e7\u00fck \u00f6l\u00e7ekli projeler i\u00e7in uygun hale getirir. Ta\u015f Sinterlenmi\u015f Kenar Profilleme Tekerlekleri bu makinelere tak\u0131labilir ve kenarlar\u0131 verimli ve hassas bir \u015fekilde profilleme esnekli\u011fi sa\u011flar.<\/p>\n<h3>3. El Tipi \u00d6\u011f\u00fct\u00fcc\u00fcler:<\/h3>\n<p>A\u00e7\u0131l\u0131 ta\u015flama makineleri veya diskli ta\u015flama makineleri olarak da bilinen el tipi ta\u015flama makineleri, ta\u015f end\u00fcstrisinde yayg\u0131n olarak kullan\u0131lan \u00e7ok y\u00f6nl\u00fc aletlerdir. Bu makineler, Ta\u015f Sinterlenmi\u015f Kenar Profilleme Ta\u015flar\u0131 da dahil olmak \u00fczere \u00e7e\u015fitli ta\u015flama ve kesme ata\u015fmanlar\u0131n\u0131 bar\u0131nd\u0131rabilen d\u00f6ner bir diske sahiptir. El tipi ta\u015flama makineleri esneklik ve hareket kabiliyeti sunarak onlar\u0131 \u00e7e\u015fitli ta\u015f profilleme uygulamalar\u0131 i\u00e7in uygun hale getirir.<\/p>\n<h3>4. <a href=\"https:\/\/moscut.com\/product\/automatic-bridge-saw-machine\/\" target=\"_blank\" rel=\"noopener\">K\u00f6pr\u00fc Testereleri<\/a>:<\/h3>\n<p>K\u00f6pr\u00fc testereler, granit ve mermer gibi ta\u015f levhalar\u0131 kesmek ve \u015fekillendirmek i\u00e7in kullan\u0131lan b\u00fcy\u00fck, sabit makinelerdir. Bu makinelerde, belirli bir yol boyunca hareket eden bir k\u00f6pr\u00fc \u00fczerine monte edilmi\u015f bir elmas b\u0131\u00e7ak bulunur. K\u00f6pr\u00fc testereler \u00f6ncelikle d\u00fcz kesimler i\u00e7in kullan\u0131l\u0131rken, baz\u0131 modellerde dekoratif kenar profilleri olu\u015fturmak i\u00e7in sinterlenmi\u015f kenar profilleme tekerlekleri de dahil olmak \u00fczere profilleme tekerlekleri takma se\u00e7ene\u011fi sunulur.<\/p>\n<p>Ta\u015f Sinterlenmi\u015f Kenar Profilleme Tekerle\u011finin uyumlulu\u011funun, ta\u015f \u00fcretim makinesinin belirli modeline ve \u00f6zelliklerine ba\u011fl\u0131 olarak de\u011fi\u015febilece\u011fini unutmamak \u00f6nemlidir. Profil a\u00e7ma \u00e7ark\u0131n\u0131n ilgili makineyle uygun uyumlulu\u011funu ve g\u00fcvenli kullan\u0131m\u0131n\u0131 sa\u011flamak i\u00e7in her zaman \u00fcreticinin y\u00f6nergelerine ve teknik \u00f6zelliklerine ba\u015fvurulmas\u0131 \u00f6nerilir.<\/p>\n<figure id=\"attachment_1468\" aria-describedby=\"caption-attachment-1468\" style=\"width: 546px\" class=\"wp-caption aligncenter\"><img loading=\"lazy\" decoding=\"async\" class=\"wp-image-1468 size-full\" src=\"https:\/\/xmstonetools.com\/wp-content\/uploads\/2022\/12\/Stone-Edge-Profiling-Wheel-For-Marble-Granite-5.jpg\" alt=\"Mermer Granit-5 i\u00e7in Ta\u015f Kenar Profilleme Tekerle\u011fi\" width=\"546\" height=\"471\" srcset=\"https:\/\/xmstonetools.com\/wp-content\/uploads\/2022\/12\/Stone-Edge-Profiling-Wheel-For-Marble-Granite-5.jpg 546w, https:\/\/xmstonetools.com\/wp-content\/uploads\/2022\/12\/Stone-Edge-Profiling-Wheel-For-Marble-Granite-5-464x400.jpg 464w\" sizes=\"auto, (max-width: 546px) 100vw, 546px\" \/><figcaption id=\"caption-attachment-1468\" class=\"wp-caption-text\">Mermer Granit-5 i\u00e7in Ta\u015f Kenar Profilleme Tekerle\u011fi<\/figcaption><\/figure>\n<p>&nbsp;<\/p>\n<table class=\"aliDataTable\">\n<tbody>\n<tr>\n<td>\u00a0 \u00a0 \u00a0 \u00a0 \u00dcr\u00fcn Ad\u0131:<\/td>\n<td>\u00a0elmas\/s\u0131r\u00e7al\u0131 profil jantlar<\/td>\n<\/tr>\n<tr>\n<td rowspan=\"5\">\u00a0 \u00a0 \u00a0 \u00a0 \u00a0 \u00d6zellik:<\/td>\n<td>D\u0131\u015f \u00e7ap: 60mm-400mm, di\u011fer boyutlar mevcuttur<\/td>\n<\/tr>\n<tr>\n<td>\u015fekil: A\/B\/E\/F\/V\/F+V\/G\/H, vb.<\/td>\n<\/tr>\n<tr>\n<td>Grit:30\/40#,60\/80#,100\/120#,140\/170#,200\/220#,300#<\/td>\n<\/tr>\n<tr>\n<td>Ba\u011flant\u0131:M10\/M8\/M14\/M16, vb.<\/td>\n<\/tr>\n<tr>\n<td>Uygulama: kire\u00e7ta\u015f\u0131, granit, mermer vb. i\u00e7in<\/td>\n<\/tr>\n<tr>\n<td>\u00a0 \u00a0 \u00a0 Teknoloji:<\/td>\n<td>sinterlenmi\u015f, elektrolizle kaplanm\u0131\u015f, lehimlenmi\u015f<\/td>\n<\/tr>\n<tr>\n<td>\u00a0 \u00a0 \u00a0 Avantajlar:<\/td>\n<td>1) Y\u00fcksek i\u015f verimlili\u011fi<\/p>\n<p>2) Farkl\u0131 profiller ve kal\u0131nl\u0131klar sipari\u015f edilebilir 3) Rekabet\u00e7i fiyat ve \u00fcst\u00fcn kalite<\/p>\n<p align=\"left\">4) G\u00fczel paket ve h\u0131zl\u0131 teslimat<\/p>\n<p align=\"left\">5) M\u00fckemmel hizmet<\/p>\n<\/td>\n<\/tr>\n<tr>\n<td>\u00a0 \u00a0 \u00a0 \u00a0 \u00a0 \u00a0 \u00a0ADEDI:<\/td>\n<td>Her boydan 1 set<\/td>\n<\/tr>\n<tr>\n<td>\u00a0 \u00a0 \u00a0 \u00a0 \u00a0 \u00a0\u00d6deme Ko\u015fullar\u0131:<\/td>\n<td>\u00a0T \/ T<\/td>\n<\/tr>\n<tr>\n<td>\u00a0 \u00a0 \u00a0 \u00a0 \u00a0 \u00a0\u00a0Teslimat:<\/td>\n<td>\u00a0\u00d6deme yap\u0131ld\u0131ktan 7 g\u00fcn sonra<\/td>\n<\/tr>\n<\/tbody>\n<\/table>","protected":false},"excerpt":{"rendered":"<p>Stone Sinterlenmi\u015f Kenar Profilleme Tekerle\u011fi granit, mermer, kuvars ve i\u015flenmi\u015f ta\u015f gibi \u00e7e\u015fitli ta\u015f malzemelerin kenarlar\u0131n\u0131 profillemek ve \u015fekillendirmek i\u00e7in tasarlanm\u0131\u015f \u00f6zel bir elmas alettir. Sentetik elmas par\u00e7ac\u0131klar\u0131n\u0131n metal bir matris i\u00e7ine g\u00f6m\u00fcld\u00fc\u011f\u00fc geli\u015fmi\u015f sinterleme teknikleri kullan\u0131larak son derece dayan\u0131kl\u0131 ve uzun \u00f6m\u00fcrl\u00fc bir alet elde edilir. Stone Sinterlenmi\u015f Kenar Profilleme Tekerle\u011fi, ta\u015f elmas tak\u0131mlar\u0131ndaki en son geli\u015fmeleri \u00f6rneklemektedir. Dayan\u0131kl\u0131l\u0131k, hassasiyet ve \u00e7ok y\u00f6nl\u00fcl\u00fc\u011f\u00fc bir araya getiren bu alet, ta\u015f imalat end\u00fcstrisindeki profesyonellerin verimlili\u011fi ve karl\u0131l\u0131\u011f\u0131 en \u00fcst d\u00fczeye \u00e7\u0131kar\u0131rken ola\u011fan\u00fcst\u00fc sonu\u00e7lar elde etmelerini sa\u011flar. Ola\u011fan\u00fcst\u00fc performans\u0131 ve ola\u011fan\u00fcst\u00fc tasar\u0131m\u0131yla Stone Sintered Edge Profiling Wheel, ta\u015f i\u015flemede devrim yaratmaya devam ederek ustal\u0131\u011f\u0131n s\u0131n\u0131rlar\u0131n\u0131 zorluyor<\/p>\n<a href=\"#Quote-Button\" class=\"button primary is-large Inquiry-Button\" style=\"border-radius:99px;\">\n\t<i class=\"icon-heart\" aria-hidden=\"true\"><\/i>\t<span>\u015eimdi Sorgula<\/span>\n\t<\/a>","protected":false},"featured_media":1464,"template":"","meta":[],"product_brand":[],"product_cat":[56,57,175],"product_tag":[70,83,98],"class_list":{"0":"post-1469","1":"product","2":"type-product","3":"status-publish","4":"has-post-thumbnail","6":"product_cat-stone-grinding-tools","7":"product_cat-stone-polishing-tools","8":"product_cat-stone-profiling-wheels","9":"product_tag-granite-profiling-tools","10":"product_tag-grinding-cup-wheel","11":"product_tag-sintered-tools","13":"first","14":"instock","15":"shipping-taxable","16":"product-type-simple"},"aioseo_notices":[],"_links":{"self":[{"href":"https:\/\/xmstonetools.com\/tr\/wp-json\/wp\/v2\/product\/1469","targetHints":{"allow":["GET"]}}],"collection":[{"href":"https:\/\/xmstonetools.com\/tr\/wp-json\/wp\/v2\/product"}],"about":[{"href":"https:\/\/xmstonetools.com\/tr\/wp-json\/wp\/v2\/types\/product"}],"wp:featuredmedia":[{"embeddable":true,"href":"https:\/\/xmstonetools.com\/tr\/wp-json\/wp\/v2\/media\/1464"}],"wp:attachment":[{"href":"https:\/\/xmstonetools.com\/tr\/wp-json\/wp\/v2\/media?parent=1469"}],"wp:term":[{"taxonomy":"product_brand","embeddable":true,"href":"https:\/\/xmstonetools.com\/tr\/wp-json\/wp\/v2\/product_brand?post=1469"},{"taxonomy":"product_cat","embeddable":true,"href":"https:\/\/xmstonetools.com\/tr\/wp-json\/wp\/v2\/product_cat?post=1469"},{"taxonomy":"product_tag","embeddable":true,"href":"https:\/\/xmstonetools.com\/tr\/wp-json\/wp\/v2\/product_tag?post=1469"}],"curies":[{"name":"wp","href":"https:\/\/api.w.org\/{rel}","templated":true}]}}