{"id":1477,"date":"2022-12-02T15:13:28","date_gmt":"2022-12-02T07:13:28","guid":{"rendered":"https:\/\/xmstonetools.com\/?post_type=product&#038;p=1477"},"modified":"2025-08-05T10:03:18","modified_gmt":"2025-08-05T02:03:18","slug":"mermer-granit-icin-tas-kenar-sekillendirme-tekerlegi","status":"publish","type":"product","link":"https:\/\/xmstonetools.com\/tr\/urun\/mermer-granit-icin-tas-kenar-sekillendirme-tekerlegi\/","title":{"rendered":"Mermer Granit \u0130\u00e7in Ta\u015f Kenar \u015eekillendirme Tekerle\u011fi"},"content":{"rendered":"<p>Profesyonel bir ta\u015f elmas aletleri \u00fcreticisi olarak, Ta\u015f Kenar \u015eekillendirme Tekerle\u011fini tan\u0131tmaktan gurur duyuyoruz. Bu devrim niteli\u011findeki alet, ta\u015f kesme ve \u015fekillendirme s\u00fcrecini geli\u015ftirmek i\u00e7in tasarlanm\u0131\u015f olup, zanaatkarlar\u0131n ve sanatkarlar\u0131n kolayl\u0131kla hassas ve karma\u015f\u0131k tasar\u0131mlar elde etmelerini sa\u011flar. Bu kapsaml\u0131 k\u0131lavuzda, Ta\u015f Kenar \u015eekillendirme Tekerle\u011finin \u00f6zelliklerini, faydalar\u0131n\u0131 ve uygulamalar\u0131n\u0131 inceleyerek neden ta\u015f end\u00fcstrisinde vazge\u00e7ilmez bir ara\u00e7 haline geldi\u011fine \u0131\u015f\u0131k tutaca\u011f\u0131z.<\/p>\n<h2 style=\"color: steelblue;\">1. Benzersiz Hassasiyet:<\/h2>\n<p>Ta\u015f Kenar \u015eekillendirme Tekerle\u011fi, kusursuz sonu\u00e7lar sunmak i\u00e7in en y\u00fcksek hassasiyetle tasarlanm\u0131\u015ft\u0131r. Ola\u011fan\u00fcst\u00fc kesme performans\u0131 ve uzun \u00f6m\u00fcrl\u00fcl\u00fck sa\u011flayan y\u00fcksek kaliteli bir elmas a\u015f\u0131nd\u0131r\u0131c\u0131 kaplamaya sahiptir. Hassas bir \u015fekilde konumland\u0131r\u0131lm\u0131\u015f elmas par\u00e7ac\u0131klar\u0131 sayesinde ta\u015f kenarlar\u0131n\u0131 ola\u011fan\u00fcst\u00fc bir hassasiyetle \u015fekillendirip konturlayabilen tekerlek, ustalar\u0131n karma\u015f\u0131k detaylar ve p\u00fcr\u00fczs\u00fcz y\u00fczeyler elde etmesini sa\u011flar.<\/p>\n<h2 style=\"color: steelblue;\">2. Uygulamalarda \u00c7ok Y\u00f6nl\u00fcl\u00fck:<\/h2>\n<p>Ta\u015f Kenar \u015eekillendirme Tekerle\u011finin en \u00f6nemli avantajlar\u0131ndan biri, \u00e7e\u015fitli ta\u015f \u015fekillendirme uygulamalar\u0131nda \u00e7ok y\u00f6nl\u00fcl\u00fc\u011f\u00fcd\u00fcr. \u0130ster granit, mermer, kuvars, ister di\u011fer do\u011fal veya i\u015flenmi\u015f ta\u015f malzemelerle \u00e7al\u0131\u015f\u0131yor olun, bu alet tutarl\u0131 bir performans sunar. Pah ve e\u011fim olu\u015fturmaktan profil kenarlara ve karma\u015f\u0131k tasar\u0131mlara kadar, Ta\u015f Kenar \u015eekillendirme Tekerle\u011fi hem basit hem de karma\u015f\u0131k ta\u015f \u015fekillendirme projeleri i\u00e7in s\u0131n\u0131rs\u0131z olanaklar sunar.<\/p>\n<h2 style=\"color: steelblue;\">3. Verimli Malzeme Kald\u0131rma:<\/h2>\n<p>Ta\u015f Kenar \u015eekillendirme Tekerle\u011fi, ta\u015f kesme ve \u015fekillendirme i\u015flemini daha verimli hale getirerek malzeme kald\u0131rmay\u0131 optimize etmek i\u00e7in tasarlanm\u0131\u015ft\u0131r. Geli\u015fmi\u015f bile\u015fimi ve tasarlanm\u0131\u015f deseni, hassasiyetten \u00f6d\u00fcn vermeden h\u0131zl\u0131 tala\u015f kald\u0131rmay\u0131 sa\u011flar. Bu \u00f6zellik sadece de\u011ferli zamandan tasarruf etmekle kalmaz, ayn\u0131 zamanda \u00fcretim maliyetlerini de d\u00fc\u015f\u00fcr\u00fcr, bu da onu b\u00fcy\u00fck \u00f6l\u00e7ekli projeler i\u00e7in ideal bir ara\u00e7 haline getirir.<\/p>\n<figure id=\"attachment_1472\" aria-describedby=\"caption-attachment-1472\" style=\"width: 745px\" class=\"wp-caption aligncenter\"><img loading=\"lazy\" decoding=\"async\" class=\"size-full wp-image-1472\" src=\"https:\/\/xmstonetools.com\/wp-content\/uploads\/2022\/12\/Stone-Edge-Shaping-Wheel-Technology.jpg\" alt=\"Ta\u015f Kenar \u015eekillendirme Tekerle\u011fi Teknolojisi\" width=\"745\" height=\"507\" srcset=\"https:\/\/xmstonetools.com\/wp-content\/uploads\/2022\/12\/Stone-Edge-Shaping-Wheel-Technology.jpg 745w, https:\/\/xmstonetools.com\/wp-content\/uploads\/2022\/12\/Stone-Edge-Shaping-Wheel-Technology-588x400.jpg 588w, https:\/\/xmstonetools.com\/wp-content\/uploads\/2022\/12\/Stone-Edge-Shaping-Wheel-Technology-600x408.jpg 600w\" sizes=\"auto, (max-width: 745px) 100vw, 745px\" \/><figcaption id=\"caption-attachment-1472\" class=\"wp-caption-text\">Ta\u015f Kenar \u015eekillendirme Tekerle\u011fi Teknolojisi<\/figcaption><\/figure>\n<h2 style=\"color: steelblue;\">4. Geli\u015ftirilmi\u015f G\u00fcvenlik:<\/h2>\n<p>Her t\u00fcrl\u00fc ta\u015f \u015fekillendirme i\u015fleminde g\u00fcvenlik \u00e7ok \u00f6nemlidir ve Ta\u015f Kenar \u015eekillendirme Tekerle\u011fi g\u00fcvenli bir \u00e7al\u0131\u015fma ortam\u0131 sa\u011flar. Tekerlek, titre\u015fimleri en aza indirecek ve geri tepme riskini azaltacak \u015fekilde tasarlanm\u0131\u015ft\u0131r ve \u00e7al\u0131\u015fma s\u0131ras\u0131nda daha fazla kontrol ve denge sa\u011flar. Ayr\u0131ca, aletin dayan\u0131kl\u0131 yap\u0131s\u0131 uzun \u00f6m\u00fcrl\u00fcl\u00fck sa\u011flar ve tekerle\u011fin k\u0131r\u0131lmas\u0131ndan kaynaklanan kaza olas\u0131l\u0131\u011f\u0131n\u0131 en aza indirir.<\/p>\n<h2 style=\"color: steelblue;\">5. Uyumluluk ve Kullan\u0131m Kolayl\u0131\u011f\u0131:<\/h2>\n<p>Stone Edge \u015eekillendirme Tekerle\u011fi, el tipi ta\u015flama makineleri ve CNC makineleri de dahil olmak \u00fczere \u00e7ok \u00e7e\u015fitli ta\u015f \u015fekillendirme makineleri ile uyumludur. Bu uyumluluk, mevcut i\u015f ak\u0131\u015flar\u0131na sorunsuz entegrasyon sa\u011flayarak onu profesyoneller i\u00e7in uygun bir se\u00e7im haline getirir. Ayr\u0131ca, aletin kullan\u0131c\u0131 dostu tasar\u0131m\u0131 kullan\u0131m kolayl\u0131\u011f\u0131 sa\u011flayarak her beceri seviyesinden ustan\u0131n ola\u011fan\u00fcst\u00fc sonu\u00e7lar elde etmesine olanak tan\u0131r.<\/p>\n<h2 style=\"color: steelblue;\">6. Uzun \u00d6m\u00fcrl\u00fcl\u00fck ve Maliyet Etkinli\u011fi:<\/h2>\n<p>Ta\u015f Kenar \u015eekillendirme Tekerle\u011fine yat\u0131r\u0131m yapmak, uzun vadede uygun maliyetli bir se\u00e7im oldu\u011funu kan\u0131tlar. Y\u00fcksek kaliteli yap\u0131s\u0131 ve elmas a\u015f\u0131nd\u0131r\u0131c\u0131 kaplamas\u0131, tak\u0131m \u00f6mr\u00fcn\u00fcn uzamas\u0131na katk\u0131da bulunarak s\u0131k s\u0131k de\u011fi\u015ftirme ihtiyac\u0131n\u0131 azalt\u0131r. Bu dayan\u0131kl\u0131l\u0131k, ta\u015f \u00fcreticileri ve zanaatkarlar i\u00e7in uzun vadeli maliyet tasarrufu anlam\u0131na gelir.<\/p>\n<p>Stone Edge \u015eekillendirme Tekerle\u011fi, benzersiz hassasiyet, \u00e7ok y\u00f6nl\u00fcl\u00fck ve verimlilik sunarak ta\u015f kesme ve \u015fekillendirme s\u00fcrecinde devrim yaratm\u0131\u015ft\u0131r. Ola\u011fan\u00fcst\u00fc performans\u0131, uyumlulu\u011fu ve g\u00fcvenlik \u00f6zellikleriyle ta\u015f end\u00fcstrisindeki profesyoneller i\u00e7in vazge\u00e7ilmez bir ara\u00e7 haline gelmi\u015ftir. \u0130ster ta\u015f \u00fcreticisi, ister imalat\u00e7\u0131 veya zanaatkar olun, Stone Edge Shaping Wheel'i i\u015f ak\u0131\u015f\u0131n\u0131za dahil etmek zanaat\u0131n\u0131z\u0131 geli\u015ftirecek, karma\u015f\u0131k tasar\u0131mlar olu\u015fturman\u0131z\u0131 ve kolayl\u0131kla kusursuz y\u00fczeyler elde etmenizi sa\u011flayacakt\u0131r.<\/p>\n<figure id=\"attachment_1475\" aria-describedby=\"caption-attachment-1475\" style=\"width: 1000px\" class=\"wp-caption aligncenter\"><img loading=\"lazy\" decoding=\"async\" class=\"size-full wp-image-1475\" src=\"https:\/\/xmstonetools.com\/wp-content\/uploads\/2022\/12\/Stone-Edge-Shaping-Wheel-For-Marble-Granite-2.jpg\" alt=\"Mermer Granit \u0130\u00e7in Ta\u015f Kenar \u015eekillendirme Tekerle\u011fi-2\" width=\"1000\" height=\"750\" srcset=\"https:\/\/xmstonetools.com\/wp-content\/uploads\/2022\/12\/Stone-Edge-Shaping-Wheel-For-Marble-Granite-2.jpg 1000w, https:\/\/xmstonetools.com\/wp-content\/uploads\/2022\/12\/Stone-Edge-Shaping-Wheel-For-Marble-Granite-2-533x400.jpg 533w, https:\/\/xmstonetools.com\/wp-content\/uploads\/2022\/12\/Stone-Edge-Shaping-Wheel-For-Marble-Granite-2-768x576.jpg 768w, https:\/\/xmstonetools.com\/wp-content\/uploads\/2022\/12\/Stone-Edge-Shaping-Wheel-For-Marble-Granite-2-600x450.jpg 600w\" sizes=\"auto, (max-width: 1000px) 100vw, 1000px\" \/><figcaption id=\"caption-attachment-1475\" class=\"wp-caption-text\">Mermer Granit \u0130\u00e7in Ta\u015f Kenar \u015eekillendirme Tekerle\u011fi-2<\/figcaption><\/figure>\n<h2 style=\"color: steelblue;\">Ta\u015f Kenar \u015eekillendirme Tekerle\u011fi \u00c7e\u015fitleri<\/h2>\n<p>Ta\u015f Kenar \u015eekillendirme Tekerlekleri s\u00f6z konusu oldu\u011funda, piyasada her biri belirli ta\u015f kesme ve \u015fekillendirme ihtiya\u00e7lar\u0131n\u0131 kar\u015f\u0131lamak \u00fczere tasarlanm\u0131\u015f \u00e7e\u015fitli tipler mevcuttur. \u015eimdi baz\u0131 yayg\u0131n t\u00fcrleri inceleyelim:<\/p>\n<h3>1. S\u00fcrekli Jant Kenar\u0131 \u015eekillendirme Tekerle\u011fi:<\/h3>\n<p>Bu tip \u015fekillendirme tekerle\u011fi, elmas a\u015f\u0131nd\u0131r\u0131c\u0131 par\u00e7ac\u0131klarla g\u00f6m\u00fcl\u00fc s\u00fcrekli bir janta sahiptir. \u00d6ncelikle d\u00fcz kenar \u015fekillendirme ve profil olu\u015fturma uygulamalar\u0131 i\u00e7in kullan\u0131l\u0131r. S\u00fcrekli jant tasar\u0131m\u0131, p\u00fcr\u00fczs\u00fcz ve hassas kesimler sa\u011flayarak ta\u015f kenarlarda e\u011fimler ve pahlar olu\u015fturmak i\u00e7in uygun hale getirir.<\/p>\n<h3>2. Segmentli Jant Kenar\u0131 \u015eekillendirme Tekerle\u011fi:<\/h3>\n<p>Segmentli jant \u015fekillendirme diski, dar bo\u015fluklarla ayr\u0131lm\u0131\u015f elmas a\u015f\u0131nd\u0131r\u0131c\u0131 segmentlere sahiptir. Bu tasar\u0131m, kesme i\u015flemi s\u0131ras\u0131nda kal\u0131nt\u0131lar\u0131n daha etkili bir \u015fekilde temizlenmesini sa\u011flayarak t\u0131kanma olas\u0131l\u0131\u011f\u0131n\u0131 azalt\u0131r. Genellikle kavisli kenar \u015fekillendirme ve profil olu\u015fturma i\u00e7in kullan\u0131l\u0131r ve zanaatkarlar\u0131n karma\u015f\u0131k tasar\u0131mlar ve konturlar elde etmesini sa\u011flar.<\/p>\n<h3>3. Re\u00e7ine Ba\u011flay\u0131c\u0131l\u0131 Kenar \u015eekillendirme Tekerle\u011fi:<\/h3>\n<p>Re\u00e7ine ba\u011fl\u0131 \u015fekillendirme ta\u015flar\u0131, m\u00fckemmel kesme performans\u0131 sa\u011flamak i\u00e7in re\u00e7ine ve elmas a\u015f\u0131nd\u0131r\u0131c\u0131lar\u0131n bir kombinasyonunu kullan\u0131r. Bu ta\u015flar esneklikleriyle bilinir, bu da onlar\u0131 d\u00fczensiz veya kavisli ta\u015f kenarlar\u0131n\u0131 \u015fekillendirmek i\u00e7in uygun hale getirir. Re\u00e7ine ba\u011fl\u0131 \u015fekillendirme diskleri genellikle mermer veya kire\u00e7 ta\u015f\u0131 gibi daha yumu\u015fak ta\u015flar i\u00e7in tercih edilir.<\/p>\n<h3>4. Metal Ba\u011flant\u0131l\u0131 Kenar \u015eekillendirme Tekerle\u011fi:<\/h3>\n<p>Metal ba\u011fl\u0131 \u015fekillendirme diskleri, elmas a\u015f\u0131nd\u0131r\u0131c\u0131 par\u00e7ac\u0131klar\u0131 yerinde tutan bir metal matris ile in\u015fa edilmi\u015ftir. Olduk\u00e7a dayan\u0131kl\u0131d\u0131rlar ve a\u011f\u0131r hizmet uygulamalar\u0131 i\u00e7in tasarlanm\u0131\u015flard\u0131r. Metal ba\u011fl\u0131 \u015fekillendirme diskleri genellikle granit veya i\u015flenmi\u015f kuvars gibi sert ta\u015flar\u0131 \u015fekillendirmek i\u00e7in kullan\u0131l\u0131r. Tala\u015f kald\u0131rma i\u015fleminde m\u00fckemmeldirler ve kenarlar\u0131 h\u0131zl\u0131 ve verimli bir \u015fekilde \u015fekillendirebilirler.<\/p>\n<h3>5. Elektrolizle Kaplanm\u0131\u015f Kenar \u015eekillendirme Tekerle\u011fi:<\/h3>\n<p>Elektrokaplamal\u0131 \u015fekillendirme diskleri, bir elektrokaplama i\u015flemi kullan\u0131larak metal bir g\u00f6bek \u00fczerine bir elmas a\u015f\u0131nd\u0131r\u0131c\u0131 par\u00e7ac\u0131k tabakas\u0131n\u0131n biriktirilmesiyle olu\u015fturulur. Bu tip \u015fekillendirme diskleri ola\u011fan\u00fcst\u00fc hassasiyet sunar ve karma\u015f\u0131k detaylar\u0131n ve profillerin \u015fekillendirilmesi i\u00e7in idealdir. Elektrolizle kaplanm\u0131\u015f \u015fekillendirme diskleri genellikle cam veya seramik gibi hassas ta\u015f malzemeler i\u00e7in kullan\u0131l\u0131r.<\/p>\n<p>Ta\u015f Kenar \u015eekillendirme Tekerle\u011fi se\u00e7iminin \u015fekillendirilen ta\u015f\u0131n t\u00fcr\u00fc, istenen kesim veya profil ve kullan\u0131lan ekipman gibi fakt\u00f6rlere ba\u011fl\u0131 oldu\u011funu unutmamak \u00f6nemlidir. \u00dcreticiler, kullan\u0131c\u0131lar\u0131n \u00f6zel ihtiya\u00e7lar\u0131 i\u00e7in en uygun \u015fekillendirme \u00e7ark\u0131n\u0131 se\u00e7melerine yard\u0131mc\u0131 olmak i\u00e7in genellikle teknik \u00f6zellikler ve \u00f6neriler sa\u011flar.<\/p>\n<figure id=\"attachment_1473\" aria-describedby=\"caption-attachment-1473\" style=\"width: 1080px\" class=\"wp-caption aligncenter\"><img loading=\"lazy\" decoding=\"async\" class=\"size-full wp-image-1473\" src=\"https:\/\/xmstonetools.com\/wp-content\/uploads\/2022\/12\/Stone-Edge-Shaping-Wheel-For-Marble-Granite.jpg\" alt=\"Mermer Granit \u0130\u00e7in Ta\u015f Kenar \u015eekillendirme Tekerle\u011fi\" width=\"1080\" height=\"1080\" srcset=\"https:\/\/xmstonetools.com\/wp-content\/uploads\/2022\/12\/Stone-Edge-Shaping-Wheel-For-Marble-Granite.jpg 1080w, https:\/\/xmstonetools.com\/wp-content\/uploads\/2022\/12\/Stone-Edge-Shaping-Wheel-For-Marble-Granite-400x400.jpg 400w, https:\/\/xmstonetools.com\/wp-content\/uploads\/2022\/12\/Stone-Edge-Shaping-Wheel-For-Marble-Granite-800x800.jpg 800w, https:\/\/xmstonetools.com\/wp-content\/uploads\/2022\/12\/Stone-Edge-Shaping-Wheel-For-Marble-Granite-280x280.jpg 280w, https:\/\/xmstonetools.com\/wp-content\/uploads\/2022\/12\/Stone-Edge-Shaping-Wheel-For-Marble-Granite-768x768.jpg 768w, https:\/\/xmstonetools.com\/wp-content\/uploads\/2022\/12\/Stone-Edge-Shaping-Wheel-For-Marble-Granite-300x300.jpg 300w, https:\/\/xmstonetools.com\/wp-content\/uploads\/2022\/12\/Stone-Edge-Shaping-Wheel-For-Marble-Granite-600x600.jpg 600w, https:\/\/xmstonetools.com\/wp-content\/uploads\/2022\/12\/Stone-Edge-Shaping-Wheel-For-Marble-Granite-100x100.jpg 100w, https:\/\/xmstonetools.com\/wp-content\/uploads\/2022\/12\/Stone-Edge-Shaping-Wheel-For-Marble-Granite-120x120.jpg 120w\" sizes=\"auto, (max-width: 1080px) 100vw, 1080px\" \/><figcaption id=\"caption-attachment-1473\" class=\"wp-caption-text\">Mermer Granit \u0130\u00e7in Ta\u015f Kenar \u015eekillendirme Tekerle\u011fi<\/figcaption><\/figure>\n<h2 style=\"color: steelblue;\">Ta\u015f Kenar \u015eekillendirme Tekerle\u011fi Uygulamalar\u0131<\/h2>\n<p>Ta\u015f Kenar \u015eekillendirme Tekerlekleri, ta\u015f end\u00fcstrisinde geni\u015f uygulama alanlar\u0131 bularak profesyonellerin ta\u015f kenarlar\u0131n\u0131 hassas bir \u015fekilde \u015fekillendirmesini, konturlamas\u0131n\u0131 ve profillemesini sa\u011flar. \u0130\u015fte Ta\u015f Kenar \u015eekillendirme Tekerleklerinin baz\u0131 yayg\u0131n uygulamalar\u0131:<\/p>\n<h3>1. Kenar Profili Olu\u015fturma:<\/h3>\n<p>Ta\u015f Kenar \u015eekillendirme Tekerlekleri kenar profilleme uygulamalar\u0131 i\u00e7in yayg\u0131n olarak kullan\u0131l\u0131r. Ustalar\u0131n bullnose, ogee, bevel ve hafifletilmi\u015f kenarlar gibi \u00e7e\u015fitli profiller olu\u015fturmas\u0131na olanak tan\u0131r. Tezgah, merdiven, masa \u00fcst\u00fc veya di\u011fer ta\u015f y\u00fczeylerle \u00e7al\u0131\u015f\u0131rken, \u015fekillendirme tekerle\u011fi tutarl\u0131 ve p\u00fcr\u00fczs\u00fcz profiller elde ederek bitmi\u015f \u00fcr\u00fcn\u00fcn estetik \u00e7ekicili\u011fini art\u0131rabilir.<\/p>\n<h3>2. Pah K\u0131rma ve E\u011fim Verme:<\/h3>\n<p>Pah k\u0131rma ve e\u011fim verme, ta\u015f y\u00fczeylerde a\u00e7\u0131l\u0131 kenarlar olu\u015fturmak i\u00e7in kullan\u0131lan yayg\u0131n tekniklerdir. Ta\u015f Kenar \u015eekillendirme Tekerlekleri bu uygulamalarda m\u00fckemmeldir ve ustalar\u0131n hassas ve d\u00fczg\u00fcn a\u00e7\u0131lar elde etmesini sa\u011flar. \u0130ster bir tezgah \u00fczerinde k\u00fc\u00e7\u00fck bir pah olu\u015fturmak ister bir an\u0131t\u0131n kenar\u0131na e\u011fim vermek olsun, \u015fekillendirme tekerle\u011fi temiz kesimler ve profesyonel bir y\u00fczey sa\u011flar.<\/p>\n<h3>3. Kavisli Kenar \u015eekillendirme:<\/h3>\n<p>Kavisli veya yuvarlak kenarlar gerektiren projeler i\u00e7in Ta\u015f Kenar \u015eekillendirme Tekerlekleri \u00e7ok de\u011ferlidir. Ustalar, tasar\u0131m gereksinimlerine ba\u011fl\u0131 olarak yumu\u015fak e\u011friler veya daha karma\u015f\u0131k konturlar elde etmek i\u00e7in ta\u015f kenarlar\u0131n\u0131 \u015fekillendirebilir. Bu uygulama \u00f6zellikle kavisli kenarlar\u0131n g\u00f6rsel ilgi ve zarafet katt\u0131\u011f\u0131 mimari elemanlar, heykeller ve dekoratif ta\u015f i\u015flerinde kullan\u0131\u015fl\u0131d\u0131r.<\/p>\n<h3>4. Kanal A\u00e7ma ve Oluk A\u00e7ma:<\/h3>\n<p>Ta\u015f Kenar \u015eekillendirme Tekerlekleri, ta\u015f y\u00fczeylerde oluklar ve yuvalar olu\u015fturmak i\u00e7in kullan\u0131labilir. Bu uygulama genellikle ta\u015f panellerin birle\u015ftirilmesi gereken veya \u00f6zel drenaj sistemlerinin gerekli oldu\u011fu projelerde kullan\u0131l\u0131r. \u015eekillendirme tekerle\u011fi hassas ve temiz kesimler sa\u011flayarak ta\u015f par\u00e7alar\u0131n\u0131n montaj\u0131n\u0131 kolayla\u015ft\u0131r\u0131r ve i\u015flevselli\u011fi art\u0131r\u0131r.<\/p>\n<h3>5. Yaz\u0131 ve Grav\u00fcr:<\/h3>\n<p>An\u0131t ta\u015flar\u0131, tabelalar ve sanatsal ta\u015f kreasyonlar\u0131 alan\u0131nda, Ta\u015f Kenar \u015eekillendirme Tekerlekleri yaz\u0131 ve grav\u00fcr uygulamalar\u0131nda hayati bir rol oynar. Ustalar, farkl\u0131 profiller ve elmas a\u015f\u0131nd\u0131r\u0131c\u0131 desenler kullanarak karma\u015f\u0131k yaz\u0131lar\u0131 ve tasar\u0131mlar\u0131 ta\u015f y\u00fczeylere \u015fekillendirebilir ve oyabilir. \u015eekillendirme tekerle\u011fi hassas kontrol sa\u011flayarak karma\u015f\u0131k detaylar\u0131n kolayl\u0131kla olu\u015fturulmas\u0131na olanak tan\u0131r.<\/p>\n<h3>6. Restorasyon ve Onar\u0131m:<\/h3>\n<p>Ta\u015f Kenar \u015eekillendirme Tekerlekleri, hasarl\u0131 veya y\u0131pranm\u0131\u015f ta\u015f y\u00fczeylerin restorasyonu ve onar\u0131m\u0131nda da kullan\u0131l\u0131r. Yontulmu\u015f veya k\u0131r\u0131k kenarlar\u0131 yeniden \u015fekillendirmek, kusurlar\u0131 d\u00fczeltmek ve eksik profilleri yeniden olu\u015fturmak i\u00e7in kullan\u0131labilirler. \u015eekillendirme tekerle\u011fi, ta\u015f\u0131n orijinal g\u00fczelli\u011fini geri kazanmas\u0131na yard\u0131mc\u0131 olur ve onar\u0131lan alanlar\u0131n mevcut y\u00fczeyle sorunsuz bir \u015fekilde b\u00fct\u00fcnle\u015fmesini sa\u011flar.<br \/>\nBunlar, Ta\u015f Kenar \u015eekillendirme Tekerleklerinin \u00e7ok y\u00f6nl\u00fc uygulamalar\u0131na sadece birka\u00e7 \u00f6rnektir. Aletin hassasiyeti, \u00e7ok y\u00f6nl\u00fcl\u00fc\u011f\u00fc ve verimlili\u011fi, onu ta\u015f imalat\u00e7\u0131lar\u0131, heykelt\u0131ra\u015flar, an\u0131t yap\u0131mc\u0131lar\u0131 ve do\u011fal ve i\u015flenmi\u015f ta\u015f malzemelerle \u00e7al\u0131\u015fan zanaatkarlar i\u00e7in vazge\u00e7ilmez bir varl\u0131k haline getirmektedir.<\/p>\n<figure id=\"attachment_1471\" aria-describedby=\"caption-attachment-1471\" style=\"width: 746px\" class=\"wp-caption aligncenter\"><img loading=\"lazy\" decoding=\"async\" class=\"wp-image-1471 size-full\" src=\"https:\/\/xmstonetools.com\/wp-content\/uploads\/2022\/12\/Application-of-Stone-Edge-Shaping-Wheel.jpg\" alt=\"Ta\u015f Kenar \u015eekillendirme Tekerle\u011fi Uygulamas\u0131\" width=\"746\" height=\"305\" srcset=\"https:\/\/xmstonetools.com\/wp-content\/uploads\/2022\/12\/Application-of-Stone-Edge-Shaping-Wheel.jpg 746w, https:\/\/xmstonetools.com\/wp-content\/uploads\/2022\/12\/Application-of-Stone-Edge-Shaping-Wheel-600x245.jpg 600w\" sizes=\"auto, (max-width: 746px) 100vw, 746px\" \/><figcaption id=\"caption-attachment-1471\" class=\"wp-caption-text\">Ta\u015f Kenar \u015eekillendirme Tekerle\u011fi Uygulamas\u0131<\/figcaption><\/figure>\n<table style=\"height: 262px;\" border=\"2\" width=\"650\" cellspacing=\"0\" cellpadding=\"0\">\n<tbody>\n<tr>\n<td><strong>\u00c7ap (mm)<\/strong><\/td>\n<td><strong>Delik (mm)<\/strong><\/td>\n<td><strong>Grits<\/strong><\/td>\n<td><strong>Kal\u0131nl\u0131k (mm)<\/strong><\/td>\n<\/tr>\n<tr>\n<td>\u03a675<\/td>\n<td>20<\/td>\n<td rowspan=\"9\">30# 40# 60# 100# 120#<\/td>\n<td rowspan=\"9\">5'ten 400'e kadar veya m\u00fc\u015fteri yap\u0131m\u0131<\/td>\n<\/tr>\n<tr>\n<td>\u03a6100<\/td>\n<td>20<\/td>\n<\/tr>\n<tr>\n<td>\u03a6125<\/td>\n<td>22.23<\/td>\n<\/tr>\n<tr>\n<td>\u03a6140<\/td>\n<td>30<\/td>\n<\/tr>\n<tr>\n<td>\u03a6150<\/td>\n<td>20\/30<\/td>\n<\/tr>\n<tr>\n<td>\u03a6160<\/td>\n<td>20\/30<\/td>\n<\/tr>\n<tr>\n<td>\u03a6200<\/td>\n<td>30\/50<\/td>\n<\/tr>\n<tr>\n<td>\u03a6250<\/td>\n<td>30\/50\/60<\/td>\n<\/tr>\n<tr>\n<td>\u03a6300<\/td>\n<td>30\/50\/60<\/td>\n<\/tr>\n<tr>\n<td>m\u00fc\u015fteri yap\u0131m\u0131<\/td>\n<td>m\u00fc\u015fteri yap\u0131m\u0131<\/td>\n<td><\/td>\n<td><\/td>\n<\/tr>\n<\/tbody>\n<\/table>\n<p>&nbsp;<\/p>","protected":false},"excerpt":{"rendered":"<p>Profesyonel bir ta\u015f elmas aletleri \u00fcreticisi olarak, Ta\u015f Kenar \u015eekillendirme Tekerle\u011fini tan\u0131tmaktan gurur duyuyoruz. Bu devrim niteli\u011findeki alet, ta\u015f kesme ve \u015fekillendirme s\u00fcrecini geli\u015ftirmek i\u00e7in tasarlanm\u0131\u015f olup, zanaatkarlar\u0131n ve sanatkarlar\u0131n kolayl\u0131kla hassas ve karma\u015f\u0131k tasar\u0131mlar elde etmelerini sa\u011flar. Bu kapsaml\u0131 k\u0131lavuzda, Ta\u015f Kenar \u015eekillendirme Tekerle\u011finin \u00f6zelliklerini, faydalar\u0131n\u0131 ve uygulamalar\u0131n\u0131 inceleyerek neden ta\u015f end\u00fcstrisinde vazge\u00e7ilmez bir ara\u00e7 haline geldi\u011fine \u0131\u015f\u0131k tutaca\u011f\u0131z. Ta\u015f Kenar \u015eekillendirme Tekerle\u011fi, kusursuz sonu\u00e7lar sunmak i\u00e7in son derece hassas bir \u015fekilde tasarlanm\u0131\u015ft\u0131r. Ola\u011fan\u00fcst\u00fc kesme performans\u0131 ve uzun \u00f6m\u00fcrl\u00fcl\u00fck sa\u011flayan y\u00fcksek kaliteli bir elmas a\u015f\u0131nd\u0131r\u0131c\u0131 kaplamaya sahiptir. Hassas bir \u015fekilde konumland\u0131r\u0131lm\u0131\u015f elmas par\u00e7ac\u0131klar\u0131 sayesinde ta\u015f kenarlar\u0131n\u0131 ola\u011fan\u00fcst\u00fc bir hassasiyetle \u015fekillendirip konturlayabilen tekerlek, ustalar\u0131n karma\u015f\u0131k detaylar ve p\u00fcr\u00fczs\u00fcz y\u00fczeyler elde etmesini sa\u011flar.<\/p>\n<a href=\"#Quote-Button\" class=\"button primary is-large Inquiry-Button\" style=\"border-radius:99px;\">\n\t<i class=\"icon-heart\" aria-hidden=\"true\"><\/i>\t<span>\u015eimdi Sorgula<\/span>\n\t<\/a>","protected":false},"featured_media":1474,"template":"","meta":[],"product_brand":[],"product_cat":[56,175],"product_tag":[83,176],"class_list":{"0":"post-1477","1":"product","2":"type-product","3":"status-publish","4":"has-post-thumbnail","6":"product_cat-stone-grinding-tools","7":"product_cat-stone-profiling-wheels","8":"product_tag-grinding-cup-wheel","9":"product_tag-stone-profiling-tools","11":"first","12":"instock","13":"shipping-taxable","14":"product-type-simple"},"aioseo_notices":[],"_links":{"self":[{"href":"https:\/\/xmstonetools.com\/tr\/wp-json\/wp\/v2\/product\/1477","targetHints":{"allow":["GET"]}}],"collection":[{"href":"https:\/\/xmstonetools.com\/tr\/wp-json\/wp\/v2\/product"}],"about":[{"href":"https:\/\/xmstonetools.com\/tr\/wp-json\/wp\/v2\/types\/product"}],"wp:featuredmedia":[{"embeddable":true,"href":"https:\/\/xmstonetools.com\/tr\/wp-json\/wp\/v2\/media\/1474"}],"wp:attachment":[{"href":"https:\/\/xmstonetools.com\/tr\/wp-json\/wp\/v2\/media?parent=1477"}],"wp:term":[{"taxonomy":"product_brand","embeddable":true,"href":"https:\/\/xmstonetools.com\/tr\/wp-json\/wp\/v2\/product_brand?post=1477"},{"taxonomy":"product_cat","embeddable":true,"href":"https:\/\/xmstonetools.com\/tr\/wp-json\/wp\/v2\/product_cat?post=1477"},{"taxonomy":"product_tag","embeddable":true,"href":"https:\/\/xmstonetools.com\/tr\/wp-json\/wp\/v2\/product_tag?post=1477"}],"curies":[{"name":"wp","href":"https:\/\/api.w.org\/{rel}","templated":true}]}}