{"id":1478,"date":"2022-12-04T10:31:10","date_gmt":"2022-12-04T02:31:10","guid":{"rendered":"https:\/\/xmstonetools.com\/?post_type=product&#038;p=1478"},"modified":"2023-07-05T10:23:12","modified_gmt":"2023-07-05T02:23:12","slug":"surekli-turbo-bardak-carki","status":"publish","type":"product","link":"https:\/\/xmstonetools.com\/tr\/urun\/surekli-turbo-bardak-carki\/","title":{"rendered":"S\u00fcrekli Turbo Bardak Tekerle\u011fi"},"content":{"rendered":"<p>Elmas ta\u015f aletler, ba\u015fta ta\u015f imalat\u0131 ve in\u015faat olmak \u00fczere \u00e7e\u015fitli sekt\u00f6rlerde \u00f6nemli bir rol oynamaktad\u0131r. Mevcut \u00e7ok \u00e7e\u015fitli elmas aletler aras\u0131nda s\u00fcrekli turbo \u00e7anak disk, ta\u015f y\u00fczeylerin ta\u015flanmas\u0131, \u015fekillendirilmesi ve parlat\u0131lmas\u0131 i\u00e7in \u00e7ok y\u00f6nl\u00fc ve etkili bir alet olarak \u00f6ne \u00e7\u0131kmaktad\u0131r. Bu makalede, kontin\u00fc turbo \u00e7anak \u00e7ark\u0131n \u00f6zelliklerini, uygulamalar\u0131n\u0131, avantajlar\u0131n\u0131 ve bak\u0131m ipu\u00e7lar\u0131n\u0131 inceleyerek bu temel ara\u00e7 hakk\u0131nda kapsaml\u0131 bir genel bak\u0131\u015f sunaca\u011f\u0131z.<\/p>\n<h2 style=\"color: steelblue;\">1. S\u00fcrekli Turbo Bardak Tekerle\u011fi nedir?<\/h2>\n<p>Kontin\u00fc turbo \u00e7anak disk, y\u00fcksek kaliteli elmas segmentlerle g\u00f6m\u00fcl\u00fc dairesel bir \u00e7elik \u00e7ekirdekten olu\u015fan \u00f6zel bir elmas alettir. Segmentler aras\u0131nda bo\u015fluklar bulunan segmentli \u00e7anak disklerin aksine kontin\u00fc turbo \u00e7anak disk, s\u0131k\u0131ca paketlenmi\u015f elmas segmentlere sahip kesintisiz bir janta sahiptir ve kesme performans\u0131 ve dayan\u0131kl\u0131l\u0131k a\u00e7\u0131s\u0131ndan \u00e7e\u015fitli avantajlar sunar.<\/p>\n<figure id=\"attachment_1486\" aria-describedby=\"caption-attachment-1486\" style=\"width: 800px\" class=\"wp-caption aligncenter\"><img loading=\"lazy\" decoding=\"async\" class=\"size-full wp-image-1486\" src=\"https:\/\/xmstonetools.com\/wp-content\/uploads\/2022\/12\/Turbo-Diamond-Grinding-cup-wheel.jpg\" alt=\"Turbo Elmas Ta\u015flama \u00e7ana\u011f\u0131 tekerle\u011fi\" width=\"800\" height=\"800\" srcset=\"https:\/\/xmstonetools.com\/wp-content\/uploads\/2022\/12\/Turbo-Diamond-Grinding-cup-wheel.jpg 800w, https:\/\/xmstonetools.com\/wp-content\/uploads\/2022\/12\/Turbo-Diamond-Grinding-cup-wheel-400x400.jpg 400w, https:\/\/xmstonetools.com\/wp-content\/uploads\/2022\/12\/Turbo-Diamond-Grinding-cup-wheel-280x280.jpg 280w, https:\/\/xmstonetools.com\/wp-content\/uploads\/2022\/12\/Turbo-Diamond-Grinding-cup-wheel-768x768.jpg 768w, https:\/\/xmstonetools.com\/wp-content\/uploads\/2022\/12\/Turbo-Diamond-Grinding-cup-wheel-300x300.jpg 300w, https:\/\/xmstonetools.com\/wp-content\/uploads\/2022\/12\/Turbo-Diamond-Grinding-cup-wheel-600x600.jpg 600w, https:\/\/xmstonetools.com\/wp-content\/uploads\/2022\/12\/Turbo-Diamond-Grinding-cup-wheel-100x100.jpg 100w, https:\/\/xmstonetools.com\/wp-content\/uploads\/2022\/12\/Turbo-Diamond-Grinding-cup-wheel-120x120.jpg 120w\" sizes=\"auto, (max-width: 800px) 100vw, 800px\" \/><figcaption id=\"caption-attachment-1486\" class=\"wp-caption-text\">Turbo Elmas Ta\u015flama \u00e7ana\u011f\u0131 tekerle\u011fi<\/figcaption><\/figure>\n<h2 style=\"color: steelblue;\">2. Turbo Kupa Tekerle\u011fin \u00d6zellikleri ve Tasar\u0131m\u0131:<\/h2>\n<p>S\u00fcrekli turbo fincan \u00e7ark\u0131 a\u015fa\u011f\u0131daki temel \u00f6zelliklerle tasarlanm\u0131\u015ft\u0131r:<\/p>\n<h3>a. S\u00fcrekli Jant:<\/h3>\n<p>Kesintisiz kenar, p\u00fcr\u00fczs\u00fcz ve hassas kesme, ta\u015flama ve parlatma i\u015flemi sa\u011flayarak verimli malzeme kald\u0131rmaya olanak tan\u0131r.<\/p>\n<h3>b. Turbo Segmentler:<\/h3>\n<p>Turbo tarz\u0131 elmas segmentler, uzun s\u00fcreli kullan\u0131m s\u0131ras\u0131nda a\u015f\u0131r\u0131 \u0131s\u0131nmay\u0131 ve t\u0131kanmay\u0131 \u00f6nleyerek so\u011futmay\u0131 ve toz gidermeyi geli\u015ftiren oluklar veya yuvalarla tasarlanm\u0131\u015ft\u0131r.<\/p>\n<h3>c. \u00c7elik \u00c7ekirdek:<\/h3>\n<p>\u00c7elik \u00e7ekirdek, \u00e7anak tekerle\u011fe stabilite ve g\u00fc\u00e7 sa\u011flayarak dayan\u0131kl\u0131l\u0131\u011f\u0131n\u0131 ve a\u011f\u0131r hizmet uygulamalar\u0131na kar\u015f\u0131 direncini garanti eder.<\/p>\n<h2 style=\"color: steelblue;\">3. S\u00fcrekli turbo \u00e7anak \u00e7ark uygulamalar\u0131:<\/h2>\n<p>S\u00fcrekli turbo \u00e7anak tekerle\u011fi ta\u015f, beton, duvar ve di\u011fer sert malzemelerle ilgili \u00e7e\u015fitli g\u00f6revlerde geni\u015f uygulama alan\u0131 bulur. Baz\u0131 yayg\u0131n uygulamalar \u015funlard\u0131r:<\/p>\n<h3>a. Ta\u015flama ve \u015eekillendirme:<\/h3>\n<p>Fincan \u00e7ark\u0131, p\u00fcr\u00fczs\u00fcz ve e\u015fit bir y\u00fczey elde etmek i\u00e7in tezgahlar, zeminler ve kenarlar gibi ta\u015f y\u00fczeyleri ta\u015flamak ve \u015fekillendirmek i\u00e7in kullan\u0131l\u0131r.<\/p>\n<h3>b. Y\u00fczey Haz\u0131rl\u0131\u011f\u0131:<\/h3>\n<p>Uygun yap\u0131\u015fma ve temiz bir alt tabaka sa\u011flamak i\u00e7in kaplamalar, yap\u0131\u015ft\u0131r\u0131c\u0131lar veya di\u011fer y\u00fczeyler uygulanmadan \u00f6nce y\u00fczey haz\u0131rl\u0131\u011f\u0131 i\u00e7in kullan\u0131l\u0131r.<\/p>\n<h3>c. Malzeme Kald\u0131rma:<\/h3>\n<p>Fincan \u00e7ark\u0131, epoksi veya tutkal kal\u0131nt\u0131lar\u0131, boya veya di\u011fer kaplamalar gibi fazla malzemeleri ta\u015f y\u00fczeylerden etkili bir \u015fekilde temizler.<\/p>\n<h3>d. Parlatma:<\/h3>\n<p>Belirli elmas kum boyutlar\u0131 ve parlatma pedleri kullan\u0131larak, s\u00fcrekli turbo \u00e7anak disk ta\u015f y\u00fczeylerde parlatma ve parlak bir y\u00fczey elde etmek i\u00e7in de kullan\u0131labilir.<\/p>\n<figure id=\"attachment_1484\" aria-describedby=\"caption-attachment-1484\" style=\"width: 500px\" class=\"wp-caption aligncenter\"><img loading=\"lazy\" decoding=\"async\" class=\"size-full wp-image-1484\" src=\"https:\/\/xmstonetools.com\/wp-content\/uploads\/2022\/12\/continuous-turbo-cup-wheel-31.jpg\" alt=\"continuous-turbo-cup-wheel-3(1)\" width=\"500\" height=\"400\" \/><figcaption id=\"caption-attachment-1484\" class=\"wp-caption-text\">continuous-turbo-cup-wheel-3(1)<\/figcaption><\/figure>\n<h2 style=\"color: steelblue;\">4. S\u00fcrekli Turbo Kupa Tekerle\u011fin Avantajlar\u0131:<\/h2>\n<p>S\u00fcrekli turbo \u00e7anak disk, di\u011fer elmas tak\u0131mlara g\u00f6re \u00e7e\u015fitli avantajlar sunar:<\/p>\n<h3>a. H\u0131zl\u0131 Malzeme Kald\u0131rma:<\/h3>\n<p>S\u00fcrekli jant tasar\u0131m\u0131, turbo segmentlerle birlikte h\u0131zl\u0131 malzeme kald\u0131rmay\u0131 sa\u011flayarak verimlili\u011fi art\u0131r\u0131r ve proje s\u00fcresini k\u0131salt\u0131r.<\/p>\n<h3>b. P\u00fcr\u00fczs\u00fcz ve Hassas Kesim:<\/h3>\n<p>Kesintisiz kenar, temiz ve hassas bir kesim sa\u011flayarak ek d\u00fczle\u015ftirme veya son i\u015flem ihtiyac\u0131n\u0131 azalt\u0131r.<\/p>\n<h3>c. \u00c7ok y\u00f6nl\u00fcl\u00fck:<\/h3>\n<p>S\u00fcrekli turbo \u00e7anak \u00e7ark \u00e7e\u015fitli malzemelerle uyumludur, bu da onu ta\u015f imalat\u0131, in\u015faat ve yenileme alanlar\u0131ndaki farkl\u0131 uygulamalar i\u00e7in \u00e7ok y\u00f6nl\u00fc bir ara\u00e7 haline getirir.<\/p>\n<h3>d. Dayan\u0131kl\u0131l\u0131k:<\/h3>\n<p>Y\u00fcksek kaliteli elmas segmentler ve sa\u011flam \u00e7elik \u00e7ekirdek, \u00e7anak \u00e7ark\u0131n dayan\u0131kl\u0131l\u0131\u011f\u0131na katk\u0131da bulunarak a\u011f\u0131r hizmet tipi kullan\u0131ma ve uzun \u00e7al\u0131\u015fma \u00f6mr\u00fcne dayanmas\u0131n\u0131 sa\u011flar.<\/p>\n<h2 style=\"color: steelblue;\">5. Bak\u0131m ve G\u00fcvenlik \u0130pu\u00e7lar\u0131:<\/h2>\n<p>S\u00fcrekli turbo \u00e7anak \u00e7ark\u0131n optimum performans\u0131n\u0131 ve uzun \u00f6m\u00fcrl\u00fc olmas\u0131n\u0131 sa\u011flamak i\u00e7in bu bak\u0131m ve g\u00fcvenlik y\u00f6nergelerini izleyin:<\/p>\n<h3>a. Uygun Montaj:<\/h3>\n<p>Fincan diskinin elektrikli el aletine veya ta\u015flama makinesine do\u011fru \u015fekilde tak\u0131ld\u0131\u011f\u0131ndan ve s\u0131k\u0131ld\u0131\u011f\u0131ndan emin olunuz.<\/p>\n<h3>b. So\u011futma ve Ya\u011flama:<\/h3>\n<p>A\u015f\u0131r\u0131 \u0131s\u0131nmay\u0131 \u00f6nlemek i\u00e7in \u00e7al\u0131\u015fma s\u0131ras\u0131nda \u00e7anak \u00e7ark\u0131 d\u00fczenli olarak so\u011futun ve s\u00fcrt\u00fcnmeyi azaltmak ve kesme verimlili\u011fini art\u0131rmak i\u00e7in su veya uygun so\u011futma s\u0131v\u0131s\u0131 kullan\u0131n.<\/p>\n<h3>c. G\u00fcvenli \u00c7al\u0131\u015fma:<\/h3>\n<p>Olas\u0131 tehlikelere ve havadaki partik\u00fcllere kar\u015f\u0131 korunmak i\u00e7in daima koruyucu g\u00f6zl\u00fck, eldiven ve toz maskesi gibi uygun ki\u015fisel koruyucu ekipman (KKE) kullan\u0131n.<\/p>\n<h3>d. D\u00fczenli Temizlik:<\/h3>\n<p>Her kullan\u0131mdan sonra, en iyi kesme performans\u0131n\u0131 sa\u011flamak ve t\u0131kanmay\u0131 \u00f6nlemek i\u00e7in kal\u0131nt\u0131lar\u0131 ve kal\u0131nt\u0131lar\u0131 gidermek i\u00e7in \u00e7anak \u00e7ark\u0131 temizleyin.<\/p>\n<p>S\u00fcrekli turbo \u00e7anak disk, ta\u015f imalat\u0131, in\u015faat ve ilgili end\u00fcstrilerdeki profesyoneller i\u00e7in de\u011ferli bir ara\u00e7t\u0131r. Yenilik\u00e7i tasar\u0131m\u0131, verimli malzeme kald\u0131rma \u00f6zelli\u011fi ve \u00e7ok y\u00f6nl\u00fcl\u00fc\u011f\u00fc onu \u00e7e\u015fitli uygulamalar i\u00e7in vazge\u00e7ilmez bir varl\u0131k haline getirmektedir. Kullan\u0131c\u0131lar, uygun bak\u0131m ve g\u00fcvenlik y\u00f6nergelerini izleyerek \u00e7anak \u00e7ark\u0131n performans\u0131n\u0131, dayan\u0131kl\u0131l\u0131\u011f\u0131n\u0131 ve projelerindeki genel etkinli\u011fini en \u00fcst d\u00fczeye \u00e7\u0131karabilir.<\/p>\n<figure id=\"attachment_1483\" aria-describedby=\"caption-attachment-1483\" style=\"width: 500px\" class=\"wp-caption aligncenter\"><img loading=\"lazy\" decoding=\"async\" class=\"size-full wp-image-1483\" src=\"https:\/\/xmstonetools.com\/wp-content\/uploads\/2022\/12\/continuous-turbo-cup-wheel-3.jpg\" alt=\"continuous-turbo-cup-wheel-3\" width=\"500\" height=\"400\" \/><figcaption id=\"caption-attachment-1483\" class=\"wp-caption-text\">continuous-turbo-cup-wheel-3<\/figcaption><\/figure>\n<h2 style=\"color: steelblue;\">6. Kum Boyutlar\u0131:<\/h2>\n<p>S\u00fcrekli turbo \u00e7anak diskler, kabadan inceye kadar de\u011fi\u015fen farkl\u0131 elmas kum boyutlar\u0131nda mevcuttur. Uygun kum boyutunun se\u00e7imi, \u00f6zel uygulamaya ve istenen finisaja ba\u011fl\u0131d\u0131r. Kaba kumlar (30 veya 40 gibi) ilk malzeme kald\u0131rma ve \u015fekillendirme i\u00e7in idealken, daha ince kumlar (100 veya 200 gibi) d\u00fczle\u015ftirme ve parlatma i\u015fleri i\u00e7in uygundur.<\/p>\n<h2 style=\"color: steelblue;\">7. Islak ve Kuru Kesim:<\/h2>\n<p>S\u00fcrekli turbo \u00e7anak diskler hem \u0131slak hem de kuru kesme i\u015flemleri i\u00e7in kullan\u0131labilir. Islak kesme, \u00e7al\u0131\u015fma s\u0131ras\u0131nda \u0131s\u0131 ve s\u00fcrt\u00fcnmeyi azaltmak i\u00e7in su veya so\u011futucu kullan\u0131lmas\u0131n\u0131 i\u00e7erirken, kuru kesme herhangi bir s\u0131v\u0131 olmadan ger\u00e7ekle\u015ftirilir. Islak kesim, \u00f6nemli miktarda toz \u00fcreten veya daha iyi so\u011futma gerektiren i\u015fler i\u00e7in tercih edilirken, kuru kesim kolayl\u0131k sa\u011flar ve daha k\u00fc\u00e7\u00fck projeler i\u00e7in uygundur.<\/p>\n<h2 style=\"color: steelblue;\">8. Uyumluluk:<\/h2>\n<p>S\u00fcrekli turbo \u00e7anak diskler, a\u00e7\u0131l\u0131 ta\u015flama makineleri ve ta\u015f parlat\u0131c\u0131lar dahil olmak \u00fczere \u00e7e\u015fitli elektrikli aletler ve ta\u015flama makineleri ile uyumlu olacak \u015fekilde tasarlanm\u0131\u015ft\u0131r. G\u00fcvenli ve d\u00fczg\u00fcn bir uyum sa\u011flamak i\u00e7in \u00e7anak diskin boyutunun ve mil deli\u011finin kullan\u0131lan aletin \u00f6zellikleriyle e\u015fle\u015fti\u011finden emin olmak \u00f6nemlidir.<\/p>\n<h2 style=\"color: steelblue;\">9. Do\u011fru Kupa Tekerle\u011fini Se\u00e7me:<\/h2>\n<p>S\u00fcrekli turbo \u00e7anak disk se\u00e7erken, \u00fczerinde \u00e7al\u0131\u015f\u0131lacak malzeme, istenen y\u00fczey ve \u00f6zel uygulama gibi fakt\u00f6rleri g\u00f6z \u00f6n\u00fcnde bulundurun. Beton, granit, mermer veya i\u015flenmi\u015f ta\u015f gibi farkl\u0131 malzemeler i\u00e7in farkl\u0131 \u00e7anak diskler tasarlanm\u0131\u015ft\u0131r. Ayr\u0131ca, a\u011f\u0131r hizmet uygulamalar\u0131 daha dayan\u0131kl\u0131 elmas segmentlere ve sa\u011flam bir \u00e7elik \u00e7ekirde\u011fe sahip \u00e7anak diskler gerektirebilece\u011finden, g\u00f6revin yo\u011funlu\u011funu da g\u00f6z \u00f6n\u00fcnde bulundurun.<\/p>\n<h2 style=\"color: steelblue;\">10. Optimum Performans i\u00e7in Profesyonel \u0130pu\u00e7lar\u0131:<\/h2>\n<p>S\u00fcrekli turbo bardak \u00e7ark\u0131n\u0131z\u0131n performans\u0131n\u0131 ve uzun \u00f6m\u00fcrl\u00fcl\u00fc\u011f\u00fcn\u00fc art\u0131rmak i\u00e7in birka\u00e7 ek ipucunu burada bulabilirsiniz:<\/p>\n<h3>a. Hafif bas\u0131n\u00e7 kullan\u0131n:<\/h3>\n<p>Alette gereksiz a\u015f\u0131nma ve y\u0131pranmay\u0131 \u00f6nlemek i\u00e7in \u00e7anak \u00e7ark\u0131 kullan\u0131rken nazik ve tutarl\u0131 bir bas\u0131n\u00e7 uygulay\u0131n.<\/p>\n<h3>b. Elmas segmentlerinin a\u015f\u0131nmas\u0131n\u0131 izleyin:<\/h3>\n<p>Elmas segmentlerinin durumuna dikkat edin. A\u015f\u0131nd\u0131k\u00e7a kesme verimlili\u011fi azal\u0131r. Segmentler optimum performans\u0131 koruyamayacak kadar a\u015f\u0131nd\u0131\u011f\u0131nda \u00e7anak \u00e7ark\u0131 de\u011fi\u015ftirin.<\/p>\n<h3>c. E\u015fit ge\u00e7i\u015flerle \u00e7al\u0131\u015f\u0131n:<\/h3>\n<p>B\u00fcy\u00fck y\u00fczeyleri ta\u015flarken veya parlat\u0131rken, alan\u0131 daha k\u00fc\u00e7\u00fck b\u00f6l\u00fcmlere ay\u0131r\u0131n ve tutarl\u0131 bir finisaj sa\u011flamak ve d\u00fczensiz malzeme kald\u0131rmay\u0131 \u00f6nlemek i\u00e7in e\u015fit ge\u00e7i\u015flerle \u00e7al\u0131\u015f\u0131n.<\/p>\n<h3>d. \u00dcreticinin talimatlar\u0131na uyun:<\/h3>\n<p>\u00c7al\u0131\u015fma h\u0131zlar\u0131, \u00f6nerilen so\u011futma s\u0131v\u0131s\u0131 kullan\u0131m\u0131 ve bardak tekerle\u011fi modelinize \u00f6zel talimatlarla ilgili olarak daima \u00fcreticinin y\u00f6nergelerine ba\u015fvurun.<\/p>\n<p>Kontin\u00fc turbo \u00e7anak disk, ta\u015f imalat\u0131 i\u00e7in \u00e7ok y\u00f6nl\u00fc ve etkili bir ara\u00e7t\u0131r; verimli malzeme kald\u0131rma, hassas kesim ve \u00e7e\u015fitli uygulamalar sunar. Uygun \u00e7anak \u00e7ark\u0131 se\u00e7erek, bak\u0131m y\u00f6nergelerini izleyerek ve uygun teknikleri kullanarak profesyoneller ta\u015fla ilgili projelerinde ola\u011fan\u00fcst\u00fc sonu\u00e7lar elde edebilir ve s\u00fcrekli turbo \u00e7anak \u00e7arklar\u0131n\u0131n uzun \u00f6m\u00fcrl\u00fc ve performansl\u0131 olmas\u0131n\u0131 sa\u011flayabilir.<\/p>\n<figure id=\"attachment_1481\" aria-describedby=\"caption-attachment-1481\" style=\"width: 500px\" class=\"wp-caption aligncenter\"><img loading=\"lazy\" decoding=\"async\" class=\"size-full wp-image-1481\" src=\"https:\/\/xmstonetools.com\/wp-content\/uploads\/2022\/12\/continuous-turbo-cup-wheel-11.jpg\" alt=\"continuous-turbo-cup-wheel-1(1)\" width=\"500\" height=\"400\" \/><figcaption id=\"caption-attachment-1481\" class=\"wp-caption-text\">continuous-turbo-cup-wheel-1(1)<\/figcaption><\/figure>\n<table class=\"aliDataTable\" style=\"height: 355px;\" width=\"643\">\n<tbody>\n<tr align=\"left\">\n<td colspan=\"2\" valign=\"top\">\u00c7ap<\/td>\n<td colspan=\"2\" valign=\"top\">Delik<\/td>\n<td colspan=\"2\" valign=\"top\">Segment<\/td>\n<\/tr>\n<tr align=\"left\">\n<td valign=\"top\">mm<\/td>\n<td valign=\"top\">in\u00e7<\/td>\n<td colspan=\"2\" valign=\"top\">Boyut (mm\/in\u00e7)<\/td>\n<td valign=\"top\">Kal\u0131nl\u0131k (mm)<\/td>\n<td valign=\"top\">Y\u00fckseklik (mm)<\/td>\n<\/tr>\n<tr align=\"left\">\n<td valign=\"top\">105<\/td>\n<td valign=\"top\">4\"<\/td>\n<td valign=\"top\">16\/22.23<\/td>\n<td valign=\"top\">5\/8\",7\/8\",M14<\/td>\n<td valign=\"top\">6<\/td>\n<td valign=\"top\">16<\/td>\n<\/tr>\n<tr align=\"left\">\n<td valign=\"top\">115<\/td>\n<td valign=\"top\">4.5\"<\/td>\n<td valign=\"top\">16\/22.23<\/td>\n<td valign=\"top\">5\/8\",7\/8\",M14<\/td>\n<td valign=\"top\">6<\/td>\n<td valign=\"top\">18<\/td>\n<\/tr>\n<tr align=\"left\">\n<td valign=\"top\">125<\/td>\n<td valign=\"top\">5\"<\/td>\n<td valign=\"top\">16\/22.23<\/td>\n<td valign=\"top\">5\/8\",7\/8\",M14<\/td>\n<td valign=\"top\">7.5<\/td>\n<td valign=\"top\">18<\/td>\n<\/tr>\n<tr align=\"left\">\n<td valign=\"top\">150<\/td>\n<td valign=\"top\">6\"<\/td>\n<td valign=\"top\">16\/22.23<\/td>\n<td valign=\"top\">5\/8\",7\/8\",M14<\/td>\n<td valign=\"top\">7.5<\/td>\n<td valign=\"top\">18<\/td>\n<\/tr>\n<tr align=\"left\">\n<td valign=\"top\">180<\/td>\n<td valign=\"top\">7\"<\/td>\n<td valign=\"top\">16\/22.23<\/td>\n<td valign=\"top\">5\/8\",7\/8\",M14<\/td>\n<td valign=\"top\">8<\/td>\n<td valign=\"top\">18<\/td>\n<\/tr>\n<\/tbody>\n<\/table>\n<p>&nbsp;<\/p>","protected":false},"excerpt":{"rendered":"<p>Kontin\u00fc turbo \u00e7anak disk, y\u00fcksek kaliteli elmas segmentlerle g\u00f6m\u00fcl\u00fc dairesel bir \u00e7elik \u00e7ekirdekten olu\u015fan \u00f6zel bir elmas alettir. Segmentler aras\u0131nda bo\u015fluklar bulunan segmentli \u00e7anak disklerin aksine, kontin\u00fc turbo \u00e7anak disk, kesme performans\u0131 ve dayan\u0131kl\u0131l\u0131k a\u00e7\u0131s\u0131ndan \u00e7e\u015fitli avantajlar sunan, s\u0131k\u0131ca paketlenmi\u015f elmas segmentlere sahip kesintisiz bir janta sahiptir. S\u00fcrekli turbo \u00e7anak disk, ta\u015f, beton, duvar ve di\u011fer sert malzemeleri i\u00e7eren \u00e7e\u015fitli g\u00f6revlerde geni\u015f uygulama alan\u0131 bulur. Baz\u0131 yayg\u0131n uygulamalar aras\u0131nda Ta\u015flama ve \u015eekillendirme, Y\u00fczey Haz\u0131rlama, Malzeme Kald\u0131rma, Parlatma ve Ta\u015flama yer al\u0131r<\/p>\n<a href=\"#Quote-Button\" class=\"button primary is-large Inquiry-Button\" style=\"border-radius:99px;\">\n\t<i class=\"icon-heart\" aria-hidden=\"true\"><\/i>\t<span>\u015eimdi Sorgula<\/span>\n\t<\/a>","protected":false},"featured_media":1486,"template":"","meta":[],"product_brand":[],"product_cat":[55,56],"product_tag":[67,83],"class_list":{"0":"post-1478","1":"product","2":"type-product","3":"status-publish","4":"has-post-thumbnail","6":"product_cat-stone-cutting-tools","7":"product_cat-stone-grinding-tools","8":"product_tag-diamond-cup-wheels","9":"product_tag-grinding-cup-wheel","11":"first","12":"instock","13":"shipping-taxable","14":"product-type-simple"},"aioseo_notices":[],"_links":{"self":[{"href":"https:\/\/xmstonetools.com\/tr\/wp-json\/wp\/v2\/product\/1478","targetHints":{"allow":["GET"]}}],"collection":[{"href":"https:\/\/xmstonetools.com\/tr\/wp-json\/wp\/v2\/product"}],"about":[{"href":"https:\/\/xmstonetools.com\/tr\/wp-json\/wp\/v2\/types\/product"}],"wp:featuredmedia":[{"embeddable":true,"href":"https:\/\/xmstonetools.com\/tr\/wp-json\/wp\/v2\/media\/1486"}],"wp:attachment":[{"href":"https:\/\/xmstonetools.com\/tr\/wp-json\/wp\/v2\/media?parent=1478"}],"wp:term":[{"taxonomy":"product_brand","embeddable":true,"href":"https:\/\/xmstonetools.com\/tr\/wp-json\/wp\/v2\/product_brand?post=1478"},{"taxonomy":"product_cat","embeddable":true,"href":"https:\/\/xmstonetools.com\/tr\/wp-json\/wp\/v2\/product_cat?post=1478"},{"taxonomy":"product_tag","embeddable":true,"href":"https:\/\/xmstonetools.com\/tr\/wp-json\/wp\/v2\/product_tag?post=1478"}],"curies":[{"name":"wp","href":"https:\/\/api.w.org\/{rel}","templated":true}]}}