{"id":1487,"date":"2022-12-04T10:47:18","date_gmt":"2022-12-04T02:47:18","guid":{"rendered":"https:\/\/xmstonetools.com\/?post_type=product&#038;p=1487"},"modified":"2024-04-13T15:20:31","modified_gmt":"2024-04-13T07:20:31","slug":"granit-burclu-cekic-makarali-kafa","status":"publish","type":"product","link":"https:\/\/xmstonetools.com\/tr\/urun\/granit-burclu-cekic-makarali-kafa\/","title":{"rendered":"Granit Bur\u00e7 \u00c7eki\u00e7 Makaral\u0131 Ba\u015fl\u0131k"},"content":{"rendered":"<h2 style=\"color: steelblue;\">Giri\u015f:<\/h2>\n<p>Ta\u015f elmas aletler, ta\u015f i\u015f\u00e7ili\u011fi ve in\u015faat alan\u0131nda hayati bir rol oynayarak profesyonellerin \u00e7arp\u0131c\u0131 y\u00fczeyler ve dokular elde etmesini sa\u011flar. Bu aletler aras\u0131nda Granit Bur\u00e7 \u00c7eki\u00e7 Merdane, granit ve di\u011fer sert ta\u015flar \u00fczerinde benzersiz bir y\u00fczey dokusu olu\u015fturmak i\u00e7in \u00e7ok y\u00f6nl\u00fc ve etkili bir \u00e7\u00f6z\u00fcm olarak \u00f6ne \u00e7\u0131k\u0131yor. Bu makalede, Granit \u00c7al\u0131 \u00c7eki\u00e7 Merdanesinin detaylar\u0131n\u0131 inceleyerek amac\u0131n\u0131, tasar\u0131m\u0131n\u0131, uygulamalar\u0131n\u0131 ve sekt\u00f6rdeki profesyonellere sundu\u011fu faydalar\u0131 ke\u015ffedece\u011fiz.<\/p>\n<figure id=\"attachment_1498\" aria-describedby=\"caption-attachment-1498\" style=\"width: 345px\" class=\"wp-caption aligncenter\"><img loading=\"lazy\" decoding=\"async\" class=\"size-full wp-image-1498\" src=\"https:\/\/xmstonetools.com\/wp-content\/uploads\/2022\/12\/Granite-Bush-Hammer-Roller.jpg\" alt=\"Granit Bur\u00e7 \u00c7eki\u00e7 Silindiri\" width=\"345\" height=\"337\" \/><figcaption id=\"caption-attachment-1498\" class=\"wp-caption-text\">Granit Bur\u00e7 \u00c7eki\u00e7 Silindiri<\/figcaption><\/figure>\n<h2 style=\"color: steelblue;\">1. Granit Bur\u00e7 \u00c7eki\u00e7 Merdanesi nedir:<\/h2>\n<p>Granit \u00c7al\u0131 \u00c7eki\u00e7 Silindiri, granit ve di\u011fer sert ta\u015flar \u00fczerinde d\u00fczg\u00fcn, dokulu bir y\u00fczey olu\u015fturmak i\u00e7in tasarlanm\u0131\u015f \u00f6zel bir ta\u015f elmas alettir. Karb\u00fcr u\u00e7lar veya \u00e7eki\u00e7ler olarak da bilinen \u00e7ok say\u0131da elmas u\u00e7lu piramit \u015fekilli noktaya sahip silindirik bir silindirden olu\u015fur ve y\u00fczeyine e\u015fit olarak da\u011f\u0131t\u0131lm\u0131\u015ft\u0131r. Bu konfig\u00fcrasyon, \u00e7al\u0131\u015fma s\u0131ras\u0131nda ta\u015f y\u00fczeyinde etkili ve tutarl\u0131 bir etki sa\u011flar.<\/p>\n<h2 style=\"color: steelblue;\">2. Granit Bur\u00e7lu \u00c7eki\u00e7 Merdane Uygulamalar\u0131:<\/h2>\n<p>Granit \u00c7al\u0131 \u00c7eki\u00e7 Merdanesinin birincil amac\u0131 granit ve di\u011fer ta\u015f y\u00fczeylerde p\u00fcr\u00fczl\u00fc, kaymaz bir doku elde etmektir. Elde edilen y\u00fczey sadece estetik \u00e7ekicili\u011fi artt\u0131rmakla kalmaz, ayn\u0131 zamanda kayma direncini de geli\u015ftirerek a\u015fa\u011f\u0131dakiler de dahil olmak \u00fczere \u00e7e\u015fitli uygulamalar i\u00e7in ideal hale getirir:<\/p>\n<h3>a. D\u0131\u015f d\u00f6\u015feme:<\/h3>\n<p>Bush Hammer Roller taraf\u0131ndan olu\u015fturulan dokulu y\u00fczey, kayma direncinin \u00e7ok \u00f6nemli oldu\u011fu araba yollar\u0131, patikalar ve verandalar gibi d\u0131\u015f mekan d\u00f6\u015feme uygulamalar\u0131nda yayg\u0131n olarak kullan\u0131l\u0131r.<\/p>\n<h3>b. \u0130\u00e7 d\u00f6\u015feme:<\/h3>\n<p>Banyolar, du\u015flar ve y\u00fczme havuzu \u00e7evresi gibi \u0131slak ko\u015fullara e\u011filimli alanlarda i\u00e7 zemin kaplamas\u0131 i\u00e7in kullan\u0131labilir.<\/p>\n<h3>c. Y\u00fczey haz\u0131rl\u0131\u011f\u0131:<\/h3>\n<p>\u00c7al\u0131 \u00c7eki\u00e7 Silindiri ayr\u0131ca y\u00fczey haz\u0131rl\u0131\u011f\u0131 i\u00e7in de kullan\u0131\u015fl\u0131d\u0131r ve kaplamalar\u0131n, s\u0131zd\u0131rmazl\u0131k maddelerinin veya yap\u0131\u015ft\u0131r\u0131c\u0131lar\u0131n uygulanmas\u0131 i\u00e7in p\u00fcr\u00fczl\u00fc bir y\u00fczey sa\u011flar.<\/p>\n<h3>d. Dekoratif y\u00fczeyler:<\/h3>\n<p>Granit \u00c7al\u0131 \u00c7eki\u00e7 Silindiri, kullan\u0131lan bas\u0131n\u00e7 ve tekni\u011fi de\u011fi\u015ftirerek s\u00fctunlar, duvarlar ve cepheler gibi mimari unsurlara karakter katan dekoratif y\u00fczeyler olu\u015fturabilir.<\/p>\n<figure id=\"attachment_1497\" aria-describedby=\"caption-attachment-1497\" style=\"width: 1000px\" class=\"wp-caption aligncenter\"><img loading=\"lazy\" decoding=\"async\" class=\"size-full wp-image-1497\" src=\"https:\/\/xmstonetools.com\/wp-content\/uploads\/2022\/12\/Size-of-Granite-Bush-Hammer-Roller-Head-2.jpg\" alt=\"Granit Bur\u00e7 \u00c7eki\u00e7 Makaral\u0131 Ba\u015fl\u0131k Boyutu-2\" width=\"1000\" height=\"1000\" srcset=\"https:\/\/xmstonetools.com\/wp-content\/uploads\/2022\/12\/Size-of-Granite-Bush-Hammer-Roller-Head-2.jpg 1000w, https:\/\/xmstonetools.com\/wp-content\/uploads\/2022\/12\/Size-of-Granite-Bush-Hammer-Roller-Head-2-400x400.jpg 400w, https:\/\/xmstonetools.com\/wp-content\/uploads\/2022\/12\/Size-of-Granite-Bush-Hammer-Roller-Head-2-800x800.jpg 800w, https:\/\/xmstonetools.com\/wp-content\/uploads\/2022\/12\/Size-of-Granite-Bush-Hammer-Roller-Head-2-280x280.jpg 280w, https:\/\/xmstonetools.com\/wp-content\/uploads\/2022\/12\/Size-of-Granite-Bush-Hammer-Roller-Head-2-768x768.jpg 768w, https:\/\/xmstonetools.com\/wp-content\/uploads\/2022\/12\/Size-of-Granite-Bush-Hammer-Roller-Head-2-300x300.jpg 300w, https:\/\/xmstonetools.com\/wp-content\/uploads\/2022\/12\/Size-of-Granite-Bush-Hammer-Roller-Head-2-600x600.jpg 600w, https:\/\/xmstonetools.com\/wp-content\/uploads\/2022\/12\/Size-of-Granite-Bush-Hammer-Roller-Head-2-100x100.jpg 100w, https:\/\/xmstonetools.com\/wp-content\/uploads\/2022\/12\/Size-of-Granite-Bush-Hammer-Roller-Head-2-120x120.jpg 120w\" sizes=\"auto, (max-width: 1000px) 100vw, 1000px\" \/><figcaption id=\"caption-attachment-1497\" class=\"wp-caption-text\">Granit Bur\u00e7 \u00c7eki\u00e7 Makaral\u0131 Ba\u015fl\u0131k Boyutu-2<\/figcaption><\/figure>\n<h2 style=\"color: steelblue;\">3. Granit Bur\u00e7 \u00c7eki\u00e7 Merdanesinin Avantajlar\u0131:<\/h2>\n<p>Granit \u00c7al\u0131 \u00c7eki\u00e7 Merdanesi, \u00e7e\u015fitli avantajlar sunarak onu ta\u015f i\u015f\u00e7ili\u011fi profesyonelleri i\u00e7in tercih edilen bir ara\u00e7 haline getirir:<\/p>\n<h3>a. Verimli malzeme kald\u0131rma:<\/h3>\n<p>Silindir \u00fczerindeki karb\u00fcr u\u00e7lar, malzemeyi ta\u015f y\u00fczeyinden etkili bir \u015fekilde \u00e7\u0131kararak manuel tekst\u00fcre y\u00f6ntemlerine k\u0131yasla zamandan ve emekten tasarruf sa\u011flar.<\/p>\n<h3>b. Tek tip doku:<\/h3>\n<p>E\u015fit aral\u0131kl\u0131 karb\u00fcr u\u00e7lar, y\u00fczey boyunca tutarl\u0131 bir doku sa\u011flayarak el tak\u0131m\u0131yla olu\u015fabilecek varyasyonlar\u0131 ortadan kald\u0131r\u0131r.<\/p>\n<h3>c. Kayma direnci:<\/h3>\n<p>Ortaya \u00e7\u0131kan p\u00fcr\u00fczl\u00fc y\u00fczey kayma direncini \u00f6nemli \u00f6l\u00e7\u00fcde art\u0131rarak hem i\u00e7 hem de d\u0131\u015f mekan uygulamalar\u0131nda g\u00fcvenli\u011fi art\u0131r\u0131r.<\/p>\n<h3>d. \u00c7ok y\u00f6nl\u00fcl\u00fck:<\/h3>\n<p>Bush Hammer Roller, granit, mermer ve beton dahil olmak \u00fczere \u00e7e\u015fitli ta\u015f t\u00fcrleriyle kullan\u0131labilir ve uygulama yelpazesini geni\u015fletir.<\/p>\n<h3>e. Dayan\u0131kl\u0131l\u0131k:<\/h3>\n<p>Karb\u00fcr u\u00e7lar son derece dayan\u0131kl\u0131d\u0131r ve sert ta\u015f y\u00fczeylerde uzun s\u00fcreli kullan\u0131ma dayanabilir ve uzun bir tak\u0131m \u00f6mr\u00fc sa\u011flar.<\/p>\n<figure id=\"attachment_1496\" aria-describedby=\"caption-attachment-1496\" style=\"width: 1000px\" class=\"wp-caption aligncenter\"><img loading=\"lazy\" decoding=\"async\" class=\"size-full wp-image-1496\" src=\"https:\/\/xmstonetools.com\/wp-content\/uploads\/2022\/12\/Size-of-Granite-Bush-Hammer-Roller-Head.jpg\" alt=\"Granit Bur\u00e7 \u00c7eki\u00e7 Makaral\u0131 Ba\u015fl\u0131k Boyutu\" width=\"1000\" height=\"1000\" srcset=\"https:\/\/xmstonetools.com\/wp-content\/uploads\/2022\/12\/Size-of-Granite-Bush-Hammer-Roller-Head.jpg 1000w, https:\/\/xmstonetools.com\/wp-content\/uploads\/2022\/12\/Size-of-Granite-Bush-Hammer-Roller-Head-400x400.jpg 400w, https:\/\/xmstonetools.com\/wp-content\/uploads\/2022\/12\/Size-of-Granite-Bush-Hammer-Roller-Head-800x800.jpg 800w, https:\/\/xmstonetools.com\/wp-content\/uploads\/2022\/12\/Size-of-Granite-Bush-Hammer-Roller-Head-280x280.jpg 280w, https:\/\/xmstonetools.com\/wp-content\/uploads\/2022\/12\/Size-of-Granite-Bush-Hammer-Roller-Head-768x768.jpg 768w, https:\/\/xmstonetools.com\/wp-content\/uploads\/2022\/12\/Size-of-Granite-Bush-Hammer-Roller-Head-300x300.jpg 300w, https:\/\/xmstonetools.com\/wp-content\/uploads\/2022\/12\/Size-of-Granite-Bush-Hammer-Roller-Head-600x600.jpg 600w, https:\/\/xmstonetools.com\/wp-content\/uploads\/2022\/12\/Size-of-Granite-Bush-Hammer-Roller-Head-100x100.jpg 100w, https:\/\/xmstonetools.com\/wp-content\/uploads\/2022\/12\/Size-of-Granite-Bush-Hammer-Roller-Head-120x120.jpg 120w\" sizes=\"auto, (max-width: 1000px) 100vw, 1000px\" \/><figcaption id=\"caption-attachment-1496\" class=\"wp-caption-text\">Granit Bur\u00e7 \u00c7eki\u00e7 Makaral\u0131 Ba\u015fl\u0131k Boyutu<\/figcaption><\/figure>\n<h2 style=\"color: steelblue;\">4. Do\u011fru Granit Bur\u00e7 \u00c7eki\u00e7 Silindirini Se\u00e7me:<\/h2>\n<p>Bir Granit Bur\u00e7 \u00c7eki\u00e7 Silindiri se\u00e7erken a\u015fa\u011f\u0131daki fakt\u00f6rleri g\u00f6z \u00f6n\u00fcnde bulundurun:<\/p>\n<h3>a. Silindir boyutu:<\/h3>\n<p>\u0130stenen y\u00fczey dokusuna ve projenin \u00f6l\u00e7e\u011fine g\u00f6re bir silindir boyutu se\u00e7in. Yayg\u0131n boyutlar\u0131n \u00e7ap\u0131 125 mm ila 450 mm aras\u0131nda de\u011fi\u015fir.<\/p>\n<h3>b. Karb\u00fcr u\u00e7 say\u0131s\u0131:<\/h3>\n<p>Silindir \u00fczerindeki karb\u00fcr u\u00e7lar\u0131n say\u0131s\u0131 dokunun yo\u011funlu\u011funu ve agresifli\u011fini belirler. Daha y\u00fcksek u\u00e7 say\u0131lar\u0131 daha yo\u011fun tekst\u00fcre sa\u011flar.<\/p>\n<h3>c. Uyumluluk:<\/h3>\n<p>Granit Bur\u00e7 \u00c7eki\u00e7 Merdanesinin el ta\u015flama makineleri, zemin ta\u015flama makineleri veya otomatik makineler gibi kullanmay\u0131 d\u00fc\u015f\u00fcnd\u00fc\u011f\u00fcn\u00fcz ekipmanla uyumlu oldu\u011fundan emin olun.<\/p>\n<h3>d. Kalite ve marka:<\/h3>\n<p>Tutarl\u0131 sonu\u00e7lar ve dayan\u0131kl\u0131l\u0131k sa\u011flayan y\u00fcksek kaliteli bir \u00fcr\u00fcn elde etmek i\u00e7in sayg\u0131n \u00fcreticilerden sat\u0131n al\u0131n.<\/p>\n<p>Granit Bush Hammer Roller, ta\u015f i\u015f\u00e7ili\u011fi ve in\u015faat sekt\u00f6r\u00fcndeki profesyonellerin benzersiz ve i\u015flevsel dokulu y\u00fczeyler elde etmesini sa\u011flayan vazge\u00e7ilmez bir ta\u015f elmas aletidir. Granit ve di\u011fer sert ta\u015flar \u00fczerinde kaymaya dayan\u0131kl\u0131 y\u00fczeyler olu\u015fturma kabiliyeti onu<\/p>\n<figure id=\"attachment_1500\" aria-describedby=\"caption-attachment-1500\" style=\"width: 502px\" class=\"wp-caption aligncenter\"><img loading=\"lazy\" decoding=\"async\" class=\"size-full wp-image-1500\" src=\"https:\/\/xmstonetools.com\/wp-content\/uploads\/2022\/12\/Granite-Bush-Hammer-Roller-Plate.jpg\" alt=\"Granit Bur\u00e7 \u00c7eki\u00e7 Merdane Plakas\u0131\" width=\"502\" height=\"493\" srcset=\"https:\/\/xmstonetools.com\/wp-content\/uploads\/2022\/12\/Granite-Bush-Hammer-Roller-Plate.jpg 502w, https:\/\/xmstonetools.com\/wp-content\/uploads\/2022\/12\/Granite-Bush-Hammer-Roller-Plate-407x400.jpg 407w\" sizes=\"auto, (max-width: 502px) 100vw, 502px\" \/><figcaption id=\"caption-attachment-1500\" class=\"wp-caption-text\">Granit Bur\u00e7 \u00c7eki\u00e7 Merdane Plakas\u0131<\/figcaption><\/figure>\n<h2 style=\"color: steelblue;\">Granit bur\u00e7lu \u00e7eki\u00e7 silindirinin kullan\u0131m \u00f6mr\u00fc<\/h2>\n<p>Kesinlikle! Granit \u00c7al\u0131 \u00c7eki\u00e7 Silindirinin kullan\u0131m \u00f6mr\u00fcn\u00fc \u00e7e\u015fitli fakt\u00f6rler etkileyebilir. Bu fakt\u00f6rlerin anla\u015f\u0131lmas\u0131, aletin uzun \u00f6m\u00fcrl\u00fcl\u00fc\u011f\u00fcn\u00fc en \u00fcst d\u00fczeye \u00e7\u0131karmaya ve optimum performans sa\u011flamaya yard\u0131mc\u0131 olabilir. \u0130\u015fte dikkate al\u0131nmas\u0131 gereken baz\u0131 temel fakt\u00f6rler:<\/p>\n<h3>1. Malzeme Sertli\u011fi:<\/h3>\n<p>\u00dczerinde \u00e7al\u0131\u015f\u0131lan ta\u015f\u0131n sertli\u011fi \u00e7ok \u00f6nemli bir fakt\u00f6rd\u00fcr. Granit ve di\u011fer sert ta\u015flar, daha yumu\u015fak ta\u015flara k\u0131yasla silindirin karb\u00fcr u\u00e7lar\u0131n\u0131 daha \u00e7abuk a\u015f\u0131nd\u0131rabilir. Daha yumu\u015fak ta\u015flar daha az a\u015f\u0131nma ve y\u0131pranmaya neden olarak daha uzun bir tak\u0131m \u00f6mr\u00fc sa\u011flayabilir.<\/p>\n<h3>2. Operat\u00f6r Tekni\u011fi:<\/h3>\n<p>Granit Bur\u00e7 \u00c7eki\u00e7 Merdanesini kullanan operat\u00f6r\u00fcn becerisi ve tekni\u011fi, kullan\u0131m \u00f6mr\u00fcnde \u00f6nemli bir rol oynar. A\u015f\u0131r\u0131 bas\u0131n\u00e7 uygulamak veya yanl\u0131\u015f ta\u015flama teknikleri kullanmak karb\u00fcr u\u00e7lar \u00fczerinde gereksiz gerilime neden olarak erken a\u015f\u0131nmaya yol a\u00e7abilir. Tutarl\u0131 ve kontroll\u00fc bir ta\u015flama hareketinin s\u00fcrd\u00fcr\u00fclmesi merdanenin \u00f6mr\u00fcn\u00fcn uzamas\u0131na yard\u0131mc\u0131 olur.<\/p>\n<h3>3. Kullan\u0131m S\u0131kl\u0131\u011f\u0131:<\/h3>\n<p>Aletin kullan\u0131m s\u0131kl\u0131\u011f\u0131 ve s\u00fcresi kullan\u0131m \u00f6mr\u00fcn\u00fc etkileyebilir. S\u00fcrekli ve a\u011f\u0131r kullan\u0131m, ara s\u0131ra veya orta d\u00fczeyde kullan\u0131ma k\u0131yasla daha h\u0131zl\u0131 a\u015f\u0131nma ve y\u0131pranmaya neden olabilir. \u0130\u015f y\u00fck\u00fcn\u00fc dengelemek ve uzun s\u00fcreli kullan\u0131m s\u0131ras\u0131nda alete yeterli dinlenme aral\u0131klar\u0131 vermek \u00f6nemlidir.<\/p>\n<h3>4. Karb\u00fcr U\u00e7lar\u0131n Kalitesi:<\/h3>\n<p>Granit Bur\u00e7 \u00c7eki\u00e7 Silindiri \u00fczerindeki karb\u00fcr u\u00e7lar\u0131n veya \u00e7eki\u00e7lerin kalitesi, dayan\u0131kl\u0131l\u0131\u011f\u0131n\u0131 b\u00fcy\u00fck \u00f6l\u00e7\u00fcde etkiler. Daha y\u00fcksek kaliteli karb\u00fcr u\u00e7lar, sert ta\u015f malzemelerin taleplerine dayanacak ve daha uzun bir tak\u0131m \u00f6mr\u00fc sunacak \u015fekilde tasarlanm\u0131\u015ft\u0131r. Sayg\u0131n markalar\u0131n y\u00fcksek kaliteli silindirlerine yat\u0131r\u0131m yapmak, daha iyi performans ve uzun \u00f6m\u00fcr sa\u011flayabilir.<\/p>\n<h3>5. Bak\u0131m ve Temizlik:<\/h3>\n<p>Her kullan\u0131mdan sonra uygun bak\u0131m ve temizlik, aletin \u00f6mr\u00fcn\u00fc \u00f6nemli \u00f6l\u00e7\u00fcde uzatabilir. Silindirdeki kal\u0131nt\u0131lar\u0131n, ta\u015f tozlar\u0131n\u0131n veya tortular\u0131n temizlenmesi t\u0131kanmay\u0131 ve karb\u00fcr u\u00e7lar\u0131n zarar g\u00f6rmesini \u00f6nler. A\u015f\u0131nma veya hasara kar\u015f\u0131 d\u00fczenli kontroller ve y\u0131pranm\u0131\u015f u\u00e7lar\u0131n derhal de\u011fi\u015ftirilmesi, optimum performans\u0131n korunmas\u0131 i\u00e7in gereklidir.<\/p>\n<h3>6. Ekipman ile Uyumluluk:<\/h3>\n<p>Granit Bur\u00e7 \u00c7eki\u00e7 Merdanesinin boyutuna ve \u00f6zelliklerine uygun ekipmanla kullan\u0131ld\u0131\u011f\u0131ndan emin olun. Aletin uyumlu makine ve aksesuarlarla kullan\u0131lmas\u0131 silindirin a\u015f\u0131r\u0131 zorlanmas\u0131n\u0131 \u00f6nleyerek uzun \u00f6m\u00fcrl\u00fc olmas\u0131n\u0131 sa\u011flar.<\/p>\n<h3>7. Depolama ve Elle\u00e7leme:<\/h3>\n<p>Granit Bur\u00e7 \u00c7eki\u00e7 Silindirinin korunmas\u0131 i\u00e7in uygun depolama ve kullan\u0131m uygulamalar\u0131 \u00e7ok \u00f6nemlidir. Darbelerden ka\u00e7\u0131nmak, kuru ve korumal\u0131 bir ortamda saklamak ve a\u015f\u0131r\u0131 s\u0131cakl\u0131klara veya neme maruz kalmas\u0131n\u0131 \u00f6nlemek, erken bozulmay\u0131 \u00f6nlemeye yard\u0131mc\u0131 olabilir.<\/p>\n<p>Profesyoneller bu fakt\u00f6rleri g\u00f6z \u00f6n\u00fcnde bulundurarak ve aleti do\u011fru kullanmak, d\u00fczenli bak\u0131m\u0131n\u0131 yapmak ve kaliteli \u00fcr\u00fcnlere yat\u0131r\u0131m yapmak gibi uygun \u00f6nlemleri alarak Granit Bur\u00e7 \u00c7eki\u00e7 Merdanesinin kullan\u0131m \u00f6mr\u00fcn\u00fc ve performans\u0131n\u0131 art\u0131rabilir ve sonu\u00e7ta ta\u015f i\u015fleme s\u00fcre\u00e7lerini optimize edebilirler.<\/p>\n<figure id=\"attachment_1495\" aria-describedby=\"caption-attachment-1495\" style=\"width: 1000px\" class=\"wp-caption aligncenter\"><img loading=\"lazy\" decoding=\"async\" class=\"size-full wp-image-1495\" src=\"https:\/\/xmstonetools.com\/wp-content\/uploads\/2022\/12\/Granite-Bush-Hammer-Roller-Plate-3.jpg\" alt=\"Granit Bur\u00e7 \u00c7eki\u00e7 Makaral\u0131 Plaka-3\" width=\"1000\" height=\"1064\" srcset=\"https:\/\/xmstonetools.com\/wp-content\/uploads\/2022\/12\/Granite-Bush-Hammer-Roller-Plate-3.jpg 1000w, https:\/\/xmstonetools.com\/wp-content\/uploads\/2022\/12\/Granite-Bush-Hammer-Roller-Plate-3-376x400.jpg 376w, https:\/\/xmstonetools.com\/wp-content\/uploads\/2022\/12\/Granite-Bush-Hammer-Roller-Plate-3-752x800.jpg 752w, https:\/\/xmstonetools.com\/wp-content\/uploads\/2022\/12\/Granite-Bush-Hammer-Roller-Plate-3-768x817.jpg 768w, https:\/\/xmstonetools.com\/wp-content\/uploads\/2022\/12\/Granite-Bush-Hammer-Roller-Plate-3-600x638.jpg 600w\" sizes=\"auto, (max-width: 1000px) 100vw, 1000px\" \/><figcaption id=\"caption-attachment-1495\" class=\"wp-caption-text\">Granit Bur\u00e7 \u00c7eki\u00e7 Makaral\u0131 Plaka-3<\/figcaption><\/figure>\n<table style=\"font-style: inherit; font-weight: inherit;\">\n<tbody style=\"font-style: inherit; font-weight: inherit;\">\n<tr style=\"font-style: inherit; font-weight: inherit;\">\n<td style=\"font-style: inherit; font-weight: 400;\" colspan=\"1\" rowspan=\"4\">&nbsp;<\/p>\n<p><span style=\"font-style: inherit; font-weight: inherit;\" data-spm-anchor-id=\"a2700.details.0.i31.2e014046MhrW5z\">\u00a0 \u00a0 \u00a0 \u00a0 \u00a0\u00d6zellikler<\/span><\/td>\n<td style=\"font-style: inherit; font-weight: 400;\" colspan=\"1\" rowspan=\"1\">1. \u00c7ap: 125MM, 150MM, 200MM, 250MM, 300MM, 350MM, 400M, 450MM<\/td>\n<\/tr>\n<tr style=\"font-style: inherit; font-weight: inherit;\">\n<td style=\"font-style: inherit; font-weight: 400;\" colspan=\"1\" rowspan=\"1\">2. Bur\u00e7 \u00e7ekici ba\u015f\u0131na silindir miktar\u0131: 3PCS, 4PCS, 5PCS, 6PCS, 9PCS ve 12PCS<\/td>\n<\/tr>\n<tr style=\"font-style: inherit; font-weight: inherit;\">\n<td style=\"font-style: inherit; font-weight: 400;\" colspan=\"1\" rowspan=\"1\">3. Silindir ba\u015f\u0131na segment miktar\u0131: 30PCS, 45PCS ve 60PCS vb.<\/td>\n<\/tr>\n<tr style=\"font-style: inherit; font-weight: inherit;\">\n<td style=\"font-style: inherit; font-weight: 400;\" colspan=\"1\" rowspan=\"1\">4. P\u00fcr\u00fczl\u00fc y\u00fczey yapmak i\u00e7in \u00f6zellikle granit, mermer, kumta\u015f\u0131, beton vb. \u00fczerinde kullan\u0131l\u0131r<\/td>\n<\/tr>\n<tr style=\"font-style: inherit; font-weight: inherit;\">\n<td style=\"font-style: inherit; font-weight: 400;\" colspan=\"1\" rowspan=\"4\">&nbsp;<\/p>\n<p><span style=\"font-style: inherit; font-weight: inherit;\">\u00a0 \u00a0 \u00a0 \u00a0 Avantaj<\/span><\/td>\n<td style=\"font-style: inherit; font-weight: 400;\" colspan=\"1\" rowspan=\"1\">1. Dayan\u0131kl\u0131 metal ve elmas bile\u015fimi<\/td>\n<\/tr>\n<tr style=\"font-style: inherit; font-weight: inherit;\">\n<td style=\"font-style: inherit; font-weight: 400;\" colspan=\"1\" rowspan=\"1\">2. \u00c7eki\u00e7 etkisi elde etmek i\u00e7in do\u011fal ta\u015flar\u0131n ve betonun ta\u015flanmas\u0131nda etkilidir<\/td>\n<\/tr>\n<tr style=\"font-style: inherit; font-weight: inherit;\">\n<td style=\"font-style: inherit; font-weight: 400;\" colspan=\"1\" rowspan=\"1\">3. Elmas merdane i\u00e7in talep edilen farkl\u0131 tanecikler ve boyutlar<\/td>\n<\/tr>\n<tr style=\"font-style: inherit; font-weight: inherit;\">\n<td style=\"font-style: inherit; font-weight: 400;\" colspan=\"1\" rowspan=\"1\">4. Rekabet\u00e7i fiyat ve \u00fcst\u00fcn kalite<\/td>\n<\/tr>\n<tr style=\"font-style: inherit; font-weight: inherit;\">\n<td style=\"font-style: inherit; font-weight: 400;\" colspan=\"1\" rowspan=\"1\">\u00a0 \u00a0 \u00a0 \u00a0Sertifika<\/td>\n<td style=\"font-style: inherit; font-weight: 400;\" colspan=\"1\" rowspan=\"1\">ISO\/CE Sertifikas\u0131<\/td>\n<\/tr>\n<tr style=\"font-style: inherit; font-weight: inherit;\">\n<td style=\"font-style: inherit; font-weight: 400;\" colspan=\"1\" rowspan=\"1\">\u00a0 \u00a0 \u00a0 \u00a0Ana pazar<\/td>\n<td style=\"font-style: inherit; font-weight: 400;\" colspan=\"1\" rowspan=\"1\">ABD\/Avrupa\/G\u00fcney Amerika\/Kuzey Amerika\/Orta Do\u011fu vb.<\/td>\n<\/tr>\n<\/tbody>\n<\/table>","protected":false},"excerpt":{"rendered":"<p>Granit \u00c7al\u0131 \u00c7eki\u00e7 Silindiri, granit ve di\u011fer sert ta\u015flar \u00fczerinde d\u00fczg\u00fcn, dokulu bir y\u00fczey olu\u015fturmak i\u00e7in tasarlanm\u0131\u015f \u00f6zel bir ta\u015f elmas alettir. Karb\u00fcr u\u00e7lar veya \u00e7eki\u00e7ler olarak da bilinen \u00e7ok say\u0131da elmas u\u00e7lu piramit \u015fekilli noktaya sahip silindirik bir silindirden olu\u015fur ve y\u00fczeyine e\u015fit olarak da\u011f\u0131t\u0131lm\u0131\u015ft\u0131r. Bu konfig\u00fcrasyon, \u00e7al\u0131\u015fma s\u0131ras\u0131nda ta\u015f y\u00fczeyinde etkili ve tutarl\u0131 bir darbe sa\u011flar. Granit \u00c7al\u0131 \u00c7eki\u00e7 Merdanesinin birincil amac\u0131 granit ve di\u011fer ta\u015f y\u00fczeylerde p\u00fcr\u00fczl\u00fc, kaymaz bir doku elde etmektir. Elde edilen y\u00fczey sadece estetik \u00e7ekicili\u011fi artt\u0131rmakla kalmaz, ayn\u0131 zamanda kayma direncini de geli\u015ftirir, bu da onu a\u015fa\u011f\u0131dakiler de dahil olmak \u00fczere \u00e7e\u015fitli uygulamalar i\u00e7in ideal hale getirir:<\/p>\n<a href=\"#Quote-Button\" class=\"button primary is-large Inquiry-Button\" style=\"border-radius:99px;\">\n\t<i class=\"icon-heart\" aria-hidden=\"true\"><\/i>\t<span>\u015eimdi Sorgula<\/span>\n\t<\/a>","protected":false},"featured_media":1500,"template":"","meta":[],"product_brand":[],"product_cat":[63],"product_tag":[],"class_list":{"0":"post-1487","1":"product","2":"type-product","3":"status-publish","4":"has-post-thumbnail","6":"product_cat-other-tools","8":"first","9":"instock","10":"shipping-taxable","11":"product-type-simple"},"aioseo_notices":[],"_links":{"self":[{"href":"https:\/\/xmstonetools.com\/tr\/wp-json\/wp\/v2\/product\/1487","targetHints":{"allow":["GET"]}}],"collection":[{"href":"https:\/\/xmstonetools.com\/tr\/wp-json\/wp\/v2\/product"}],"about":[{"href":"https:\/\/xmstonetools.com\/tr\/wp-json\/wp\/v2\/types\/product"}],"wp:featuredmedia":[{"embeddable":true,"href":"https:\/\/xmstonetools.com\/tr\/wp-json\/wp\/v2\/media\/1500"}],"wp:attachment":[{"href":"https:\/\/xmstonetools.com\/tr\/wp-json\/wp\/v2\/media?parent=1487"}],"wp:term":[{"taxonomy":"product_brand","embeddable":true,"href":"https:\/\/xmstonetools.com\/tr\/wp-json\/wp\/v2\/product_brand?post=1487"},{"taxonomy":"product_cat","embeddable":true,"href":"https:\/\/xmstonetools.com\/tr\/wp-json\/wp\/v2\/product_cat?post=1487"},{"taxonomy":"product_tag","embeddable":true,"href":"https:\/\/xmstonetools.com\/tr\/wp-json\/wp\/v2\/product_tag?post=1487"}],"curies":[{"name":"wp","href":"https:\/\/api.w.org\/{rel}","templated":true}]}}