{"id":1522,"date":"2022-12-08T15:33:10","date_gmt":"2022-12-08T07:33:10","guid":{"rendered":"https:\/\/xmstonetools.com\/?post_type=product&#038;p=1522"},"modified":"2023-07-01T06:59:05","modified_gmt":"2023-06-30T22:59:05","slug":"mermer-parlatma-icin-recine-frankfurt-asindirici","status":"publish","type":"product","link":"https:\/\/xmstonetools.com\/tr\/urun\/mermer-parlatma-icin-recine-frankfurt-asindirici\/","title":{"rendered":"Mermer Parlatma \u0130\u00e7in Re\u00e7ine Frankfurt A\u015f\u0131nd\u0131r\u0131c\u0131"},"content":{"rendered":"<h2 style=\"color: steelblue;\">Mermer Parlatma \u0130\u00e7in Re\u00e7ine Frankfurt A\u015f\u0131nd\u0131r\u0131c\u0131n\u0131n Tan\u0131t\u0131m\u0131:<\/h2>\n<p>Mermer cilalama s\u00f6z konusu oldu\u011funda, kusursuz bir y\u00fczey elde etmek hassasiyet, verimlilik ve g\u00fcvenilir ara\u00e7lar gerektirir. Profesyonel bir ta\u015f elmas aletleri \u00fcreticisi olarak, mermer cilalama sanat\u0131n\u0131 yeni zirvelere ta\u015f\u0131yan devrim niteli\u011finde bir \u00e7\u00f6z\u00fcm olan birinci s\u0131n\u0131f Re\u00e7ine Frankfurt A\u015f\u0131nd\u0131r\u0131c\u0131m\u0131z\u0131 tan\u0131tmaktan gurur duyuyoruz. Sekt\u00f6r\u00fcn zorlu taleplerini kar\u015f\u0131lamak \u00fczere tasarlanan Re\u00e7ine Frankfurt A\u015f\u0131nd\u0131r\u0131c\u0131m\u0131z benzersiz performans, ola\u011fan\u00fcst\u00fc dayan\u0131kl\u0131l\u0131k ve \u00e7arp\u0131c\u0131 sonu\u00e7lar sunar. Bu makalede, bu ola\u011fan\u00fcst\u00fc aletin \u00f6zelliklerini, faydalar\u0131n\u0131 ve uygulamalar\u0131n\u0131 inceleyerek neden di\u011ferlerinden daha \u00fcst\u00fcn oldu\u011funu g\u00f6steriyoruz.<\/p>\n<h2 style=\"color: steelblue;\">Mermer Parlatma \u0130\u00e7in Re\u00e7ine Frankfurt A\u015f\u0131nd\u0131r\u0131c\u0131n\u0131n \u00d6zelli\u011fi<\/h2>\n<h3>E\u015fsiz Performans:<\/h3>\n<p>Re\u00e7ine Frankfurt A\u015f\u0131nd\u0131r\u0131c\u0131m\u0131z, beklentileri a\u015fan \u00fcst\u00fcn performans sa\u011flamak i\u00e7in en son teknoloji ve y\u00fcksek kaliteli malzemeler kullan\u0131larak titizlikle tasarlanm\u0131\u015ft\u0131r. Geli\u015fmi\u015f re\u00e7ine ba\u011f\u0131 sayesinde tutarl\u0131 ve e\u015fit a\u015f\u0131nd\u0131rma sa\u011flayarak y\u00fczey \u00e7iziklerini ve kusurlar\u0131 en aza indirir ve mermerin do\u011fal g\u00fczelli\u011fini korur. A\u015f\u0131nd\u0131r\u0131c\u0131 \u00fczerinde hassas bir \u015fekilde konumland\u0131r\u0131lm\u0131\u015f elmas par\u00e7ac\u0131klar\u0131, optimum kesme verimlili\u011fi sa\u011flayarak cilalama s\u00fcresini azalt\u0131r ve \u00fcretkenli\u011fi art\u0131r\u0131r. \u0130ster b\u00fcy\u00fck \u00f6l\u00e7ekli projeler ister karma\u015f\u0131k tasar\u0131mlar \u00fczerinde \u00e7al\u0131\u015f\u0131yor olun, Re\u00e7ine Frankfurt A\u015f\u0131nd\u0131r\u0131c\u0131m\u0131z her seferinde ola\u011fan\u00fcst\u00fc sonu\u00e7lar sa\u011flayarak g\u00f6revin \u00fcstesinden gelir.<\/p>\n<h3>Ola\u011fan\u00fcst\u00fc Dayan\u0131kl\u0131l\u0131k:<\/h3>\n<p>Elmas aletler s\u00f6z konusu oldu\u011funda dayan\u0131kl\u0131l\u0131k \u00e7ok \u00f6nemlidir ve Re\u00e7ine Frankfurt A\u015f\u0131nd\u0131r\u0131c\u0131m\u0131z zaman\u0131n testine kar\u015f\u0131 g\u00fc\u00e7l\u00fc durur. Sa\u011flam bir re\u00e7ine matrisiyle \u00fcretilen bu a\u015f\u0131nd\u0131r\u0131c\u0131 a\u015f\u0131nma, \u0131s\u0131 ve kimyasal bozulmaya kar\u015f\u0131 m\u00fckemmel diren\u00e7 g\u00f6sterir. Bu ola\u011fan\u00fcst\u00fc dayan\u0131kl\u0131l\u0131k, daha uzun bir tak\u0131m \u00f6mr\u00fc anlam\u0131na gelir, s\u0131k s\u0131k de\u011fi\u015ftirme ihtiyac\u0131n\u0131 azalt\u0131r ve sonu\u00e7ta size zaman ve para tasarrufu sa\u011flar. Ayr\u0131ca, \u00fcst\u00fcn yap\u0131\u015ft\u0131rma teknolojisi elmas par\u00e7ac\u0131klar\u0131n\u0131n a\u015f\u0131nd\u0131r\u0131c\u0131 i\u00e7inde g\u00fcvenli bir \u015fekilde g\u00f6m\u00fcl\u00fc kalmas\u0131n\u0131 sa\u011flayarak erken kayb\u0131 \u00f6nler ve aletin kullan\u0131m \u00f6mr\u00fc boyunca tutarl\u0131 performans\u0131 korur.<\/p>\n<h3>\u00c7ok Y\u00f6nl\u00fc Uygulamalar:<\/h3>\n<p>Re\u00e7ine Frankfurt A\u015f\u0131nd\u0131r\u0131c\u0131m\u0131z mermer parlatma i\u00e7in \u00f6zel olarak tasarlanm\u0131\u015ft\u0131r ve ta\u015f end\u00fcstrisindeki profesyoneller i\u00e7in m\u00fckemmel bir ara\u00e7t\u0131r. Hem yumu\u015fak hem de sert \u00e7e\u015fitler dahil olmak \u00fczere \u00e7e\u015fitli mermer t\u00fcrleriyle uyumlu oldu\u011fu i\u00e7in \u00e7ok y\u00f6nl\u00fcl\u00fc\u011f\u00fc \u00f6ne \u00e7\u0131kar. \u0130ster mermer zeminler, ister tezgahlar veya karma\u015f\u0131k heykeller \u00fczerinde \u00e7al\u0131\u015f\u0131yor olun, Re\u00e7ine Frankfurt A\u015f\u0131nd\u0131r\u0131c\u0131m\u0131z elinizdeki g\u00f6reve zahmetsizce uyum sa\u011flar. Mermerin ger\u00e7ek parlakl\u0131\u011f\u0131n\u0131, derinli\u011fini ve canl\u0131l\u0131\u011f\u0131n\u0131 ortaya \u00e7\u0131kararak ola\u011fan\u00fcst\u00fc cilalama sonu\u00e7lar\u0131 sa\u011flarken, kusursuz bir y\u00fczey elde etmek i\u00e7in gereken s\u00fcreyi ve \u00e7abay\u0131 en aza indirir.<\/p>\n<h3>G\u00fcvenlik ve \u00c7evresel Hususlar:<\/h3>\n<p>\u00dcretim tesisimizde g\u00fcvenlik ve \u00e7evresel s\u00fcrd\u00fcr\u00fclebilirli\u011fe \u00f6ncelik veriyoruz. Re\u00e7ine Frankfurt A\u015f\u0131nd\u0131r\u0131c\u0131m\u0131z s\u0131k\u0131 kalite standartlar\u0131na uygundur ve zararl\u0131 maddeler i\u00e7ermez, b\u00f6ylece \u00e7al\u0131\u015fanlar\u0131n ve \u00e7evrenin refah\u0131n\u0131 sa\u011flar. Re\u00e7ine ba\u011f\u0131 ayr\u0131ca cilalama i\u015flemi s\u0131ras\u0131nda toz ve d\u00f6k\u00fcnt\u00fcleri azaltarak daha temiz ve sa\u011fl\u0131kl\u0131 bir \u00e7al\u0131\u015fma ortam\u0131 yarat\u0131r. Yaln\u0131zca ola\u011fan\u00fcst\u00fc sonu\u00e7lar sunmakla kalmay\u0131p ayn\u0131 zamanda s\u00fcrd\u00fcr\u00fclebilir ve sorumlu bir end\u00fcstriye katk\u0131da bulunan ara\u00e7lar sa\u011flamaya kararl\u0131y\u0131z.<\/p>\n<h3>Benzersiz Re\u00e7ine Ba\u011f Teknolojisi:<\/h3>\n<p>Re\u00e7ine Frankfurt A\u015f\u0131nd\u0131r\u0131c\u0131m\u0131z, ola\u011fan\u00fcst\u00fc performans\u0131nda \u00e7ok \u00f6nemli bir rol oynayan geli\u015fmi\u015f re\u00e7ine ba\u011f teknolojisini kullan\u0131r. Re\u00e7ine ba\u011f\u0131, elmas par\u00e7ac\u0131klar\u0131 ve matris aras\u0131nda m\u00fckemmel yap\u0131\u015fma sa\u011flayarak tutarl\u0131 ve hassas kesme i\u015flemi sa\u011flar. Bu ba\u011f ayn\u0131 zamanda aletin genel dayan\u0131kl\u0131l\u0131\u011f\u0131n\u0131 ve uzun \u00f6m\u00fcrl\u00fcl\u00fc\u011f\u00fcn\u00fc de art\u0131r\u0131r.<\/p>\n<h3>\u00d6zelle\u015ftirilebilir Kum Seviyeleri:<\/h3>\n<p>Re\u00e7ine Frankfurt A\u015f\u0131nd\u0131r\u0131c\u0131m\u0131z i\u00e7in mermer y\u00fczeyleriniz i\u00e7in istedi\u011finiz cila seviyesini elde etmenizi sa\u011flayan \u00e7e\u015fitli kum seviyeleri sunuyoruz. \u0130ster agresif bir ta\u015flama ister parlak bir cilaya ihtiyac\u0131n\u0131z olsun, a\u015f\u0131nd\u0131r\u0131c\u0131lar\u0131m\u0131z \u00f6zel gereksinimlerinizi kar\u015f\u0131lamak i\u00e7in \u00e7e\u015fitli kum boyutlar\u0131nda mevcuttur.<\/p>\n<h3>Geli\u015ftirilmi\u015f So\u011futma ve Is\u0131 Da\u011f\u0131t\u0131m\u0131:<\/h3>\n<p>Parlatma i\u015flemi s\u0131ras\u0131nda \u0131s\u0131 olu\u015fumu elmas tak\u0131mlar\u0131n performans\u0131n\u0131 olumsuz etkileyebilir. Re\u00e7ine Frankfurt A\u015f\u0131nd\u0131r\u0131c\u0131m\u0131z, \u0131s\u0131 da\u011f\u0131l\u0131m\u0131n\u0131 kolayla\u015ft\u0131ran, a\u015f\u0131r\u0131 \u0131s\u0131nma riskini en aza indiren ve uzun s\u00fcreli kullan\u0131mda bile tutarl\u0131 performans sa\u011flayan verimli so\u011futma kanallar\u0131na sahiptir.<\/p>\n<h3>Kullan\u0131m\u0131 ve Kurulumu Kolay:<\/h3>\n<p>Re\u00e7ine Frankfurt A\u015f\u0131nd\u0131r\u0131c\u0131m\u0131z, kullan\u0131m kolayl\u0131\u011f\u0131 ve standart ta\u015flama ve parlatma makineleriyle uyumluluk i\u00e7in tasarlanm\u0131\u015ft\u0131r. Kolayca kurulabilir ve de\u011fi\u015ftirilebilir, sorunsuz bir i\u015f ak\u0131\u015f\u0131 ve kesintisiz \u00fcretkenlik sa\u011flar.<\/p>\n<h3>Kalite G\u00fcvencesi:<\/h3>\n<p>Profesyonel bir \u00fcretici olarak, \u00fcretim s\u00fcrecimiz boyunca kalite g\u00fcvencesine \u00f6ncelik veriyoruz. Re\u00e7ine Frankfurt A\u015f\u0131nd\u0131r\u0131c\u0131m\u0131z, en y\u00fcksek end\u00fcstri standartlar\u0131n\u0131 kar\u015f\u0131lad\u0131\u011f\u0131ndan emin olmak i\u00e7in titiz testlerden ge\u00e7mektedir. En se\u00e7ici profesyonellerin taleplerini kar\u015f\u0131layan g\u00fcvenilir ve tutarl\u0131 aletler sa\u011flamaya kararl\u0131y\u0131z.<\/p>\n<h3>Uzman Teknik Destek:<\/h3>\n<p>En iyi sonu\u00e7lar\u0131 elde etmek i\u00e7in do\u011fru ara\u00e7lar\u0131 ve teknikleri kullanman\u0131n \u00e7ok \u00f6nemli oldu\u011funu biliyoruz. De\u011ferli bir m\u00fc\u015fterimiz olarak, Re\u00e7ine Frankfurt A\u015f\u0131nd\u0131r\u0131c\u0131m\u0131z\u0131n do\u011fru kullan\u0131m\u0131 konusunda rehberlik ve yard\u0131m sa\u011flamak i\u00e7in uzman teknik destek ekibimize g\u00fcvenebilirsiniz. Her t\u00fcrl\u00fc sorunuzu yan\u0131tlamak ve \u00fcr\u00fcn\u00fcm\u00fcz\u00fcn faydalar\u0131n\u0131 en \u00fcst d\u00fczeye \u00e7\u0131karman\u0131z\u0131 sa\u011flamak i\u00e7in buraday\u0131z.<\/p>\n<h3>Profesyoneller Taraf\u0131ndan G\u00fcvenilir:<\/h3>\n<p>Re\u00e7ine Frankfurt A\u015f\u0131nd\u0131r\u0131c\u0131m\u0131z, ta\u015f end\u00fcstrisindeki profesyonellerin g\u00fcvenini ve takdirini kazanm\u0131\u015ft\u0131r. Ola\u011fan\u00fcst\u00fc mermer cilalama sonu\u00e7lar\u0131 elde etmek i\u00e7in \u00fcst\u00fcn performans\u0131na ve dayan\u0131kl\u0131l\u0131\u011f\u0131na g\u00fcvenen uzmanlar, m\u00fcteahhitler ve ustalar taraf\u0131ndan yayg\u0131n olarak kullan\u0131lmakta ve tavsiye edilmektedir.<\/p>\n<p>Mermer cilalama s\u00f6z konusu oldu\u011funda, hi\u00e7bir \u015fey Re\u00e7ine Frankfurt A\u015f\u0131nd\u0131r\u0131c\u0131m\u0131z\u0131n performans\u0131n\u0131, dayan\u0131kl\u0131l\u0131\u011f\u0131n\u0131 ve \u00e7ok y\u00f6nl\u00fcl\u00fc\u011f\u00fcn\u00fc ge\u00e7emez. Profesyoneller taraf\u0131ndan profesyoneller i\u00e7in tasarlanan bu ola\u011fan\u00fcst\u00fc alet, mermer cilalama projelerinizin kalitesini ve verimlili\u011fini y\u00fckseltir. Geli\u015fmi\u015f re\u00e7ine ba\u011f\u0131, \u00fcst\u00fcn elmas konumland\u0131rmas\u0131 ve ola\u011fan\u00fcst\u00fc dayan\u0131kl\u0131l\u0131\u011f\u0131 ile her seferinde tutarl\u0131, hassas ve \u00e7arp\u0131c\u0131 sonu\u00e7lar sa\u011flar. Profesyonel bir ta\u015f elmas aletleri \u00fcreticisi olarak uzmanl\u0131\u011f\u0131m\u0131za g\u00fcvenin ve Re\u00e7ine Frankfurt A\u015f\u0131nd\u0131r\u0131c\u0131m\u0131z\u0131n mermer cilalama \u00e7al\u0131\u015fmalar\u0131n\u0131z\u0131 d\u00f6n\u00fc\u015ft\u00fcrmede yaratabilece\u011fi fark\u0131 deneyimleyin.<\/p>\n<p>Re\u00e7ine Frankfurt A\u015f\u0131nd\u0131r\u0131c\u0131m\u0131z\u0131 se\u00e7erek, mermer cilalama projelerinizi yeni zirvelere ta\u015f\u0131yacak y\u00fcksek kaliteli, g\u00fcvenilir bir araca yat\u0131r\u0131m yapm\u0131\u015f olursunuz. Geli\u015fmi\u015f \u00f6zellikleri, \u00f6zelle\u015ftirilebilir kum seviyeleri ve kolay kurulumu, onu ola\u011fan\u00fcst\u00fc sonu\u00e7lar ve verimlilik arayan profesyoneller aras\u0131nda tercih edilen bir se\u00e7enek haline getirmektedir. Profesyonel bir ta\u015f elmas aletleri \u00fcreticisi olarak uzmanl\u0131\u011f\u0131m\u0131za g\u00fcvenin ve Re\u00e7ine Frankfurt A\u015f\u0131nd\u0131r\u0131c\u0131m\u0131z\u0131n mermer cilalama \u00e7al\u0131\u015fmalar\u0131n\u0131z\u0131 d\u00f6n\u00fc\u015ft\u00fcrmede yaratabilece\u011fi fark\u0131 deneyimleyin.<\/p>\n<h2 style=\"color: steelblue;\">Mermer Parlatma \u0130\u00e7in Re\u00e7ine Frankfurt A\u015f\u0131nd\u0131r\u0131c\u0131n\u0131n \u00d6mr\u00fc<\/h2>\n<p>\u00c7ok \u00e7abuk a\u015f\u0131nan ve mermer cilalama projelerinizin kalitesinden \u00f6d\u00fcn veren elmas aletlerden s\u0131k\u0131ld\u0131n\u0131z m\u0131? Ba\u015fka yere bakmay\u0131n! Ta\u015f elmas aletler d\u00fcnyas\u0131nda oyunun kurallar\u0131n\u0131 de\u011fi\u015ftiren Re\u00e7ine Frankfurt A\u015f\u0131nd\u0131r\u0131c\u0131m\u0131zla tan\u0131\u015f\u0131n. Devrim niteli\u011findeki \u00fcr\u00fcn\u00fcm\u00fczle, \u00f6m\u00fcr boyu benzersiz performans, dayan\u0131kl\u0131l\u0131k ve tutarl\u0131 sonu\u00e7lar bekleyebilirsiniz.<\/p>\n<h3>Ola\u011fan\u00fcst\u00fc Uzun \u00d6m\u00fcrl\u00fcl\u00fck:<\/h3>\n<p>Xiamenn Sino Poly Industry'de, zaman\u0131n testine dayanan ara\u00e7lara yat\u0131r\u0131m yapman\u0131n \u00f6nemini anl\u0131yoruz. Bu nedenle Re\u00e7ine Frankfurt A\u015f\u0131nd\u0131r\u0131c\u0131m\u0131z en kaliteli malzemeler ve yenilik\u00e7i \u00fcretim teknikleri kullan\u0131larak titizlikle \u00fcretilmi\u015ftir. Geli\u015fmi\u015f re\u00e7ine ba\u011flama teknolojimiz, elmas par\u00e7ac\u0131klar\u0131n\u0131n a\u015f\u0131nd\u0131r\u0131c\u0131ya s\u0131k\u0131ca g\u00f6m\u00fcl\u00fc kalmas\u0131n\u0131 sa\u011flayarak en zorlu parlatma uygulamalar\u0131nda bile ola\u011fan\u00fcst\u00fc uzun \u00f6m\u00fcr sa\u011flar. S\u0131k s\u0131k de\u011fi\u015ftirmeye veda edin ve uzun \u00f6m\u00fcrl\u00fc bir alete merhaba deyin.<\/p>\n<h3>\u00dcst\u00fcn A\u015f\u0131nma Direnci:<\/h3>\n<p>Mermer cilalama a\u015f\u0131nd\u0131r\u0131c\u0131 bir i\u015flem olabilir, ancak Re\u00e7ine Frankfurt A\u015f\u0131nd\u0131r\u0131c\u0131m\u0131z bu zorlu\u011fun \u00fcstesinden gelir. Ola\u011fan\u00fcst\u00fc a\u015f\u0131nma direnciyle bu alet, kesme verimlili\u011fini ve performans\u0131n\u0131 uzun bir s\u00fcre boyunca korur. Projelerinizin \u00f6l\u00e7e\u011fi veya yo\u011funlu\u011fu ne olursa olsun, Re\u00e7ine Frankfurt A\u015f\u0131nd\u0131r\u0131c\u0131m\u0131z ola\u011fan\u00fcst\u00fc sonu\u00e7lar vermeye devam edecek ve uzun vadede size zaman ve para kazand\u0131racakt\u0131r.<\/p>\n<h3>Projeden Projeye Tutarl\u0131 Performans:<\/h3>\n<p>Tutarl\u0131l\u0131k, kusursuz mermer cilalama sonu\u00e7lar\u0131 elde etmenin anahtar\u0131d\u0131r ve Resin Frankfurt A\u015f\u0131nd\u0131r\u0131c\u0131m\u0131z bu a\u00e7\u0131dan m\u00fckemmeldir. Hassas elmas konumland\u0131rmas\u0131 ve yenilik\u00e7i re\u00e7ine ba\u011f\u0131 sayesinde bu alet, ilk projeden son projeye kadar tutarl\u0131 bir kesme i\u015flemi sa\u011flar. Her vuru\u015fun ayn\u0131 kalite seviyesini sunaca\u011f\u0131na, cilalanan her y\u00fczeyde homojenlik ve m\u00fckemmellik sa\u011flayaca\u011f\u0131na g\u00fcvenebilirsiniz.<\/p>\n<h3>Uzun S\u00fcre Dayanan \u00c7ok Y\u00f6nl\u00fcl\u00fck:<\/h3>\n<p>Re\u00e7ine Frankfurt A\u015f\u0131nd\u0131r\u0131c\u0131m\u0131z, \u00e7ok \u00e7e\u015fitli mermer parlatma uygulamalar\u0131n\u0131n \u00fcstesinden gelmek i\u00e7in tasarlanm\u0131\u015ft\u0131r. \u0130ster zeminler, ister tezgahlar veya karma\u015f\u0131k heykeller \u00fczerinde \u00e7al\u0131\u015f\u0131yor olun, bu \u00e7ok y\u00f6nl\u00fc alet elinizdeki g\u00f6reve zahmetsizce uyum sa\u011flar. Ola\u011fan\u00fcst\u00fc dayan\u0131kl\u0131l\u0131\u011f\u0131, performans veya kaliteden \u00f6d\u00fcn vermeden de\u011fi\u015fen bas\u0131n\u00e7lara ve h\u0131zlara dayanmas\u0131n\u0131 sa\u011flar. Re\u00e7ine Frankfurt A\u015f\u0131nd\u0131r\u0131c\u0131m\u0131z ile t\u00fcm kullan\u0131m \u00f6mr\u00fc boyunca g\u00fcvenilir ve verimli kalan bir alete sahip olursunuz.<\/p>\n<h3>Rakipsiz Yat\u0131r\u0131m Getirisi:<\/h3>\n<p>Kaliteli aletlere yat\u0131r\u0131m yapmak, i\u015finizin ba\u015far\u0131s\u0131na yap\u0131lan bir yat\u0131r\u0131md\u0131r. Re\u00e7ine Frankfurt A\u015f\u0131nd\u0131r\u0131c\u0131m\u0131z ile benzersiz bir yat\u0131r\u0131m getirisi bekleyebilirsiniz. Uzun \u00f6m\u00fcrl\u00fcl\u00fc\u011f\u00fc, a\u015f\u0131nma direnci, tutarl\u0131 performans\u0131 ve \u00e7ok y\u00f6nl\u00fcl\u00fc\u011f\u00fc, \u00fcretkenli\u011finizi en \u00fcst d\u00fczeye \u00e7\u0131karman\u0131z\u0131 ve gereksiz harcamalar\u0131 en aza indirmenizi sa\u011flar. Re\u00e7ine Frankfurt A\u015f\u0131nd\u0131r\u0131c\u0131m\u0131z\u0131 se\u00e7erek, k\u00e2rl\u0131l\u0131\u011f\u0131n\u0131z\u0131 olumlu y\u00f6nde etkileyen ak\u0131ll\u0131ca bir se\u00e7im yapm\u0131\u015f olursunuz.<\/p>\n<h3>\u00d6m\u00fcr Boyu M\u00fckemmelli\u011fi Deneyimleyin:<\/h3>\n<p>Xiamen Sino Poly Industry olarak, ta\u015f end\u00fcstrisine m\u00fckemmelli\u011fi yeniden tan\u0131mlayan aletler sa\u011flamaya kararl\u0131y\u0131z. Re\u00e7ine Frankfurt A\u015f\u0131nd\u0131r\u0131c\u0131m\u0131z da bir istisna de\u011fildir. Uzun kullan\u0131m \u00f6mr\u00fc, ola\u011fan\u00fcst\u00fc dayan\u0131kl\u0131l\u0131\u011f\u0131 ve sars\u0131lmaz performans\u0131, onu en iyisini talep eden profesyonellerin tercihi haline getiriyor. Alet kutunuzdaki Re\u00e7ine Frankfurt A\u015f\u0131nd\u0131r\u0131c\u0131m\u0131z ile mermer cilalama projelerinizi yeni zirvelere ta\u015f\u0131yabilir, projeden projeye ola\u011fan\u00fcst\u00fc sonu\u00e7lar elde edebilirsiniz.<\/p>\n<p>Re\u00e7ine Frankfurt A\u015f\u0131nd\u0131r\u0131c\u0131m\u0131zla \u00f6m\u00fcr boyu ola\u011fan\u00fcst\u00fc bir deneyim ya\u015famak varken s\u0131radanl\u0131kla yetinmeyin. Profesyonel bir ta\u015f elmas aletleri \u00fcreticisi olarak uzmanl\u0131\u011f\u0131m\u0131za g\u00fcvenin ve mermer cilalama \u00e7al\u0131\u015fmalar\u0131n\u0131z\u0131n d\u00f6n\u00fc\u015f\u00fcm\u00fcne tan\u0131k olun. Ak\u0131ll\u0131ca yat\u0131r\u0131m yap\u0131n ve rakiplerinden daha uzun \u00f6m\u00fcrl\u00fc, ba\u015ftan sona ola\u011fan\u00fcst\u00fc performans sunan bir aletin avantajlar\u0131ndan yararlan\u0131n.<\/p>\n<table class=\"has-title all magic-4\" style=\"height: 329px;\" width=\"648\">\n<tbody>\n<tr>\n<td colspan=\"1\" rowspan=\"1\">\n<div class=\"magic-5\">\u00d6\u011fe<\/div>\n<\/td>\n<td colspan=\"1\" rowspan=\"1\">\n<div class=\"magic-6\">de\u011fer<\/div>\n<\/td>\n<\/tr>\n<tr>\n<td colspan=\"1\" rowspan=\"1\">Cesaret<\/td>\n<td colspan=\"1\" rowspan=\"1\"><span data-spm-anchor-id=\"a2700.details.0.i6.745a62e34QdIv0\">120#,150#,180#,240#,320#,<\/span><\/p>\n<div>400#,600#,800#,1000#,2000#,3000#,<\/div>\n<div data-spm-anchor-id=\"a2700.details.0.i8.745a62e34QdIv0\">6000#,10000#<\/div>\n<\/td>\n<\/tr>\n<tr>\n<td colspan=\"1\" rowspan=\"1\">\n<div class=\"magic-5\">\u00d6zelle\u015ftirilmi\u015f destek<\/div>\n<\/td>\n<td colspan=\"1\" rowspan=\"1\">\n<div class=\"magic-6\">OEM, ODM<\/div>\n<\/td>\n<\/tr>\n<tr>\n<td colspan=\"1\" rowspan=\"1\">\n<div class=\"magic-5\">Men\u015fe Yeri<\/div>\n<\/td>\n<td colspan=\"1\" rowspan=\"1\">\n<div class=\"magic-6\">\u00c7in<\/div>\n<\/td>\n<\/tr>\n<tr>\n<td colspan=\"1\" rowspan=\"1\">\n<div class=\"magic-5\"><\/div>\n<\/td>\n<td colspan=\"1\" rowspan=\"1\">\n<div class=\"magic-6\">Fujian<\/div>\n<\/td>\n<\/tr>\n<tr>\n<td colspan=\"1\" rowspan=\"1\">\n<div class=\"magic-5\">Marka Ad\u0131<\/div>\n<\/td>\n<td colspan=\"1\" rowspan=\"1\">\n<div class=\"magic-6\">Fullux<\/div>\n<\/td>\n<\/tr>\n<tr>\n<td colspan=\"1\" rowspan=\"1\">\n<div class=\"magic-5\">Tip<\/div>\n<\/td>\n<td colspan=\"1\" rowspan=\"1\">\n<div class=\"magic-6\">A\u015f\u0131nd\u0131r\u0131c\u0131 Blok<\/div>\n<\/td>\n<\/tr>\n<tr>\n<td colspan=\"1\" rowspan=\"1\">\n<div class=\"magic-5\">\u00dcr\u00fcn ad\u0131<\/div>\n<\/td>\n<td colspan=\"1\" rowspan=\"1\">\n<div class=\"magic-6\">Sentetik Frankfurt Elmas A\u015f\u0131nd\u0131r\u0131c\u0131lar Aleti<\/div>\n<\/td>\n<\/tr>\n<tr>\n<td colspan=\"1\" rowspan=\"1\">\n<div class=\"magic-5\">Uygulama<\/div>\n<\/td>\n<td colspan=\"1\" rowspan=\"1\">\n<div class=\"magic-6\">Mermer ve suni ta\u015flar i\u00e7in<\/div>\n<\/td>\n<\/tr>\n<tr>\n<td colspan=\"1\" rowspan=\"1\">\n<div class=\"magic-5\">Malzeme<\/div>\n<\/td>\n<td colspan=\"1\" rowspan=\"1\">\n<div class=\"magic-6\">Sentetik Re\u00e7ine+Elmas+Silisyum Karb\u00fcr<\/div>\n<\/td>\n<\/tr>\n<tr>\n<td colspan=\"1\" rowspan=\"1\">\n<div class=\"magic-5\">Avantaj<\/div>\n<\/td>\n<td colspan=\"1\" rowspan=\"1\">\n<div class=\"magic-6\">Uzun \u00d6m\u00fcr<\/div>\n<\/td>\n<\/tr>\n<\/tbody>\n<\/table>","protected":false},"excerpt":{"rendered":"<p>Mermer a\u015f\u0131nd\u0131r\u0131c\u0131lar, \u015fu anda a\u015f\u0131nd\u0131r\u0131c\u0131 end\u00fcstrisinde en istikrarl\u0131 kalite ve seri \u00fcretime, en eksiksiz aksesuarlara ve en y\u00fcksek uygulamalara sahip olup, en yayg\u0131n kullan\u0131lan parlatma ara\u00e7lar\u0131 olarak kabul edilmektedir. \u00c7e\u015fitlendirilmi\u015f \u00fcr\u00fcnler m\u00fc\u015fterilerin farkl\u0131 taleplerine uyabilir. Midstar, farkl\u0131 d\u00f6\u015feme t\u00fcrleri i\u00e7in form\u00fcl\u00fc ayarlayarak, parlak d\u00f6\u015feme, mat parlak d\u00f6\u015feme, rustik d\u00f6\u015feme ve yar\u0131 cilal\u0131 d\u00f6\u015feme gibi ideal bir parlakl\u0131k ve y\u00fcksek netlik etkisi sa\u011flar, ta\u015flar\u0131n i\u00e7inde falt ve p\u00fcr\u00fczs\u00fcz do\u011fal doku sahnesi sergiler. naylon pedin bu frankfurt a\u015f\u0131nd\u0131r\u0131c\u0131 ta\u015f\u0131, farkl\u0131 renkteki ta\u015flarla d\u00f6\u015femenin parlat\u0131lmas\u0131 ve temizlenmesinin son ad\u0131m\u0131 i\u00e7in kullan\u0131l\u0131r.<\/p>\n<a href=\"#Quote-Button\" class=\"button primary is-large Inquiry-Button\" style=\"border-radius:99px;\">\n\t<i class=\"icon-heart\" aria-hidden=\"true\"><\/i>\t<span>\u015eimdi Sorgula<\/span>\n\t<\/a>","protected":false},"featured_media":1516,"template":"","meta":[],"product_brand":[],"product_cat":[56,57],"product_tag":[78,99],"class_list":{"0":"post-1522","1":"product","2":"type-product","3":"status-publish","4":"has-post-thumbnail","6":"product_cat-stone-grinding-tools","7":"product_cat-stone-polishing-tools","8":"product_tag-abrasive-tools","9":"product_tag-frankfurt-tools","11":"first","12":"instock","13":"shipping-taxable","14":"product-type-simple"},"aioseo_notices":[],"_links":{"self":[{"href":"https:\/\/xmstonetools.com\/tr\/wp-json\/wp\/v2\/product\/1522","targetHints":{"allow":["GET"]}}],"collection":[{"href":"https:\/\/xmstonetools.com\/tr\/wp-json\/wp\/v2\/product"}],"about":[{"href":"https:\/\/xmstonetools.com\/tr\/wp-json\/wp\/v2\/types\/product"}],"wp:featuredmedia":[{"embeddable":true,"href":"https:\/\/xmstonetools.com\/tr\/wp-json\/wp\/v2\/media\/1516"}],"wp:attachment":[{"href":"https:\/\/xmstonetools.com\/tr\/wp-json\/wp\/v2\/media?parent=1522"}],"wp:term":[{"taxonomy":"product_brand","embeddable":true,"href":"https:\/\/xmstonetools.com\/tr\/wp-json\/wp\/v2\/product_brand?post=1522"},{"taxonomy":"product_cat","embeddable":true,"href":"https:\/\/xmstonetools.com\/tr\/wp-json\/wp\/v2\/product_cat?post=1522"},{"taxonomy":"product_tag","embeddable":true,"href":"https:\/\/xmstonetools.com\/tr\/wp-json\/wp\/v2\/product_tag?post=1522"}],"curies":[{"name":"wp","href":"https:\/\/api.w.org\/{rel}","templated":true}]}}