{"id":2271,"date":"2025-08-26T06:40:47","date_gmt":"2025-08-25T22:40:47","guid":{"rendered":"https:\/\/xmstonetools.com\/?post_type=product&#038;p=2271"},"modified":"2025-08-26T06:42:07","modified_gmt":"2025-08-25T22:42:07","slug":"kenar-ogee-ve-kanal-acma-icin-400-mm-elmas-segmentli-tas-profil-taslari","status":"publish","type":"product","link":"https:\/\/xmstonetools.com\/tr\/urun\/kenar-ogee-ve-kanal-acma-icin-400-mm-elmas-segmentli-tas-profil-taslari\/","title":{"rendered":"Kenar Ogee ve Kanal A\u00e7ma i\u00e7in 400mm Elmas Segmentli Ta\u015f Profilleme Tekerlekleri"},"content":{"rendered":"<p class=\"ds-markdown-paragraph\">400 mm Elmas Segmentli Ta\u015f Profil A\u00e7ma Tekerleklerimiz ta\u015f imalat\u0131nda hassasiyet, dayan\u0131kl\u0131l\u0131k ve \u00fcst\u00fcn performans i\u00e7in tasarlanm\u0131\u015ft\u0131r. Granit, mermer, kuvars ve di\u011fer do\u011fal veya i\u015flenmi\u015f ta\u015flar \u00fczerinde zarif ogee kenarlar ve hassas kanallar olu\u015fturmak i\u00e7in \u00f6zel olarak tasarlanan bu tekerlekler, ola\u011fan\u00fcst\u00fc verimlilikle profesyonel d\u00fczeyde sonu\u00e7lar sunar.<\/p>\n<p class=\"ds-markdown-paragraph\">Y\u00fcksek kaliteli elmas segmentler ve sa\u011flam bir \u00e7elik \u00e7ekirdekle \u00fcretilen bu profil ta\u015flar\u0131, uzun \u00f6m\u00fcrl\u00fc performans ve tutarl\u0131 kesim hassasiyeti sa\u011flar. Segmentli tasar\u0131m, d\u00f6k\u00fcnt\u00fclerin temizlenmesini geli\u015ftirir, \u0131s\u0131 birikimini azalt\u0131r ve en zorlu malzemelerde bile p\u00fcr\u00fczs\u00fcz, temiz y\u00fczeyler sa\u011flar.<\/p>\n<p class=\"ds-markdown-paragraph\">Profil makineleri ile kullan\u0131m i\u00e7in ideal olan 400 mm'lik tekerleklerimiz tezgah kenar\u0131 detayland\u0131rma, dekoratif ta\u015f i\u015f\u00e7ili\u011fi ve mimari uygulamalar i\u00e7in m\u00fckemmeldir. \u0130ster ticari bir proje ister \u00f6zel bir konut tasar\u0131m\u0131 \u00fczerinde \u00e7al\u0131\u015f\u0131yor olun, bu tekerlekler profesyonellerin g\u00fcvendi\u011fi g\u00fcvenilirlik ve hassasiyeti sa\u011flar.<\/p>\n<p class=\"ds-markdown-paragraph\">Ta\u015f \u00fcretim ara\u00e7 setinizi, ileri teknolojinin e\u015fsiz dayan\u0131kl\u0131l\u0131kla bulu\u015ftu\u011fu elmas segmentli profil a\u00e7ma disklerimizle y\u00fckseltin.<\/p>\n<table>\n<tbody>\n<tr>\n<td colspan=\"6\" width=\"1115\"><strong><b>V<\/b><\/strong>\u00a0<strong><b>Tip<\/b><\/strong>\u00a0<strong><b>Profil<\/b><\/strong>\u00a0<strong><b>Tekerlek<\/b><\/strong><\/td>\n<\/tr>\n<tr>\n<td rowspan=\"2\" width=\"257\"><strong><b>\u00dcr\u00fcn<\/b><\/strong>\u00a0<strong><b>Kod<\/b><\/strong><\/td>\n<td colspan=\"2\" width=\"324\"><strong><b>D\u0131\u015f<\/b><\/strong>\u00a0<strong><b>\u00c7ap<\/b><\/strong><\/td>\n<td rowspan=\"2\" width=\"223\"><strong><b>Ta\u015f<\/b><\/strong>\u00a0<strong><b>Boyut (mm)<\/b><\/strong><\/td>\n<td rowspan=\"2\" width=\"151\"><strong><b>\u00c7ardak (mm)<\/b><\/strong><\/td>\n<td rowspan=\"2\" width=\"159\"><strong><b>Tip<\/b><\/strong><\/td>\n<\/tr>\n<tr>\n<td width=\"162\"><strong><b>\u0130n\u00e7<\/b><\/strong><\/td>\n<td width=\"162\"><strong><b>mm<\/b><\/strong><\/td>\n<\/tr>\n<tr>\n<td width=\"257\">PW-V10-12(14)<\/td>\n<td width=\"162\">12\/14<\/td>\n<td width=\"162\">\u03c6300\/\u03c6350<\/td>\n<td width=\"223\">10<\/td>\n<td rowspan=\"4\" width=\"151\">&nbsp;<\/p>\n<p>50\/60<\/td>\n<td rowspan=\"4\" width=\"159\">&nbsp;<\/p>\n<p><strong><b>B\u00f6l\u00fcmlere ayr\u0131lm\u0131\u015f<\/b><\/strong><\/td>\n<\/tr>\n<tr>\n<td width=\"257\">PW-V20-12(14)<\/td>\n<td width=\"162\">12\/14<\/td>\n<td width=\"162\">\u03c6300\/\u03c6350<\/td>\n<td width=\"223\">20<\/td>\n<\/tr>\n<tr>\n<td width=\"257\">PW-V30-12(14)<\/td>\n<td width=\"162\">12\/14<\/td>\n<td width=\"162\">\u03c6300\/350<\/td>\n<td width=\"223\">30<\/td>\n<\/tr>\n<tr>\n<td width=\"257\">PW-V40-12(14)<\/td>\n<td width=\"162\">12\/14<\/td>\n<td width=\"162\">\u03c6300\/350<\/td>\n<td width=\"223\">40<\/td>\n<\/tr>\n<\/tbody>\n<\/table>\n<p>&nbsp;<\/p>\n<table>\n<tbody>\n<tr>\n<td width=\"257\"><strong><b>B<\/b><\/strong>\u00a0\u00a0\u00a0<strong><b>Tip<\/b><\/strong>\u00a0\u00a0\u00a0<strong><b>Profil<\/b><\/strong>\u00a0\u00a0\u00a0<strong><b>Tekerlek<\/b><\/strong><\/td>\n<td width=\"160\"><\/td>\n<td width=\"163\"><\/td>\n<td width=\"223\"><\/td>\n<td width=\"151\"><\/td>\n<td width=\"159\"><\/td>\n<\/tr>\n<tr>\n<td rowspan=\"2\" width=\"257\"><strong><b>\u00dcr\u00fcn<\/b><\/strong>\u00a0<strong><b>Kod<\/b><\/strong><\/td>\n<td colspan=\"2\" width=\"324\"><strong><b>D\u0131\u015f<\/b><\/strong>\u00a0<strong><b>\u00c7ap<\/b><\/strong><\/td>\n<td rowspan=\"2\" width=\"223\"><strong><b>Ta\u015f<\/b><\/strong>\u00a0<strong><b>Boyut (mm)<\/b><\/strong><\/td>\n<td rowspan=\"2\" width=\"151\"><strong><b>\u00c7ardak (mm)<\/b><\/strong><\/td>\n<td rowspan=\"2\" width=\"159\"><strong><b>Tip<\/b><\/strong><\/td>\n<\/tr>\n<tr>\n<td width=\"160\"><strong><b>\u0130n\u00e7<\/b><\/strong><\/td>\n<td width=\"163\"><strong><b>mm<\/b><\/strong><\/td>\n<\/tr>\n<tr>\n<td width=\"257\">PW-B10-12(14)<\/td>\n<td width=\"160\">12\/14<\/td>\n<td width=\"163\">\u03c6300\/350<\/td>\n<td width=\"223\">10<\/td>\n<td rowspan=\"5\" width=\"151\">&nbsp;<\/p>\n<p>&nbsp;<\/p>\n<p>&nbsp;<\/p>\n<p>50\/60<\/td>\n<td rowspan=\"5\" width=\"159\">&nbsp;<\/p>\n<p>&nbsp;<\/p>\n<p><strong><b>B\u00f6l\u00fcmlere ayr\u0131lm\u0131\u015f<\/b><\/strong><\/td>\n<\/tr>\n<tr>\n<td width=\"257\">PW-B15-12(14)<\/td>\n<td width=\"160\">12\/14<\/td>\n<td width=\"163\">\u03c6300\/350<\/td>\n<td width=\"223\">15<\/td>\n<\/tr>\n<tr>\n<td width=\"257\">PW-B20-12(14)<\/td>\n<td width=\"160\">12\/14<\/td>\n<td width=\"163\">\u03c6300\/350<\/td>\n<td width=\"223\">20<\/td>\n<\/tr>\n<tr>\n<td width=\"257\">PW-B25-12(14)<\/td>\n<td width=\"160\">12\/14<\/td>\n<td width=\"163\">\u03c6300\/350<\/td>\n<td width=\"223\">25<\/td>\n<\/tr>\n<tr>\n<td width=\"257\">PW-B30-12(14)<\/td>\n<td width=\"160\">12\/14<\/td>\n<td width=\"163\">\u03c6300\/350<\/td>\n<td width=\"223\">30<\/td>\n<\/tr>\n<\/tbody>\n<\/table>\n<p>&nbsp;<\/p>\n<table>\n<tbody>\n<tr>\n<td colspan=\"6\" width=\"1115\"><strong><b>V<\/b><\/strong>\u00a0<strong><b>Tip<\/b><\/strong>\u00a0<strong><b>Elektrokaplama<\/b><\/strong>\u00a0<strong><b>Profil<\/b><\/strong>\u00a0<strong><b>Tekerlek<\/b><\/strong><\/td>\n<\/tr>\n<tr>\n<td rowspan=\"2\" width=\"257\"><strong><b>\u00dcr\u00fcn<\/b><\/strong>\u00a0<strong><b>Kod<\/b><\/strong><\/td>\n<td colspan=\"2\" width=\"324\"><strong><b>D\u0131\u015f<\/b><\/strong>\u00a0<strong><b>\u00c7ap<\/b><\/strong><\/td>\n<td rowspan=\"2\" width=\"223\"><strong><b>Ta\u015f<\/b><\/strong>\u00a0<strong><b>Boyut (mm)<\/b><\/strong><\/td>\n<td rowspan=\"2\" width=\"151\"><strong><b>\u00c7ardak (mm)<\/b><\/strong><\/td>\n<td rowspan=\"2\" width=\"159\"><strong><b>Tip<\/b><\/strong><\/td>\n<\/tr>\n<tr>\n<td width=\"162\"><strong><b>\u0130n\u00e7<\/b><\/strong><\/td>\n<td width=\"162\"><strong><b>mm<\/b><\/strong><\/td>\n<\/tr>\n<tr>\n<td width=\"257\">EPW-V10-12(14)<\/td>\n<td width=\"162\">12\/14<\/td>\n<td width=\"162\">\u03c6300\/350<\/td>\n<td width=\"223\">10<\/td>\n<td rowspan=\"4\" width=\"151\">&nbsp;<\/p>\n<p>50\/60<\/td>\n<td rowspan=\"4\" width=\"159\">&nbsp;<\/p>\n<p><strong><b>Elektrokaplama<\/b><\/strong><\/td>\n<\/tr>\n<tr>\n<td width=\"257\">EPW-V20-12(14)<\/td>\n<td width=\"162\">12\/14<\/td>\n<td width=\"162\">\u03c6300\/\u03c6350<\/td>\n<td width=\"223\">20<\/td>\n<\/tr>\n<tr>\n<td width=\"257\">EPW-V30-12(14)<\/td>\n<td width=\"162\">12\/14<\/td>\n<td width=\"162\">\u03c6300\/\u03c6350<\/td>\n<td width=\"223\">30<\/td>\n<\/tr>\n<tr>\n<td width=\"257\">EPW-V40-12(14)<\/td>\n<td width=\"162\">12\/14<\/td>\n<td width=\"162\">\u03c6300\/\u03c6350<\/td>\n<td width=\"223\">40<\/td>\n<\/tr>\n<\/tbody>\n<\/table>\n<p>&nbsp;<\/p>\n<table>\n<tbody>\n<tr>\n<td colspan=\"6\" width=\"1115\"><strong><b>B<\/b><\/strong>\u00a0<strong><b>Tip<\/b><\/strong>\u00a0<strong><b>Elektrokaplama<\/b><\/strong>\u00a0<strong><b>Profil<\/b><\/strong>\u00a0<strong><b>Tekerlek<\/b><\/strong><\/td>\n<\/tr>\n<tr>\n<td rowspan=\"2\" width=\"257\"><strong><b>\u00dcr\u00fcn<\/b><\/strong>\u00a0<strong><b>Kod<\/b><\/strong><\/td>\n<td colspan=\"2\" width=\"324\"><strong><b>D\u0131\u015f<\/b><\/strong>\u00a0<strong><b>\u00c7ap<\/b><\/strong><\/td>\n<td rowspan=\"2\" width=\"223\"><strong><b>Ta\u015f<\/b><\/strong>\u00a0<strong><b>Boyut (mm)<\/b><\/strong><\/td>\n<td rowspan=\"2\" width=\"151\"><strong><b>\u00c7ardak (mm)<\/b><\/strong><\/td>\n<td rowspan=\"2\" width=\"159\"><strong><b>Tip<\/b><\/strong><\/td>\n<\/tr>\n<tr>\n<td width=\"162\"><strong><b>\u0130n\u00e7<\/b><\/strong><\/td>\n<td width=\"162\"><strong><b>mm<\/b><\/strong><\/td>\n<\/tr>\n<tr>\n<td width=\"257\">EPW-B10-12(14)<\/td>\n<td width=\"162\">12\/14<\/td>\n<td width=\"162\">\u03c6300\/350<\/td>\n<td width=\"223\">10<\/td>\n<td rowspan=\"5\" width=\"151\">&nbsp;<\/p>\n<p>&nbsp;<\/p>\n<p>&nbsp;<\/p>\n<p>50\/60<\/td>\n<td rowspan=\"5\" width=\"159\">&nbsp;<\/p>\n<p>&nbsp;<\/p>\n<p>&nbsp;<\/p>\n<p><strong><b>Elektrokaplama<\/b><\/strong><\/td>\n<\/tr>\n<tr>\n<td width=\"257\">EPW-B15-12(14)<\/td>\n<td width=\"162\">12\/14<\/td>\n<td width=\"162\">\u03c6300\/\u03c6350<\/td>\n<td width=\"223\">15<\/td>\n<\/tr>\n<tr>\n<td width=\"257\">EPW-B20-12(14)<\/td>\n<td width=\"162\">12\/14<\/td>\n<td width=\"162\">\u03c6300\/350<\/td>\n<td width=\"223\">20<\/td>\n<\/tr>\n<tr>\n<td width=\"257\">EPW-B25-12(14)<\/td>\n<td width=\"162\">12\/14<\/td>\n<td width=\"162\">\u03c6300\/\u03c6350<\/td>\n<td width=\"223\">25<\/td>\n<\/tr>\n<tr>\n<td width=\"257\">EPW-B30-12(14)<\/td>\n<td width=\"162\">12\/14<\/td>\n<td width=\"162\">\u03c6300\/350<\/td>\n<td width=\"223\">30<\/td>\n<\/tr>\n<\/tbody>\n<\/table>\n<p>&nbsp;<\/p>\n<table>\n<tbody>\n<tr>\n<td colspan=\"6\" width=\"1115\"><strong><b>L<\/b><\/strong>\u00a0<strong><b>Tip<\/b><\/strong>\u00a0<strong><b>Elektrokaplama<\/b><\/strong>\u00a0<strong><b>Profil<\/b><\/strong>\u00a0<strong><b>Wh<\/b><\/strong><strong><b>Y\u0131lan bal\u0131\u011f\u0131<\/b><\/strong><\/td>\n<\/tr>\n<tr>\n<td rowspan=\"2\" width=\"257\"><strong><b>\u00dcr\u00fcn<\/b><\/strong>\u00a0<strong><b>Kod<\/b><\/strong><\/td>\n<td colspan=\"2\" width=\"324\"><strong><b>D\u0131\u015f<\/b><\/strong>\u00a0<strong><b>\u00c7ap<\/b><\/strong><\/td>\n<td rowspan=\"2\" width=\"224\"><strong><b>Ta\u015f<\/b><\/strong>\u00a0<strong><b>Boyut (mm)<\/b><\/strong><\/td>\n<td rowspan=\"2\" width=\"150\"><strong><b>Arbor<\/b><\/strong>\u00a0<strong><b>(mm)<\/b><\/strong><\/td>\n<td rowspan=\"2\" width=\"159\"><strong><b>Tip<\/b><\/strong><\/td>\n<\/tr>\n<tr>\n<td width=\"162\"><strong><b>\u0130n\u00e7<\/b><\/strong><\/td>\n<td width=\"162\"><strong><b>mm<\/b><\/strong><\/td>\n<\/tr>\n<tr>\n<td width=\"257\">EPW-B20-12(14)<\/td>\n<td width=\"162\">12\/14<\/td>\n<td width=\"162\">\u03c6300\/\u03c6350<\/td>\n<td width=\"224\">20<\/td>\n<td width=\"150\">50\/60<\/td>\n<td rowspan=\"3\" width=\"159\">&nbsp;<\/p>\n<p>Elektrokaplama<\/td>\n<\/tr>\n<tr>\n<td width=\"257\">EPW-B30-12(14)<\/td>\n<td width=\"162\">12\/14<\/td>\n<td width=\"162\">\u03c6300\/350<\/td>\n<td width=\"224\">30<\/td>\n<td width=\"150\">50\/60<\/td>\n<\/tr>\n<tr>\n<td width=\"257\">EPW-B40-12(14)<\/td>\n<td width=\"162\">12\/14<\/td>\n<td width=\"162\">\u03c6300\/\u03c6350<\/td>\n<td width=\"224\">40<\/td>\n<td width=\"150\">50\/60<\/td>\n<\/tr>\n<\/tbody>\n<\/table>\n<p>&nbsp;<\/p>\n<table>\n<tbody>\n<tr>\n<td colspan=\"6\" width=\"1115\"><strong><b>1\/2R<\/b><\/strong>\u00a0<strong><b>D\u0131\u015fb\u00fckey<\/b><\/strong>\u00a0<strong><b>Tip<\/b><\/strong>\u00a0<strong><b>Elektrik<\/b><\/strong><strong><b>troplated<\/b><\/strong>\u00a0<strong><b>Profil<\/b><\/strong>\u00a0<strong><b>Tekerlek<\/b><\/strong><\/td>\n<\/tr>\n<tr>\n<td rowspan=\"2\" width=\"257\"><strong><b>\u00dcr\u00fcn<\/b><\/strong>\u00a0<strong><b>Kod<\/b><\/strong><\/td>\n<td colspan=\"2\" width=\"324\"><strong><b>D\u0131\u015f<\/b><\/strong>\u00a0<strong><b>\u00c7ap<\/b><\/strong><\/td>\n<td rowspan=\"2\" width=\"223\"><strong><b>Ta\u015f<\/b><\/strong>\u00a0<strong><b>Boyut (mm)<\/b><\/strong><\/td>\n<td rowspan=\"2\" width=\"151\"><strong><b>\u00c7ardak (mm)<\/b><\/strong><\/td>\n<td rowspan=\"2\" width=\"159\"><strong><b>Tip<\/b><\/strong><\/td>\n<\/tr>\n<tr>\n<td width=\"162\"><strong><b>\u0130n\u00e7<\/b><\/strong><\/td>\n<td width=\"162\"><strong><b>mm<\/b><\/strong><\/td>\n<\/tr>\n<tr>\n<td width=\"257\">EPW-1\/2R10-12(14)<\/td>\n<td width=\"162\">12\/14<\/td>\n<td width=\"162\">\u03c6300\/350<\/td>\n<td width=\"223\">10<\/td>\n<td rowspan=\"5\" width=\"151\">&nbsp;<\/p>\n<p>&nbsp;<\/p>\n<p>50\/60<\/td>\n<td rowspan=\"5\" width=\"159\">&nbsp;<\/p>\n<p>&nbsp;<\/p>\n<p><strong><b>Elektrokaplama<\/b><\/strong><\/td>\n<\/tr>\n<tr>\n<td width=\"257\">EPW-1\/2R15-12(14)<\/td>\n<td width=\"162\">12\/14<\/td>\n<td width=\"162\">\u03c6300\/350<\/td>\n<td width=\"223\">15<\/td>\n<\/tr>\n<tr>\n<td width=\"257\">EPW-1\/2R20-12(14)<\/td>\n<td width=\"162\">12\/14<\/td>\n<td width=\"162\">\u03c6300\/350<\/td>\n<td width=\"223\">20<\/td>\n<\/tr>\n<tr>\n<td width=\"257\">EPW-1\/2R25-12(14)<\/td>\n<td width=\"162\">12\/14<\/td>\n<td width=\"162\">\u03c6300\/350<\/td>\n<td width=\"223\">25<\/td>\n<\/tr>\n<tr>\n<td width=\"257\">EPW-1\/2R30-12(14)<\/td>\n<td width=\"162\">12\/14<\/td>\n<td width=\"162\">\u03c6300\/350<\/td>\n<td width=\"223\">30<\/td>\n<\/tr>\n<\/tbody>\n<\/table>\n<p>&nbsp;<\/p>","protected":false},"excerpt":{"rendered":"<p class=\"ds-markdown-paragraph\">400 mm Elmas Segmentli Ta\u015f Profil A\u00e7ma Tekerleklerimiz ta\u015f imalat\u0131nda hassasiyet, dayan\u0131kl\u0131l\u0131k ve \u00fcst\u00fcn performans i\u00e7in tasarlanm\u0131\u015ft\u0131r. Granit, mermer, kuvars ve di\u011fer do\u011fal veya i\u015flenmi\u015f ta\u015flar \u00fczerinde zarif ogee kenarlar ve hassas kanallar olu\u015fturmak i\u00e7in \u00f6zel olarak tasarlanan bu tekerlekler, ola\u011fan\u00fcst\u00fc verimlilikle profesyonel d\u00fczeyde sonu\u00e7lar sunar.<\/p>\n<p class=\"ds-markdown-paragraph\">Y\u00fcksek kaliteli elmas segmentler ve sa\u011flam bir \u00e7elik \u00e7ekirdekle \u00fcretilen bu profil ta\u015flar\u0131, uzun \u00f6m\u00fcrl\u00fc performans ve tutarl\u0131 kesim hassasiyeti sa\u011flar. Segmentli tasar\u0131m, d\u00f6k\u00fcnt\u00fclerin temizlenmesini geli\u015ftirir, \u0131s\u0131 birikimini azalt\u0131r ve en zorlu malzemelerde bile p\u00fcr\u00fczs\u00fcz, temiz y\u00fczeyler sa\u011flar.<\/p>\n<a href=\"#Quote-Button\" class=\"button primary is-large Inquiry-Button\" style=\"border-radius:99px;\">\n\t<i class=\"icon-heart\" aria-hidden=\"true\"><\/i>\t<span>\u015eimdi Sorgula<\/span>\n\t<\/a>\n\n<p class=\"ds-markdown-paragraph\">","protected":false},"featured_media":2265,"template":"","meta":[],"product_brand":[],"product_cat":[59],"product_tag":[187,188,176],"class_list":{"0":"post-2271","1":"product","2":"type-product","3":"status-publish","4":"has-post-thumbnail","6":"product_cat-stone-milling-tools","7":"product_tag-edge-ogee-wheels","8":"product_tag-stone-grooving-wheels","9":"product_tag-stone-profiling-tools","11":"first","12":"instock","13":"shipping-taxable","14":"product-type-simple"},"aioseo_notices":[],"_links":{"self":[{"href":"https:\/\/xmstonetools.com\/tr\/wp-json\/wp\/v2\/product\/2271","targetHints":{"allow":["GET"]}}],"collection":[{"href":"https:\/\/xmstonetools.com\/tr\/wp-json\/wp\/v2\/product"}],"about":[{"href":"https:\/\/xmstonetools.com\/tr\/wp-json\/wp\/v2\/types\/product"}],"wp:featuredmedia":[{"embeddable":true,"href":"https:\/\/xmstonetools.com\/tr\/wp-json\/wp\/v2\/media\/2265"}],"wp:attachment":[{"href":"https:\/\/xmstonetools.com\/tr\/wp-json\/wp\/v2\/media?parent=2271"}],"wp:term":[{"taxonomy":"product_brand","embeddable":true,"href":"https:\/\/xmstonetools.com\/tr\/wp-json\/wp\/v2\/product_brand?post=2271"},{"taxonomy":"product_cat","embeddable":true,"href":"https:\/\/xmstonetools.com\/tr\/wp-json\/wp\/v2\/product_cat?post=2271"},{"taxonomy":"product_tag","embeddable":true,"href":"https:\/\/xmstonetools.com\/tr\/wp-json\/wp\/v2\/product_tag?post=2271"}],"curies":[{"name":"wp","href":"https:\/\/api.w.org\/{rel}","templated":true}]}}